{"id":5178,"date":"2021-07-25T17:49:19","date_gmt":"2021-07-25T15:49:19","guid":{"rendered":"https:\/\/catholiques17.fr\/mir-sg\/?page_id=5178"},"modified":"2025-12-03T14:18:37","modified_gmt":"2025-12-03T13:18:37","slug":"choirale","status":"publish","type":"page","link":"https:\/\/catholiques17.fr\/mir-sg\/les-services\/choirale\/","title":{"rendered":"Chorale"},"content":{"rendered":"\n<p>Notre objectif est d&rsquo;obtenir \u00e0 terme une grande chorale paroissiale pour nos deux paroisses.<\/p>\n\n\n\n<p>Dans un premier temps pour tenir compte de l&rsquo;\u00e9loignement g\u00e9ographiques de nos diff\u00e9rents clochers trois chorales se mettent progressivement en place:<\/p>\n\n\n\n<p><\/p>\n\n\n\n<p>Pour les clochers de Saint Fort sur Gironde, Lorignac et Saint Dizant du Gua une chorale se r\u00e9unit tous les vendredis \u00e0 l&rsquo;\u00e9glise de Saint Ciers du Taillon<\/p>\n\n\n\n<p>Pour les autre clochers de la paroisse se Saint Antoine La Lande (Saint Genis de Saintonge) la chorale se r\u00e9unit les vendredis \u00e0 18h \u00e0 St Genis de Saintonge \u00e0 la salle paroissiale.<\/p>\n\n\n\n<p>Nous avons aujourd&rsquo;hui deux organistes<\/p>\n\n\n\n<ul class=\"wp-block-list\">\n<li>Christian Chaubenit<\/li>\n\n\n\n<li>Christophe Gillardeau<\/li>\n<\/ul>\n\n\n\n<p class=\"has-text-align-center has-medium-font-size\"><strong><em><span class=\"has-inline-color has-luminous-vivid-orange-color\">Si vous jouez d&rsquo;un instrument de musique quel qu&rsquo;il soit faites nous le savoir<\/span><\/em><\/strong><\/p>\n","protected":false},"excerpt":{"rendered":"<p>Notre objectif est d&rsquo;obtenir \u00e0 terme une grande chorale paroissiale pour nos deux paroisses. Dans un premier temps pour tenir compte de l&rsquo;\u00e9loignement g\u00e9ographiques de nos diff\u00e9rents clochers trois chorales [&hellip;]<\/p>\n","protected":false},"author":33,"featured_media":0,"parent":8895,"menu_order":0,"comment_status":"closed","ping_status":"closed","template":"","meta":{"_et_pb_use_builder":"off","_et_pb_old_content":"","_et_gb_content_width":"","footnotes":""},"class_list":["post-5178","page","type-page","status-publish","hentry"],"_links":{"self":[{"href":"https:\/\/catholiques17.fr\/mir-sg\/wp-json\/wp\/v2\/pages\/5178","targetHints":{"allow":["GET"]}}],"collection":[{"href":"https:\/\/catholiques17.fr\/mir-sg\/wp-json\/wp\/v2\/pages"}],"about":[{"href":"https:\/\/catholiques17.fr\/mir-sg\/wp-json\/wp\/v2\/types\/page"}],"author":[{"embeddable":true,"href":"https:\/\/catholiques17.fr\/mir-sg\/wp-json\/wp\/v2\/users\/33"}],"replies":[{"embeddable":true,"href":"https:\/\/catholiques17.fr\/mir-sg\/wp-json\/wp\/v2\/comments?post=5178"}],"version-history":[{"count":6,"href":"https:\/\/catholiques17.fr\/mir-sg\/wp-json\/wp\/v2\/pages\/5178\/revisions"}],"predecessor-version":[{"id":7268,"href":"https:\/\/catholiques17.fr\/mir-sg\/wp-json\/wp\/v2\/pages\/5178\/revisions\/7268"}],"up":[{"embeddable":true,"href":"https:\/\/catholiques17.fr\/mir-sg\/wp-json\/wp\/v2\/pages\/8895"}],"wp:attachment":[{"href":"https:\/\/catholiques17.fr\/mir-sg\/wp-json\/wp\/v2\/media?parent=5178"}],"curies":[{"name":"wp","href":"https:\/\/api.w.org\/{rel}","templated":true}]}}