{"id":5162,"date":"2021-07-25T16:52:44","date_gmt":"2021-07-25T14:52:44","guid":{"rendered":"https:\/\/catholiques17.fr\/mir-sg\/?page_id=5162"},"modified":"2025-12-05T09:24:01","modified_gmt":"2025-12-05T08:24:01","slug":"les-obseques","status":"publish","type":"page","link":"https:\/\/catholiques17.fr\/mir-sg\/etapes-de-la-vie\/les-obseques\/","title":{"rendered":"Les obs\u00e8ques"},"content":{"rendered":"<p>[et_pb_section fb_built=\u00a0\u00bb1&Prime; _builder_version=\u00a0\u00bb4.16&Prime; global_colors_info=\u00a0\u00bb{}\u00a0\u00bb theme_builder_area=\u00a0\u00bbpost_content\u00a0\u00bb custom_padding=\u00a0\u00bb8px|||||\u00a0\u00bb][et_pb_row _builder_version=\u00a0\u00bb4.16&Prime; background_size=\u00a0\u00bbinitial\u00a0\u00bb background_position=\u00a0\u00bbtop_left\u00a0\u00bb background_repeat=\u00a0\u00bbrepeat\u00a0\u00bb global_colors_info=\u00a0\u00bb{}\u00a0\u00bb theme_builder_area=\u00a0\u00bbpost_content\u00a0\u00bb custom_padding=\u00a0\u00bb5px|||||\u00a0\u00bb][et_pb_column type=\u00a0\u00bb4_4&Prime; _builder_version=\u00a0\u00bb4.16&Prime; custom_padding=\u00a0\u00bb|||\u00a0\u00bb global_colors_info=\u00a0\u00bb{}\u00a0\u00bb custom_padding__hover=\u00a0\u00bb|||\u00a0\u00bb theme_builder_area=\u00a0\u00bbpost_content\u00a0\u00bb][et_pb_image src=\u00a0\u00bbhttps:\/\/catholiques17.fr\/mir-sg\/wp-content\/uploads\/sites\/27\/2025\/12\/Obseques.jpg\u00a0\u00bb title_text=\u00a0\u00bbObseques\u00a0\u00bb align=\u00a0\u00bbcenter\u00a0\u00bb _builder_version=\u00a0\u00bb4.27.4&Prime; _module_preset=\u00a0\u00bbdefault\u00a0\u00bb hover_enabled=\u00a0\u00bb0&Prime; border_radii=\u00a0\u00bbon|20px|20px|20px|20px\u00a0\u00bb global_colors_info=\u00a0\u00bb{}\u00a0\u00bb theme_builder_area=\u00a0\u00bbpost_content\u00a0\u00bb force_fullwidth=\u00a0\u00bbon\u00a0\u00bb sticky_enabled=\u00a0\u00bb0&Prime;][\/et_pb_image][\/et_pb_column][\/et_pb_row][et_pb_row _builder_version=\u00a0\u00bb4.27.4&Prime; _module_preset=\u00a0\u00bbdefault\u00a0\u00bb theme_builder_area=\u00a0\u00bbpost_content\u00a0\u00bb][et_pb_column _builder_version=\u00a0\u00bb4.27.4&Prime; _module_preset=\u00a0\u00bbdefault\u00a0\u00bb type=\u00a0\u00bb4_4&Prime; theme_builder_area=\u00a0\u00bbpost_content\u00a0\u00bb][et_pb_text _builder_version=\u00a0\u00bb4.27.4&Prime; _module_preset=\u00a0\u00bbdefault\u00a0\u00bb theme_builder_area=\u00a0\u00bbpost_content\u00a0\u00bb hover_enabled=\u00a0\u00bb0&Prime; sticky_enabled=\u00a0\u00bb0&Prime;]<\/p>\n<p>En cas de d\u00e9c\u00e8s d\u2019un proche, c\u2019est l\u2019entreprise de pompes fun\u00e8bres que vous avez choisie qui prendra contact avec la paroisse pour fixer le jour et l\u2019heure des obs\u00e8ques. Des personnes de la paroisse viendront pr\u00e9parer la c\u00e9r\u00e9monie avec vous. Le jour des obs\u00e8ques, vous serez accompagn\u00e9s par le pr\u00eatre, le diacre ou une \u00e9quipe de la\u00efcs selon les disponibilit\u00e9s.<\/p>\n<p>[\/et_pb_text][\/et_pb_column][\/et_pb_row][et_pb_row _builder_version=\u00a0\u00bb4.27.4&Prime; _module_preset=\u00a0\u00bbdefault\u00a0\u00bb theme_builder_area=\u00a0\u00bbpost_content\u00a0\u00bb][et_pb_column _builder_version=\u00a0\u00bb4.27.4&Prime; _module_preset=\u00a0\u00bbdefault\u00a0\u00bb type=\u00a0\u00bb4_4&Prime; theme_builder_area=\u00a0\u00bbpost_content\u00a0\u00bb][et_pb_text _builder_version=\u00a0\u00bb4.27.4&Prime; _module_preset=\u00a0\u00bbdefault\u00a0\u00bb theme_builder_area=\u00a0\u00bbpost_content\u00a0\u00bb hover_enabled=\u00a0\u00bb0&Prime; sticky_enabled=\u00a0\u00bb0&Prime;]<\/p>\n<p><span style=\"text-decoration: underline;\">Entreprises de Pompes fun\u00e8bres de notre secteur<\/span> :<\/p>\n<ul>\n<li>\u00a0Dezauzier (Brossard): 05.46.49.10.73<\/li>\n<li>Guillet : 05.46.48.12.28 ou 05.46.48.96.77<\/li>\n<li>No\u00ebl David (PF Haute Saintonge) : 05.46.70.72.86<\/li>\n<li>No\u00ebl Montendre 05.46.49.26.92<\/li>\n<li>Faure Jonzac: 05.46.48.08.08<\/li>\n<li>Gorenflos: 05.46.48.30.03<\/li>\n<\/ul>\n<p>[\/et_pb_text][\/et_pb_column][\/et_pb_row][\/et_pb_section]<\/p>\n","protected":false},"excerpt":{"rendered":"<p>En cas de d\u00e9c\u00e8s d\u2019un proche, c\u2019est l\u2019entreprise de pompes fun\u00e8bres que vous avez choisie qui prendra contact avec la paroisse pour fixer le jour et l\u2019heure des obs\u00e8ques. Des [&hellip;]<\/p>\n","protected":false},"author":33,"featured_media":0,"parent":222,"menu_order":0,"comment_status":"closed","ping_status":"closed","template":"","meta":{"_et_pb_use_builder":"on","_et_pb_old_content":"<!-- wp:paragraph {\"fontSize\":\"large\"} -->\n<p class=\"has-large-font-size\">En cas de d\u00e9c\u00e8s d'un proche qui contacter?<\/p>\n<!-- \/wp:paragraph -->\n\n<!-- wp:paragraph {\"fontSize\":\"medium\"} -->\n<p class=\"has-medium-font-size\">Une entreprise de Pompe Fun\u00e8bres. Voici quelques propositions:<\/p>\n<!-- \/wp:paragraph -->\n\n<!-- wp:list -->\n<ul><li>Dezauzier (Brossard): 05.46.49.10.73<\/li><li>Guillet : 05.46.48.12.28 ou 05.46.48.96.77<\/li><li>No\u00ebl David (PF Haute Saintonge) : 05.46.70.72.86<\/li><li>No\u00ebl Montendre 05.46.49.26.92<\/li><li>Faure Jonzac: 05.46.48.08.08<\/li><li>Gorenflos: 05.46.48.30.03<\/li><\/ul>\n<!-- \/wp:list -->\n\n<!-- wp:paragraph {\"fontSize\":\"medium\"} -->\n<p class=\"has-medium-font-size\">La Mairie (l'entreprise de Pompes Fun\u00e8bres peut s'en charger):<\/p>\n<!-- \/wp:paragraph -->\n\n<!-- wp:list -->\n<ul><li>pour la d\u00e9claration de d\u00e9c\u00e8s<\/li><li>pour l'inhumation au cimenti\u00e8re<\/li><\/ul>\n<!-- \/wp:list -->\n\n<!-- wp:paragraph {\"fontSize\":\"medium\"} -->\n<p class=\"has-medium-font-size\">La Paroisse<\/p>\n<!-- \/wp:paragraph -->\n\n<!-- wp:list -->\n<ul><li>Le presbyt\u00e8re de Mirambeau 05 46 70 28 11: voir avec Monsieur le cur\u00e9 pour fixer le jour, l'heure et le lieu de la c\u00e9l\u00e9bration. Les Pompes Fun\u00e8bres peuvent servir d'interm\u00e9diaire mais aussi aider \u00e0 pr\u00e9parer la c\u00e9l\u00e9bration<\/li><li>Nadine Lucasson, b\u00e9n\u00e9vole en charge du secr\u00e9tariat Obs\u00e8ques: 06.19.34.02.37<\/li><\/ul>\n<!-- \/wp:list -->\n\n<!-- wp:paragraph {\"fontSize\":\"medium\"} -->\n<p class=\"has-medium-font-size\">Qui va pr\u00e9parer avec vous la c\u00e9l\u00e9bration et pr\u00e9sider cette c\u00e9l\u00e9bration?<\/p>\n<!-- \/wp:paragraph -->\n\n<!-- wp:paragraph -->\n<p>En soutien du Cur\u00e9, des la\u00efcs de nos paroisses ont \u00e9t\u00e9 form\u00e9s pour c\u00e9l\u00e9brer les obs\u00e8ques. Il s'agit de:<\/p>\n<!-- \/wp:paragraph -->\n\n<!-- wp:paragraph -->\n<p>Christophe GILLARDEAU<\/p>\n<!-- \/wp:paragraph -->\n\n<!-- wp:paragraph -->\n<p>Christian BERG<\/p>\n<!-- \/wp:paragraph -->\n\n<!-- wp:paragraph {\"fontSize\":\"medium\"} -->\n<p class=\"has-medium-font-size\">Honoraires de C\u00e9l\u00e9bration<\/p>\n<!-- \/wp:paragraph -->\n\n<!-- wp:paragraph -->\n<p>Dans le dioc\u00e8se de Charente Maritime, c'est l'entreprise de Pompes Fun\u00e8bres qui vous facturera les honoraires de c\u00e9l\u00e9bration  - fix\u00e9s \u00e0 225 euros - et les reversera ensuite \u00e0 la paroisse.<\/p>\n<!-- \/wp:paragraph -->","_et_gb_content_width":"","footnotes":""},"class_list":["post-5162","page","type-page","status-publish","hentry"],"_links":{"self":[{"href":"https:\/\/catholiques17.fr\/mir-sg\/wp-json\/wp\/v2\/pages\/5162","targetHints":{"allow":["GET"]}}],"collection":[{"href":"https:\/\/catholiques17.fr\/mir-sg\/wp-json\/wp\/v2\/pages"}],"about":[{"href":"https:\/\/catholiques17.fr\/mir-sg\/wp-json\/wp\/v2\/types\/page"}],"author":[{"embeddable":true,"href":"https:\/\/catholiques17.fr\/mir-sg\/wp-json\/wp\/v2\/users\/33"}],"replies":[{"embeddable":true,"href":"https:\/\/catholiques17.fr\/mir-sg\/wp-json\/wp\/v2\/comments?post=5162"}],"version-history":[{"count":13,"href":"https:\/\/catholiques17.fr\/mir-sg\/wp-json\/wp\/v2\/pages\/5162\/revisions"}],"predecessor-version":[{"id":9080,"href":"https:\/\/catholiques17.fr\/mir-sg\/wp-json\/wp\/v2\/pages\/5162\/revisions\/9080"}],"up":[{"embeddable":true,"href":"https:\/\/catholiques17.fr\/mir-sg\/wp-json\/wp\/v2\/pages\/222"}],"wp:attachment":[{"href":"https:\/\/catholiques17.fr\/mir-sg\/wp-json\/wp\/v2\/media?parent=5162"}],"curies":[{"name":"wp","href":"https:\/\/api.w.org\/{rel}","templated":true}]}}