{"id":224,"date":"2019-07-18T19:37:18","date_gmt":"2019-07-18T17:37:18","guid":{"rendered":"https:\/\/catholiques17.fr\/mir-sg\/?page_id=224"},"modified":"2025-12-09T17:17:14","modified_gmt":"2025-12-09T16:17:14","slug":"le-bapteme","status":"publish","type":"page","link":"https:\/\/catholiques17.fr\/mir-sg\/etapes-de-la-vie\/le-bapteme\/","title":{"rendered":"Le bapt\u00eame"},"content":{"rendered":"<p>[et_pb_section fb_built=\u00a0\u00bb1&Prime; _builder_version=\u00a0\u00bb4.16&Prime; custom_padding=\u00a0\u00bb17px|||||\u00a0\u00bb global_colors_info=\u00a0\u00bb{}\u00a0\u00bb theme_builder_area=\u00a0\u00bbpost_content\u00a0\u00bb][et_pb_row _builder_version=\u00a0\u00bb4.16&Prime; _module_preset=\u00a0\u00bbdefault\u00a0\u00bb custom_padding=\u00a0\u00bb11px|||||\u00a0\u00bb global_colors_info=\u00a0\u00bb{}\u00a0\u00bb theme_builder_area=\u00a0\u00bbpost_content\u00a0\u00bb][et_pb_column type=\u00a0\u00bb4_4&Prime; _builder_version=\u00a0\u00bb4.16&Prime; _module_preset=\u00a0\u00bbdefault\u00a0\u00bb global_colors_info=\u00a0\u00bb{}\u00a0\u00bb theme_builder_area=\u00a0\u00bbpost_content\u00a0\u00bb][et_pb_image src=\u00a0\u00bbhttps:\/\/catholiques17.fr\/mir-sg\/wp-content\/uploads\/sites\/27\/2025\/12\/Bapteme.jpeg\u00a0\u00bb title_text=\u00a0\u00bbBapte\u0302me\u00a0\u00bb align=\u00a0\u00bbcenter\u00a0\u00bb force_fullwidth=\u00a0\u00bbon\u00a0\u00bb _builder_version=\u00a0\u00bb4.27.4&Prime; _module_preset=\u00a0\u00bbdefault\u00a0\u00bb border_radii=\u00a0\u00bbon|20px|20px|20px|20px\u00a0\u00bb global_colors_info=\u00a0\u00bb{}\u00a0\u00bb theme_builder_area=\u00a0\u00bbpost_content\u00a0\u00bb][\/et_pb_image][\/et_pb_column][\/et_pb_row][et_pb_row _builder_version=\u00a0\u00bb4.27.4&Prime; _module_preset=\u00a0\u00bbdefault\u00a0\u00bb global_colors_info=\u00a0\u00bb{}\u00a0\u00bb theme_builder_area=\u00a0\u00bbpost_content\u00a0\u00bb][et_pb_column type=\u00a0\u00bb4_4&Prime; _builder_version=\u00a0\u00bb4.27.4&Prime; _module_preset=\u00a0\u00bbdefault\u00a0\u00bb global_colors_info=\u00a0\u00bb{}\u00a0\u00bb theme_builder_area=\u00a0\u00bbpost_content\u00a0\u00bb][et_pb_text _builder_version=\u00a0\u00bb4.27.4&Prime; _module_preset=\u00a0\u00bbdefault\u00a0\u00bb global_colors_info=\u00a0\u00bb{}\u00a0\u00bb theme_builder_area=\u00a0\u00bbpost_content\u00a0\u00bb]<\/p>\n<p><span>L\u2019\u00c9glise a re\u00e7u des ap\u00f4tres, la tradition de donner le bapt\u00eame aux petits enfants, ainsi qu\u2019aux jeunes et aux adultes. Par le bapt\u00eame, on devient Enfant de Dieu.<\/span><\/p>\n<p>[\/et_pb_text][\/et_pb_column][\/et_pb_row][et_pb_row _builder_version=\u00a0\u00bb4.27.4&Prime; _module_preset=\u00a0\u00bbdefault\u00a0\u00bb global_colors_info=\u00a0\u00bb{}\u00a0\u00bb theme_builder_area=\u00a0\u00bbpost_content\u00a0\u00bb][et_pb_column type=\u00a0\u00bb4_4&Prime; _builder_version=\u00a0\u00bb4.27.4&Prime; _module_preset=\u00a0\u00bbdefault\u00a0\u00bb global_colors_info=\u00a0\u00bb{}\u00a0\u00bb theme_builder_area=\u00a0\u00bbpost_content\u00a0\u00bb][et_pb_divider color=\u00a0\u00bb#F49A24&Prime; divider_weight=\u00a0\u00bb2px\u00a0\u00bb _builder_version=\u00a0\u00bb4.27.4&Prime; _module_preset=\u00a0\u00bbdefault\u00a0\u00bb global_colors_info=\u00a0\u00bb{}\u00a0\u00bb theme_builder_area=\u00a0\u00bbpost_content\u00a0\u00bb][\/et_pb_divider][\/et_pb_column][\/et_pb_row][et_pb_row _builder_version=\u00a0\u00bb4.27.4&Prime; _module_preset=\u00a0\u00bbdefault\u00a0\u00bb custom_margin=\u00a0\u00bb-23px|auto||auto||\u00a0\u00bb global_colors_info=\u00a0\u00bb{}\u00a0\u00bb theme_builder_area=\u00a0\u00bbpost_content\u00a0\u00bb][et_pb_column type=\u00a0\u00bb4_4&Prime; _builder_version=\u00a0\u00bb4.27.4&Prime; _module_preset=\u00a0\u00bbdefault\u00a0\u00bb global_colors_info=\u00a0\u00bb{}\u00a0\u00bb theme_builder_area=\u00a0\u00bbpost_content\u00a0\u00bb][et_pb_text _builder_version=\u00a0\u00bb4.27.4&Prime; _module_preset=\u00a0\u00bbdefault\u00a0\u00bb custom_margin=\u00a0\u00bb||44px|||\u00a0\u00bb global_colors_info=\u00a0\u00bb{}\u00a0\u00bb theme_builder_area=\u00a0\u00bbpost_content\u00a0\u00bb]<\/p>\n<p><span>Le bapt\u00eame est le premier des trois sacrements de l\u2019initiation chr\u00e9tienne que l\u2019on re\u00e7oit.\u00a0<\/span><strong>Par le bapt\u00eame<\/strong><span>, nous recevons de Dieu, une vie nouvelle.\u00a0<\/span><strong>Par l\u2019eucharistie<\/strong><span>, la communion au Corps du Christ, cette vie sera nourrie.\u00a0<\/span><strong>Par la confirmation,<\/strong><span>\u00a0cette vie nouvelle sera fortifi\u00e9e par les dons de l\u2019Esprit Saint.<\/span><\/p>\n<p>[\/et_pb_text][et_pb_text _builder_version=\u00a0\u00bb4.27.4&Prime; _module_preset=\u00a0\u00bbdefault\u00a0\u00bb background_color=\u00a0\u00bb#64A47F\u00a0\u00bb global_colors_info=\u00a0\u00bb{}\u00a0\u00bb theme_builder_area=\u00a0\u00bbpost_content\u00a0\u00bb]<\/p>\n<p><strong><\/strong><\/p>\n<p style=\"text-align: center\"><span style=\"color: #ffffff\"><strong>B\u00e9b\u00e9s et petits enfants (jusqu\u2019\u00e0 4 ans)<\/strong><\/span><\/p>\n<p style=\"text-align: center\">[\/et_pb_text][et_pb_text _builder_version=\u00a0\u00bb4.27.4&Prime; _module_preset=\u00a0\u00bbdefault\u00a0\u00bb global_colors_info=\u00a0\u00bb{}\u00a0\u00bb theme_builder_area=\u00a0\u00bbpost_content\u00a0\u00bb]<\/p>\n<p><span>Habituellement, la pr\u00e9paration au bapt\u00eame d\u2019un petit enfant se fait en lien avec la paroisse du lieu d\u2019habitation des parents. Pour organiser et pr\u00e9parer le bapt\u00eame, il est n\u00e9cessaire de prendre contact avec l\u2019\u00e9quipe de pr\u00e9paration plusieurs mois avant la date envisag\u00e9e.<\/span><\/p>\n<p>[\/et_pb_text][et_pb_text _builder_version=\u00a0\u00bb4.27.4&Prime; _module_preset=\u00a0\u00bbdefault\u00a0\u00bb background_color=\u00a0\u00bb#EEB64B\u00a0\u00bb custom_margin=\u00a0\u00bb45px|||||\u00a0\u00bb global_colors_info=\u00a0\u00bb{}\u00a0\u00bb theme_builder_area=\u00a0\u00bbpost_content\u00a0\u00bb]<\/p>\n<p><strong><\/strong><\/p>\n<p style=\"text-align: center\"><span style=\"color: #ffffff\"><strong>Enfants (jusqu\u2019\u00e0 7 ans)<\/strong><\/span><\/p>\n<p style=\"text-align: center\">[\/et_pb_text][et_pb_text _builder_version=\u00a0\u00bb4.27.4&Prime; _module_preset=\u00a0\u00bbdefault\u00a0\u00bb custom_margin=\u00a0\u00bb||35px|||\u00a0\u00bb global_colors_info=\u00a0\u00bb{}\u00a0\u00bb theme_builder_area=\u00a0\u00bbpost_content\u00a0\u00bb]<\/p>\n<p><span>L\u2019enfant n\u2019est plus un b\u00e9b\u00e9 et il peut comprendre certaines choses par le dessin, les images, les r\u00e9cits, le jeu, les chants et de courtes vid\u00e9os adapt\u00e9es. Il est alors propos\u00e9 que l\u2019enfant, avec ses parents, participent \u00e0 des rencontre d\u2019eveil \u00e0 la foi. Elles permettent d\u2019\u00e9veiller l\u2019enfant \u00e0 la d\u00e9couverte de Dieu qui l\u2019aime.<\/span><\/p>\n<p>[\/et_pb_text][et_pb_text _builder_version=\u00a0\u00bb4.27.4&Prime; _module_preset=\u00a0\u00bbdefault\u00a0\u00bb background_color=\u00a0\u00bb#64A47F\u00a0\u00bb custom_margin=\u00a0\u00bb15px||6px|||\u00a0\u00bb global_colors_info=\u00a0\u00bb{}\u00a0\u00bb theme_builder_area=\u00a0\u00bbpost_content\u00a0\u00bb]<\/p>\n<p><strong><\/strong><\/p>\n<p style=\"text-align: center\"><span style=\"color: #ffffff\"><strong>Enfants (8 \u00e0 11 ans)<\/strong><\/span><\/p>\n<p style=\"text-align: center\">[\/et_pb_text][et_pb_text _builder_version=\u00a0\u00bb4.27.4&Prime; _module_preset=\u00a0\u00bbdefault\u00a0\u00bb global_colors_info=\u00a0\u00bb{}\u00a0\u00bb theme_builder_area=\u00a0\u00bbpost_content\u00a0\u00bb]<\/p>\n<p><span><\/span><\/p>\n<p><span>Plusieurs \u00e9tapes balisent la route vers le bapt\u00eame. L\u2019 enfant qui s\u2019engage dans cette d\u00e9marche s\u2019y pr\u00e9pare avec son \u00e9quipe de cat\u00e9ch\u00e8se et sa famille. Pour le bapt\u00eame d\u2019un enfant mineur, l\u2019accord des deux parents ou des tuteurs l\u00e9gaux est indispensable<\/span><\/p>\n<p>[\/et_pb_text][et_pb_text _builder_version=\u00a0\u00bb4.27.4&Prime; _module_preset=\u00a0\u00bbdefault\u00a0\u00bb background_color=\u00a0\u00bb#EEB64B\u00a0\u00bb custom_margin=\u00a0\u00bb45px|||||\u00a0\u00bb global_colors_info=\u00a0\u00bb{}\u00a0\u00bb theme_builder_area=\u00a0\u00bbpost_content\u00a0\u00bb]<\/p>\n<p><strong><\/strong><\/p>\n<p style=\"text-align: center\"><span style=\"color: #ffffff\"><strong>Adolescents (coll\u00e9giens et lyc\u00e9ens)<\/strong><\/span><\/p>\n<p style=\"text-align: center\">[\/et_pb_text][et_pb_text _builder_version=\u00a0\u00bb4.27.4&Prime; _module_preset=\u00a0\u00bbdefault\u00a0\u00bb custom_margin=\u00a0\u00bb||41px|||\u00a0\u00bb global_colors_info=\u00a0\u00bb{}\u00a0\u00bb theme_builder_area=\u00a0\u00bbpost_content\u00a0\u00bb]<\/p>\n<p><span>Plusieurs \u00e9tapes balisent la route vers le bapt\u00eame. Le jeune qui s\u2019engage dans cette d\u00e9marche s\u2019y pr\u00e9pare avec son \u00e9quipe d\u2019aum\u00f4nerie et sa famille. Pour le bapt\u00eame d\u2019un adolescent mineur, l\u2019accord des deux parents ou des tuteurs l\u00e9gaux est indispensable.<\/span><\/p>\n<p>[\/et_pb_text][et_pb_text _builder_version=\u00a0\u00bb4.27.4&Prime; _module_preset=\u00a0\u00bbdefault\u00a0\u00bb background_color=\u00a0\u00bb#64A47F\u00a0\u00bb custom_margin=\u00a0\u00bb15px||6px|||\u00a0\u00bb global_colors_info=\u00a0\u00bb{}\u00a0\u00bb theme_builder_area=\u00a0\u00bbpost_content\u00a0\u00bb]<\/p>\n<p><strong><\/strong><\/p>\n<p style=\"text-align: center\"><span style=\"color: #ffffff\"><strong>Adultes<\/strong><\/span><\/p>\n<p style=\"text-align: center\">[\/et_pb_text][et_pb_text _builder_version=\u00a0\u00bb4.27.4&Prime; _module_preset=\u00a0\u00bbdefault\u00a0\u00bb global_colors_info=\u00a0\u00bb{}\u00a0\u00bb theme_builder_area=\u00a0\u00bbpost_content\u00a0\u00bb]<\/p>\n<p>&nbsp;<\/p>\n<p>L\u2019adulte qui demande le bapt\u00eame, le cat\u00e9chum\u00e8ne, chemine avec une \u00e9quipe de chr\u00e9tiens qui l\u2019initie \u00e0 la vie chr\u00e9tienne. Plusieurs \u00e9tapes seront propos\u00e9es pendant ce chemin de d\u00e9couverte\u00a0 :<\/p>\n<div class=\"et_pb_column et_pb_column_4_4 et_pb_column_14  et_pb_css_mix_blend_mode_passthrough et-last-child\">\n<div class=\"et_pb_module et_pb_text et_pb_text_11  et_pb_text_align_left et_pb_bg_layout_light\">\n<div class=\"et_pb_text_inner\">\n<p>L\u2019adulte qui demande le bapt\u00eame, le cat\u00e9chum\u00e8ne, chemine avec une \u00e9quipe de chr\u00e9tiens qui l\u2019initie \u00e0 la vie chr\u00e9tienne. Plusieurs \u00e9tapes seront propos\u00e9es pendant ce chemin de d\u00e9couverte\u00a0 :<\/p>\n<p><span><strong>1\u00e8re \u00e9tape<\/strong>\u00a0:<\/span><span>\u00a0<\/span>L\u2019entr\u00e9e en cat\u00e9chum\u00e9nat. Les signes qui marquent cette entr\u00e9e sont la remise de la Parole de Dieu et la croix dont le cat\u00e9chum\u00e8ne est sign\u00e9 sur les yeux, les oreilles, la bouche, les \u00e9paules, le c\u0153ur. Cette \u00e9tape se vit normalement lors de la rencontre dioc\u00e9saine le premier dimanche de Car\u00eame autour de l\u2019\u00c9v\u00eaque. Elle peut se vivre aussi en paroisse.<\/p>\n<p><span><strong>2\u00e8me \u00e9tape<\/strong>\u00a0:<\/span><span>\u00a0<\/span>L\u2019appel d\u00e9cisif. C\u2019est la f\u00eate des cat\u00e9chum\u00e8nes. Le cat\u00e9chum\u00e8ne demande \u00e0 l\u2019\u00e9v\u00eaque de devenir membre de l\u2019\u00c9glise catholique et d\u2019\u00eatre appel\u00e9 \u00e0 recevoir les sacrements de l\u2019initiation chr\u00e9tienne. L\u2019appel d\u00e9cisif c\u2019est la r\u00e9ponse de Dieu par son \u00c9glise.<\/p>\n<p><strong>Les\u00a0scrutins<\/strong><span>\u00a0<\/span>jalonnent la derni\u00e8re pr\u00e9paration \u00e0 P\u00e2ques. 1er scrutin : l\u2019eau vive. 2\u00e8me scrutin : la lumi\u00e8re. 3\u00e8me scrutin : la vie. Les signes qui appellent le pardon et le don de gr\u00e2ce sont l\u2019imposition des mains et l\u2019onction des cat\u00e9chum\u00e8nes.<\/p>\n<p><span><strong>3\u00e8me \u00e9tape<\/strong>\u00a0:<\/span><span>\u00a0<\/span>C\u2019est celle des sacrements de l\u2019initiation chr\u00e9tienne (bapt\u00eame, confirmation et communion). Traditionnellement les sacrements de \u201cl\u2019initiation chr\u00e9tienne\u201d sont c\u00e9l\u00e9br\u00e9s dans la nuit de P\u00e2ques<\/p>\n<\/div>\n<\/div>\n<\/div>\n<p>[\/et_pb_text][\/et_pb_column][\/et_pb_row][et_pb_row _builder_version=\u00a0\u00bb4.27.4&Prime; _module_preset=\u00a0\u00bbdefault\u00a0\u00bb global_colors_info=\u00a0\u00bb{}\u00a0\u00bb theme_builder_area=\u00a0\u00bbpost_content\u00a0\u00bb][et_pb_column type=\u00a0\u00bb4_4&Prime; _builder_version=\u00a0\u00bb4.27.4&Prime; _module_preset=\u00a0\u00bbdefault\u00a0\u00bb global_colors_info=\u00a0\u00bb{}\u00a0\u00bb theme_builder_area=\u00a0\u00bbpost_content\u00a0\u00bb][et_pb_divider divider_weight=\u00a0\u00bb2px\u00a0\u00bb _builder_version=\u00a0\u00bb4.27.4&Prime; _module_preset=\u00a0\u00bbdefault\u00a0\u00bb global_colors_info=\u00a0\u00bb{}\u00a0\u00bb theme_builder_area=\u00a0\u00bbpost_content\u00a0\u00bb][\/et_pb_divider][\/et_pb_column][\/et_pb_row][et_pb_row _builder_version=\u00a0\u00bb4.27.4&Prime; _module_preset=\u00a0\u00bbdefault\u00a0\u00bb global_colors_info=\u00a0\u00bb{}\u00a0\u00bb theme_builder_area=\u00a0\u00bbpost_content\u00a0\u00bb][et_pb_column type=\u00a0\u00bb4_4&Prime; _builder_version=\u00a0\u00bb4.27.4&Prime; _module_preset=\u00a0\u00bbdefault\u00a0\u00bb global_colors_info=\u00a0\u00bb{}\u00a0\u00bb theme_builder_area=\u00a0\u00bbpost_content\u00a0\u00bb][et_pb_text _builder_version=\u00a0\u00bb4.27.4&Prime; _module_preset=\u00a0\u00bbdefault\u00a0\u00bb background_color=\u00a0\u00bb#64A47F\u00a0\u00bb hover_enabled=\u00a0\u00bb0&Prime; border_radii=\u00a0\u00bboff|20px||20px|\u00a0\u00bb global_colors_info=\u00a0\u00bb{}\u00a0\u00bb theme_builder_area=\u00a0\u00bbpost_content\u00a0\u00bb text_line_height=\u00a0\u00bb0.9em\u00a0\u00bb sticky_enabled=\u00a0\u00bb0&Prime;]<\/p>\n<h4 style=\"text-align: center\"><span><strong><\/strong><\/span><\/h4>\n<h4 style=\"text-align: center\"><span><strong><\/strong><\/span><\/h4>\n<h4 style=\"text-align: center\"><span><strong><\/strong><\/span><\/h4>\n<h4 style=\"text-align: center\"><span style=\"color: #ffffff\"><strong>Pour chacune de ces demandes de bapt\u00eame,<\/strong><\/span><\/h4>\n<h4 style=\"text-align: center\"><span style=\"color: #ffffff\"><strong>des \u00e9quipes de pr\u00e9paration existent dans notre paroisse.<\/strong><\/span><\/h4>\n<h4 style=\"text-align: center\"><span style=\"color: #ffffff\"><strong><\/strong><\/span><\/h4>\n<h4 style=\"text-align: center\"><span style=\"color: #ffffff\"><strong>Afin de les rencontrer et de pr\u00e9parer votre projet, il convient de contacter la paroisse :<\/strong><\/span><\/h4>\n<h4 style=\"text-align: center\"><strong><span style=\"color: #ffffff\">Vous souhaitez obtenir des informations pour se pr\u00e9parer \u00e0 la premi\u00e8re communion ?<\/span><\/strong><\/h4>\n<p><strong><span style=\"color: #ffffff\"><\/span><\/strong><\/p>\n<p style=\"text-align: center\"><span style=\"color: #ffffff\"><a href=\"mailto:paroisse.mir.sg@gmail.com\" style=\"color: #ffffff\">paroisse.mir.sg@gmail.com <\/a>&#8211;\u00a0 05 46 70 28 11<\/span><span style=\"color: #ffffff\"><\/span><\/p>\n<p style=\"text-align: center\"><span style=\"color: #ffffff\"><\/span><\/p>\n<p style=\"text-align: center\"><span style=\"color: #ffffff\"><strong>Presbyt\u00e8re<\/strong> de Mirambeau<\/span><\/p>\n<p style=\"text-align: center\"><span style=\"color: #ffffff\">\u00a011 rue des Recollets<\/span><\/p>\n<p style=\"text-align: center\"><span style=\"color: #ffffff\">\u00a0 \u00a0 17150 Mirambeau<\/span><\/p>\n<p style=\"text-align: center\"><span style=\"color: #ffffff\"><strong>Permanences du secr\u00e9tariat :\u00a0 \u00a0\u00a0<\/strong>Les jeudis de 14h30 \u00e0 16h30 et les samedis de 9h30 \u00e0 11h30<\/span><\/p>\n<p style=\"text-align: center\"><span style=\"color: #ffffff\"><\/span><\/p>\n<p style=\"text-align: center\"><span style=\"color: #ffffff\"><\/span><\/p>\n<p>[\/et_pb_text][\/et_pb_column][\/et_pb_row][\/et_pb_section]<\/p>\n","protected":false},"excerpt":{"rendered":"<p>L\u2019\u00c9glise a re\u00e7u des ap\u00f4tres, la tradition de donner le bapt\u00eame aux petits enfants, ainsi qu\u2019aux jeunes et aux adultes. Par le bapt\u00eame, on devient Enfant de Dieu.Le bapt\u00eame est [&hellip;]<\/p>\n","protected":false},"author":1,"featured_media":0,"parent":222,"menu_order":0,"comment_status":"closed","ping_status":"closed","template":"","meta":{"_et_pb_use_builder":"on","_et_pb_old_content":"<!-- wp:paragraph {\"backgroundColor\":\"very-light-gray\"} -->\n<p class=\"has-very-light-gray-background-color has-background\">Le bapt\u00eame est\nle premier des sacrements. La personne baptis\u00e9e devient enfant de Dieu, <strong>il entre dans la grande famille des\nchr\u00e9tiens<\/strong>. Le nouveau baptis\u00e9 pourra compter tout au long de sa\nvie sur cette famille. <\/p>\n<!-- \/wp:paragraph -->\n\n<!-- wp:paragraph {\"backgroundColor\":\"pale-cyan-blue\"} -->\n<p class=\"has-pale-cyan-blue-background-color has-background\"><strong>Pour les enfants jusqu'\u00e0 3 ans<\/strong><\/p>\n<!-- \/wp:paragraph -->\n\n<!-- wp:paragraph -->\n<p>V<strong>ous voulez faire baptiser votre enfant<\/strong><\/p>\n<!-- \/wp:paragraph -->\n\n<!-- wp:paragraph -->\n<p><strong>-T\u00e9l\u00e9phonez ou rendez vous au presbyt\u00e8re de Mirambeau pour remplir la fiche d'inscription<\/strong><\/p>\n<!-- \/wp:paragraph -->\n\n<!-- wp:paragraph {\"fontSize\":\"small\"} -->\n<p class=\"has-small-font-size\"><strong>Dans les jours qui suivront: <\/strong><\/p>\n<!-- \/wp:paragraph -->\n\n<!-- wp:paragraph {\"fontSize\":\"medium\"} -->\n<p class=\"has-medium-font-size\"><strong>Christian Berg, la\u00efc charg\u00e9 de la pr\u00e9paration au Bapt\u00eame (Tel: 06.14.60.52.97) prendra contact avec vous. <\/strong><\/p>\n<!-- \/wp:paragraph -->\n\n<!-- wp:paragraph {\"fontSize\":\"small\"} -->\n<p class=\"has-small-font-size\"><strong>C'est lui qui se chargera de vous faire rencontrer le Cur\u00e9: le P\u00e8re <\/strong>Louis Noah Mikande.<\/p>\n<!-- \/wp:paragraph -->\n\n<!-- wp:paragraph -->\n<p><strong>Vous voulez faire baptiser votre enfant dans une autre paroisse<\/strong><\/p>\n<!-- \/wp:paragraph -->\n\n<!-- wp:paragraph -->\n<p><strong>La pr\u00e9paration peut se faire soit dans notre paroisse, soit dans la paroisse o\u00f9 sera baptis\u00e9 votre enfant. Dans ce cas, notre paroisse vous donnera un document vous autorisant \u00e0 faire baptiser votre enfant dans une autre paroisse. Document \u00e0&nbsp;retirer au presbyt\u00e8re de Mirambeau.&nbsp;<\/strong><\/p>\n<!-- \/wp:paragraph -->\n\n<!-- wp:paragraph {\"backgroundColor\":\"very-light-gray\"} -->\n<p class=\"has-very-light-gray-background-color has-background\">Apr\u00e8s ce premier accueil, vous participerez \u00e0 2 soir\u00e9es de pr\u00e9paration avec d'autres parents ;<br><strong>La premi\u00e8re soir\u00e9e<\/strong> vous donnera l'occasion de vous interroger sur votre Foi, votre relation au Christ, votre relation \u00e0 l'Eglise, ce que cela implique d'\u00eatre chr\u00e9tien. Elle peut \u00eatre une opportunit\u00e9 d'exprimer vos convictions, vos questionnements et aussi vos doutes ... dans un climat de respect et d'\u00e9coute bienveillante.<br><strong>La seconde soir\u00e9e<\/strong> sera consacr\u00e9e au sens de la c\u00e9l\u00e9bration : rites, paroles et gestes pos\u00e9s sur votre enfant.<\/p>\n<!-- \/wp:paragraph -->\n\n<!-- wp:paragraph {\"fontSize\":\"medium\"} -->\n<p class=\"has-medium-font-size\">Honoraires p<strong>our les bapt\u00eames: il s'agit d'une offrande qui est en moyenne de 80 euros<\/strong>&nbsp;mais son montant r\u00e9el est laiss\u00e9 \u00e0 l'appr\u00e9ciation de chacun.<\/p>\n<!-- \/wp:paragraph -->\n\n<!-- wp:paragraph {\"backgroundColor\":\"pale-cyan-blue\"} -->\n<p class=\"has-pale-cyan-blue-background-color has-background\"><strong>Pour les enfants en \u00e2ge scolaire<\/strong><\/p>\n<!-- \/wp:paragraph -->\n\n<!-- wp:paragraph -->\n<p>L\u2019enfant\nqui s\u2019engage dans cette d\u00e9marche s\u2019y pr\u00e9pare avec son \u00e9quipe de cat\u00e9ch\u00e8se.\nHabituellement, le parcours s\u2019\u00e9tale sur deux ann\u00e9es scolaires. <\/p>\n<!-- \/wp:paragraph -->\n\n<!-- wp:paragraph {\"backgroundColor\":\"pale-cyan-blue\"} -->\n<p class=\"has-pale-cyan-blue-background-color has-background\"><strong>Pour les coll\u00e9giens et lyc\u00e9ens&nbsp;<\/strong><\/p>\n<!-- \/wp:paragraph -->\n\n<!-- wp:paragraph -->\n<p>Le jeune&nbsp;qui s\u2019engage dans cette d\u00e9marche s\u2019y pr\u00e9pare avec son \u00e9quipe d\u2019aum\u00f4nerie. (Voir&nbsp;aussi l'onglet Aum\u00f4nerie dans le menu \"Vivre en \u00e9glise\")<\/p>\n<!-- \/wp:paragraph -->\n\n<!-- wp:paragraph {\"backgroundColor\":\"pale-cyan-blue\"} -->\n<p class=\"has-pale-cyan-blue-background-color has-background\"><strong>Pour les adultes&nbsp;<\/strong><\/p>\n<!-- \/wp:paragraph -->\n\n<!-- wp:paragraph -->\n<p>L\u2019adulte\nqui demande le bapt\u00eame chemine durant 2 ans avec une \u00e9quipe de chr\u00e9tiens qui\nl\u2019initie \u00e0 la vie chr\u00e9tienne. C'est ce qu'on appelle le cat\u00e9chum\u00e9nat.<\/p>\n<!-- \/wp:paragraph -->\n\n<!-- wp:paragraph -->\n<p><a href=\"https:\/\/catholiques17.fr\/mir-sg\/files\/2018\/10\/Devenir-Chr\u00e9tien-cat\u00e9chum\u00e9nat-des-adultes.png\"><\/a><\/p>\n<!-- \/wp:paragraph -->\n\n<!-- wp:paragraph -->\n<p><a href=\"https:\/\/catholiques17.fr\/mir-sg\/files\/2018\/10\/Retraite-\u00e0-Maumont-pr-les-baptis\u00e9s-de-P\u00e2ques-2018-24-et-25-nov-2018.png\"><\/a><\/p>\n<!-- \/wp:paragraph -->","_et_gb_content_width":"","footnotes":""},"class_list":["post-224","page","type-page","status-publish","hentry"],"_links":{"self":[{"href":"https:\/\/catholiques17.fr\/mir-sg\/wp-json\/wp\/v2\/pages\/224","targetHints":{"allow":["GET"]}}],"collection":[{"href":"https:\/\/catholiques17.fr\/mir-sg\/wp-json\/wp\/v2\/pages"}],"about":[{"href":"https:\/\/catholiques17.fr\/mir-sg\/wp-json\/wp\/v2\/types\/page"}],"author":[{"embeddable":true,"href":"https:\/\/catholiques17.fr\/mir-sg\/wp-json\/wp\/v2\/users\/1"}],"replies":[{"embeddable":true,"href":"https:\/\/catholiques17.fr\/mir-sg\/wp-json\/wp\/v2\/comments?post=224"}],"version-history":[{"count":23,"href":"https:\/\/catholiques17.fr\/mir-sg\/wp-json\/wp\/v2\/pages\/224\/revisions"}],"predecessor-version":[{"id":9213,"href":"https:\/\/catholiques17.fr\/mir-sg\/wp-json\/wp\/v2\/pages\/224\/revisions\/9213"}],"up":[{"embeddable":true,"href":"https:\/\/catholiques17.fr\/mir-sg\/wp-json\/wp\/v2\/pages\/222"}],"wp:attachment":[{"href":"https:\/\/catholiques17.fr\/mir-sg\/wp-json\/wp\/v2\/media?parent=224"}],"curies":[{"name":"wp","href":"https:\/\/api.w.org\/{rel}","templated":true}]}}