{"id":222,"date":"2019-07-18T19:33:40","date_gmt":"2019-07-18T17:33:40","guid":{"rendered":"https:\/\/catholiques17.fr\/mir-sg\/?page_id=222"},"modified":"2025-12-03T11:01:20","modified_gmt":"2025-12-03T10:01:20","slug":"etapes-de-la-vie","status":"publish","type":"page","link":"https:\/\/catholiques17.fr\/mir-sg\/etapes-de-la-vie\/","title":{"rendered":"Etapes de la vie"},"content":{"rendered":"\n<p><br> L&rsquo;\u00e9glise, assembl\u00e9e des fid\u00e8les ayant mis leur foi dans le Christ ressuscit\u00e9, accompagne les croyants dans les diff\u00e9rentes \u00e9tapes de leur vie, depuis leur naissance \u00e0 la foi, jusqu&rsquo;au grand retour vers le P\u00e8re, qu&rsquo;est la mort.<br><br> Certaines de ces \u00e9tapes font l&rsquo;objet d&rsquo;un rituel tr\u00e8s particulier, nomm\u00e9 \u00ab\u00a0<strong>sacrement<\/strong>\u00ab\u00a0, qui est \u00e0 la foi un signe de la gr\u00e2ce de Dieu, et un instrument donn\u00e9 aux hommes pour acc\u00e9der \u00e0 cette gr\u00e2ce. L&rsquo;\u00e9glise catholique en reconna\u00eet sept: le bapt\u00eame, l&rsquo;eucharistie, la confirmation, le mariage, l&rsquo;ordre, la r\u00e9conciliation et l&rsquo;onction des malades.<br><br> Vous trouverez dans ces rubriques les renseignements et contacts utiles pour toute recherche concernant cet accompagnement que les paroisses de Saint Martin de Mirambeau et Saint Antoine La Lande (Saint Genis de Saintonge) peuvent vous apporter.<\/p>\n","protected":false},"excerpt":{"rendered":"<p>L&rsquo;\u00e9glise, assembl\u00e9e des fid\u00e8les ayant mis leur foi dans le Christ ressuscit\u00e9, accompagne les croyants dans les diff\u00e9rentes \u00e9tapes de leur vie, depuis leur naissance \u00e0 la foi, jusqu&rsquo;au grand [&hellip;]<\/p>\n","protected":false},"author":1,"featured_media":0,"parent":0,"menu_order":0,"comment_status":"closed","ping_status":"closed","template":"","meta":{"_et_pb_use_builder":"","_et_pb_old_content":"","_et_gb_content_width":"","footnotes":""},"class_list":["post-222","page","type-page","status-publish","hentry"],"_links":{"self":[{"href":"https:\/\/catholiques17.fr\/mir-sg\/wp-json\/wp\/v2\/pages\/222","targetHints":{"allow":["GET"]}}],"collection":[{"href":"https:\/\/catholiques17.fr\/mir-sg\/wp-json\/wp\/v2\/pages"}],"about":[{"href":"https:\/\/catholiques17.fr\/mir-sg\/wp-json\/wp\/v2\/types\/page"}],"author":[{"embeddable":true,"href":"https:\/\/catholiques17.fr\/mir-sg\/wp-json\/wp\/v2\/users\/1"}],"replies":[{"embeddable":true,"href":"https:\/\/catholiques17.fr\/mir-sg\/wp-json\/wp\/v2\/comments?post=222"}],"version-history":[{"count":4,"href":"https:\/\/catholiques17.fr\/mir-sg\/wp-json\/wp\/v2\/pages\/222\/revisions"}],"predecessor-version":[{"id":8870,"href":"https:\/\/catholiques17.fr\/mir-sg\/wp-json\/wp\/v2\/pages\/222\/revisions\/8870"}],"wp:attachment":[{"href":"https:\/\/catholiques17.fr\/mir-sg\/wp-json\/wp\/v2\/media?parent=222"}],"curies":[{"name":"wp","href":"https:\/\/api.w.org\/{rel}","templated":true}]}}