{"id":6102,"date":"2021-11-14T18:00:48","date_gmt":"2021-11-14T17:00:48","guid":{"rendered":"https:\/\/catholiques17.fr\/matha\/?page_id=6102"},"modified":"2022-06-02T17:33:24","modified_gmt":"2022-06-02T15:33:24","slug":"le-secours-catholique","status":"publish","type":"page","link":"https:\/\/catholiques17.fr\/matha\/le-secours-catholique\/","title":{"rendered":"Le Secours Catholique"},"content":{"rendered":"<p>[et_pb_section fb_built=\u00a0\u00bb1&Prime; _builder_version=\u00a0\u00bb3.22&Prime; global_colors_info=\u00a0\u00bb{}\u00a0\u00bb][et_pb_row _builder_version=\u00a0\u00bb3.25&Prime; background_size=\u00a0\u00bbinitial\u00a0\u00bb background_position=\u00a0\u00bbtop_left\u00a0\u00bb background_repeat=\u00a0\u00bbrepeat\u00a0\u00bb global_colors_info=\u00a0\u00bb{}\u00a0\u00bb][et_pb_column type=\u00a0\u00bb4_4&Prime; _builder_version=\u00a0\u00bb3.25&Prime; custom_padding=\u00a0\u00bb|||\u00a0\u00bb global_colors_info=\u00a0\u00bb{}\u00a0\u00bb custom_padding__hover=\u00a0\u00bb|||\u00a0\u00bb][et_pb_text _builder_version=\u00a0\u00bb3.27.4&Prime; background_size=\u00a0\u00bbinitial\u00a0\u00bb background_position=\u00a0\u00bbtop_left\u00a0\u00bb background_repeat=\u00a0\u00bbrepeat\u00a0\u00bb global_colors_info=\u00a0\u00bb{}\u00a0\u00bb]<!-- divi:paragraph --><\/p>\n<p>Le Secours Catholique-Caritas France est une association reconnue d&rsquo;utilit\u00e9 publique et un service de l&rsquo;Eglise catholique, ouvert \u00e0 tous.<\/p>\n<p><!-- \/divi:paragraph --><br \/>\n<!-- divi:paragraph {\"style\":{\"color\":{\"text\":\"#00baad\"}}} --><\/p>\n<p class=\"has-text-color\" style=\"color:#00baad\"><strong>Nos valeurs<\/strong><\/p>\n<p><!-- \/divi:paragraph --><br \/>\n<!-- divi:paragraph --><\/p>\n<p>Confiance : croire et esp\u00e9rer en chaque personne et valoriser ses capacit\u00e9s,<br \/>Engagement : se mettre au service, recevoir et donner, agir pour [a justice.<br \/>Fraternit\u00e9 : manifester du respect, de la bienveillance, de l&rsquo;entraide et la joie d&rsquo;\u00eatre ensemble.<\/p>\n<p><!-- \/divi:paragraph --><br \/>\n<!-- divi:paragraph {\"style\":{\"color\":{\"text\":\"#00baad\"}}} --><\/p>\n<p class=\"has-text-color\" style=\"color:#00baad\"><strong>Nos adresses et contacts<\/strong><\/p>\n<p><!-- \/divi:paragraph --><br \/>\n<!-- divi:paragraph --><\/p>\n<p>Accueil : Paroisse Matha : 25 Rue de Saint-H\u00e9rie 17160 Matha  07 57 41 81 72<br \/>Local Mobilier : ZA de Champ Feron Ancienne laiterie 17160 Matha 07 57 40 88 03<\/p>\n<p><!-- \/divi:paragraph --><br \/>\n<!-- divi:paragraph {\"style\":{\"color\":{\"text\":\"#00baad\"}}} --><\/p>\n<p class=\"has-text-color\" style=\"color:#00baad\"><strong>Nos actions<\/strong><\/p>\n<p><!-- \/divi:paragraph --><br \/>\n<!-- divi:list --><\/p>\n<ul>\n<li><strong>Caf\u00e9 causette<\/strong><br \/>Un temps de convivialit\u00e9 \u00e0 partager (caf\u00e9, g\u00e2teaux\u2026) permettant [a rencontre et de rompre l&rsquo;isolement. <br \/>Lundi (les semaines paires) de 9h30 \u00e0 11h30<\/li>\n<\/ul>\n<p><!-- \/divi:list --><br \/>\n<!-- divi:list --><\/p>\n<ul>\n<li><strong>L&rsquo;accueil et l&rsquo;accompagnement des familles ou personnes isol\u00e9es <\/strong><br \/>Vous \u00eates en difficult\u00e9. Nous pouvons vous apporter des aides ponctuelles, des conseils et un accompagnement dans la confidentialit\u00e9.<br \/>Lundi (les semaines paires) de 9h30 \u00e0 11h30 <\/li>\n<\/ul>\n<p><!-- \/divi:list --><br \/>\n<!-- divi:list --><\/p>\n<ul>\n<li><strong>Mobilier<\/strong><br \/>Collecte de mobilier. Nous vous accueillons sur rendez-vous dans notre local dans lequel vous trouverez du mobilier.<\/li>\n<\/ul>\n<p><!-- \/divi:list --><br \/>\n<!-- divi:paragraph {\"style\":{\"color\":{\"text\":\"#00baad\"}}} --><\/p>\n<p class=\"has-text-color\" style=\"color:#00baad\"><strong>Nos objectifs<\/strong><\/p>\n<p><!-- \/divi:paragraph --><br \/>\n<!-- divi:list --><\/p>\n<ul>\n<li>Rompre l&rsquo;isolement<\/li>\n<li>Venir en aide aux personnes en difficult\u00e9<\/li>\n<li>Vivre des temps de convivialit\u00e9 et de partage<\/li>\n<\/ul>\n<p><!-- \/divi:list --><br \/>\n<!-- divi:paragraph {\"style\":{\"color\":{\"text\":\"#00baad\"}}} --><\/p>\n<p class=\"has-text-color\" style=\"color:#00baad\"><strong>En savoir plus : <\/strong><\/p>\n<p><!-- \/divi:paragraph --><br \/>\n<!-- divi:paragraph --><\/p>\n<p>Site Internet national <a rel=\"noreferrer noopener\" href=\"https:\/\/www.secours-catholique.org\/\" target=\"_blank\">Secours catholique &#8211; Caritas France <\/a><br \/>Facebook national : <a rel=\"noreferrer noopener\" href=\"https:\/\/www.facebook.com\/Secours.Catholique.Caritas.france\" target=\"_blank\">facebook.com\/Secours.Catholique.Caritas.france<\/a><\/p>\n<p>Site internet du <a rel=\"noreferrer noopener\" href=\"https:\/\/charentes.secours-catholique.org\/\" target=\"_blank\">Secours catholique des Charentes<\/a> <a rel=\"noreferrer noopener\" href=\"https:\/\/charentes.secours-catholique.org\/\nSecours catholique des Charentes\" target=\"_blank\"><br \/><\/a>Facebook du <a href=\"https:\/\/www.facebook.com\/SCdelegationcharentes\/\" target=\"_blank\" rel=\"noreferrer noopener\">Secours catholique des Charentes<\/a><\/p>\n<p><!-- \/divi:paragraph -->[\/et_pb_text][\/et_pb_column][\/et_pb_row][\/et_pb_section]<\/p>\n","protected":false},"excerpt":{"rendered":"<p>Le Secours Catholique-Caritas France est une association reconnue d&rsquo;utilit\u00e9 publique et un service de l&rsquo;Eglise catholique, ouvert \u00e0 tous. Nos valeurs Confiance : croire et esp\u00e9rer en chaque personne et [&hellip;]<\/p>\n","protected":false},"author":20,"featured_media":6107,"parent":0,"menu_order":0,"comment_status":"closed","ping_status":"closed","template":"","meta":{"_et_pb_use_builder":"on","_et_pb_old_content":"<!-- wp:divi\/placeholder -->\n[et_pb_section][et_pb_row][et_pb_column type=\"4_4\"][et_pb_text]<!-- divi:paragraph -->\n<p>Le Secours Catholique-Caritas France est une association reconnue d'utilit\u00e9 publique et un service de l'Eglise catholique, ouvert \u00e0 tous.<\/p>\n<!-- \/divi:paragraph -->\n<!-- divi:paragraph {\"style\":{\"color\":{\"text\":\"#00baad\"}}} -->\n<p class=\"has-text-color\" style=\"color:#00baad\"><strong>Nos valeurs<\/strong><\/p>\n<!-- \/divi:paragraph -->\n<!-- divi:paragraph -->\n<p>Confiance : croire et esp\u00e9rer en chaque personne et valoriser ses capacit\u00e9s,<br>Engagement : se mettre au service, recevoir et donner, agir pour [a justice.<br>Fraternit\u00e9 : manifester du respect, de la bienveillance, de l'entraide et la joie d'\u00eatre ensemble.<\/p>\n<!-- \/divi:paragraph -->\n<!-- divi:paragraph {\"style\":{\"color\":{\"text\":\"#00baad\"}}} -->\n<p class=\"has-text-color\" style=\"color:#00baad\"><strong>Nos adresses et contacts<\/strong><\/p>\n<!-- \/divi:paragraph -->\n<!-- divi:paragraph -->\n<p>Accueil : Paroisse Matha : 25 Rue de Saint-H\u00e9rie 17160 Matha  07 57 41 81 72<br>Local Mobilier : ZA de Champ Feron Ancienne laiterie 17160 Matha 07 57 40 88 03<\/p>\n<!-- \/divi:paragraph -->\n<!-- divi:paragraph {\"style\":{\"color\":{\"text\":\"#00baad\"}}} -->\n<p class=\"has-text-color\" style=\"color:#00baad\"><strong>Nos actions<\/strong><\/p>\n<!-- \/divi:paragraph -->\n<!-- divi:list -->\n<ul><li><strong>Caf\u00e9 causette<\/strong><br>Un temps de convivialit\u00e9 \u00e0 partager (caf\u00e9, g\u00e2teaux\u2026) permettant [a rencontre et de rompre l'isolement. <br>Lundi (les semaines paires) de 9h30 \u00e0 11h30<\/li><\/ul>\n<!-- \/divi:list -->\n<!-- divi:list -->\n<ul><li><strong>L'accueil et l'accompagnement des familles ou personnes isol\u00e9es <\/strong><br>Vous \u00eates en difficult\u00e9. Nous pouvons vous apporter des aides ponctuelles, des conseils et un accompagnement dans la confidentialit\u00e9.<br>Lundi (les semaines paires) de 9h30 \u00e0 11h30 <\/li><\/ul>\n<!-- \/divi:list -->\n<!-- divi:list -->\n<ul><li><strong>Mobilier<\/strong><br>Collecte de mobilier. Nous vous accueillons sur rendez-vous dans notre local dans lequel vous trouverez du mobilier.<\/li><\/ul>\n<!-- \/divi:list -->\n<!-- divi:paragraph {\"style\":{\"color\":{\"text\":\"#00baad\"}}} -->\n<p class=\"has-text-color\" style=\"color:#00baad\"><strong>Nos objectifs<\/strong><\/p>\n<!-- \/divi:paragraph -->\n<!-- divi:list -->\n<ul><li>Rompre l'isolement<\/li><li>Venir en aide aux personnes en difficult\u00e9<\/li><li>Vivre des temps de convivialit\u00e9 et de partage<\/li><\/ul>\n<!-- \/divi:list -->\n<!-- divi:paragraph {\"style\":{\"color\":{\"text\":\"#00baad\"}}} -->\n<p class=\"has-text-color\" style=\"color:#00baad\"><strong>En savoir plus : <\/strong><\/p>\n<!-- \/divi:paragraph -->\n<!-- divi:paragraph -->\n<p>Site Internet national <a rel=\"noreferrer noopener\" href=\"https:\/\/www.secours-catholique.org\/\" target=\"_blank\">Secours catholique - Caritas France <\/a><br>Facebook national : <a rel=\"noreferrer noopener\" href=\"https:\/\/www.facebook.com\/Secours.Catholique.Caritas.france\" target=\"_blank\">facebook.com\/Secours.Catholique.Caritas.france<\/a><br><br>Site internet du <a rel=\"noreferrer noopener\" href=\"https:\/\/charentes.secours-catholique.org\/\" target=\"_blank\">Secours catholique des Charentes<\/a> <a rel=\"noreferrer noopener\" href=\"https:\/\/charentes.secours-catholique.org\/\nSecours catholique des Charentes\" target=\"_blank\"><br><\/a>Facebook du <a href=\"https:\/\/www.facebook.com\/SCdelegationcharentes\/\" target=\"_blank\" rel=\"noreferrer noopener\">Secours catholique des Charentes<\/a><\/p>\n<!-- \/divi:paragraph -->[\/et_pb_text][\/et_pb_column][\/et_pb_row][\/et_pb_section]\n<!-- \/wp:divi\/placeholder -->","_et_gb_content_width":"","footnotes":""},"class_list":["post-6102","page","type-page","status-publish","has-post-thumbnail","hentry"],"_links":{"self":[{"href":"https:\/\/catholiques17.fr\/matha\/wp-json\/wp\/v2\/pages\/6102","targetHints":{"allow":["GET"]}}],"collection":[{"href":"https:\/\/catholiques17.fr\/matha\/wp-json\/wp\/v2\/pages"}],"about":[{"href":"https:\/\/catholiques17.fr\/matha\/wp-json\/wp\/v2\/types\/page"}],"author":[{"embeddable":true,"href":"https:\/\/catholiques17.fr\/matha\/wp-json\/wp\/v2\/users\/20"}],"replies":[{"embeddable":true,"href":"https:\/\/catholiques17.fr\/matha\/wp-json\/wp\/v2\/comments?post=6102"}],"version-history":[{"count":12,"href":"https:\/\/catholiques17.fr\/matha\/wp-json\/wp\/v2\/pages\/6102\/revisions"}],"predecessor-version":[{"id":6925,"href":"https:\/\/catholiques17.fr\/matha\/wp-json\/wp\/v2\/pages\/6102\/revisions\/6925"}],"wp:featuredmedia":[{"embeddable":true,"href":"https:\/\/catholiques17.fr\/matha\/wp-json\/wp\/v2\/media\/6107"}],"wp:attachment":[{"href":"https:\/\/catholiques17.fr\/matha\/wp-json\/wp\/v2\/media?parent=6102"}],"curies":[{"name":"wp","href":"https:\/\/api.w.org\/{rel}","templated":true}]}}