{"id":4910,"date":"2021-03-24T10:24:59","date_gmt":"2021-03-24T09:24:59","guid":{"rendered":"https:\/\/catholiques17.fr\/matha\/?page_id=4910"},"modified":"2021-10-14T19:02:05","modified_gmt":"2021-10-14T17:02:05","slug":"les-obseques","status":"publish","type":"page","link":"https:\/\/catholiques17.fr\/matha\/paroisse-matha\/les-etapes-de-la-vie\/les-obseques\/","title":{"rendered":"les obs\u00e8ques"},"content":{"rendered":"\n<p>Obs\u00e8ques c\u00e9l\u00e9br\u00e9es dans la paroisse du Pays de Matha depuis le 01\/11\/2019<\/p>\n\n\n\n<p><a href=\"https:\/\/catholiques17.fr\/matha\/obseques-par-date\/\" target=\"_blank\" rel=\"noreferrer noopener\">Obs\u00e8ques par date<\/a><\/p>\n\n\n\n<p><a href=\"https:\/\/catholiques17.fr\/matha\/obsequespar-commune\/\" data-type=\"URL\" data-id=\"https:\/\/catholiques17.fr\/matha\/obsequespar-commune\/\" target=\"_blank\" rel=\"noreferrer noopener\">Obs\u00e8ques par commune<\/a><\/p>\n","protected":false},"excerpt":{"rendered":"<p>Obs\u00e8ques c\u00e9l\u00e9br\u00e9es dans la paroisse du Pays de Matha depuis le 01\/11\/2019 Obs\u00e8ques par date Obs\u00e8ques par commune<\/p>\n","protected":false},"author":20,"featured_media":0,"parent":4894,"menu_order":0,"comment_status":"closed","ping_status":"closed","template":"","meta":{"_et_pb_use_builder":"off","_et_pb_old_content":"","_et_gb_content_width":"","footnotes":""},"class_list":["post-4910","page","type-page","status-publish","hentry"],"_links":{"self":[{"href":"https:\/\/catholiques17.fr\/matha\/wp-json\/wp\/v2\/pages\/4910","targetHints":{"allow":["GET"]}}],"collection":[{"href":"https:\/\/catholiques17.fr\/matha\/wp-json\/wp\/v2\/pages"}],"about":[{"href":"https:\/\/catholiques17.fr\/matha\/wp-json\/wp\/v2\/types\/page"}],"author":[{"embeddable":true,"href":"https:\/\/catholiques17.fr\/matha\/wp-json\/wp\/v2\/users\/20"}],"replies":[{"embeddable":true,"href":"https:\/\/catholiques17.fr\/matha\/wp-json\/wp\/v2\/comments?post=4910"}],"version-history":[{"count":9,"href":"https:\/\/catholiques17.fr\/matha\/wp-json\/wp\/v2\/pages\/4910\/revisions"}],"predecessor-version":[{"id":5115,"href":"https:\/\/catholiques17.fr\/matha\/wp-json\/wp\/v2\/pages\/4910\/revisions\/5115"}],"up":[{"embeddable":true,"href":"https:\/\/catholiques17.fr\/matha\/wp-json\/wp\/v2\/pages\/4894"}],"wp:attachment":[{"href":"https:\/\/catholiques17.fr\/matha\/wp-json\/wp\/v2\/media?parent=4910"}],"curies":[{"name":"wp","href":"https:\/\/api.w.org\/{rel}","templated":true}]}}