{"id":6516,"date":"2023-03-03T11:20:32","date_gmt":"2023-03-03T10:20:32","guid":{"rendered":"https:\/\/catholiques17.fr\/marie-eustelle\/?page_id=6516"},"modified":"2025-03-24T14:50:00","modified_gmt":"2025-03-24T13:50:00","slug":"neuvaine-de-priere-avec-marie-eustelle","status":"publish","type":"page","link":"https:\/\/catholiques17.fr\/marie-eustelle\/neuvaine-de-priere-avec-marie-eustelle\/","title":{"rendered":"Neuvaine de pri\u00e8re avec Marie-Eustelle"},"content":{"rendered":"<p>[et_pb_section fb_built=\u00a0\u00bb1&Prime; _builder_version=\u00a0\u00bb4.17.6&Prime; _module_preset=\u00a0\u00bbdefault\u00a0\u00bb global_colors_info=\u00a0\u00bb{}\u00a0\u00bb theme_builder_area=\u00a0\u00bbpost_content\u00a0\u00bb][et_pb_row _builder_version=\u00a0\u00bb4.17.6&Prime; _module_preset=\u00a0\u00bbdefault\u00a0\u00bb global_colors_info=\u00a0\u00bb{}\u00a0\u00bb theme_builder_area=\u00a0\u00bbpost_content\u00a0\u00bb][et_pb_column type=\u00a0\u00bb4_4&Prime; _builder_version=\u00a0\u00bb4.17.6&Prime; _module_preset=\u00a0\u00bbdefault\u00a0\u00bb global_colors_info=\u00a0\u00bb{}\u00a0\u00bb theme_builder_area=\u00a0\u00bbpost_content\u00a0\u00bb][et_pb_text _builder_version=\u00a0\u00bb4.17.6&Prime; _module_preset=\u00a0\u00bbdefault\u00a0\u00bb global_colors_info=\u00a0\u00bb{}\u00a0\u00bb theme_builder_area=\u00a0\u00bbpost_content\u00a0\u00bb]<\/p>\n<p>Une neuvaine est une pri\u00e8re r\u00e9p\u00e9t\u00e9e pendant 9 jours cons\u00e9cutifs. Ces 9 jours nous permettent de prendre le temps de faire confiance \u00e0 Dieu, de remettre notre vie ou une intention que nous portons entre les mains du Seigneur, par l\u2019intercession d\u2019un saint.<\/p>\n<p>Cette tradition prend sa source aux premiers temps de l\u2019Eglise : dans le livre des Actes des Ap\u00f4tres, apr\u00e8s l\u2019Ascension, les ap\u00f4tres et la Vierge Marie se r\u00e9unissent et prient pendant 9 jours avant que l\u2019Esprit-Saint ne descende sur eux le jour de la Pentec\u00f4te.<\/p>\n<p>On peut donc prier avec le texte ci-dessous, pour demander l\u2019aide de Marie-Eustelle Harpain. Apr\u00e8s la r\u00e9citation de cette pri\u00e8re, chaque jour, on peut ajouter une dizaine de chapelet (un Notre P\u00e8re, dix Je Vous Salue Marie et un Gloire au P\u00e8re).<\/p>\n<p>[\/et_pb_text][et_pb_button button_url=\u00a0\u00bbhttps:\/\/catholiques17.fr\/marie-eustelle\/wp-content\/uploads\/sites\/35\/2025\/03\/2025-03-24-Livret-neuvaine-modifie.pdf\u00a0\u00bb button_text=\u00a0\u00bbPrier 9 jours avec Marie-Eustelle\u00a0\u00bb button_alignment=\u00a0\u00bbcenter\u00a0\u00bb _builder_version=\u00a0\u00bb4.27.4&Prime; _module_preset=\u00a0\u00bbdefault\u00a0\u00bb custom_button=\u00a0\u00bbon\u00a0\u00bb button_bg_color=\u00a0\u00bb#356D89&Prime; background_layout=\u00a0\u00bbdark\u00a0\u00bb hover_enabled=\u00a0\u00bb0&Prime; locked=\u00a0\u00bboff\u00a0\u00bb global_colors_info=\u00a0\u00bb{}\u00a0\u00bb theme_builder_area=\u00a0\u00bbpost_content\u00a0\u00bb sticky_enabled=\u00a0\u00bb0&Prime;][\/et_pb_button][et_pb_button button_url=\u00a0\u00bbhttps:\/\/hozana.org\/communaute\/12144-9-jours-de-priere-sur-les-pas-de-marie-eustelle-harpain\u00a0\u00bb button_text=\u00a0\u00bbPrier la neuvaine sur Hozana\u00a0\u00bb button_alignment=\u00a0\u00bbcenter\u00a0\u00bb _builder_version=\u00a0\u00bb4.21.0&Prime; _module_preset=\u00a0\u00bbdefault\u00a0\u00bb custom_button=\u00a0\u00bbon\u00a0\u00bb button_text_color=\u00a0\u00bb#FFFFFF\u00a0\u00bb button_bg_color=\u00a0\u00bb#FF8C00&Prime; button_icon=\u00a0\u00bb&#xf654;||fa||900&Prime; global_colors_info=\u00a0\u00bb{}\u00a0\u00bb theme_builder_area=\u00a0\u00bbpost_content\u00a0\u00bb][\/et_pb_button][\/et_pb_column][\/et_pb_row][et_pb_row column_structure=\u00a0\u00bb2_5,3_5&Prime; _builder_version=\u00a0\u00bb4.17.6&Prime; _module_preset=\u00a0\u00bbdefault\u00a0\u00bb global_colors_info=\u00a0\u00bb{}\u00a0\u00bb theme_builder_area=\u00a0\u00bbpost_content\u00a0\u00bb][et_pb_column type=\u00a0\u00bb2_5&Prime; _builder_version=\u00a0\u00bb4.17.6&Prime; _module_preset=\u00a0\u00bbdefault\u00a0\u00bb global_colors_info=\u00a0\u00bb{}\u00a0\u00bb theme_builder_area=\u00a0\u00bbpost_content\u00a0\u00bb][et_pb_image src=\u00a0\u00bbhttps:\/\/catholiques17.fr\/marie-eustelle\/wp-content\/uploads\/sites\/35\/2023\/02\/Marie-Eustelle-detoure-Copie.png\u00a0\u00bb title_text=\u00a0\u00bbMarie Eustelle d\u00e9tour\u00e9 &#8211; Copie\u00a0\u00bb _builder_version=\u00a0\u00bb4.17.6&Prime; _module_preset=\u00a0\u00bbdefault\u00a0\u00bb global_colors_info=\u00a0\u00bb{}\u00a0\u00bb theme_builder_area=\u00a0\u00bbpost_content\u00a0\u00bb][\/et_pb_image][\/et_pb_column][et_pb_column type=\u00a0\u00bb3_5&Prime; _builder_version=\u00a0\u00bb4.17.6&Prime; _module_preset=\u00a0\u00bbdefault\u00a0\u00bb global_colors_info=\u00a0\u00bb{}\u00a0\u00bb theme_builder_area=\u00a0\u00bbpost_content\u00a0\u00bb][et_pb_text _builder_version=\u00a0\u00bb4.17.6&Prime; _module_preset=\u00a0\u00bbdefault\u00a0\u00bb text_text_color=\u00a0\u00bb#FFFFFF\u00a0\u00bb text_font_size=\u00a0\u00bb20px\u00a0\u00bb background_color=\u00a0\u00bb#356D89&Prime; text_orientation=\u00a0\u00bbcenter\u00a0\u00bb custom_padding=\u00a0\u00bb23px||||false|false\u00a0\u00bb global_colors_info=\u00a0\u00bb{}\u00a0\u00bb theme_builder_area=\u00a0\u00bbpost_content\u00a0\u00bb]<\/p>\n<h2><strong><span style=\"color: #ffffff;\">\u00ab\u00a0Tout pour J\u00e9sus\u00a0! \u00bb<\/span><\/strong><\/h2>\n<p align=\"center\">\n<p>Mon Dieu, nous te rendons gr\u00e2ce de nous avoir donn\u00e9 Marie-Eustelle Harpain, l\u2019Ange de l\u2019Eucharistie, pour \u00e9veiller en nous l\u2019amour du Christ et nous guider vers Lui dans la communion et l\u2019adoration.<\/p>\n<p>\u00d4 J\u00e9sus, que son t\u00e9moignage rayonne sur notre monde, qu\u2019il fasse grandir en nous le d\u00e9sir de devenir \u00ab\u00a0de vrais adorateurs en esprit et en v\u00e9rit\u00e9\u00a0\u00bb. (Jn 4,23)<\/p>\n<p>Esprit-Saint, soutiens et \u00e9claire les d\u00e9marches de sa cause afin que l\u2019Eglise lui accorde bient\u00f4t l\u2019aur\u00e9ole des bienheureux.<\/p>\n<p>Vierge Marie, toi qu\u2019elle a si souvent invoqu\u00e9e, nous te confions nos c\u0153urs pour qu\u2019ils se laissent enseigner et se tournent vers J\u00e9sus.<\/p>\n<p>Seigneur, nous Te demandons par l\u2019intercession de Marie-Eustelle et selon Ta volont\u00e9, de nous accorder la gr\u00e2ce de rendez-vous quotidiens dans la pri\u00e8re et de t\u00e9moigner de notre foi en toi.<\/p>\n<p>Amen<\/p>\n<p>&nbsp;<\/p>\n<p>[\/et_pb_text][\/et_pb_column][\/et_pb_row][\/et_pb_section]<\/p>\n","protected":false},"excerpt":{"rendered":"<p>Une neuvaine est une pri\u00e8re r\u00e9p\u00e9t\u00e9e pendant 9 jours cons\u00e9cutifs. Ces 9 jours nous permettent de prendre le temps de faire confiance \u00e0 Dieu, de remettre notre vie ou une [&hellip;]<\/p>\n","protected":false},"author":41,"featured_media":0,"parent":0,"menu_order":0,"comment_status":"closed","ping_status":"closed","template":"","meta":{"_et_pb_use_builder":"on","_et_pb_old_content":"","_et_gb_content_width":"","footnotes":""},"class_list":["post-6516","page","type-page","status-publish","hentry"],"_links":{"self":[{"href":"https:\/\/catholiques17.fr\/marie-eustelle\/wp-json\/wp\/v2\/pages\/6516","targetHints":{"allow":["GET"]}}],"collection":[{"href":"https:\/\/catholiques17.fr\/marie-eustelle\/wp-json\/wp\/v2\/pages"}],"about":[{"href":"https:\/\/catholiques17.fr\/marie-eustelle\/wp-json\/wp\/v2\/types\/page"}],"author":[{"embeddable":true,"href":"https:\/\/catholiques17.fr\/marie-eustelle\/wp-json\/wp\/v2\/users\/41"}],"replies":[{"embeddable":true,"href":"https:\/\/catholiques17.fr\/marie-eustelle\/wp-json\/wp\/v2\/comments?post=6516"}],"version-history":[{"count":10,"href":"https:\/\/catholiques17.fr\/marie-eustelle\/wp-json\/wp\/v2\/pages\/6516\/revisions"}],"predecessor-version":[{"id":6692,"href":"https:\/\/catholiques17.fr\/marie-eustelle\/wp-json\/wp\/v2\/pages\/6516\/revisions\/6692"}],"wp:attachment":[{"href":"https:\/\/catholiques17.fr\/marie-eustelle\/wp-json\/wp\/v2\/media?parent=6516"}],"curies":[{"name":"wp","href":"https:\/\/api.w.org\/{rel}","templated":true}]}}