{"id":6445,"date":"2023-02-21T15:46:02","date_gmt":"2023-02-21T14:46:02","guid":{"rendered":"https:\/\/catholiques17.fr\/marie-eustelle\/?page_id=6445"},"modified":"2023-05-31T16:12:27","modified_gmt":"2023-05-31T14:12:27","slug":"le-siecle-de-marie-eustelle","status":"publish","type":"page","link":"https:\/\/catholiques17.fr\/marie-eustelle\/le-siecle-de-marie-eustelle\/","title":{"rendered":"Le si\u00e8cle de Marie-Eustelle"},"content":{"rendered":"<p>[et_pb_section fb_built=\u00a0\u00bb1&Prime; _builder_version=\u00a0\u00bb4.17.6&Prime; _module_preset=\u00a0\u00bbdefault\u00a0\u00bb global_colors_info=\u00a0\u00bb{}\u00a0\u00bb theme_builder_area=\u00a0\u00bbpost_content\u00a0\u00bb][et_pb_row _builder_version=\u00a0\u00bb4.17.6&Prime; _module_preset=\u00a0\u00bbdefault\u00a0\u00bb global_colors_info=\u00a0\u00bb{}\u00a0\u00bb theme_builder_area=\u00a0\u00bbpost_content\u00a0\u00bb][et_pb_column type=\u00a0\u00bb4_4&Prime; _builder_version=\u00a0\u00bb4.17.6&Prime; _module_preset=\u00a0\u00bbdefault\u00a0\u00bb global_colors_info=\u00a0\u00bb{}\u00a0\u00bb theme_builder_area=\u00a0\u00bbpost_content\u00a0\u00bb][et_pb_text _builder_version=\u00a0\u00bb4.17.6&Prime; _module_preset=\u00a0\u00bbdefault\u00a0\u00bb hover_enabled=\u00a0\u00bb0&Prime; locked=\u00a0\u00bboff\u00a0\u00bb global_colors_info=\u00a0\u00bb{}\u00a0\u00bb theme_builder_area=\u00a0\u00bbpost_content\u00a0\u00bb sticky_enabled=\u00a0\u00bb0&Prime;]<\/p>\n<p>En 1814, la France sort de la R\u00e9volution. A Saintes comme ailleurs, l\u2019Eglise a beaucoup souffert. Alors que le Concordat a r\u00e9organis\u00e9 les dioc\u00e8ses meurtris par la Terreur et ses s\u00e9quelles, de nombreux b\u00e2timents sont ruin\u00e9s, les pr\u00eatres manquent et beaucoup d\u2019\u00e9glises sont vides&#8230; La r\u00e9gion de Saintes ne figure pas parmi les plus pratiquantes ; la plupart des habitants ne font pas leur premi\u00e8re communion, la moiti\u00e9 des mariages s\u2019effectue civilement.<\/p>\n<p>Le sentiment religieux n\u2019est pas mort pour autant. Ce XIXe si\u00e8cle est un temps de renouveau pour l\u2019Eglise en France. Beaucoup de congr\u00e9gations religieuses voient le jour, on fonde des \u00e9coles, des orphelinats et des h\u00f4pitaux, des missionnaires partent pour tous les continents. Marie-Eustelle, la\u00efque, mystique, humble ling\u00e8re qui met J\u00e9sus et l\u2019eucharistie \u00e0 la premi\u00e8re place dans sa vie, ignore encore, m\u00eame si elle exhorte sans cesse ses contemporains \u00e0 se tourner vers J\u00e9sus, que ce si\u00e8cle sera celui de la ferveur. De nombreuses initiatives apparaissent pour mieux aimer le Christ, r\u00e9ellement pr\u00e9sent dans les hosties consacr\u00e9es pendant la messe : on c\u00e9l\u00e8bre la F\u00eate-Dieu avec plus de faste, l\u2019adoration du Saint Sacrement se r\u00e9pand. C\u2019est \u00e9galement une \u00e9poque o\u00f9 les la\u00efcs s\u2019investissent davantage dans la vie de l\u2019Eglise.<\/p>\n<p>C\u2019est le temps de saint Pierre-Julien Eymard, ap\u00f4tre de l\u2019Eucharistie, qui raconte en 1845 avoir \u00e9t\u00e9 touch\u00e9 par la vie et les \u00e9crits de Marie-Eustelle : \u00ab Les impressions que j\u2019en retirai alors sont devenues pour moi un de ces souvenirs de gr\u00e2ce qu\u2019on n\u2019oublie jamais \u00bb. Il sera b\u00e9atifi\u00e9 en 1925 et canonis\u00e9 en 1962. Hermann Cohen, pianiste \u00e0 la vie d\u00e9brid\u00e9e, fut converti par les m\u00eames \u00e9crits et baptis\u00e9 en 1847, il fit en 1855 le voyage jusqu\u2019\u00e0 Saintes afin de se recueillir sur son tombeau avant d\u2019entrer chez les Carmes et devenir l\u2019auteur de m\u00e9lodies religieuses connues. De m\u00eame Jean-Marie Vianney le saint cur\u00e9 d\u2019Ars, Pauline Jaricot, Fr\u00e9d\u00e9ric Ozanam, et 60 ans plus tard sainte Th\u00e9r\u00e8se de l\u2019Enfant-J\u00e9sus et le bienheureux Marie-Joseph Cassant&#8230; sont autant de grandes figures qui r\u00e9sonnent avec celle de Marie-Eustelle.<\/p>\n<p>[\/et_pb_text][et_pb_testimonial author=\u00a0\u00bbSt Pierre-Julien Eymard (1811-1868)\u00a0\u00bb company_name=\u00a0\u00bbFondateur de la Soci\u00e9t\u00e9 du Saint-Sacrement\u00a0\u00bb url=\u00a0\u00bbhttp:\/\/www.eymard.org\/\u00a0\u00bb portrait_url=\u00a0\u00bbhttps:\/\/catholiques17.fr\/marie-eustelle\/wp-content\/uploads\/sites\/35\/2023\/02\/Pierre-Julien-Eymard.jpg\u00a0\u00bb _builder_version=\u00a0\u00bb4.17.6&Prime; _module_preset=\u00a0\u00bbdefault\u00a0\u00bb locked=\u00a0\u00bboff\u00a0\u00bb global_colors_info=\u00a0\u00bb{}\u00a0\u00bb theme_builder_area=\u00a0\u00bbpost_content\u00a0\u00bb]<\/p>\n<h2>Lettre de St Pierre-Julien Eymard au P. Mayet<\/h2>\n<p style=\"text-align: right;\">Paris, 29 septembre 1862<\/p>\n<p style=\"margin: 0cm; margin-bottom: .0001pt; vertical-align: baseline;\"><span style=\"font-size: 10.5pt; font-family: 'Open Sans',sans-serif; color: #666666;\">J\u2019ai lu, cher ami, il y a quinze ans, la vie et les lettres de\u00a0Marie-Eustelle. Les impressions que j\u2019en retirai sont devenues pour moi un de ces souvenirs de gr\u00e2ce qu\u2019on n\u2019oublie jamais. Je puis m\u00eame dire que ce fut comme l\u2019aurore d\u2019une faveur insigne\u2026<o:p><\/o:p><\/span><\/p>\n<p style=\"margin: 0cm; margin-bottom: .0001pt; vertical-align: baseline;\"><span style=\"font-size: 10.5pt; font-family: 'Open Sans',sans-serif; color: #666666;\">Depuis je me suis tous les jours recommand\u00e9 aux pri\u00e8res de cette sainte amante de la divine Eucharistie.<o:p><\/o:p><\/span><\/p>\n<p style=\"margin: 0cm; margin-bottom: .0001pt; vertical-align: baseline;\"><span style=\"font-size: 10.5pt; font-family: 'Open Sans',sans-serif; color: #666666;\">Je suis convaincu que la vierge de Saint-Pallais a \u00e9t\u00e9 le pr\u00e9curseur de ce triomphe du culte de l\u2019adorable Eucharistie dont nous sommes les t\u00e9moins et que si l\u2019on recueillait de ses lettres les divers sentiments de pi\u00e9t\u00e9 qui l\u2019animaient, on ferait un pieux et d\u00e9licieux manuel d\u2019adoration. Les sentiments des saints ont une onction de pi\u00e9t\u00e9 inimitable, on dirait qu\u2019ils sont encore vivants et enflamm\u00e9s de leur premi\u00e8re ferveur ; voil\u00e0 pourquoi je fais ce v\u0153u.<o:p><\/o:p><\/span><\/p>\n<p style=\"margin: 0cm; margin-bottom: .0001pt; vertical-align: baseline;\"><span style=\"font-size: 10.5pt; font-family: 'Open Sans',sans-serif; color: #666666;\">Je vous f\u00e9licite, cher ami, d\u2019avoir une si belle mission. Vous allez faire revivre cette touchante vie, la compl\u00e9ter et nous la rendre plus ch\u00e8re et plus v\u00e9n\u00e9rable. Je ne vous en remercie pas : votre c\u0153ur doit y trouver une douce r\u00e9compense.<o:p><\/o:p><\/span><\/p>\n<p>[\/et_pb_testimonial][et_pb_testimonial author=\u00a0\u00bbBx P\u00e8re Marie-Joseph Cassant (1878 \u2013 1903)\u00a0\u00bb url=\u00a0\u00bbhttp:\/\/www.eymard.org\/\u00a0\u00bb portrait_url=\u00a0\u00bbhttps:\/\/catholiques17.fr\/marie-eustelle\/wp-content\/uploads\/sites\/35\/2023\/04\/Marie-Joseph_Cassant.jpg\u00a0\u00bb _builder_version=\u00a0\u00bb4.17.6&Prime; _module_preset=\u00a0\u00bbdefault\u00a0\u00bb locked=\u00a0\u00bboff\u00a0\u00bb global_colors_info=\u00a0\u00bb{}\u00a0\u00bb theme_builder_area=\u00a0\u00bbpost_content\u00a0\u00bb]<\/p>\n<h2>Bienheureux P\u00e8re Marie-Joseph Cassant<\/h2>\n<p style=\"margin: 0cm; margin-bottom: .0001pt; vertical-align: baseline;\"><span style=\"font-size: 10.5pt; font-family: 'Open Sans',sans-serif;\">Le jeune moine trappiste \u00e9crivit : \u00ab L\u2019eucharistie est le seul bonheur de la terre \u00bb<o:p><\/o:p><\/span><\/p>\n<p style=\"margin: 0cm; margin-bottom: .0001pt; vertical-align: baseline;\"><span style=\"font-size: 10.5pt; font-family: 'Open Sans',sans-serif;\">Il choisit la m\u00eame devise que Marie-Eustelle\u00a0: \u00ab\u00a0Tout pour J\u00e9sus\u00a0\u00bb<o:p><\/o:p><\/span><\/p>\n<p style=\"margin: 0cm; margin-bottom: .0001pt; vertical-align: baseline;\"><span style=\"font-size: 10.5pt; font-family: 'Open Sans',sans-serif;\">Il fut b\u00e9atifi\u00e9 en 2004 par Jean-Paul II<o:p><\/o:p><\/span><\/p>\n<p style=\"margin: 0cm; margin-bottom: .0001pt; vertical-align: baseline;\"><span style=\"font-size: 10.5pt; font-family: 'Open Sans',sans-serif;\"><o:p>\u00a0<\/o:p><\/span><\/p>\n<p style=\"margin: 0cm; margin-bottom: .0001pt; vertical-align: baseline;\"><strong><span style=\"font-size: 10.5pt; font-family: 'Open Sans',sans-serif;\">Discours du Pape<\/span><span style=\"font-family: 'Open Sans',sans-serif;\">\u00a0<\/span><span style=\"font-size: 10.5pt; font-family: 'Open Sans',sans-serif;\">Jean Paul II<\/span><span style=\"font-family: 'Open Sans',sans-serif;\">,<\/span><span style=\"font-size: 10.5pt; font-family: 'Open Sans',sans-serif;\"> lors de la c\u00e9r\u00e9monie de<\/span><span style=\"font-family: 'Open Sans',sans-serif;\">\u00a0<\/span><\/strong><span style=\"font-size: 10.5pt; font-family: 'Open Sans',sans-serif;\"><strong>b\u00e9atification en 2004\u00a0:<\/strong><o:p><\/o:p><\/span><\/p>\n<p style=\"margin: 0cm; margin-bottom: .0001pt; vertical-align: baseline;\"><span style=\"font-size: 10.5pt; font-family: 'Open Sans',sans-serif;\">\u00ab\u00a0Le Fr\u00e8re Joseph-Marie a toujours mis sa confiance en Dieu, dans la contemplation du myst\u00e8re de la Passion et dans l&rsquo;union avec le Christ pr\u00e9sent dans l&rsquo;Eucharistie. Il s&rsquo;impr\u00e9gnait ainsi de l&rsquo;amour de Dieu, s&rsquo;abandonnant \u00e0 Lui, \u00ab\u00a0le seul bonheur de la terre\u00a0\u00bb, et se d\u00e9tachant des biens du monde dans le silence de la Trappe.<\/span><span style=\"font-family: 'Open Sans',sans-serif;\">\u00a0<\/span><span style=\"font-size: 10.5pt; font-family: 'Open Sans',sans-serif;\">\u00bb<o:p><\/o:p><\/span><\/p>\n<p>[\/et_pb_testimonial][et_pb_testimonial author=\u00a0\u00bbHermann Cohen &#8211; Fr. Augustin-Marie du Saint-Sacrement (1820-1871)\u00a0\u00bb url=\u00a0\u00bbhttp:\/\/www.eymard.org\/\u00a0\u00bb portrait_url=\u00a0\u00bbhttps:\/\/catholiques17.fr\/marie-eustelle\/wp-content\/uploads\/sites\/35\/2023\/02\/Hermann-Cohen.jpg\u00a0\u00bb _builder_version=\u00a0\u00bb4.17.6&Prime; _module_preset=\u00a0\u00bbdefault\u00a0\u00bb locked=\u00a0\u00bboff\u00a0\u00bb global_colors_info=\u00a0\u00bb{}\u00a0\u00bb theme_builder_area=\u00a0\u00bbpost_content\u00a0\u00bb]<\/p>\n<h2>Extraits des \u00e9crits d&rsquo;Hermann Cohen<\/h2>\n<div class=\"texteencadre-spip spip\">Je voudrais que l\u2019Eucharistie f\u00fbt pour votre \u00e2me un foyer, un brasier, o\u00f9 elle puisse se plonger pour en ressortir toute enflamm\u00e9e d\u2019amour et de g\u00e9n\u00e9rosit\u00e9.<\/div>\n<div class=\"texteencadre-spip spip\"><\/div>\n<div class=\"texteencadre-spip spip\" style=\"text-align: center;\">&#8230;<\/div>\n<div class=\"texteencadre-spip spip\"><\/div>\n<div class=\"texteencadre-spip spip\">Je ne connais qu\u2019un plus beau jour que celui de la premi\u00e8re Communion, c\u2019est celui de la<\/div>\n<div class=\"texteencadre-spip spip\">seconde Communion, et ainsi de suite.<\/div>\n<div class=\"texteencadre-spip spip\" style=\"text-align: center;\">&#8230;<\/div>\n<div class=\"texteencadre-spip spip\">J\u00e9sus-Christ aujourd\u2019hui, c\u2019est la divine Eucharistie\u2026 Aujourd\u2019hui je suis faible, j\u2019ai besoin d\u2019une force qui me vienne d\u2019en-Haut pour me soutenir, et J\u00e9sus descendu du ciel se fait Eucharistie, c\u2019est le pain des forts.<\/div>\n<div class=\"texteencadre-spip spip\">Aujourd\u2019hui je suis pauvre\u2026 J\u2019ai besoin d\u2019un abri pour me mettre \u00e0 couvert, et J\u00e9sus se fait maison\u2026 C\u2019est la maison de Dieu, c\u2019est le portique du ciel, c\u2019est l\u2019Eucharistie.<\/div>\n<div class=\"texteencadre-spip spip\">Aujourd\u2019hui je suis malade. J\u2019ai besoin d\u2019un baume bienfaisant pour panser les plaies de mon \u00e2me, et J\u00e9sus se r\u00e9pand comme un onguent pr\u00e9cieux sur mon \u00e2me en se donnant \u00e0 moi dans l\u2019Eucharistie\u2026<\/div>\n<div class=\"texteencadre-spip spip\">Je suis d\u00e9courag\u00e9, il me rel\u00e8ve ; je suis attrist\u00e9, il me r\u00e9jouit ; je suis seul, il vient demeurer avec moi jusqu\u2019\u00e0 la consommation des si\u00e8cles ; je suis dans l\u2019ignorance, il m\u2019instruit et m\u2019\u00e9claire ; j\u2019ai froid, il me r\u00e9chauffe d\u2019un feu p\u00e9n\u00e9trant ; mais plus que tout cela, j\u2019ai besoin d\u2019amour, et aucun amour de la terre n\u2019avait pu contenter mon c\u0153ur, et c\u2019est alors surtout qu\u2019il se fait Eucharistie ; et il m\u2019aime, et son amour me rassasie, me remplit et me plonge dans un oc\u00e9an de charit\u00e9. Oui, j\u2019aime J\u00e9sus, j\u2019aime l\u2019Eucharistie. J\u00e9sus, J\u00e9sus aujourd\u2019hui, c\u2019est J\u00e9sus avec moi\u2026 Ce matin \u00e0 l\u2019autel, il est venu, il s\u2019est donn\u00e9, je l\u2019ai, je le tiens, je l\u2019adore. Il s\u2019est incarn\u00e9 dans mes mains\u2026 C\u2019est mon Emmanuel, c\u2019est mon amour, c\u2019est mon Eucharistie.<\/div>\n<div class=\"texteencadre-spip spip\"><\/div>\n<div class=\"texteencadre-spip spip\">\n<p><iframe loading=\"lazy\" title=\"Si le roi David dansait - Martin Szersnovicz\" width=\"1080\" height=\"608\" src=\"https:\/\/www.youtube.com\/embed\/_TzinSTfIC8?feature=oembed\"  allow=\"accelerometer; autoplay; clipboard-write; encrypted-media; gyroscope; picture-in-picture; web-share\" allowfullscreen><\/iframe><\/p>\n<p>Si le roi David dansait, compos\u00e9 par Martin Szersnovicz, sur des paroles d&rsquo;Herman Cohen, par le choeur Gaudete &#8211; Notre Dame de l&rsquo;Arche d&rsquo;Alliance.<\/p>\n<\/div>\n<p>[\/et_pb_testimonial][et_pb_testimonial author=\u00a0\u00bbBienheureuse Pauline Jaricot (1799-1862)\u00a0\u00bb url=\u00a0\u00bbhttp:\/\/www.eymard.org\/\u00a0\u00bb portrait_url=\u00a0\u00bbhttps:\/\/catholiques17.fr\/marie-eustelle\/wp-content\/uploads\/sites\/35\/2023\/02\/Pauline-Jaricot.jpg\u00a0\u00bb _builder_version=\u00a0\u00bb4.17.6&Prime; _module_preset=\u00a0\u00bbdefault\u00a0\u00bb locked=\u00a0\u00bboff\u00a0\u00bb global_colors_info=\u00a0\u00bb{}\u00a0\u00bb theme_builder_area=\u00a0\u00bbpost_content\u00a0\u00bb]<\/p>\n<p class=\"hoz_quote\">J\u00e9sus a vainement cri\u00e9 aux hommes de notre si\u00e8cle ce qu&rsquo;il avait dit avec une si v\u00e9h\u00e9mente expression de charit\u00e9 \u00e0 la Samaritaine : Ah ! si vous connaissiez le don de Dieu et qui est Celui qui vous demande \u00e0 boire\u2026 \u00d4 hommes, si vous connaissiez celui qui vous a dit sur la croix : \u00ab J&rsquo;ai soif \u00bb, non seulement vous lui donneriez votre c\u0153ur dont il est alt\u00e9r\u00e9, mais vous lui demanderiez \u00a0les eaux de son c\u0153ur plein de charit\u00e9. Alors seulement serait calm\u00e9e pour toujours la soif que vous avez d&rsquo;\u00eatre heureux.<\/p>\n<p>Lettre de Pauline du 1er mai 1837<\/p>\n<p>&#8230;<\/p>\n<p>C\u0153ur adorable de J\u00e9sus, vous \u00eates le principe de la divine Eucharistie, chef-d&rsquo;\u0153uvre de l&rsquo;Amour infini. Que dirai-je Seigneur J\u00e9sus ? Par ce sacrement, vous avez trouv\u00e9 le moyen d&rsquo;unir l&rsquo;homme si intimement \u00e0 vous que, ne faisant plus qu&rsquo;un avec lui, votre c\u0153ur devient le principe de sa vie spirituelle.<\/p>\n<p>[\/et_pb_testimonial][et_pb_testimonial author=\u00a0\u00bbSaint Jean-Marie Vianney (1786-1859)\u00a0\u00bb company_name=\u00a0\u00bbCur\u00e9 d&rsquo;Ars\u00a0\u00bb url=\u00a0\u00bbhttps:\/\/www.arsnet.org\/Paroles-du-cure-d-Ars.html#sommaire_2&Prime; portrait_url=\u00a0\u00bbhttps:\/\/catholiques17.fr\/marie-eustelle\/wp-content\/uploads\/sites\/35\/2023\/02\/St-Jean-Marie-Vianney.jpg\u00a0\u00bb _builder_version=\u00a0\u00bb4.17.6&Prime; _module_preset=\u00a0\u00bbdefault\u00a0\u00bb locked=\u00a0\u00bboff\u00a0\u00bb global_colors_info=\u00a0\u00bb{}\u00a0\u00bb theme_builder_area=\u00a0\u00bbpost_content\u00a0\u00bb]<\/p>\n<p>\u00ab Il n\u2019y a rien de si grand que l\u2019Eucharistie. \u00bb<\/p>\n<p>\u00ab Il est l\u00e0 celui qui nous aime tant ! pourquoi ne l\u2019aimerions-nous pas ? \u00bb<\/p>\n<p>\u00ab La nourriture de l\u2019\u00e2me, c\u2019est le corps et le sang d\u2019un Dieu. Il y a de quoi, si l\u2019on y pensait, se perdre pour l\u2019\u00e9ternit\u00e9 dans cet ab\u00eeme d\u2019amour !\u2026 \u00bb<\/p>\n<p>\u00ab Venez \u00e0 la communion, venez \u00e0 J\u00e9sus, venez vivre de lui, afin de vivre pour lui. \u00bb<\/p>\n<p>\u00ab La communion fait \u00e0 l\u2019\u00e2me comme un coup de soufflet \u00e0 un feu qui commence \u00e0 s\u2019\u00e9teindre, mais o\u00f9 il y a encore beaucoup de braises ! \u00bb<\/p>\n<p>\u00ab Ne dites pas que vous n\u2019en \u00eates pas digne. C\u2019est vrai : vous n\u2019en \u00eates pas digne, mais vous en avez besoin. \u00bb<\/p>\n<p>[\/et_pb_testimonial][et_pb_testimonial author=\u00a0\u00bbSaint Th\u00e9r\u00e8se de l&rsquo;Enfant-J\u00e9sus (1873-1897)\u00a0\u00bb url=\u00a0\u00bbhttps:\/\/www.arsnet.org\/Paroles-du-cure-d-Ars.html#sommaire_2&Prime; portrait_url=\u00a0\u00bbhttps:\/\/catholiques17.fr\/marie-eustelle\/wp-content\/uploads\/sites\/35\/2023\/02\/Therese-de-lEnfant-Jesus.jpg\u00a0\u00bb _builder_version=\u00a0\u00bb4.17.6&Prime; _module_preset=\u00a0\u00bbdefault\u00a0\u00bb locked=\u00a0\u00bboff\u00a0\u00bb global_colors_info=\u00a0\u00bb{}\u00a0\u00bb theme_builder_area=\u00a0\u00bbpost_content\u00a0\u00bb]<\/p>\n<p>\u201cJe vous demande de venir prendre possession de mon \u00e2me\u2026Ah ! je ne puis recevoir la sainte communion aussi souvent que je le d\u00e9sire mais, Seigneur, n\u2019\u00eates-vous pas le Tout-Puissant ? Restez en moi comme au tabernacle ; ne vous \u00e9loignez jamais de votre petite hostie. \u201d<\/p>\n<p style=\"text-align: center;\">&#8230;<\/p>\n<p>\u201c\u00a0Quand je suis pr\u00e8s du tabernacle, je ne sais dire qu\u2019une seule chose \u00e0 Notre-Seigneur :\u00a0\u00ab Mon Dieu vous savez que je vous aime \u00bb, et je sens que ma pri\u00e8re ne fatigue pas J\u00e9sus. Connaissant l\u2019impuissance de sa pauvre petite \u00e9pouse, Il se contente de sa bonne volont\u00e9\u00a0\u201d (LT 152)<\/p>\n<p>[\/et_pb_testimonial][et_pb_testimonial author=\u00a0\u00bbBienheureux Fr\u00e9d\u00e9ric Ozanam (1813-1853)\u00a0\u00bb url=\u00a0\u00bbhttps:\/\/www.arsnet.org\/Paroles-du-cure-d-Ars.html#sommaire_2&Prime; portrait_url=\u00a0\u00bbhttps:\/\/catholiques17.fr\/marie-eustelle\/wp-content\/uploads\/sites\/35\/2023\/02\/Frederic-Ozanam.jpg\u00a0\u00bb _builder_version=\u00a0\u00bb4.17.6&Prime; _module_preset=\u00a0\u00bbdefault\u00a0\u00bb locked=\u00a0\u00bboff\u00a0\u00bb global_colors_info=\u00a0\u00bb{}\u00a0\u00bb theme_builder_area=\u00a0\u00bbpost_content\u00a0\u00bb]<\/p>\n<p>Pourquoi craindrais-je Dieu ? je L&rsquo;aime tant.<\/p>\n<p style=\"text-align: center;\">&#8230;<\/p>\n<p style=\"font-weight: 400;\">Si nous ne savons pas aimer Dieu&#8230; car il semble qu&rsquo;il faille voir pour aimer et nous ne voyons Dieu que des yeux de la foi, et notre foi est si faible! Mais les hommes, mais les pauvres, nous les voyons des yeux de la chair! Ils sont l\u00e0 et nous pouvons mettre le doigt et la main dans leurs plaies et les traces de la Couronne d&rsquo;\u00e9pines sont visibles sur leur front; et ici l&rsquo;incr\u00e9dulit\u00e9 n&rsquo;a plus de place possible, et nous devrions tomber \u00e0 leurs pieds et leur dire avec l&rsquo;ap\u00f4tre: \u00ab\u00a0Tu es Dominus et Deus meus\u00a0\u00bb. Vous \u00eates nos ma\u00eetres et nous serons vos serviteurs, vous \u00eates pour nous les images sacr\u00e9es de ce Dieu que nous ne voyons pas, et ne sachant pas l&rsquo;aimer autrement, nous l&rsquo;aimerons en vos personnes&#8230;<\/p>\n<p>[\/et_pb_testimonial][\/et_pb_column][\/et_pb_row][\/et_pb_section]<\/p>\n","protected":false},"excerpt":{"rendered":"<p>En 1814, la France sort de la R\u00e9volution. A Saintes comme ailleurs, l\u2019Eglise a beaucoup souffert. Alors que le Concordat a r\u00e9organis\u00e9 les dioc\u00e8ses meurtris par la Terreur et ses [&hellip;]<\/p>\n","protected":false},"author":41,"featured_media":0,"parent":0,"menu_order":0,"comment_status":"closed","ping_status":"closed","template":"","meta":{"_et_pb_use_builder":"on","_et_pb_old_content":"","_et_gb_content_width":"","footnotes":""},"class_list":["post-6445","page","type-page","status-publish","hentry"],"_links":{"self":[{"href":"https:\/\/catholiques17.fr\/marie-eustelle\/wp-json\/wp\/v2\/pages\/6445","targetHints":{"allow":["GET"]}}],"collection":[{"href":"https:\/\/catholiques17.fr\/marie-eustelle\/wp-json\/wp\/v2\/pages"}],"about":[{"href":"https:\/\/catholiques17.fr\/marie-eustelle\/wp-json\/wp\/v2\/types\/page"}],"author":[{"embeddable":true,"href":"https:\/\/catholiques17.fr\/marie-eustelle\/wp-json\/wp\/v2\/users\/41"}],"replies":[{"embeddable":true,"href":"https:\/\/catholiques17.fr\/marie-eustelle\/wp-json\/wp\/v2\/comments?post=6445"}],"version-history":[{"count":10,"href":"https:\/\/catholiques17.fr\/marie-eustelle\/wp-json\/wp\/v2\/pages\/6445\/revisions"}],"predecessor-version":[{"id":6602,"href":"https:\/\/catholiques17.fr\/marie-eustelle\/wp-json\/wp\/v2\/pages\/6445\/revisions\/6602"}],"wp:attachment":[{"href":"https:\/\/catholiques17.fr\/marie-eustelle\/wp-json\/wp\/v2\/media?parent=6445"}],"curies":[{"name":"wp","href":"https:\/\/api.w.org\/{rel}","templated":true}]}}