{"id":8434,"date":"2023-04-18T11:52:17","date_gmt":"2023-04-18T09:52:17","guid":{"rendered":"https:\/\/catholiques17.fr\/marans\/?page_id=8434"},"modified":"2023-04-20T09:36:45","modified_gmt":"2023-04-20T07:36:45","slug":"aumonerie","status":"publish","type":"page","link":"https:\/\/catholiques17.fr\/marans\/enfants-ados\/aumonerie\/","title":{"rendered":"Aum\u00f4nerie"},"content":{"rendered":"<p>[et_pb_section fb_built=\u00a0\u00bb1&Prime; _builder_version=\u00a0\u00bb4.17.6&Prime; _module_preset=\u00a0\u00bbdefault\u00a0\u00bb custom_padding=\u00a0\u00bb9px|||||\u00a0\u00bb global_colors_info=\u00a0\u00bb{}\u00a0\u00bb theme_builder_area=\u00a0\u00bbpost_content\u00a0\u00bb][et_pb_row _builder_version=\u00a0\u00bb4.17.6&Prime; _module_preset=\u00a0\u00bbdefault\u00a0\u00bb custom_padding=\u00a0\u00bb4px|||||\u00a0\u00bb global_colors_info=\u00a0\u00bb{}\u00a0\u00bb theme_builder_area=\u00a0\u00bbpost_content\u00a0\u00bb][et_pb_column type=\u00a0\u00bb4_4&Prime; _builder_version=\u00a0\u00bb4.17.6&Prime; _module_preset=\u00a0\u00bbdefault\u00a0\u00bb global_colors_info=\u00a0\u00bb{}\u00a0\u00bb theme_builder_area=\u00a0\u00bbpost_content\u00a0\u00bb][et_pb_image src=\u00a0\u00bbhttps:\/\/catholiques17.fr\/marans\/wp-content\/uploads\/sites\/36\/2021\/12\/Bandeau-IMG_1025-retouche\u0301e-1024&#215;500-1.jpg\u00a0\u00bb title_text=\u00a0\u00bbBandeau-IMG_1025-retouche\u0301e-1024&#215;500-1&Prime; _builder_version=\u00a0\u00bb4.17.6&Prime; _module_preset=\u00a0\u00bbdefault\u00a0\u00bb hover_enabled=\u00a0\u00bb0&Prime; global_colors_info=\u00a0\u00bb{}\u00a0\u00bb theme_builder_area=\u00a0\u00bbpost_content\u00a0\u00bb align=\u00a0\u00bbcenter\u00a0\u00bb border_radii=\u00a0\u00bbon|20px|20px|20px|20px\u00a0\u00bb sticky_enabled=\u00a0\u00bb0&Prime;][\/et_pb_image][\/et_pb_column][\/et_pb_row][et_pb_row _builder_version=\u00a0\u00bb4.17.6&Prime; _module_preset=\u00a0\u00bbdefault\u00a0\u00bb global_colors_info=\u00a0\u00bb{}\u00a0\u00bb theme_builder_area=\u00a0\u00bbpost_content\u00a0\u00bb][et_pb_column type=\u00a0\u00bb4_4&Prime; _builder_version=\u00a0\u00bb4.17.6&Prime; _module_preset=\u00a0\u00bbdefault\u00a0\u00bb global_colors_info=\u00a0\u00bb{}\u00a0\u00bb theme_builder_area=\u00a0\u00bbpost_content\u00a0\u00bb][et_pb_text _builder_version=\u00a0\u00bb4.17.6&Prime; _module_preset=\u00a0\u00bbdefault\u00a0\u00bb custom_padding=\u00a0\u00bb||0px|||\u00a0\u00bb global_colors_info=\u00a0\u00bb{}\u00a0\u00bb theme_builder_area=\u00a0\u00bbpost_content\u00a0\u00bb]<\/p>\n<p align=\"justify\">Fond\u00e9e sur l\u2019\u00e9vangile,<span>\u00a0<\/span><strong>l\u2019aum\u00f4nerie des coll\u00e9giens et des lyc\u00e9ens<\/strong><span>\u00a0<\/span>aide les jeunes \u00e0 se construire, \u00e0 grandir humainement et spirituellement avec un accompagnement sur toutes les dimensions de leur vie.<\/p>\n<p align=\"justify\">Les activit\u00e9s d\u2019aum\u00f4nerie ont lieu habituellement sur notre paroisse les &#8230;.. (\u00e0 compl\u00e9ter)<\/p>\n<p align=\"justify\"><span style=\"text-decoration: underline;\">Contact<\/span> :<\/p>\n<p>[\/et_pb_text][\/et_pb_column][\/et_pb_row][et_pb_row _builder_version=\u00a0\u00bb4.17.6&Prime; _module_preset=\u00a0\u00bbdefault\u00a0\u00bb global_colors_info=\u00a0\u00bb{}\u00a0\u00bb theme_builder_area=\u00a0\u00bbpost_content\u00a0\u00bb][et_pb_column type=\u00a0\u00bb4_4&Prime; _builder_version=\u00a0\u00bb4.17.6&Prime; _module_preset=\u00a0\u00bbdefault\u00a0\u00bb global_colors_info=\u00a0\u00bb{}\u00a0\u00bb theme_builder_area=\u00a0\u00bbpost_content\u00a0\u00bb][et_pb_divider color=\u00a0\u00bb#FF5733&Prime; _builder_version=\u00a0\u00bb4.17.6&Prime; _module_preset=\u00a0\u00bbdefault\u00a0\u00bb global_colors_info=\u00a0\u00bb{}\u00a0\u00bb theme_builder_area=\u00a0\u00bbpost_content\u00a0\u00bb][\/et_pb_divider][\/et_pb_column][\/et_pb_row][et_pb_row _builder_version=\u00a0\u00bb4.17.6&Prime; _module_preset=\u00a0\u00bbdefault\u00a0\u00bb global_colors_info=\u00a0\u00bb{}\u00a0\u00bb theme_builder_area=\u00a0\u00bbpost_content\u00a0\u00bb][et_pb_column type=\u00a0\u00bb4_4&Prime; _builder_version=\u00a0\u00bb4.17.6&Prime; _module_preset=\u00a0\u00bbdefault\u00a0\u00bb global_colors_info=\u00a0\u00bb{}\u00a0\u00bb theme_builder_area=\u00a0\u00bbpost_content\u00a0\u00bb][et_pb_text _builder_version=\u00a0\u00bb4.17.6&Prime; _module_preset=\u00a0\u00bbdefault\u00a0\u00bb background_color=\u00a0\u00bb#005E85&Prime; border_radii=\u00a0\u00bboff||20px||20px\u00a0\u00bb border_color_all=\u00a0\u00bb#005E85&Prime; global_colors_info=\u00a0\u00bb{}\u00a0\u00bb theme_builder_area=\u00a0\u00bbpost_content\u00a0\u00bb]<\/p>\n<p style=\"text-align: center;\"><strong><span style=\"color: #ffffff;\"><\/span><\/strong><\/p>\n<p style=\"text-align: center;\"><strong><span style=\"color: #ffffff;\">Le service dioc\u00e9sain de la pastorale des jeunes propose des camps, p\u00e8lerinages et autres rassemblements<\/span><\/strong><\/p>\n<p style=\"text-align: center;\"><strong><span style=\"color: #ffffff;\">tout au long de l\u2019ann\u00e9e. Suivez l\u2019actualit\u00e9 des jeunes sur leur site\u00a0<a href=\"https:\/\/jeunes17.fr\/\" target=\"_blank\" rel=\"noopener\" style=\"color: #ffffff;\">jeunes17.fr<\/a><\/span><\/strong><\/p>\n<p style=\"text-align: center;\"><strong><span style=\"color: #ffffff;\"><\/span><\/strong><\/p>\n<p>[\/et_pb_text][\/et_pb_column][\/et_pb_row][\/et_pb_section]<\/p>\n","protected":false},"excerpt":{"rendered":"<p>Fond\u00e9e sur l\u2019\u00e9vangile,\u00a0l\u2019aum\u00f4nerie des coll\u00e9giens et des lyc\u00e9ens\u00a0aide les jeunes \u00e0 se construire, \u00e0 grandir humainement et spirituellement avec un accompagnement sur toutes les dimensions de leur vie. Les activit\u00e9s [&hellip;]<\/p>\n","protected":false},"author":4,"featured_media":0,"parent":8428,"menu_order":0,"comment_status":"closed","ping_status":"closed","template":"","meta":{"_et_pb_use_builder":"on","_et_pb_old_content":"","_et_gb_content_width":"","footnotes":""},"class_list":["post-8434","page","type-page","status-publish","hentry"],"_links":{"self":[{"href":"https:\/\/catholiques17.fr\/marans\/wp-json\/wp\/v2\/pages\/8434","targetHints":{"allow":["GET"]}}],"collection":[{"href":"https:\/\/catholiques17.fr\/marans\/wp-json\/wp\/v2\/pages"}],"about":[{"href":"https:\/\/catholiques17.fr\/marans\/wp-json\/wp\/v2\/types\/page"}],"author":[{"embeddable":true,"href":"https:\/\/catholiques17.fr\/marans\/wp-json\/wp\/v2\/users\/4"}],"replies":[{"embeddable":true,"href":"https:\/\/catholiques17.fr\/marans\/wp-json\/wp\/v2\/comments?post=8434"}],"version-history":[{"count":6,"href":"https:\/\/catholiques17.fr\/marans\/wp-json\/wp\/v2\/pages\/8434\/revisions"}],"predecessor-version":[{"id":8552,"href":"https:\/\/catholiques17.fr\/marans\/wp-json\/wp\/v2\/pages\/8434\/revisions\/8552"}],"up":[{"embeddable":true,"href":"https:\/\/catholiques17.fr\/marans\/wp-json\/wp\/v2\/pages\/8428"}],"wp:attachment":[{"href":"https:\/\/catholiques17.fr\/marans\/wp-json\/wp\/v2\/media?parent=8434"}],"curies":[{"name":"wp","href":"https:\/\/api.w.org\/{rel}","templated":true}]}}