{"id":8426,"date":"2023-04-18T11:49:02","date_gmt":"2023-04-18T09:49:02","guid":{"rendered":"https:\/\/catholiques17.fr\/marans\/?page_id=8426"},"modified":"2026-02-28T18:31:25","modified_gmt":"2026-02-28T17:31:25","slug":"lecture-de-la-parole","status":"publish","type":"page","link":"https:\/\/catholiques17.fr\/marans\/servir\/lecture-de-la-parole\/","title":{"rendered":"Lecture de la Parole"},"content":{"rendered":"<p>[et_pb_section fb_built=\u00a0\u00bb1&Prime; _builder_version=\u00a0\u00bb4.17.6&Prime; _module_preset=\u00a0\u00bbdefault\u00a0\u00bb custom_padding=\u00a0\u00bb6px|||||\u00a0\u00bb global_colors_info=\u00a0\u00bb{}\u00a0\u00bb theme_builder_area=\u00a0\u00bbpost_content\u00a0\u00bb][et_pb_row _builder_version=\u00a0\u00bb4.21.0&Prime; _module_preset=\u00a0\u00bbdefault\u00a0\u00bb global_colors_info=\u00a0\u00bb{}\u00a0\u00bb theme_builder_area=\u00a0\u00bbpost_content\u00a0\u00bb][et_pb_column type=\u00a0\u00bb4_4&Prime; _builder_version=\u00a0\u00bb4.21.0&Prime; _module_preset=\u00a0\u00bbdefault\u00a0\u00bb global_colors_info=\u00a0\u00bb{}\u00a0\u00bb theme_builder_area=\u00a0\u00bbpost_content\u00a0\u00bb][et_pb_gallery gallery_ids=\u00a0\u00bb10018,10019,10020&Prime; gallery_orderby=\u00a0\u00bbrand\u00a0\u00bb fullwidth=\u00a0\u00bbon\u00a0\u00bb _builder_version=\u00a0\u00bb4.21.0&Prime; _module_preset=\u00a0\u00bbdefault\u00a0\u00bb animation_style=\u00a0\u00bbfade\u00a0\u00bb animation_duration=\u00a0\u00bb0ms\u00a0\u00bb animation_repeat=\u00a0\u00bbloop\u00a0\u00bb auto=\u00a0\u00bbon\u00a0\u00bb auto_speed=\u00a0\u00bb3000&Prime; global_colors_info=\u00a0\u00bb{}\u00a0\u00bb theme_builder_area=\u00a0\u00bbpost_content\u00a0\u00bb][\/et_pb_gallery][\/et_pb_column][\/et_pb_row][et_pb_row column_structure=\u00a0\u00bb2_5,3_5&Prime; _builder_version=\u00a0\u00bb4.21.0&Prime; _module_preset=\u00a0\u00bbdefault\u00a0\u00bb border_width_all=\u00a0\u00bb1px\u00a0\u00bb border_color_all=\u00a0\u00bb#990000&Prime; global_colors_info=\u00a0\u00bb{}\u00a0\u00bb theme_builder_area=\u00a0\u00bbpost_content\u00a0\u00bb][et_pb_column type=\u00a0\u00bb2_5&Prime; _builder_version=\u00a0\u00bb4.21.0&Prime; _module_preset=\u00a0\u00bbdefault\u00a0\u00bb global_colors_info=\u00a0\u00bb{}\u00a0\u00bb theme_builder_area=\u00a0\u00bbpost_content\u00a0\u00bb][et_pb_text _builder_version=\u00a0\u00bb4.27.5&Prime; _module_preset=\u00a0\u00bbdefault\u00a0\u00bb text_text_color=\u00a0\u00bb#990000&Prime; text_font_size=\u00a0\u00bb18px\u00a0\u00bb text_letter_spacing=\u00a0\u00bb2px\u00a0\u00bb text_line_height=\u00a0\u00bb1.8em\u00a0\u00bb text_orientation=\u00a0\u00bbcenter\u00a0\u00bb text_text_shadow_style=\u00a0\u00bbpreset1&Prime; global_colors_info=\u00a0\u00bb{}\u00a0\u00bb theme_builder_area=\u00a0\u00bbpost_content\u00a0\u00bb]<\/p>\n<p>Retrouvez chaque dimanche la m\u00e9ditation \u00a0sur la Parole de Dieu<\/p>\n<p>[\/et_pb_text][\/et_pb_column][et_pb_column type=\u00a0\u00bb3_5&Prime; _builder_version=\u00a0\u00bb4.21.0&Prime; _module_preset=\u00a0\u00bbdefault\u00a0\u00bb global_colors_info=\u00a0\u00bb{}\u00a0\u00bb theme_builder_area=\u00a0\u00bbpost_content\u00a0\u00bb][et_pb_text _builder_version=\u00a0\u00bb4.27.5&Prime; _module_preset=\u00a0\u00bbdefault\u00a0\u00bb text_text_color=\u00a0\u00bb#FF5733&Prime; text_font_size=\u00a0\u00bb19px\u00a0\u00bb hover_enabled=\u00a0\u00bb0&Prime; global_colors_info=\u00a0\u00bb{}\u00a0\u00bb theme_builder_area=\u00a0\u00bbpost_content\u00a0\u00bb sticky_enabled=\u00a0\u00bb0&Prime;]<\/p>\n<p style=\"text-align: left\"><strong><\/strong><\/p>\n<p style=\"text-align: left\"><strong><a href=\"https:\/\/catholiques17.fr\/marans\/wp-content\/uploads\/sites\/36\/2026\/02\/20260222_Homelie-du-deuxieme-dimanche-de-careme-A.pdf\">2e dimanche de car\u00eame<\/a> &#8211; <\/strong>ann\u00e9e A<\/p>\n<p style=\"text-align: left\"><strong><a href=\"https:\/\/catholiques17.fr\/marans\/wp-content\/uploads\/sites\/36\/2026\/02\/20260215_Homelie-du-premier-dimanche-de-careme-A.pdf\">1er dimanche de car\u00eame<\/a> &#8211; <\/strong>ann\u00e9e A<\/p>\n<p style=\"text-align: left\"><strong><a href=\"https:\/\/catholiques17.fr\/marans\/wp-content\/uploads\/sites\/36\/2026\/02\/Homelie-du-sixieme-dimanche-ordinaire-A.pdf\">6e dimanche du temps ordinaire<\/a> &#8211; <\/strong>ann\u00e9e A<\/p>\n<p style=\"text-align: left\"><a href=\"https:\/\/catholiques17.fr\/marans\/wp-content\/uploads\/sites\/36\/2026\/02\/Homelie-du-quatrieme-dimanche-ordinaire-A-26.pdf\"><strong>4e dimanche du temps ordinaire<\/strong><\/a> &#8211; ann\u00e9e A<\/p>\n<p style=\"text-align: left\"><a href=\"https:\/\/catholiques17.fr\/marans\/wp-content\/uploads\/sites\/36\/2026\/02\/Homelie-du-troisieme-dimanche-ordinaire-A.pdf\"><strong>3e dimanche du temps ordinaire<\/strong><\/a> &#8211; ann\u00e9e A<\/p>\n<p style=\"text-align: left\">[\/et_pb_text][\/et_pb_column][\/et_pb_row][\/et_pb_section]<\/p>\n","protected":false},"excerpt":{"rendered":"<p>Retrouvez chaque dimanche la m\u00e9ditation \u00a0sur la Parole de Dieu 2e dimanche de car\u00eame &#8211; ann\u00e9e A 1er dimanche de car\u00eame &#8211; ann\u00e9e A 6e dimanche du temps ordinaire &#8211; [&hellip;]<\/p>\n","protected":false},"author":4,"featured_media":0,"parent":6623,"menu_order":0,"comment_status":"closed","ping_status":"closed","template":"","meta":{"_et_pb_use_builder":"on","_et_pb_old_content":"","_et_gb_content_width":"","footnotes":""},"class_list":["post-8426","page","type-page","status-publish","hentry"],"_links":{"self":[{"href":"https:\/\/catholiques17.fr\/marans\/wp-json\/wp\/v2\/pages\/8426","targetHints":{"allow":["GET"]}}],"collection":[{"href":"https:\/\/catholiques17.fr\/marans\/wp-json\/wp\/v2\/pages"}],"about":[{"href":"https:\/\/catholiques17.fr\/marans\/wp-json\/wp\/v2\/types\/page"}],"author":[{"embeddable":true,"href":"https:\/\/catholiques17.fr\/marans\/wp-json\/wp\/v2\/users\/4"}],"replies":[{"embeddable":true,"href":"https:\/\/catholiques17.fr\/marans\/wp-json\/wp\/v2\/comments?post=8426"}],"version-history":[{"count":61,"href":"https:\/\/catholiques17.fr\/marans\/wp-json\/wp\/v2\/pages\/8426\/revisions"}],"predecessor-version":[{"id":10620,"href":"https:\/\/catholiques17.fr\/marans\/wp-json\/wp\/v2\/pages\/8426\/revisions\/10620"}],"up":[{"embeddable":true,"href":"https:\/\/catholiques17.fr\/marans\/wp-json\/wp\/v2\/pages\/6623"}],"wp:attachment":[{"href":"https:\/\/catholiques17.fr\/marans\/wp-json\/wp\/v2\/media?parent=8426"}],"curies":[{"name":"wp","href":"https:\/\/api.w.org\/{rel}","templated":true}]}}