{"id":8424,"date":"2023-04-18T11:48:44","date_gmt":"2023-04-18T09:48:44","guid":{"rendered":"https:\/\/catholiques17.fr\/marans\/?page_id=8424"},"modified":"2023-04-20T09:22:38","modified_gmt":"2023-04-20T07:22:38","slug":"sem","status":"publish","type":"page","link":"https:\/\/catholiques17.fr\/marans\/servir\/sem\/","title":{"rendered":"SEM"},"content":{"rendered":"<p>[et_pb_section fb_built=\u00a0\u00bb1&Prime; _builder_version=\u00a0\u00bb4.17.6&Prime; _module_preset=\u00a0\u00bbdefault\u00a0\u00bb global_colors_info=\u00a0\u00bb{}\u00a0\u00bb theme_builder_area=\u00a0\u00bbpost_content\u00a0\u00bb custom_padding=\u00a0\u00bb7px|||||\u00a0\u00bb][et_pb_row _builder_version=\u00a0\u00bb4.17.6&Prime; _module_preset=\u00a0\u00bbdefault\u00a0\u00bb global_colors_info=\u00a0\u00bb{}\u00a0\u00bb theme_builder_area=\u00a0\u00bbpost_content\u00a0\u00bb custom_padding=\u00a0\u00bb5px|||||\u00a0\u00bb][et_pb_column type=\u00a0\u00bb4_4&Prime; _builder_version=\u00a0\u00bb4.17.6&Prime; _module_preset=\u00a0\u00bbdefault\u00a0\u00bb global_colors_info=\u00a0\u00bb{}\u00a0\u00bb theme_builder_area=\u00a0\u00bbpost_content\u00a0\u00bb][et_pb_image src=\u00a0\u00bbhttps:\/\/catholiques17.fr\/marans\/wp-content\/uploads\/sites\/36\/2022\/04\/Intention-avril.jpg\u00a0\u00bb title_text=\u00a0\u00bbInfographic &#8211; TPV 2 2022 ES &#8211; Por las religiosas y consagradas\u00a0\u00bb align=\u00a0\u00bbcenter\u00a0\u00bb _builder_version=\u00a0\u00bb4.17.6&Prime; _module_preset=\u00a0\u00bbdefault\u00a0\u00bb animation_style=\u00a0\u00bbslide\u00a0\u00bb border_radii=\u00a0\u00bboff|20px|20px||\u00a0\u00bb box_shadow_style=\u00a0\u00bbpreset2&Prime; global_colors_info=\u00a0\u00bb{}\u00a0\u00bb theme_builder_area=\u00a0\u00bbpost_content\u00a0\u00bb][\/et_pb_image][\/et_pb_column][\/et_pb_row][et_pb_row _builder_version=\u00a0\u00bb4.17.6&Prime; _module_preset=\u00a0\u00bbdefault\u00a0\u00bb global_colors_info=\u00a0\u00bb{}\u00a0\u00bb theme_builder_area=\u00a0\u00bbpost_content\u00a0\u00bb][et_pb_column type=\u00a0\u00bb4_4&Prime; _builder_version=\u00a0\u00bb4.17.6&Prime; _module_preset=\u00a0\u00bbdefault\u00a0\u00bb global_colors_info=\u00a0\u00bb{}\u00a0\u00bb theme_builder_area=\u00a0\u00bbpost_content\u00a0\u00bb][et_pb_text _builder_version=\u00a0\u00bb4.17.6&Prime; _module_preset=\u00a0\u00bbdefault\u00a0\u00bb global_colors_info=\u00a0\u00bb{}\u00a0\u00bb theme_builder_area=\u00a0\u00bbpost_content\u00a0\u00bb]<\/p>\n<div class=\"et_pb_module et_pb_text et_pb_text_0  et_pb_text_align_center et_pb_bg_layout_light\">\n<div class=\"et_pb_text_inner\">\u00a0\u00bb <em>Amen, je vous le dis, chaque fois que vous l\u2019avez fait \u00e0 l\u2019un de ces petits qui sont mes fr\u00e8res,<\/em><br \/><em>c\u2019est \u00e0 moi que vous l\u2019avez fait\u00a0\u00bb.<\/em><\/div>\n<\/div>\n<div class=\"et_pb_module et_pb_text et_pb_text_1  et_pb_text_align_left et_pb_bg_layout_light\">\n<div class=\"et_pb_text_inner\">\n<p>Dans les h\u00f4pitaux, les maisons de retraite, ou \u00e0 domicile, la Pastorale de la Sant\u00e9 \u0153uvre aupr\u00e8s des malades mais aussi des familles et du personnel soignant. C\u2019est une pr\u00e9sence d\u2019\u00c9glise dans le monde de la sant\u00e9.<\/p>\n<\/div>\n<\/div>\n<p>[\/et_pb_text][\/et_pb_column][\/et_pb_row][\/et_pb_section]<\/p>\n","protected":false},"excerpt":{"rendered":"<p>\u00a0\u00bb Amen, je vous le dis, chaque fois que vous l\u2019avez fait \u00e0 l\u2019un de ces petits qui sont mes fr\u00e8res,c\u2019est \u00e0 moi que vous l\u2019avez fait\u00a0\u00bb. Dans les h\u00f4pitaux, [&hellip;]<\/p>\n","protected":false},"author":4,"featured_media":0,"parent":6623,"menu_order":0,"comment_status":"closed","ping_status":"closed","template":"","meta":{"_et_pb_use_builder":"on","_et_pb_old_content":"","_et_gb_content_width":"","footnotes":""},"class_list":["post-8424","page","type-page","status-publish","hentry"],"_links":{"self":[{"href":"https:\/\/catholiques17.fr\/marans\/wp-json\/wp\/v2\/pages\/8424","targetHints":{"allow":["GET"]}}],"collection":[{"href":"https:\/\/catholiques17.fr\/marans\/wp-json\/wp\/v2\/pages"}],"about":[{"href":"https:\/\/catholiques17.fr\/marans\/wp-json\/wp\/v2\/types\/page"}],"author":[{"embeddable":true,"href":"https:\/\/catholiques17.fr\/marans\/wp-json\/wp\/v2\/users\/4"}],"replies":[{"embeddable":true,"href":"https:\/\/catholiques17.fr\/marans\/wp-json\/wp\/v2\/comments?post=8424"}],"version-history":[{"count":3,"href":"https:\/\/catholiques17.fr\/marans\/wp-json\/wp\/v2\/pages\/8424\/revisions"}],"predecessor-version":[{"id":8547,"href":"https:\/\/catholiques17.fr\/marans\/wp-json\/wp\/v2\/pages\/8424\/revisions\/8547"}],"up":[{"embeddable":true,"href":"https:\/\/catholiques17.fr\/marans\/wp-json\/wp\/v2\/pages\/6623"}],"wp:attachment":[{"href":"https:\/\/catholiques17.fr\/marans\/wp-json\/wp\/v2\/media?parent=8424"}],"curies":[{"name":"wp","href":"https:\/\/api.w.org\/{rel}","templated":true}]}}