{"id":8418,"date":"2023-04-18T11:47:06","date_gmt":"2023-04-18T09:47:06","guid":{"rendered":"https:\/\/catholiques17.fr\/marans\/?page_id=8418"},"modified":"2024-05-01T11:23:52","modified_gmt":"2024-05-01T09:23:52","slug":"missionnaires-de-la-plaine","status":"publish","type":"page","link":"https:\/\/catholiques17.fr\/marans\/fraternite-solidarite\/missionnaires-de-la-plaine\/","title":{"rendered":"Missionnaires de la Plaine"},"content":{"rendered":"<p>[et_pb_section fb_built=\u00a0\u00bb1&Prime; _builder_version=\u00a0\u00bb4.17.6&Prime; _module_preset=\u00a0\u00bbdefault\u00a0\u00bb custom_padding=\u00a0\u00bb8px|||||\u00a0\u00bb global_colors_info=\u00a0\u00bb{}\u00a0\u00bb theme_builder_area=\u00a0\u00bbpost_content\u00a0\u00bb][et_pb_row _builder_version=\u00a0\u00bb4.17.6&Prime; _module_preset=\u00a0\u00bbdefault\u00a0\u00bb width=\u00a0\u00bb87%\u00a0\u00bb max_width=\u00a0\u00bb2560px\u00a0\u00bb module_alignment=\u00a0\u00bbcenter\u00a0\u00bb custom_padding=\u00a0\u00bb3px|||||\u00a0\u00bb global_colors_info=\u00a0\u00bb{}\u00a0\u00bb theme_builder_area=\u00a0\u00bbpost_content\u00a0\u00bb][et_pb_column type=\u00a0\u00bb4_4&Prime; _builder_version=\u00a0\u00bb4.17.6&Prime; _module_preset=\u00a0\u00bbdefault\u00a0\u00bb global_colors_info=\u00a0\u00bb{}\u00a0\u00bb theme_builder_area=\u00a0\u00bbpost_content\u00a0\u00bb][et_pb_image src=\u00a0\u00bbhttps:\/\/catholiques17.fr\/marans\/wp-content\/uploads\/sites\/36\/2023\/04\/IMG_3601.jpeg\u00a0\u00bb title_text=\u00a0\u00bbLa_sevre-niortaise\u00a0\u00bb align=\u00a0\u00bbcenter\u00a0\u00bb _builder_version=\u00a0\u00bb4.17.6&Prime; _module_preset=\u00a0\u00bbdefault\u00a0\u00bb global_colors_info=\u00a0\u00bb{}\u00a0\u00bb theme_builder_area=\u00a0\u00bbpost_content\u00a0\u00bb][\/et_pb_image][\/et_pb_column][\/et_pb_row][et_pb_row _builder_version=\u00a0\u00bb4.17.6&Prime; _module_preset=\u00a0\u00bbdefault\u00a0\u00bb global_colors_info=\u00a0\u00bb{}\u00a0\u00bb theme_builder_area=\u00a0\u00bbpost_content\u00a0\u00bb][et_pb_column type=\u00a0\u00bb4_4&Prime; _builder_version=\u00a0\u00bb4.17.6&Prime; _module_preset=\u00a0\u00bbdefault\u00a0\u00bb global_colors_info=\u00a0\u00bb{}\u00a0\u00bb theme_builder_area=\u00a0\u00bbpost_content\u00a0\u00bb][et_pb_text _builder_version=\u00a0\u00bb4.17.6&Prime; _module_preset=\u00a0\u00bbdefault\u00a0\u00bb global_colors_info=\u00a0\u00bb{}\u00a0\u00bb theme_builder_area=\u00a0\u00bbpost_content\u00a0\u00bb]<\/p>\n<div id=\"comp-jq4768y2\" class=\"BaOVQ8 tz5f0K comp-jq4768y2 wixui-rich-text\" data-testid=\"richTextElement\">\n<h1 class=\"font_0 wixui-rich-text__text\" style=\"text-align: center\">La Congr\u00e9gation des Missionnaires de la Plaine<\/h1>\n<h1 class=\"font_0 wixui-rich-text__text\" style=\"text-align: center\">et de Sainte Th\u00e9r\u00e8se<\/h1>\n<\/div>\n<div id=\"comp-jq47aeeb\" class=\"BaOVQ8 tz5f0K comp-jq47aeeb wixui-rich-text\" data-testid=\"richTextElement\">\n<p class=\"font_8 wixui-rich-text__text\" style=\"text-align: justify\"><span class=\"color_15 wixui-rich-text__text\"><span class=\"wixui-rich-text__text\">Ordonn\u00e9 pr\u00eatre en 1896, l&rsquo;abb\u00e9 <a href=\"https:\/\/www.fratmdp.fr\/le-pere-martin\" target=\"_self\" class=\"wixui-rich-text__text\" rel=\"noopener\">Gabriel Martin<\/a> est bient\u00f4t nomm\u00e9 responsable de l&rsquo;\u00e9quipe des \u00abmissionnaires dioc\u00e9sains de Vend\u00e9e \u00bb. En 1910, il prend conscience que, dans le sud Vend\u00e9e (qu&rsquo;il appelle \u00ab <a href=\"https:\/\/www.fratmdp.fr\/la-plaine\" target=\"_self\" class=\"wixui-rich-text__text\" rel=\"noopener\">la Plaine<\/a> \u00bb, en y incluant le marais), Dieu est peu connu, l&rsquo;Amour n&rsquo;est pas aim\u00e9. C&rsquo;est la premi\u00e8re source : le choc d&rsquo;un d\u00e9sert spirituel sur un c\u0153ur de missionnaire. Tr\u00e8s vite, il d\u00e9cide de se consacrer \u00e0 l&rsquo;\u00e9vang\u00e9lisation de cette Plaine, et des compagnons le suivent.<\/span><\/span><\/p>\n<div id=\"comp-k8501rzs\" class=\"BaOVQ8 tz5f0K comp-k8501rzs wixui-rich-text\" data-testid=\"richTextElement\" style=\"text-align: justify\">\n<p class=\"font_8 wixui-rich-text__text\"><span class=\"color_15 wixui-rich-text__text\"><span class=\"wixui-rich-text__text\">D&rsquo;abord, ils multiplient les \u00ab missions \u00bb (temps forts de pr\u00e9dications pendant 3 semaines dans les paroisses). \u00c0 partir de 1924, exp\u00e9rimentant combien l&rsquo;\u00e9vang\u00e9lisation est une \u0153uvre de longue haleine, ils se proposent \u00e0 l&rsquo;\u00e9v\u00eaque pour \u00eatre cur\u00e9s dans la Plaine et y demeurer aussi longtemps qu&rsquo;il faudra. C&rsquo;est aussi en 1924 que leur maison-m\u00e8re est cr\u00e9\u00e9e \u00e0 Lu\u00e7on, tout pr\u00e8s de la cath\u00e9drale.<\/span><\/span><\/p>\n<p class=\"font_8 wixui-rich-text__text\"><span class=\"color_15 wixui-rich-text__text\"><span class=\"wixui-rich-text__text\">Pour qu&rsquo;ils puissent tenir le coup dans cette situation difficile, et sur une longue dur\u00e9e, le P. Martin leur offre la vie religieuse et <a href=\"https:\/\/www.fratmdp.fr\/therese-de-l-enfant-jesus\" target=\"_self\" class=\"wixui-rich-text__text\" rel=\"noopener\">Th\u00e9r\u00e8se de Lisieux<\/a> comme Sainte patronne. Telle est la 2\u00e8me\u00a0source : cette obscure carm\u00e9lite qui aurait voulu \u00eatre pr\u00eatre, missionnaire, ap\u00f4tre, martyre\u2026\u00a0 \u00a0 \u00a0 \u00a0 <\/span><\/span><\/p>\n<\/div>\n<div id=\"comp-k8503gwj\" class=\"BaOVQ8 tz5f0K comp-k8503gwj wixui-rich-text\" data-testid=\"richTextElement\">\n<p class=\"font_8 wixui-rich-text__text\" style=\"text-align: justify\"><span class=\"color_15 wixui-rich-text__text\"><span class=\"wixui-rich-text__text\">La congr\u00e9gation des \u00ab Missionnaires de la Plaine et de Sainte Th\u00e9r\u00e8se \u00bb est fond\u00e9e, en plein accord avec l&rsquo;\u00e9v\u00eaque, et reconnue par Rome en 1928. Parall\u00e8lement, le p\u00e8re Martin fonde les s\u0153urs \u00ab <a href=\"https:\/\/oblates-sainte-therese.org\/\" target=\"_blank\" class=\"wixui-rich-text__text\" rel=\"noopener\">Oblates de Sainte Th\u00e9r\u00e8se<\/a> \u00bb en 1933 \u00e0 Rocques-Lisieux ; enfin, en 1947, les \u00ab Fr\u00e8res Missionnaires de Sainte Th\u00e9r\u00e8se \u00bb \u00e0 Bassac en Charente.<\/span><\/span><\/p>\n<div id=\"comp-k85093m2\" class=\"BaOVQ8 tz5f0K comp-k85093m2 wixui-rich-text\" data-testid=\"richTextElement\" style=\"text-align: justify\">\n<p class=\"font_8 wixui-rich-text__text\"><span class=\"color_15 wixui-rich-text__text\"><span class=\"wixui-rich-text__text\">Leur nombre augmentant (vers 1950-60, ils sont une centaine), les Missionnaires de la Plaine vont aussi \u00ab sortir \u00bb pour servir dans les dioc\u00e8ses de la Rochelle (1954), Bourges (1956, o\u00f9 ils formeront un futur \u00e9v\u00eaque : Mgr Fran\u00e7ois Jacolin), Madagascar (1962) Seine Saint-Denis (1969) et Bayeux- Lisieux (1974). Ils vont \u00eatre \u00e9clair\u00e9s et dynamis\u00e9s par le concile Vatican II (1962-1965), en particulier sur l&rsquo;\u00c9glise dioc\u00e9saine qui est une dimension essentielle de leur charisme. Leurs implantations et leurs types de minist\u00e8re pour se diversifier : paroisse mais aussi mouvements, rural et urbain, pastorale et pr\u00e9sence au monde du travail&#8230; Toujours avec la hantise de la mission, dans un esprit th\u00e9r\u00e9sien de confiance et d&rsquo;audace.<\/span><\/span><\/p>\n<\/div>\n<div id=\"comp-k850ahic\" class=\"BaOVQ8 tz5f0K comp-k850ahic wixui-rich-text\" data-testid=\"richTextElement\">\n<p class=\"font_8 wixui-rich-text__text\" style=\"text-align: justify\"><span class=\"color_15 wixui-rich-text__text\"><span class=\"wixui-rich-text__text\">\u00c0 partir de 1994, ils sont rejoints par des chr\u00e9tien(e)s\u00a0qui peu \u00e0 peu vont prendre la rel\u00e8ve jusqu&rsquo;\u00e0 devenir la \u00ab Fraternit\u00e9 Missionnaire de la Plaine et de Sainte Th\u00e9r\u00e8se \u00bb\u2026<\/span><\/span><\/p>\n<\/div>\n<\/div>\n<\/div>\n<p>[\/et_pb_text][\/et_pb_column][\/et_pb_row][et_pb_row _builder_version=\u00a0\u00bb4.21.0&Prime; _module_preset=\u00a0\u00bbdefault\u00a0\u00bb theme_builder_area=\u00a0\u00bbpost_content\u00a0\u00bb column_structure=\u00a0\u00bb1_2,1_2&Prime;][et_pb_column _builder_version=\u00a0\u00bb4.21.0&Prime; _module_preset=\u00a0\u00bbdefault\u00a0\u00bb type=\u00a0\u00bb1_2&Prime; theme_builder_area=\u00a0\u00bbpost_content\u00a0\u00bb][et_pb_image src=\u00a0\u00bbhttps:\/\/catholiques17.fr\/marans\/wp-content\/uploads\/sites\/36\/2023\/04\/candlelight-g79444c36a_1280.jpg\u00a0\u00bb _builder_version=\u00a0\u00bb4.21.0&Prime; _module_preset=\u00a0\u00bbdefault\u00a0\u00bb theme_builder_area=\u00a0\u00bbpost_content\u00a0\u00bb hover_enabled=\u00a0\u00bb0&Prime; sticky_enabled=\u00a0\u00bb0&Prime; title_text=\u00a0\u00bbcandlelight-g79444c36a_1280&Prime; url=\u00a0\u00bbhttps:\/\/youtu.be\/tZ0utI52JSQ\u00a0\u00bb][\/et_pb_image][\/et_pb_column][et_pb_column _builder_version=\u00a0\u00bb4.21.0&Prime; _module_preset=\u00a0\u00bbdefault\u00a0\u00bb type=\u00a0\u00bb1_2&Prime; theme_builder_area=\u00a0\u00bbpost_content\u00a0\u00bb][\/et_pb_column][\/et_pb_row][\/et_pb_section]<\/p>\n","protected":false},"excerpt":{"rendered":"<p>La Congr\u00e9gation des Missionnaires de la Plaine et de Sainte Th\u00e9r\u00e8se Ordonn\u00e9 pr\u00eatre en 1896, l&rsquo;abb\u00e9 Gabriel Martin est bient\u00f4t nomm\u00e9 responsable de l&rsquo;\u00e9quipe des \u00abmissionnaires dioc\u00e9sains de Vend\u00e9e \u00bb. [&hellip;]<\/p>\n","protected":false},"author":4,"featured_media":0,"parent":8414,"menu_order":0,"comment_status":"closed","ping_status":"closed","template":"","meta":{"_et_pb_use_builder":"on","_et_pb_old_content":"","_et_gb_content_width":"","footnotes":""},"class_list":["post-8418","page","type-page","status-publish","hentry"],"_links":{"self":[{"href":"https:\/\/catholiques17.fr\/marans\/wp-json\/wp\/v2\/pages\/8418","targetHints":{"allow":["GET"]}}],"collection":[{"href":"https:\/\/catholiques17.fr\/marans\/wp-json\/wp\/v2\/pages"}],"about":[{"href":"https:\/\/catholiques17.fr\/marans\/wp-json\/wp\/v2\/types\/page"}],"author":[{"embeddable":true,"href":"https:\/\/catholiques17.fr\/marans\/wp-json\/wp\/v2\/users\/4"}],"replies":[{"embeddable":true,"href":"https:\/\/catholiques17.fr\/marans\/wp-json\/wp\/v2\/comments?post=8418"}],"version-history":[{"count":11,"href":"https:\/\/catholiques17.fr\/marans\/wp-json\/wp\/v2\/pages\/8418\/revisions"}],"predecessor-version":[{"id":9610,"href":"https:\/\/catholiques17.fr\/marans\/wp-json\/wp\/v2\/pages\/8418\/revisions\/9610"}],"up":[{"embeddable":true,"href":"https:\/\/catholiques17.fr\/marans\/wp-json\/wp\/v2\/pages\/8414"}],"wp:attachment":[{"href":"https:\/\/catholiques17.fr\/marans\/wp-json\/wp\/v2\/media?parent=8418"}],"curies":[{"name":"wp","href":"https:\/\/api.w.org\/{rel}","templated":true}]}}