{"id":8416,"date":"2023-04-18T11:46:43","date_gmt":"2023-04-18T09:46:43","guid":{"rendered":"https:\/\/catholiques17.fr\/marans\/?page_id=8416"},"modified":"2023-11-19T18:56:04","modified_gmt":"2023-11-19T17:56:04","slug":"secours-catholique","status":"publish","type":"page","link":"https:\/\/catholiques17.fr\/marans\/fraternite-solidarite\/secours-catholique\/","title":{"rendered":"Secours catholique"},"content":{"rendered":"<p>[et_pb_section fb_built=\u00a0\u00bb1&Prime; _builder_version=\u00a0\u00bb4.17.6&Prime; _module_preset=\u00a0\u00bbdefault\u00a0\u00bb custom_padding=\u00a0\u00bb0px|||||\u00a0\u00bb global_colors_info=\u00a0\u00bb{}\u00a0\u00bb theme_builder_area=\u00a0\u00bbpost_content\u00a0\u00bb][et_pb_row _builder_version=\u00a0\u00bb4.17.6&Prime; _module_preset=\u00a0\u00bbdefault\u00a0\u00bb global_colors_info=\u00a0\u00bb{}\u00a0\u00bb theme_builder_area=\u00a0\u00bbpost_content\u00a0\u00bb][et_pb_column type=\u00a0\u00bb4_4&Prime; _builder_version=\u00a0\u00bb4.17.6&Prime; _module_preset=\u00a0\u00bbdefault\u00a0\u00bb global_colors_info=\u00a0\u00bb{}\u00a0\u00bb theme_builder_area=\u00a0\u00bbpost_content\u00a0\u00bb][et_pb_image src=\u00a0\u00bbhttps:\/\/catholiques17.fr\/marans\/wp-content\/uploads\/sites\/36\/2023\/04\/75119_miniature-secours-catholique.jpeg\u00a0\u00bb title_text=\u00a0\u00bb75119_miniature-secours-catholique\u00a0\u00bb align=\u00a0\u00bbcenter\u00a0\u00bb _builder_version=\u00a0\u00bb4.21.0&Prime; _module_preset=\u00a0\u00bbdefault\u00a0\u00bb transform_scale=\u00a0\u00bb50%|50%\u00a0\u00bb min_height=\u00a0\u00bb109px\u00a0\u00bb hover_enabled=\u00a0\u00bb0&Prime; global_colors_info=\u00a0\u00bb{}\u00a0\u00bb theme_builder_area=\u00a0\u00bbpost_content\u00a0\u00bb sticky_enabled=\u00a0\u00bb0&Prime;][\/et_pb_image][\/et_pb_column][\/et_pb_row][et_pb_row _builder_version=\u00a0\u00bb4.17.6&Prime; _module_preset=\u00a0\u00bbdefault\u00a0\u00bb global_colors_info=\u00a0\u00bb{}\u00a0\u00bb theme_builder_area=\u00a0\u00bbpost_content\u00a0\u00bb min_height=\u00a0\u00bb211px\u00a0\u00bb][et_pb_column type=\u00a0\u00bb4_4&Prime; _builder_version=\u00a0\u00bb4.17.6&Prime; _module_preset=\u00a0\u00bbdefault\u00a0\u00bb global_colors_info=\u00a0\u00bb{}\u00a0\u00bb theme_builder_area=\u00a0\u00bbpost_content\u00a0\u00bb][et_pb_text _builder_version=\u00a0\u00bb4.17.6&Prime; _module_preset=\u00a0\u00bbdefault\u00a0\u00bb width=\u00a0\u00bb100%\u00a0\u00bb min_height=\u00a0\u00bb312px\u00a0\u00bb custom_margin=\u00a0\u00bb-97px||-65px|||\u00a0\u00bb global_colors_info=\u00a0\u00bb{}\u00a0\u00bb theme_builder_area=\u00a0\u00bbpost_content\u00a0\u00bb]<\/p>\n<p>Le Secours Catholique est une association loi 1901, \u00e0 but non lucratif, qui lutte contre toutes les formes de pauvret\u00e9 et d\u2019exclusion.<\/p>\n<p><em>\u00ab Apporter, partout o\u00f9 le besoin s\u2019en fera sentir, \u00e0 l\u2019exclusion de tout particularisme national ou confessionnel, tout secours et toute aide directe ou indirecte, morale ou mat\u00e9rielle, quelles que soient les options philosophiques ou religieuses des b\u00e9n\u00e9ficiaires \u00bb<\/em>, voil\u00e0 quelle est l\u2019identit\u00e9 du Secours Catholique.<\/p>\n<p>Reconnue d\u2019utilit\u00e9 publique en 1962, l\u2019association compte aujourd\u2019hui 106 d\u00e9l\u00e9gations, 4 295 \u00e9quipes locales, 72 000 b\u00e9n\u00e9voles et un large r\u00e9seau de 1 130 000 donateurs.<\/p>\n<p>[\/et_pb_text][\/et_pb_column][\/et_pb_row][et_pb_row _builder_version=\u00a0\u00bb4.17.6&Prime; _module_preset=\u00a0\u00bbdefault\u00a0\u00bb min_height=\u00a0\u00bb22.8px\u00a0\u00bb custom_margin=\u00a0\u00bb-18px|auto||auto||\u00a0\u00bb global_colors_info=\u00a0\u00bb{}\u00a0\u00bb theme_builder_area=\u00a0\u00bbpost_content\u00a0\u00bb][et_pb_column type=\u00a0\u00bb4_4&Prime; _builder_version=\u00a0\u00bb4.17.6&Prime; _module_preset=\u00a0\u00bbdefault\u00a0\u00bb global_colors_info=\u00a0\u00bb{}\u00a0\u00bb theme_builder_area=\u00a0\u00bbpost_content\u00a0\u00bb][et_pb_text _builder_version=\u00a0\u00bb4.21.0&Prime; _module_preset=\u00a0\u00bbdefault\u00a0\u00bb text_font_size=\u00a0\u00bb26px\u00a0\u00bb text_line_height=\u00a0\u00bb1.6em\u00a0\u00bb animation_style=\u00a0\u00bbroll\u00a0\u00bb animation_duration=\u00a0\u00bb800ms\u00a0\u00bb animation_delay=\u00a0\u00bb550ms\u00a0\u00bb animation_intensity_roll=\u00a0\u00bb23%\u00a0\u00bb animation_starting_opacity=\u00a0\u00bb28%\u00a0\u00bb text_text_shadow_style=\u00a0\u00bbpreset4&Prime; text_text_shadow_color=\u00a0\u00bb#FF5733&Prime; global_colors_info=\u00a0\u00bb{}\u00a0\u00bb theme_builder_area=\u00a0\u00bbpost_content\u00a0\u00bb]<\/p>\n<p style=\"text-align: center\"><strong>communiqu\u00e9 de novembre 2023<\/strong><\/p>\n<p>[\/et_pb_text][\/et_pb_column][\/et_pb_row][et_pb_row _builder_version=\u00a0\u00bb4.21.0&Prime; _module_preset=\u00a0\u00bbdefault\u00a0\u00bb width=\u00a0\u00bb88.3%\u00a0\u00bb min_height=\u00a0\u00bb672px\u00a0\u00bb global_colors_info=\u00a0\u00bb{}\u00a0\u00bb theme_builder_area=\u00a0\u00bbpost_content\u00a0\u00bb][et_pb_column type=\u00a0\u00bb4_4&Prime; _builder_version=\u00a0\u00bb4.21.0&Prime; _module_preset=\u00a0\u00bbdefault\u00a0\u00bb global_colors_info=\u00a0\u00bb{}\u00a0\u00bb theme_builder_area=\u00a0\u00bbpost_content\u00a0\u00bb][et_pb_text _builder_version=\u00a0\u00bb4.21.0&Prime; _module_preset=\u00a0\u00bbdefault\u00a0\u00bb min_height=\u00a0\u00bb657px\u00a0\u00bb custom_margin=\u00a0\u00bb-33px|||||\u00a0\u00bb custom_padding=\u00a0\u00bb9px|9px|9px|9px|false|false\u00a0\u00bb border_width_all=\u00a0\u00bb1px\u00a0\u00bb border_color_all=\u00a0\u00bb#FF5733&Prime; global_colors_info=\u00a0\u00bb{}\u00a0\u00bb theme_builder_area=\u00a0\u00bbpost_content\u00a0\u00bb]<\/p>\n<p style=\"font-weight: 400\">Le rapport statistique du Secours Catholique paru ce 16 Novembre 2023 r\u00e9v\u00e8le combien la situation des m\u00e9nages rencontr\u00e9s s&rsquo;est d\u00e9t\u00e9rior\u00e9e depuis trois ans. Covid, crise \u00e9nerg\u00e9tique, inflation, conflits dans le monde, toutes ces crises compliquent davantage l&rsquo;\u00e9quilibre budg\u00e9taire des personnes pauvres. Elles font la plupart du temps de tr\u00e8s gros efforts pour bien g\u00e9rer leur maigre budget, les b\u00e9n\u00e9voles du Secours Catholique en sont t\u00e9moins.<\/p>\n<p style=\"font-weight: 400\">Une fois les charges incompressibles r\u00e9gl\u00e9es (loyer, eau, gaz, \u00e9lectricit\u00e9), la moiti\u00e9 des m\u00e9nages connus du Secours Catholique disposent d&rsquo;un reste pour vivre de 5euros par jour et par personne ! Il en r\u00e9sulte la plupart du temps : une charge mentale permanente, le stress et les angoisses surd\u00e9velopp\u00e9s, et bien souvent des impacts sur la sant\u00e9 !<\/p>\n<p style=\"font-weight: 400\">Le premier besoin identifi\u00e9 reste l&rsquo;\u00e9coute et le dialogue en confiance (59% des rencontres) car la pauvret\u00e9 isole, et les pr\u00e9jug\u00e9s tenaces remplissent de honte ceux qui ne parviennent plus \u00e0 faire face aux d\u00e9penses.<\/p>\n<p style=\"font-weight: 400\">Les 639 b\u00e9n\u00e9voles et 8 salari\u00e9s de la D\u00e9l\u00e9gation des Charentes sont au contact direct de ces situations qu&rsquo;ils c\u00f4toient au quotidien. Ils agissent courageusement et font part r\u00e9guli\u00e8rement de difficult\u00e9s dans la mission qu&rsquo;ils partagent mais aussi de la richesse des rencontres ! On peut citer bri\u00e8vement quelques \u00ab\u00a0actions phares\u00a0\u00bb qui s&rsquo;adaptent aux besoins d&rsquo;aujourd&rsquo;hui sur les deux Charentes :<\/p>\n<p style=\"font-weight: 400\">Le camp de vacances avec une semaine pour les 9-12 ans et un pour les 13-15 ans \u00e9tait, cette ann\u00e9e \u00e0 Obterre sur Dronne dans le sud Charente. Les grands ont pu participer \u00e0 un chantier chez un p\u00e9pini\u00e9riste. Une dizaine d&rsquo;enfants de notre secteur ont pu partir en vacances avec ce dispositif.<\/p>\n<p style=\"font-weight: 400\">Sur Marans, tous les samedis matin, nous avons dans les locaux, des ateliers d&rsquo;informatique, de relooking (meubles ou objets), et de r\u00e9paration d&rsquo;appareils \u00e9lectrom\u00e9nager. Ces ateliers ont pour but de faire se rencontrer des personnes autour d&rsquo;une activit\u00e9 , convivialit\u00e9, partage de savoirs, lutte contre l&rsquo;isolement, font partie de nos actions contre la pauvret\u00e9 et l&rsquo;exclusion.<\/p>\n<p style=\"font-weight: 400\">Un groupe de travail sur la pr\u00e9carit\u00e9 \u00e9nerg\u00e9tique est en cours\u201a afin d&rsquo;aider les personnes en difficult\u00e9 dans ce domaine.<\/p>\n<p style=\"font-weight: 400\">Il a en ce moment , une intervention du d\u00e9partement urgence et post-urgence, sur le secteur touch\u00e9 par le s\u00e9isme du 16 juin 2023, de Cram-Chaban, La Laigne et La Gr\u00e8ve-sur-Mignon. Les b\u00e9n\u00e9voles du secteur et autres, sont mobilis\u00e9s pour aller vers les habitants dont les maisons ont \u00e9t\u00e9 gravement endommag\u00e9es.<\/p>\n<p>[\/et_pb_text][\/et_pb_column][\/et_pb_row][et_pb_row _builder_version=\u00a0\u00bb4.17.6&Prime; _module_preset=\u00a0\u00bbdefault\u00a0\u00bb global_colors_info=\u00a0\u00bb{}\u00a0\u00bb theme_builder_area=\u00a0\u00bbpost_content\u00a0\u00bb][et_pb_column type=\u00a0\u00bb4_4&Prime; _builder_version=\u00a0\u00bb4.17.6&Prime; _module_preset=\u00a0\u00bbdefault\u00a0\u00bb global_colors_info=\u00a0\u00bb{}\u00a0\u00bb theme_builder_area=\u00a0\u00bbpost_content\u00a0\u00bb][et_pb_text _builder_version=\u00a0\u00bb4.17.6&Prime; _module_preset=\u00a0\u00bbdefault\u00a0\u00bb global_colors_info=\u00a0\u00bb{}\u00a0\u00bb theme_builder_area=\u00a0\u00bbpost_content\u00a0\u00bb]<\/p>\n<h3 style=\"text-align: center\"><strong>Le secours catholique dans notre paroisse :\u00a0<\/strong><\/h3>\n<p>[\/et_pb_text][\/et_pb_column][\/et_pb_row][et_pb_row _builder_version=\u00a0\u00bb4.17.6&Prime; _module_preset=\u00a0\u00bbdefault\u00a0\u00bb global_colors_info=\u00a0\u00bb{}\u00a0\u00bb theme_builder_area=\u00a0\u00bbpost_content\u00a0\u00bb][et_pb_column type=\u00a0\u00bb4_4&Prime; _builder_version=\u00a0\u00bb4.17.6&Prime; _module_preset=\u00a0\u00bbdefault\u00a0\u00bb global_colors_info=\u00a0\u00bb{}\u00a0\u00bb theme_builder_area=\u00a0\u00bbpost_content\u00a0\u00bb][et_pb_text _builder_version=\u00a0\u00bb4.17.6&Prime; _module_preset=\u00a0\u00bbdefault\u00a0\u00bb global_colors_info=\u00a0\u00bb{}\u00a0\u00bb theme_builder_area=\u00a0\u00bbpost_content\u00a0\u00bb]<\/p>\n<div>\u00e0 Marans : 06-46-35-11-77 ou 06-47-29-40-84<\/div>\n<div>\u00e0 Saint-Jean-de-Liversay : 06-31-33-17-30<\/div>\n<p>[\/et_pb_text][\/et_pb_column][\/et_pb_row][\/et_pb_section]<\/p>\n","protected":false},"excerpt":{"rendered":"<p>Le Secours Catholique est une association loi 1901, \u00e0 but non lucratif, qui lutte contre toutes les formes de pauvret\u00e9 et d\u2019exclusion. \u00ab Apporter, partout o\u00f9 le besoin s\u2019en fera [&hellip;]<\/p>\n","protected":false},"author":4,"featured_media":0,"parent":8414,"menu_order":0,"comment_status":"closed","ping_status":"closed","template":"","meta":{"_et_pb_use_builder":"on","_et_pb_old_content":"<!-- wp:divi\/placeholder \/-->","_et_gb_content_width":"","footnotes":""},"class_list":["post-8416","page","type-page","status-publish","hentry"],"_links":{"self":[{"href":"https:\/\/catholiques17.fr\/marans\/wp-json\/wp\/v2\/pages\/8416","targetHints":{"allow":["GET"]}}],"collection":[{"href":"https:\/\/catholiques17.fr\/marans\/wp-json\/wp\/v2\/pages"}],"about":[{"href":"https:\/\/catholiques17.fr\/marans\/wp-json\/wp\/v2\/types\/page"}],"author":[{"embeddable":true,"href":"https:\/\/catholiques17.fr\/marans\/wp-json\/wp\/v2\/users\/4"}],"replies":[{"embeddable":true,"href":"https:\/\/catholiques17.fr\/marans\/wp-json\/wp\/v2\/comments?post=8416"}],"version-history":[{"count":8,"href":"https:\/\/catholiques17.fr\/marans\/wp-json\/wp\/v2\/pages\/8416\/revisions"}],"predecessor-version":[{"id":9077,"href":"https:\/\/catholiques17.fr\/marans\/wp-json\/wp\/v2\/pages\/8416\/revisions\/9077"}],"up":[{"embeddable":true,"href":"https:\/\/catholiques17.fr\/marans\/wp-json\/wp\/v2\/pages\/8414"}],"wp:attachment":[{"href":"https:\/\/catholiques17.fr\/marans\/wp-json\/wp\/v2\/media?parent=8416"}],"curies":[{"name":"wp","href":"https:\/\/api.w.org\/{rel}","templated":true}]}}