{"id":8406,"date":"2023-04-18T11:43:46","date_gmt":"2023-04-18T09:43:46","guid":{"rendered":"https:\/\/catholiques17.fr\/marans\/?page_id=8406"},"modified":"2024-11-26T16:14:43","modified_gmt":"2024-11-26T15:14:43","slug":"permanences","status":"publish","type":"page","link":"https:\/\/catholiques17.fr\/marans\/paroisse\/permanences\/","title":{"rendered":"Permanences"},"content":{"rendered":"<p>[et_pb_section fb_built=\u00a0\u00bb1&Prime; _builder_version=\u00a0\u00bb4.17.6&Prime; _module_preset=\u00a0\u00bbdefault\u00a0\u00bb custom_padding=\u00a0\u00bb11px|||||\u00a0\u00bb global_colors_info=\u00a0\u00bb{}\u00a0\u00bb theme_builder_area=\u00a0\u00bbpost_content\u00a0\u00bb][et_pb_row _builder_version=\u00a0\u00bb4.17.6&Prime; _module_preset=\u00a0\u00bbdefault\u00a0\u00bb custom_padding=\u00a0\u00bb4px|||||\u00a0\u00bb global_colors_info=\u00a0\u00bb{}\u00a0\u00bb theme_builder_area=\u00a0\u00bbpost_content\u00a0\u00bb][et_pb_column type=\u00a0\u00bb4_4&Prime; _builder_version=\u00a0\u00bb4.17.6&Prime; _module_preset=\u00a0\u00bbdefault\u00a0\u00bb global_colors_info=\u00a0\u00bb{}\u00a0\u00bb theme_builder_area=\u00a0\u00bbpost_content\u00a0\u00bb][et_pb_image src=\u00a0\u00bbhttps:\/\/catholiques17.fr\/marans\/wp-content\/uploads\/sites\/36\/2023\/04\/Vitrail.jpg\u00a0\u00bb title_text=\u00a0\u00bbPlanning\u00a0\u00bb align=\u00a0\u00bbcenter\u00a0\u00bb _builder_version=\u00a0\u00bb4.21.0&Prime; _module_preset=\u00a0\u00bbdefault\u00a0\u00bb hover_enabled=\u00a0\u00bb0&Prime; border_radii=\u00a0\u00bbon|20px|20px|20px|20px\u00a0\u00bb global_colors_info=\u00a0\u00bb{}\u00a0\u00bb theme_builder_area=\u00a0\u00bbpost_content\u00a0\u00bb max_width=\u00a0\u00bb47%\u00a0\u00bb sticky_enabled=\u00a0\u00bb0&Prime;][\/et_pb_image][\/et_pb_column][\/et_pb_row][et_pb_row _builder_version=\u00a0\u00bb4.17.6&Prime; _module_preset=\u00a0\u00bbdefault\u00a0\u00bb global_colors_info=\u00a0\u00bb{}\u00a0\u00bb theme_builder_area=\u00a0\u00bbpost_content\u00a0\u00bb][et_pb_column type=\u00a0\u00bb4_4&Prime; _builder_version=\u00a0\u00bb4.17.6&Prime; _module_preset=\u00a0\u00bbdefault\u00a0\u00bb global_colors_info=\u00a0\u00bb{}\u00a0\u00bb theme_builder_area=\u00a0\u00bbpost_content\u00a0\u00bb][et_pb_text _builder_version=\u00a0\u00bb4.21.0&Prime; _module_preset=\u00a0\u00bbdefault\u00a0\u00bb text_line_height=\u00a0\u00bb1em\u00a0\u00bb global_colors_info=\u00a0\u00bb{}\u00a0\u00bb theme_builder_area=\u00a0\u00bbpost_content\u00a0\u00bb]<\/p>\n<h4>Permanence au bureau d&rsquo;accueil du presbyt\u00e8re, 21 rue Dinot \u00e0 Marans \u00a0:<\/h4>\n<h4 style=\"text-align: center\"><span style=\"color: #993300\"><strong>du lundi au samedi de 9h30 \u00e0 12h00.<\/strong><\/span><\/h4>\n<p><span style=\"text-decoration: underline\"><strong>Contact<\/strong><\/span><\/p>\n<p>par mail : <a href=\"mailto:notredamedesmarais@orange.fr\">notredamedesmarais@orange.fr<\/a><\/p>\n<p>Par t\u00e9l\u00e9phone : 05 46 35 51 97<\/p>\n<p>&nbsp;<\/p>\n<p>[\/et_pb_text][\/et_pb_column][\/et_pb_row][\/et_pb_section]<\/p>\n","protected":false},"excerpt":{"rendered":"<p>Permanence au bureau d&rsquo;accueil du presbyt\u00e8re, 21 rue Dinot \u00e0 Marans \u00a0: du lundi au samedi de 9h30 \u00e0 12h00. Contact par mail : notredamedesmarais@orange.fr Par t\u00e9l\u00e9phone : 05 46 [&hellip;]<\/p>\n","protected":false},"author":4,"featured_media":0,"parent":6587,"menu_order":0,"comment_status":"closed","ping_status":"closed","template":"","meta":{"_et_pb_use_builder":"on","_et_pb_old_content":"<!-- wp:divi\/placeholder \/-->","_et_gb_content_width":"","footnotes":""},"class_list":["post-8406","page","type-page","status-publish","hentry"],"_links":{"self":[{"href":"https:\/\/catholiques17.fr\/marans\/wp-json\/wp\/v2\/pages\/8406","targetHints":{"allow":["GET"]}}],"collection":[{"href":"https:\/\/catholiques17.fr\/marans\/wp-json\/wp\/v2\/pages"}],"about":[{"href":"https:\/\/catholiques17.fr\/marans\/wp-json\/wp\/v2\/types\/page"}],"author":[{"embeddable":true,"href":"https:\/\/catholiques17.fr\/marans\/wp-json\/wp\/v2\/users\/4"}],"replies":[{"embeddable":true,"href":"https:\/\/catholiques17.fr\/marans\/wp-json\/wp\/v2\/comments?post=8406"}],"version-history":[{"count":8,"href":"https:\/\/catholiques17.fr\/marans\/wp-json\/wp\/v2\/pages\/8406\/revisions"}],"predecessor-version":[{"id":10134,"href":"https:\/\/catholiques17.fr\/marans\/wp-json\/wp\/v2\/pages\/8406\/revisions\/10134"}],"up":[{"embeddable":true,"href":"https:\/\/catholiques17.fr\/marans\/wp-json\/wp\/v2\/pages\/6587"}],"wp:attachment":[{"href":"https:\/\/catholiques17.fr\/marans\/wp-json\/wp\/v2\/media?parent=8406"}],"curies":[{"name":"wp","href":"https:\/\/api.w.org\/{rel}","templated":true}]}}