{"id":8404,"date":"2023-04-18T11:43:27","date_gmt":"2023-04-18T09:43:27","guid":{"rendered":"https:\/\/catholiques17.fr\/marans\/?page_id=8404"},"modified":"2026-02-28T18:19:44","modified_gmt":"2026-02-28T17:19:44","slug":"les-equipes","status":"publish","type":"page","link":"https:\/\/catholiques17.fr\/marans\/paroisse\/les-equipes\/","title":{"rendered":"Les \u00e9quipes"},"content":{"rendered":"<p>[et_pb_section fb_built=\u00a0\u00bb1&Prime; _builder_version=\u00a0\u00bb4.17.6&Prime; _module_preset=\u00a0\u00bbdefault\u00a0\u00bb custom_padding=\u00a0\u00bb8px|||||\u00a0\u00bb global_colors_info=\u00a0\u00bb{}\u00a0\u00bb theme_builder_area=\u00a0\u00bbpost_content\u00a0\u00bb][et_pb_row _builder_version=\u00a0\u00bb4.17.6&Prime; _module_preset=\u00a0\u00bbdefault\u00a0\u00bb global_colors_info=\u00a0\u00bb{}\u00a0\u00bb theme_builder_area=\u00a0\u00bbpost_content\u00a0\u00bb][et_pb_column type=\u00a0\u00bb4_4&Prime; _builder_version=\u00a0\u00bb4.17.6&Prime; _module_preset=\u00a0\u00bbdefault\u00a0\u00bb global_colors_info=\u00a0\u00bb{}\u00a0\u00bb theme_builder_area=\u00a0\u00bbpost_content\u00a0\u00bb][et_pb_text _builder_version=\u00a0\u00bb4.17.6&Prime; _module_preset=\u00a0\u00bbdefault\u00a0\u00bb global_colors_info=\u00a0\u00bb{}\u00a0\u00bb theme_builder_area=\u00a0\u00bbpost_content\u00a0\u00bb]<\/p>\n<h3 style=\"text-align: center\"><strong>Plusieurs \u00e9quipes travaillent en collaboration avec le cur\u00e9 :<\/strong><\/h3>\n<p>[\/et_pb_text][\/et_pb_column][\/et_pb_row][et_pb_row _builder_version=\u00a0\u00bb4.17.6&Prime; _module_preset=\u00a0\u00bbdefault\u00a0\u00bb min_height=\u00a0\u00bb92.5px\u00a0\u00bb custom_margin=\u00a0\u00bb-112px|auto||auto||\u00a0\u00bb custom_padding=\u00a0\u00bb83px|||||\u00a0\u00bb global_colors_info=\u00a0\u00bb{}\u00a0\u00bb theme_builder_area=\u00a0\u00bbpost_content\u00a0\u00bb][et_pb_column type=\u00a0\u00bb4_4&Prime; _builder_version=\u00a0\u00bb4.17.6&Prime; _module_preset=\u00a0\u00bbdefault\u00a0\u00bb global_colors_info=\u00a0\u00bb{}\u00a0\u00bb theme_builder_area=\u00a0\u00bbpost_content\u00a0\u00bb][\/et_pb_column][\/et_pb_row][et_pb_row _builder_version=\u00a0\u00bb4.21.0&Prime; _module_preset=\u00a0\u00bbdefault\u00a0\u00bb global_colors_info=\u00a0\u00bb{}\u00a0\u00bb theme_builder_area=\u00a0\u00bbpost_content\u00a0\u00bb][et_pb_column type=\u00a0\u00bb4_4&Prime; _builder_version=\u00a0\u00bb4.21.0&Prime; _module_preset=\u00a0\u00bbdefault\u00a0\u00bb global_colors_info=\u00a0\u00bb{}\u00a0\u00bb theme_builder_area=\u00a0\u00bbpost_content\u00a0\u00bb][et_pb_text _builder_version=\u00a0\u00bb4.21.0&Prime; _module_preset=\u00a0\u00bbdefault\u00a0\u00bb text_text_color=\u00a0\u00bb#FF5733&Prime; text_font_size=\u00a0\u00bb20px\u00a0\u00bb global_colors_info=\u00a0\u00bb{}\u00a0\u00bb theme_builder_area=\u00a0\u00bbpost_content\u00a0\u00bb]<\/p>\n<h4><strong><span style=\"text-decoration: underline\">L&rsquo;\u00e9quipe pastorale<\/span><\/strong><\/h4>\n<p>[\/et_pb_text][\/et_pb_column][\/et_pb_row][et_pb_row _builder_version=\u00a0\u00bb4.21.0&Prime; _module_preset=\u00a0\u00bbdefault\u00a0\u00bb min_height=\u00a0\u00bb445px\u00a0\u00bb custom_margin=\u00a0\u00bb-6px|auto||auto||\u00a0\u00bb custom_padding=\u00a0\u00bb||0px|||\u00a0\u00bb global_colors_info=\u00a0\u00bb{}\u00a0\u00bb theme_builder_area=\u00a0\u00bbpost_content\u00a0\u00bb][et_pb_column type=\u00a0\u00bb4_4&Prime; _builder_version=\u00a0\u00bb4.21.0&Prime; _module_preset=\u00a0\u00bbdefault\u00a0\u00bb global_colors_info=\u00a0\u00bb{}\u00a0\u00bb theme_builder_area=\u00a0\u00bbpost_content\u00a0\u00bb][et_pb_text _builder_version=\u00a0\u00bb4.27.5&Prime; _module_preset=\u00a0\u00bbdefault\u00a0\u00bb text_text_color=\u00a0\u00bb#581845&Prime; min_height=\u00a0\u00bb442px\u00a0\u00bb height=\u00a0\u00bb311px\u00a0\u00bb max_height=\u00a0\u00bb334px\u00a0\u00bb custom_margin=\u00a0\u00bb-11px|||||\u00a0\u00bb custom_padding=\u00a0\u00bb||7px|||\u00a0\u00bb global_colors_info=\u00a0\u00bb{}\u00a0\u00bb theme_builder_area=\u00a0\u00bbpost_content\u00a0\u00bb]<\/p>\n<p>L\u2019Equipe Pastorale a pour r\u00f4le d\u2019assurer les t\u00e2ches de direction (planifier, organiser, \u00e9valuer), de coordination (ex\u00e9cuter, superviser) et d\u2019animation (formation, c\u00e9l\u00e9bration, soutien) n\u00e9cessaires pour que la communaut\u00e9 chr\u00e9tienne dont elle a la charge puisse vivre et c\u00e9l\u00e9brer sa foi.<\/p>\n<p style=\"font-weight: 400\"><strong>Les taches de l\u2019EP :<\/strong><\/p>\n<p style=\"font-weight: 400\">&#8211; Avoir le souci que la communaut\u00e9 vive une v\u00e9ritable <strong>fraternit\u00e9<\/strong> tout en tenant compte des diff\u00e9rences.<br \/>&#8211; <strong>Orienter, coordonner et \u00e9valuer<\/strong> les actions d\u00e9coulant du projet pastoral paroissial d\u2019\u00e9vang\u00e9lisation avec le conseil d\u2019orientation pastorale.<br \/>&#8211; <strong>Susciter et reconna\u00eetre<\/strong> les charismes des personnes baptis\u00e9es et<strong> confier les responsabilit\u00e9s<\/strong> n\u00e9cessaires au service de la communaut\u00e9 pour r\u00e9pondre aux besoins de la mission.<br \/>&#8211; <strong>Former<\/strong> les personnes engag\u00e9es en vue de garder la communaut\u00e9 ax\u00e9e sur J\u00e9sus-Christ et la mission.<br \/>&#8211; <strong>Aider<\/strong> les personnes engag\u00e9es \u00e0 remplir leur mission et \u00e0 la relire \u00e0 la lumi\u00e8re de la Parole de Dieu.<br \/>&#8211; <strong>Soutenir<\/strong> la vie spirituelle et le cheminement de foi des personnes engag\u00e9es<br \/>&#8211; <strong>Se soucier de la vitalit\u00e9 des quatre dimensions dans chaque communaut\u00e9 chr\u00e9tienne : la vie fraternelle, l\u2019annonce de l\u2019\u00c9vangile et l\u2019\u00e9ducation de la foi, la pri\u00e8re et la c\u00e9l\u00e9bration.<\/strong><strong><\/strong><\/p>\n<p style=\"font-weight: 400\">Les membres de l&rsquo;Equipe Pastorale, de gauche \u00e0 droite :<strong><br \/><em>P\u00e8re Edgard Di\u00e9m\u00e9, Patrick Blanchard, Anne Canaud, Jean-Pierre Body.<\/em><\/strong><\/p>\n<p>[\/et_pb_text][\/et_pb_column][\/et_pb_row][et_pb_row column_structure=\u00a0\u00bb1_4,1_4,1_4,1_4&Prime; _builder_version=\u00a0\u00bb4.21.0&Prime; _module_preset=\u00a0\u00bbdefault\u00a0\u00bb min_height=\u00a0\u00bb382px\u00a0\u00bb custom_margin=\u00a0\u00bb-211px|auto||auto||\u00a0\u00bb custom_padding=\u00a0\u00bb||0px|||\u00a0\u00bb global_colors_info=\u00a0\u00bb{}\u00a0\u00bb theme_builder_area=\u00a0\u00bbpost_content\u00a0\u00bb][et_pb_column type=\u00a0\u00bb1_4&Prime; _builder_version=\u00a0\u00bb4.21.0&Prime; _module_preset=\u00a0\u00bbdefault\u00a0\u00bb global_colors_info=\u00a0\u00bb{}\u00a0\u00bb theme_builder_area=\u00a0\u00bbpost_content\u00a0\u00bb][et_pb_image src=\u00a0\u00bbhttps:\/\/catholiques17.fr\/marans\/wp-content\/uploads\/sites\/36\/2025\/08\/Edgard-Demeie2-e1755354957459.png\u00a0\u00bb title_text=\u00a0\u00bbEdgard-Demeie2&Prime; _builder_version=\u00a0\u00bb4.27.5&Prime; _module_preset=\u00a0\u00bbdefault\u00a0\u00bb global_colors_info=\u00a0\u00bb{}\u00a0\u00bb theme_builder_area=\u00a0\u00bbpost_content\u00a0\u00bb][\/et_pb_image][\/et_pb_column][et_pb_column type=\u00a0\u00bb1_4&Prime; _builder_version=\u00a0\u00bb4.21.0&Prime; _module_preset=\u00a0\u00bbdefault\u00a0\u00bb global_colors_info=\u00a0\u00bb{}\u00a0\u00bb theme_builder_area=\u00a0\u00bbpost_content\u00a0\u00bb][et_pb_image src=\u00a0\u00bbhttps:\/\/catholiques17.fr\/marans\/wp-content\/uploads\/sites\/36\/2023\/10\/20231001_PATRICK_BLANCHARD.jpg\u00a0\u00bb title_text=\u00a0\u00bb20231001_PATRICK_BLANCHARD\u00a0\u00bb _builder_version=\u00a0\u00bb4.21.0&Prime; _module_preset=\u00a0\u00bbdefault\u00a0\u00bb global_colors_info=\u00a0\u00bb{}\u00a0\u00bb theme_builder_area=\u00a0\u00bbpost_content\u00a0\u00bb][\/et_pb_image][\/et_pb_column][et_pb_column type=\u00a0\u00bb1_4&Prime; _builder_version=\u00a0\u00bb4.21.0&Prime; _module_preset=\u00a0\u00bbdefault\u00a0\u00bb global_colors_info=\u00a0\u00bb{}\u00a0\u00bb theme_builder_area=\u00a0\u00bbpost_content\u00a0\u00bb][et_pb_image src=\u00a0\u00bbhttps:\/\/catholiques17.fr\/marans\/wp-content\/uploads\/sites\/36\/2023\/10\/20231001_ANNE_CANNAUD.jpg\u00a0\u00bb title_text=\u00a0\u00bb20231001_ANNE_CANNAUD\u00a0\u00bb _builder_version=\u00a0\u00bb4.21.0&Prime; _module_preset=\u00a0\u00bbdefault\u00a0\u00bb global_colors_info=\u00a0\u00bb{}\u00a0\u00bb theme_builder_area=\u00a0\u00bbpost_content\u00a0\u00bb][\/et_pb_image][\/et_pb_column][et_pb_column type=\u00a0\u00bb1_4&Prime; _builder_version=\u00a0\u00bb4.21.0&Prime; _module_preset=\u00a0\u00bbdefault\u00a0\u00bb global_colors_info=\u00a0\u00bb{}\u00a0\u00bb theme_builder_area=\u00a0\u00bbpost_content\u00a0\u00bb][et_pb_image src=\u00a0\u00bbhttps:\/\/catholiques17.fr\/marans\/wp-content\/uploads\/sites\/36\/2023\/10\/20231001_JEANPIERRE_BODY.jpg\u00a0\u00bb title_text=\u00a0\u00bb20231001_JEANPIERRE_BODY\u00a0\u00bb _builder_version=\u00a0\u00bb4.21.0&Prime; _module_preset=\u00a0\u00bbdefault\u00a0\u00bb global_colors_info=\u00a0\u00bb{}\u00a0\u00bb theme_builder_area=\u00a0\u00bbpost_content\u00a0\u00bb][\/et_pb_image][\/et_pb_column][\/et_pb_row][et_pb_row _builder_version=\u00a0\u00bb4.21.0&Prime; _module_preset=\u00a0\u00bbdefault\u00a0\u00bb global_colors_info=\u00a0\u00bb{}\u00a0\u00bb theme_builder_area=\u00a0\u00bbpost_content\u00a0\u00bb][et_pb_column type=\u00a0\u00bb4_4&Prime; _builder_version=\u00a0\u00bb4.21.0&Prime; _module_preset=\u00a0\u00bbdefault\u00a0\u00bb global_colors_info=\u00a0\u00bb{}\u00a0\u00bb theme_builder_area=\u00a0\u00bbpost_content\u00a0\u00bb][et_pb_text _builder_version=\u00a0\u00bb4.21.0&Prime; _module_preset=\u00a0\u00bbdefault\u00a0\u00bb text_font_size=\u00a0\u00bb20px\u00a0\u00bb global_colors_info=\u00a0\u00bb{}\u00a0\u00bb theme_builder_area=\u00a0\u00bbpost_content\u00a0\u00bb]<\/p>\n<p><span style=\"text-decoration: underline\"><strong><span style=\"color: #ff0000;text-decoration: underline\">Le<\/span><\/strong><strong><span style=\"color: #ff0000;text-decoration: underline\"> conseil \u00e9conomique<\/span><\/strong><\/span><\/p>\n<p>[\/et_pb_text][\/et_pb_column][\/et_pb_row][et_pb_row column_structure=\u00a0\u00bb2_5,3_5&Prime; _builder_version=\u00a0\u00bb4.17.6&Prime; _module_preset=\u00a0\u00bbdefault\u00a0\u00bb custom_margin=\u00a0\u00bb-23px|auto||auto||\u00a0\u00bb custom_padding=\u00a0\u00bb2px|||||\u00a0\u00bb global_colors_info=\u00a0\u00bb{}\u00a0\u00bb theme_builder_area=\u00a0\u00bbpost_content\u00a0\u00bb][et_pb_column type=\u00a0\u00bb2_5&Prime; _builder_version=\u00a0\u00bb4.17.6&Prime; _module_preset=\u00a0\u00bbdefault\u00a0\u00bb global_colors_info=\u00a0\u00bb{}\u00a0\u00bb theme_builder_area=\u00a0\u00bbpost_content\u00a0\u00bb][et_pb_image src=\u00a0\u00bbhttps:\/\/catholiques17.fr\/marans\/wp-content\/uploads\/sites\/36\/2022\/01\/money-2724235_1280.jpg\u00a0\u00bb title_text=\u00a0\u00bbmoney-2724235_1280&Prime; align=\u00a0\u00bbcenter\u00a0\u00bb _builder_version=\u00a0\u00bb4.17.6&Prime; _module_preset=\u00a0\u00bbdefault\u00a0\u00bb min_height=\u00a0\u00bb291px\u00a0\u00bb custom_padding=\u00a0\u00bb50px||||false|false\u00a0\u00bb custom_padding_tablet=\u00a0\u00bb50px||||false|false\u00a0\u00bb custom_padding_phone=\u00a0\u00bb50px||0px||false|false\u00a0\u00bb custom_padding_last_edited=\u00a0\u00bbon|desktop\u00a0\u00bb border_radii=\u00a0\u00bbon|20px|20px|20px|20px\u00a0\u00bb global_colors_info=\u00a0\u00bb{}\u00a0\u00bb theme_builder_area=\u00a0\u00bbpost_content\u00a0\u00bb][\/et_pb_image][\/et_pb_column][et_pb_column type=\u00a0\u00bb3_5&Prime; _builder_version=\u00a0\u00bb4.17.6&Prime; _module_preset=\u00a0\u00bbdefault\u00a0\u00bb global_colors_info=\u00a0\u00bb{}\u00a0\u00bb theme_builder_area=\u00a0\u00bbpost_content\u00a0\u00bb][et_pb_text _builder_version=\u00a0\u00bb4.21.0&Prime; _module_preset=\u00a0\u00bbdefault\u00a0\u00bb global_colors_info=\u00a0\u00bb{}\u00a0\u00bb theme_builder_area=\u00a0\u00bbpost_content\u00a0\u00bb]<\/p>\n<p style=\"margin: 0cm 0cm 0.0001pt\"><span style=\"font-family: 'Trebuchet MS'\">Sous la conduite du cur\u00e9, le Conseil \u00c9conomique Paroissial (CEP) a pour mission de g\u00e9rer avec la rigueur requise en ce domaine, dans l\u2019esprit de l&rsquo;\u00c9vangile, les biens financiers, mobiliers et immobiliers qui sont confi\u00e9s \u00e0 la paroisse pour le service de la mission. Il doit rendre compte \u00e0 l\u2019\u00e9conome dioc\u00e9sain et aux paroissiens.<\/span><span style=\"font-family: 'Trebuchet MS'\"><\/span><span style=\"font-family: 'Trebuchet MS'\">Il \u00e9tablit le budget en accord avec les orientations de l\u2019\u00c9quipe Pastorale Paroissiale. Il \u00e9tudie les besoins signal\u00e9s par les communaut\u00e9s locales. Il programme les d\u00e9penses en fonction de la mission. Il veille \u00e0 l\u2019entretien de l\u2019immobilier paroissial dont la paroisse est canoniquement propri\u00e9taire.<\/span><\/p>\n<p style=\"margin: 0cm 0cm 0.0001pt\"><span style=\"font-family: 'Trebuchet MS'\">En lien avec le dioc\u00e8se, il organise la collecte du denier de l&rsquo;\u00c9glise et sensibilise les paroissiens \u00e0 leur responsabilit\u00e9 dans la vie mat\u00e9rielle de l&rsquo;\u00c9glise locale.<\/span><\/p>\n<p>[\/et_pb_text][\/et_pb_column][\/et_pb_row][et_pb_row _builder_version=\u00a0\u00bb4.21.0&Prime; _module_preset=\u00a0\u00bbdefault\u00a0\u00bb min_height=\u00a0\u00bb48px\u00a0\u00bb custom_padding=\u00a0\u00bb||0px|||\u00a0\u00bb global_colors_info=\u00a0\u00bb{}\u00a0\u00bb theme_builder_area=\u00a0\u00bbpost_content\u00a0\u00bb][et_pb_column type=\u00a0\u00bb4_4&Prime; _builder_version=\u00a0\u00bb4.21.0&Prime; _module_preset=\u00a0\u00bbdefault\u00a0\u00bb global_colors_info=\u00a0\u00bb{}\u00a0\u00bb theme_builder_area=\u00a0\u00bbpost_content\u00a0\u00bb][et_pb_text _builder_version=\u00a0\u00bb4.21.0&Prime; _module_preset=\u00a0\u00bbdefault\u00a0\u00bb text_font=\u00a0\u00bb||||on|||#FF5733|\u00a0\u00bb text_font_size=\u00a0\u00bb20px\u00a0\u00bb global_colors_info=\u00a0\u00bb{}\u00a0\u00bb theme_builder_area=\u00a0\u00bbpost_content\u00a0\u00bb]<\/p>\n<p><strong><span style=\"color: #ff0000\">Le conseil pastoral<\/span><\/strong><\/p>\n<p>[\/et_pb_text][\/et_pb_column][\/et_pb_row][et_pb_row _builder_version=\u00a0\u00bb4.21.0&Prime; _module_preset=\u00a0\u00bbdefault\u00a0\u00bb global_colors_info=\u00a0\u00bb{}\u00a0\u00bb theme_builder_area=\u00a0\u00bbpost_content\u00a0\u00bb][et_pb_column type=\u00a0\u00bb4_4&Prime; _builder_version=\u00a0\u00bb4.21.0&Prime; _module_preset=\u00a0\u00bbdefault\u00a0\u00bb global_colors_info=\u00a0\u00bb{}\u00a0\u00bb theme_builder_area=\u00a0\u00bbpost_content\u00a0\u00bb][et_pb_text _builder_version=\u00a0\u00bb4.21.0&Prime; _module_preset=\u00a0\u00bbdefault\u00a0\u00bb width=\u00a0\u00bb100%\u00a0\u00bb global_colors_info=\u00a0\u00bb{}\u00a0\u00bb theme_builder_area=\u00a0\u00bbpost_content\u00a0\u00bb]<\/p>\n<p style=\"font-weight: 400\">Le conseil pastoral refl\u00e8te la vie de la communaut\u00e9 chr\u00e9tienne. Il propose des orientations et aide \u00e0 m\u00fbrir les projets qui lui sont confi\u00e9s. Il se fait l\u2019\u00e9cho de la vie de la paroisse et de la cit\u00e9. Son r\u00f4le est consultatif. C\u2019est un lieu de r\u00e9flexion missionnaire, \u00e0 l\u2019\u00e9coute de la vie des hommes de ce temps.<\/p>\n<p style=\"font-weight: 400\">Toute la vie apport\u00e9e au conseil pastoral est examin\u00e9e \u00e0 la lumi\u00e8re de l\u2019Evangile.<\/p>\n<p style=\"font-weight: 400\">\u00ab <em>La paroisse offre un exemple remarquable de vie communautaire car elle rassemble dans l\u2019unit\u00e9 toutes les diversit\u00e9s qui se trouvent en elle\u2026 <\/em>\u00bb (Jean-Paul II, texte sur l\u2019Apostolat des la\u00efcs).<\/p>\n<p style=\"font-weight: 400\"><span style=\"text-decoration: underline\"><span style=\"color: #ff0000;text-decoration: underline\">R\u00f4le du conseil pastoral<\/span><\/span>\u00a0: Ecouter, discerner, proposer<\/p>\n<p style=\"font-weight: 400\">Il est <span style=\"color: #ff0000\">v<u>eilleur<\/u><\/span> : Il porte les soucis de tous, souligne les besoins, les manques, les d\u00e9rives. Il cherche \u00e0 discerner l\u2019action de l\u2019Esprit<\/p>\n<p style=\"font-weight: 400\">Il est <span style=\"color: #ff0000\"><u>\u00e9veilleur<\/u><\/span>\u00a0: Il fixe les objectifs, les grandes lignes des actions \u00e0 entreprendre. Il prend en compte les 3 axes\u00a0: Annoncer \u2013 C\u00e9l\u00e9brer \u2013 Servir.<\/p>\n<p style=\"font-weight: 400\"><span style=\"color: #ff0000\"><span style=\"text-decoration: underline\">Sa composition<\/span><strong>\u00a0:<\/strong><\/span><\/p>\n<p style=\"font-weight: 400\">Le conseil est le reflet de tous les membres de la paroisse. Il est constitu\u00e9 de 20 \u00e0 35 membres la\u00efcs engag\u00e9s dans diff\u00e9rents services et mouvements pr\u00e9sent dans la communaut\u00e9 ou m\u00eame r\u00e9pondant \u00e0 des crit\u00e8res plus large que la paroisse.<\/p>\n<p style=\"font-weight: 400\">Les membres sont nomm\u00e9s au Conseil pour une dur\u00e9e de 3 ans renouvelable par 1\/3 chaque ann\u00e9e ou chaque fois que cela est n\u00e9cessaire.<\/p>\n<p style=\"font-weight: 400\">Le cur\u00e9 et les membres de l\u2019\u00e9quipe pastorale pr\u00e9sident les travaux du conseil et veillent \u00e0 ce que ces travaux soient en harmonie avec les orientations de la paroisse, du doyenn\u00e9 et du dioc\u00e8se.<\/p>\n<p><span style=\"font-weight: 400\">Les d\u00e9cisions pastorales du conseil sont prises \u00e0 la majorit\u00e9 des membres mais toujours valid\u00e9es par le cur\u00e9 charg\u00e9 de la paroisse.<\/span><\/p>\n<p>[\/et_pb_text][\/et_pb_column][\/et_pb_row][et_pb_row _builder_version=\u00a0\u00bb4.21.0&Prime; _module_preset=\u00a0\u00bbdefault\u00a0\u00bb global_colors_info=\u00a0\u00bb{}\u00a0\u00bb theme_builder_area=\u00a0\u00bbpost_content\u00a0\u00bb][et_pb_column type=\u00a0\u00bb4_4&Prime; _builder_version=\u00a0\u00bb4.21.0&Prime; _module_preset=\u00a0\u00bbdefault\u00a0\u00bb global_colors_info=\u00a0\u00bb{}\u00a0\u00bb theme_builder_area=\u00a0\u00bbpost_content\u00a0\u00bb][et_pb_text _builder_version=\u00a0\u00bb4.21.0&Prime; _module_preset=\u00a0\u00bbdefault\u00a0\u00bb text_text_color=\u00a0\u00bb#005E85&Prime; text_font_size=\u00a0\u00bb26px\u00a0\u00bb global_colors_info=\u00a0\u00bb{}\u00a0\u00bb theme_builder_area=\u00a0\u00bbpost_content\u00a0\u00bb]<\/p>\n<p style=\"text-align: center\"><strong>Les membres du conseil pastoral<\/strong><\/p>\n<p>[\/et_pb_text][\/et_pb_column][\/et_pb_row][et_pb_row column_structure=\u00a0\u00bb1_2,1_2&Prime; _builder_version=\u00a0\u00bb4.21.0&Prime; _module_preset=\u00a0\u00bbdefault\u00a0\u00bb global_colors_info=\u00a0\u00bb{}\u00a0\u00bb theme_builder_area=\u00a0\u00bbpost_content\u00a0\u00bb][et_pb_column type=\u00a0\u00bb1_2&Prime; _builder_version=\u00a0\u00bb4.21.0&Prime; _module_preset=\u00a0\u00bbdefault\u00a0\u00bb global_colors_info=\u00a0\u00bb{}\u00a0\u00bb theme_builder_area=\u00a0\u00bbpost_content\u00a0\u00bb][et_pb_text _builder_version=\u00a0\u00bb4.27.5&Prime; _module_preset=\u00a0\u00bbdefault\u00a0\u00bb hover_enabled=\u00a0\u00bb0&Prime; global_colors_info=\u00a0\u00bb{}\u00a0\u00bb theme_builder_area=\u00a0\u00bbpost_content\u00a0\u00bb sticky_enabled=\u00a0\u00bb0&Prime;]<\/p>\n<p>P. Edgard Di\u00e9m\u00e9<\/p>\n<p>Bernadette Aymon<\/p>\n<p>Patrick Blanchard<\/p>\n<p>Jean-Pierre Baudy<\/p>\n<p>Andr\u00e9 Brisseau<\/p>\n<p>Fran\u00e7oise Brisseau<\/p>\n<p>Anne Canaud<\/p>\n<p>Virginie Deshayes<\/p>\n<p>Andr\u00e9 Girard<\/p>\n<p>Solange Girard<\/p>\n<p>Marie-Jo Granger<\/p>\n<p>Chantal Larmet<\/p>\n<p>Pascale L\u00e9geron<\/p>\n<p>Agn\u00e8s Marty<\/p>\n<p>Mireille Monteran<\/p>\n<p>Eug\u00e8nie Renaud<\/p>\n<p>Evelyne Ruau<\/p>\n<p>Jean-Pierre Ruau<\/p>\n<p>Brigitte Souchet<\/p>\n<p>&#8212;&#8212;&#8212;&#8212;&#8212;&#8212;-<\/p>\n<p>[\/et_pb_text][\/et_pb_column][et_pb_column type=\u00a0\u00bb1_2&Prime; _builder_version=\u00a0\u00bb4.21.0&Prime; _module_preset=\u00a0\u00bbdefault\u00a0\u00bb global_colors_info=\u00a0\u00bb{}\u00a0\u00bb theme_builder_area=\u00a0\u00bbpost_content\u00a0\u00bb][et_pb_text _builder_version=\u00a0\u00bb4.21.0&Prime; _module_preset=\u00a0\u00bbdefault\u00a0\u00bb global_colors_info=\u00a0\u00bb{}\u00a0\u00bb theme_builder_area=\u00a0\u00bbpost_content\u00a0\u00bb]<\/p>\n<p>Cur\u00e9 de la Paroisse<\/p>\n<p>Registres Paroissiaux<\/p>\n<p>Pastorale du Tourisme<\/p>\n<p>Secours Catholique<\/p>\n<p>Entretien de l&rsquo;Eglise<\/p>\n<p>Service Floral<\/p>\n<p>Equipe Pastorale<\/p>\n<p>Aum\u00f4nerie<\/p>\n<p>Obs\u00e8ques<\/p>\n<p>Cat\u00e9chum\u00e9nat<\/p>\n<p>Equipe Pastorale<\/p>\n<p>Communication<\/p>\n<p>Accueil<\/p>\n<p>Cat\u00e9ch\u00e8se<\/p>\n<p>Secours Catholique<\/p>\n<p>Eveil<\/p>\n<p>Animation Liturgique<\/p>\n<p>Conseil Economique<\/p>\n<p>Service \u00e9vang\u00e9lique des malades<\/p>\n<p>Liturgie des fun\u00e9railles<\/p>\n<p>&nbsp;<\/p>\n<p>&nbsp;<\/p>\n<p>&nbsp;<\/p>\n<p>[\/et_pb_text][\/et_pb_column][\/et_pb_row][\/et_pb_section]<\/p>\n","protected":false},"excerpt":{"rendered":"<p>Plusieurs \u00e9quipes travaillent en collaboration avec le cur\u00e9 :L&rsquo;\u00e9quipe pastoraleL\u2019Equipe Pastorale a pour r\u00f4le d\u2019assurer les t\u00e2ches de direction (planifier, organiser, \u00e9valuer), de coordination (ex\u00e9cuter, superviser) et d\u2019animation (formation, c\u00e9l\u00e9bration, [&hellip;]<\/p>\n","protected":false},"author":4,"featured_media":0,"parent":6587,"menu_order":0,"comment_status":"closed","ping_status":"closed","template":"","meta":{"_et_pb_use_builder":"on","_et_pb_old_content":"<!-- wp:divi\/placeholder \/-->","_et_gb_content_width":"","footnotes":""},"class_list":["post-8404","page","type-page","status-publish","hentry"],"_links":{"self":[{"href":"https:\/\/catholiques17.fr\/marans\/wp-json\/wp\/v2\/pages\/8404","targetHints":{"allow":["GET"]}}],"collection":[{"href":"https:\/\/catholiques17.fr\/marans\/wp-json\/wp\/v2\/pages"}],"about":[{"href":"https:\/\/catholiques17.fr\/marans\/wp-json\/wp\/v2\/types\/page"}],"author":[{"embeddable":true,"href":"https:\/\/catholiques17.fr\/marans\/wp-json\/wp\/v2\/users\/4"}],"replies":[{"embeddable":true,"href":"https:\/\/catholiques17.fr\/marans\/wp-json\/wp\/v2\/comments?post=8404"}],"version-history":[{"count":35,"href":"https:\/\/catholiques17.fr\/marans\/wp-json\/wp\/v2\/pages\/8404\/revisions"}],"predecessor-version":[{"id":10613,"href":"https:\/\/catholiques17.fr\/marans\/wp-json\/wp\/v2\/pages\/8404\/revisions\/10613"}],"up":[{"embeddable":true,"href":"https:\/\/catholiques17.fr\/marans\/wp-json\/wp\/v2\/pages\/6587"}],"wp:attachment":[{"href":"https:\/\/catholiques17.fr\/marans\/wp-json\/wp\/v2\/media?parent=8404"}],"curies":[{"name":"wp","href":"https:\/\/api.w.org\/{rel}","templated":true}]}}