{"id":5200,"date":"2021-12-02T14:30:43","date_gmt":"2021-12-02T13:30:43","guid":{"rendered":"https:\/\/catholiques17.fr\/maisondiocesaine\/?page_id=5200"},"modified":"2024-09-10T12:05:42","modified_gmt":"2024-09-10T10:05:42","slug":"foyer","status":"publish","type":"page","link":"https:\/\/catholiques17.fr\/maisondiocesaine\/foyer\/","title":{"rendered":"Foyer \u00e9tudiant"},"content":{"rendered":"<p>[et_pb_section fb_built=\u00a0\u00bb1&Prime; _builder_version=\u00a0\u00bb4.17.6&Prime; _module_preset=\u00a0\u00bbdefault\u00a0\u00bb global_colors_info=\u00a0\u00bb{}\u00a0\u00bb theme_builder_area=\u00a0\u00bbpost_content\u00a0\u00bb][et_pb_row _builder_version=\u00a0\u00bb4.17.6&Prime; _module_preset=\u00a0\u00bbdefault\u00a0\u00bb global_colors_info=\u00a0\u00bb{}\u00a0\u00bb theme_builder_area=\u00a0\u00bbpost_content\u00a0\u00bb][et_pb_column type=\u00a0\u00bb4_4&Prime; _builder_version=\u00a0\u00bb4.17.6&Prime; _module_preset=\u00a0\u00bbdefault\u00a0\u00bb global_colors_info=\u00a0\u00bb{}\u00a0\u00bb theme_builder_area=\u00a0\u00bbpost_content\u00a0\u00bb][et_pb_text _builder_version=\u00a0\u00bb4.17.6&Prime; _module_preset=\u00a0\u00bbdefault\u00a0\u00bb global_colors_info=\u00a0\u00bb{}\u00a0\u00bb theme_builder_area=\u00a0\u00bbpost_content\u00a0\u00bb]<\/p>\n<div class=\"et_pb_row et_pb_row_1\">\n<div class=\"et_pb_column et_pb_column_4_4 et_pb_column_1  et_pb_css_mix_blend_mode_passthrough et-last-child\">\n<div class=\"et_pb_module et_pb_text et_pb_text_0  et_pb_text_align_justified et_pb_bg_layout_light\">\n<h4 class=\"et_pb_text_inner\">La Maison dioc\u00e9saine Robert Jacquinot accueille des \u00e9tudiants et leur permet de vivre fraternellement et en communaut\u00e9 pendant leur temps d\u2019\u00e9tude et de formation. Les \u00e9tudiants pourront partager des temps de rencontres, de dialogues intellectuels, spirituels et de divertissements.<\/h4>\n<\/div>\n<\/div>\n<\/div>\n<p>[\/et_pb_text][et_pb_slider _builder_version=\u00a0\u00bb4.17.6&Prime; _module_preset=\u00a0\u00bbdefault\u00a0\u00bb background_color=\u00a0\u00bb#BC3434&Prime; custom_padding=\u00a0\u00bb10px|0px|10px|0px|true|true\u00a0\u00bb locked=\u00a0\u00bboff\u00a0\u00bb global_colors_info=\u00a0\u00bb{}\u00a0\u00bb theme_builder_area=\u00a0\u00bbpost_content\u00a0\u00bb][et_pb_slide heading=\u00a0\u00bbLes chambres\u00a0\u00bb _builder_version=\u00a0\u00bb4.17.6&Prime; _module_preset=\u00a0\u00bbdefault\u00a0\u00bb custom_padding=\u00a0\u00bb6px||||false|false\u00a0\u00bb locked=\u00a0\u00bboff\u00a0\u00bb global_colors_info=\u00a0\u00bb{}\u00a0\u00bb sticky_transition=\u00a0\u00bbon\u00a0\u00bb theme_builder_area=\u00a0\u00bbpost_content\u00a0\u00bb]<\/p>\n<div class=\"et_pb_row et_pb_row_2\">\n<div class=\"et_pb_column et_pb_column_4_4 et_pb_column_2  et_pb_css_mix_blend_mode_passthrough et-last-child\">\n<div class=\"et_pb_module et_pb_text et_pb_text_1  et_pb_text_align_center et_pb_bg_layout_light\">\n<div class=\"et_pb_text_inner\">\n<p style=\"text-align: justify;\">Trois types de chambres meubl\u00e9es sont propos\u00e9es :<\/p>\n<ul>\n<li style=\"text-align: justify;\">entre 9 et 11m2 \u00e0 250 \u20ac\/mois,<\/li>\n<li style=\"text-align: justify;\">entre 12 et 15m2 \u00e0 300 \u20ac\/mois,<\/li>\n<li style=\"text-align: justify;\">23m2 \u00e0 350 \u20ac\/mois<\/li>\n<\/ul>\n<p style=\"text-align: left;\">+ <span style=\"text-decoration: underline;\">provisions de charges<\/span> : 50 \u20ac<\/p>\n<p style=\"text-align: left;\">\n<p style=\"text-align: left;\">(aide au logement possible aupr\u00e8s de la CAF).<\/p>\n<\/div>\n<\/div>\n<\/div>\n<\/div>\n<p>[\/et_pb_slide][\/et_pb_slider][et_pb_slider _builder_version=\u00a0\u00bb4.17.6&Prime; _module_preset=\u00a0\u00bbdefault\u00a0\u00bb background_color=\u00a0\u00bb#356D89&Prime; custom_padding=\u00a0\u00bb20px|0px|20px|0px|true|true\u00a0\u00bb auto=\u00a0\u00bbon\u00a0\u00bb locked=\u00a0\u00bboff\u00a0\u00bb global_colors_info=\u00a0\u00bb{}\u00a0\u00bb theme_builder_area=\u00a0\u00bbpost_content\u00a0\u00bb][et_pb_slide heading=\u00a0\u00bbObjectifs\u00a0\u00bb _builder_version=\u00a0\u00bb4.17.6&Prime; _module_preset=\u00a0\u00bbdefault\u00a0\u00bb custom_padding=\u00a0\u00bb6px||||false|false\u00a0\u00bb locked=\u00a0\u00bboff\u00a0\u00bb global_colors_info=\u00a0\u00bb{}\u00a0\u00bb sticky_transition=\u00a0\u00bbon\u00a0\u00bb theme_builder_area=\u00a0\u00bbpost_content\u00a0\u00bb]<\/p>\n<div class=\"et_pb_row et_pb_row_2\">\n<div class=\"et_pb_column et_pb_column_4_4 et_pb_column_2  et_pb_css_mix_blend_mode_passthrough et-last-child\">\n<div class=\"et_pb_module et_pb_text et_pb_text_1  et_pb_text_align_center et_pb_bg_layout_light\">\n<div class=\"et_pb_text_inner\">\n<ul>\n<li style=\"text-align: justify;\">assurer \u00e0 chaque \u00e9tudiant les meilleures conditions pour la r\u00e9ussite de ses \u00e9tudes<\/li>\n<li style=\"text-align: justify;\">permettre \u00e0 chacun de faire l\u2019exp\u00e9rience d\u2019une vie communautaire et fraternelle<\/li>\n<li style=\"text-align: justify;\">aider les jeunes \u00e0 grandir dans leur foi<\/li>\n<li style=\"text-align: justify;\">faire l\u2019exp\u00e9rience de service et d\u2019aide mutuelle<\/li>\n<\/ul>\n<h2>Le projet<\/h2>\n<ul>\n<li style=\"text-align: justify;\">est port\u00e9 par les \u00e9tudiants qui s\u2019engagent pour une ann\u00e9e (ou quelques mois) \u00e0 vivre ensemble sous le m\u00eame toit.<\/li>\n<li style=\"text-align: justify;\">est sous la responsabilit\u00e9 de la directrice de la Maison dioc\u00e9saine, Sandrine Guillaume, nomm\u00e9e par l\u2019\u00e9v\u00eaque de la Rochelle et Saintes pour la gestion de la Maison.\n<div class=\"et_pb_row et_pb_row_2\">\n<div class=\"et_pb_column et_pb_column_4_4 et_pb_column_2  et_pb_css_mix_blend_mode_passthrough et-last-child\">\n<div class=\"et_pb_module et_pb_text et_pb_text_1  et_pb_text_align_center et_pb_bg_layout_light\">\n<div class=\"et_pb_text_inner\">\n<ul><\/ul>\n<\/div>\n<\/div>\n<\/div>\n<\/div>\n<\/li>\n<\/ul>\n<\/div>\n<\/div>\n<\/div>\n<\/div>\n<p>[\/et_pb_slide][et_pb_slide heading=\u00a0\u00bbEngagements des \u00e9tudiants\u00a0\u00bb _builder_version=\u00a0\u00bb4.17.6&Prime; _module_preset=\u00a0\u00bbdefault\u00a0\u00bb custom_padding=\u00a0\u00bb6px||||false|false\u00a0\u00bb locked=\u00a0\u00bboff\u00a0\u00bb global_colors_info=\u00a0\u00bb{}\u00a0\u00bb sticky_transition=\u00a0\u00bbon\u00a0\u00bb theme_builder_area=\u00a0\u00bbpost_content\u00a0\u00bb]<\/p>\n<div class=\"et_pb_row et_pb_row_6\">\n<div class=\"et_pb_column et_pb_column_2_5 et_pb_column_8  et_pb_css_mix_blend_mode_passthrough\">\n<div class=\"et_pb_module et_pb_text et_pb_text_7  et_pb_text_align_left et_pb_bg_layout_light\">\n<h3 class=\"et_pb_text_inner\">PARTICIPATION<\/h3>\n<\/div>\n<\/div>\n<div class=\"et_pb_column et_pb_column_3_5 et_pb_column_9  et_pb_css_mix_blend_mode_passthrough et-last-child\">\n<div class=\"et_pb_module et_pb_text et_pb_text_8  et_pb_text_align_left et_pb_bg_layout_light\">\n<div class=\"et_pb_text_inner\">\n<ul>\n<li>\u00e0 un d\u00eener commun tous les mois avec la responsable de la Maison, pour renforcer la vie communautaire et r\u00e9guler la vie de la Maison (le 3\u00e8me mercredi du mois)<\/li>\n<li>\u00e0 une soir\u00e9e mensuelle (t\u00e9moignage\u2026), suivie d\u2019un temps de pri\u00e8re<\/li>\n<li>aux messes et pri\u00e8res de la Maison (jour et heure affich\u00e9s sur le tableau dans la cuisine), pour ceux qui le souhaitent<\/li>\n<\/ul>\n<\/div>\n<\/div>\n<\/div>\n<\/div>\n<div class=\"et_pb_row et_pb_row_7\">\n<div class=\"et_pb_column et_pb_column_2_5 et_pb_column_10  et_pb_css_mix_blend_mode_passthrough\">\n<div class=\"et_pb_module et_pb_text et_pb_text_9  et_pb_text_align_left et_pb_bg_layout_light\">\n<h3 class=\"et_pb_text_inner\">RESPONSABILIT\u00c9<br \/>DANS UN ESPRIT<br \/>DE SERVICE<\/h3>\n<\/div>\n<\/div>\n<div class=\"et_pb_column et_pb_column_3_5 et_pb_column_11  et_pb_css_mix_blend_mode_passthrough et-last-child\">\n<div class=\"et_pb_module et_pb_text et_pb_text_10  et_pb_text_align_left et_pb_bg_layout_light\">\n<ul>\n<li class=\"et_pb_text_inner\">Les \u00e9tudiants rendent un service \u00e0 la communaut\u00e9 chaque semaine pour le rangement et le nettoyage des parties communes (cuisine, sorties des poubelles, salon, salle de travail, couloirs). Ils pourront \u00e9galement participer \u00e0 la vie de la maison (engagement sur la r\u00e9flexion autour de l\u2019Eglise Verte ou \u00e9v\u00e8nements ponctuels).<\/li>\n<\/ul>\n<\/div>\n<\/div>\n<\/div>\n<div class=\"et_pb_row et_pb_row_8\">\n<div class=\"et_pb_column et_pb_column_2_5 et_pb_column_12  et_pb_css_mix_blend_mode_passthrough\">\n<div class=\"et_pb_module et_pb_text et_pb_text_11  et_pb_text_align_left et_pb_bg_layout_light\">\n<div class=\"et_pb_text_inner\">\n<h3>RESPECT DES AUTRES<\/h3>\n<\/div>\n<\/div>\n<\/div>\n<div class=\"et_pb_column et_pb_column_3_5 et_pb_column_13  et_pb_css_mix_blend_mode_passthrough et-last-child\">\n<div class=\"et_pb_module et_pb_text et_pb_text_12  et_pb_text_align_left et_pb_bg_layout_light\">\n<ul>\n<li class=\"et_pb_text_inner\">La Maison dioc\u00e9saine accueille les services du dioc\u00e8se (salari\u00e9s et b\u00e9n\u00e9voles), la semaine ainsi que les r\u00e9sidents (\u00e9tudiants, pr\u00eatres et la\u00efcs). Il convient de respecter les temps de silence et les espaces de vie des uns et des autres.<\/li>\n<\/ul>\n<\/div>\n<\/div>\n<\/div>\n<p>[\/et_pb_slide][\/et_pb_slider][et_pb_gallery gallery_ids=\u00a0\u00bb6239,6240,6241,6242,6243,6244,6268,6303&Prime; _builder_version=\u00a0\u00bb4.21.0&Prime; _module_preset=\u00a0\u00bbdefault\u00a0\u00bb hover_enabled=\u00a0\u00bb0&Prime; locked=\u00a0\u00bboff\u00a0\u00bb global_colors_info=\u00a0\u00bb{}\u00a0\u00bb theme_builder_area=\u00a0\u00bbpost_content\u00a0\u00bb sticky_enabled=\u00a0\u00bb0&Prime;][\/et_pb_gallery][et_pb_text _builder_version=\u00a0\u00bb4.17.6&Prime; _module_preset=\u00a0\u00bbdefault\u00a0\u00bb global_colors_info=\u00a0\u00bb{}\u00a0\u00bb theme_builder_area=\u00a0\u00bbpost_content\u00a0\u00bb][\/et_pb_text][et_pb_contact_form email=\u00a0\u00bbmd@diocese17.fr\u00a0\u00bb title=\u00a0\u00bbContacter Sandrine Guillaume, directrice de la Maison dioc\u00e9saine de Saintes\u00a0\u00bb success_message=\u00a0\u00bbMerci pour votre message !\u00a0\u00bb submit_button_text=\u00a0\u00bbEnvoyer\u00a0\u00bb _builder_version=\u00a0\u00bb4.17.6&Prime; _module_preset=\u00a0\u00bbdefault\u00a0\u00bb _unique_id=\u00a0\u00bb66d7f5ac-a325-4511-a45e-f79a6c3ecc50&Prime; locked=\u00a0\u00bboff\u00a0\u00bb global_colors_info=\u00a0\u00bb{}\u00a0\u00bb theme_builder_area=\u00a0\u00bbpost_content\u00a0\u00bb][et_pb_contact_field field_id=\u00a0\u00bbName\u00a0\u00bb field_title=\u00a0\u00bbNom\u00a0\u00bb _builder_version=\u00a0\u00bb4.16&Prime; global_colors_info=\u00a0\u00bb{}\u00a0\u00bb button_text_size__hover_enabled=\u00a0\u00bboff\u00a0\u00bb button_one_text_size__hover_enabled=\u00a0\u00bboff\u00a0\u00bb button_two_text_size__hover_enabled=\u00a0\u00bboff\u00a0\u00bb button_text_color__hover_enabled=\u00a0\u00bboff\u00a0\u00bb button_one_text_color__hover_enabled=\u00a0\u00bboff\u00a0\u00bb button_two_text_color__hover_enabled=\u00a0\u00bboff\u00a0\u00bb button_border_width__hover_enabled=\u00a0\u00bboff\u00a0\u00bb button_one_border_width__hover_enabled=\u00a0\u00bboff\u00a0\u00bb button_two_border_width__hover_enabled=\u00a0\u00bboff\u00a0\u00bb button_border_color__hover_enabled=\u00a0\u00bboff\u00a0\u00bb button_one_border_color__hover_enabled=\u00a0\u00bboff\u00a0\u00bb button_two_border_color__hover_enabled=\u00a0\u00bboff\u00a0\u00bb button_border_radius__hover_enabled=\u00a0\u00bboff\u00a0\u00bb button_one_border_radius__hover_enabled=\u00a0\u00bboff\u00a0\u00bb button_two_border_radius__hover_enabled=\u00a0\u00bboff\u00a0\u00bb button_letter_spacing__hover_enabled=\u00a0\u00bboff\u00a0\u00bb button_one_letter_spacing__hover_enabled=\u00a0\u00bboff\u00a0\u00bb button_two_letter_spacing__hover_enabled=\u00a0\u00bboff\u00a0\u00bb button_bg_color__hover_enabled=\u00a0\u00bboff\u00a0\u00bb button_one_bg_color__hover_enabled=\u00a0\u00bboff\u00a0\u00bb button_two_bg_color__hover_enabled=\u00a0\u00bboff\u00a0\u00bb theme_builder_area=\u00a0\u00bbpost_content\u00a0\u00bb][\/et_pb_contact_field][et_pb_contact_field field_id=\u00a0\u00bbEmail\u00a0\u00bb field_title=\u00a0\u00bbAdresse e-mail\u00a0\u00bb field_type=\u00a0\u00bbemail\u00a0\u00bb _builder_version=\u00a0\u00bb4.16&Prime; global_colors_info=\u00a0\u00bb{}\u00a0\u00bb button_text_size__hover_enabled=\u00a0\u00bboff\u00a0\u00bb button_one_text_size__hover_enabled=\u00a0\u00bboff\u00a0\u00bb button_two_text_size__hover_enabled=\u00a0\u00bboff\u00a0\u00bb button_text_color__hover_enabled=\u00a0\u00bboff\u00a0\u00bb button_one_text_color__hover_enabled=\u00a0\u00bboff\u00a0\u00bb button_two_text_color__hover_enabled=\u00a0\u00bboff\u00a0\u00bb button_border_width__hover_enabled=\u00a0\u00bboff\u00a0\u00bb button_one_border_width__hover_enabled=\u00a0\u00bboff\u00a0\u00bb button_two_border_width__hover_enabled=\u00a0\u00bboff\u00a0\u00bb button_border_color__hover_enabled=\u00a0\u00bboff\u00a0\u00bb button_one_border_color__hover_enabled=\u00a0\u00bboff\u00a0\u00bb button_two_border_color__hover_enabled=\u00a0\u00bboff\u00a0\u00bb button_border_radius__hover_enabled=\u00a0\u00bboff\u00a0\u00bb button_one_border_radius__hover_enabled=\u00a0\u00bboff\u00a0\u00bb button_two_border_radius__hover_enabled=\u00a0\u00bboff\u00a0\u00bb button_letter_spacing__hover_enabled=\u00a0\u00bboff\u00a0\u00bb button_one_letter_spacing__hover_enabled=\u00a0\u00bboff\u00a0\u00bb button_two_letter_spacing__hover_enabled=\u00a0\u00bboff\u00a0\u00bb button_bg_color__hover_enabled=\u00a0\u00bboff\u00a0\u00bb button_one_bg_color__hover_enabled=\u00a0\u00bboff\u00a0\u00bb button_two_bg_color__hover_enabled=\u00a0\u00bboff\u00a0\u00bb theme_builder_area=\u00a0\u00bbpost_content\u00a0\u00bb][\/et_pb_contact_field][et_pb_contact_field field_id=\u00a0\u00bbMessage\u00a0\u00bb field_title=\u00a0\u00bbMessage\u00a0\u00bb field_type=\u00a0\u00bbtext\u00a0\u00bb fullwidth_field=\u00a0\u00bbon\u00a0\u00bb _builder_version=\u00a0\u00bb4.16&Prime; global_colors_info=\u00a0\u00bb{}\u00a0\u00bb button_text_size__hover_enabled=\u00a0\u00bboff\u00a0\u00bb button_one_text_size__hover_enabled=\u00a0\u00bboff\u00a0\u00bb button_two_text_size__hover_enabled=\u00a0\u00bboff\u00a0\u00bb button_text_color__hover_enabled=\u00a0\u00bboff\u00a0\u00bb button_one_text_color__hover_enabled=\u00a0\u00bboff\u00a0\u00bb button_two_text_color__hover_enabled=\u00a0\u00bboff\u00a0\u00bb button_border_width__hover_enabled=\u00a0\u00bboff\u00a0\u00bb button_one_border_width__hover_enabled=\u00a0\u00bboff\u00a0\u00bb button_two_border_width__hover_enabled=\u00a0\u00bboff\u00a0\u00bb button_border_color__hover_enabled=\u00a0\u00bboff\u00a0\u00bb button_one_border_color__hover_enabled=\u00a0\u00bboff\u00a0\u00bb button_two_border_color__hover_enabled=\u00a0\u00bboff\u00a0\u00bb button_border_radius__hover_enabled=\u00a0\u00bboff\u00a0\u00bb button_one_border_radius__hover_enabled=\u00a0\u00bboff\u00a0\u00bb button_two_border_radius__hover_enabled=\u00a0\u00bboff\u00a0\u00bb button_letter_spacing__hover_enabled=\u00a0\u00bboff\u00a0\u00bb button_one_letter_spacing__hover_enabled=\u00a0\u00bboff\u00a0\u00bb button_two_letter_spacing__hover_enabled=\u00a0\u00bboff\u00a0\u00bb button_bg_color__hover_enabled=\u00a0\u00bboff\u00a0\u00bb button_one_bg_color__hover_enabled=\u00a0\u00bboff\u00a0\u00bb button_two_bg_color__hover_enabled=\u00a0\u00bboff\u00a0\u00bb theme_builder_area=\u00a0\u00bbpost_content\u00a0\u00bb][\/et_pb_contact_field][\/et_pb_contact_form][\/et_pb_column][\/et_pb_row][\/et_pb_section]<\/p>\n","protected":false},"excerpt":{"rendered":"<p>La Maison dioc\u00e9saine Robert Jacquinot accueille des \u00e9tudiants et leur permet de vivre fraternellement et en communaut\u00e9 pendant leur temps d\u2019\u00e9tude et de formation. Les \u00e9tudiants pourront partager des temps [&hellip;]<\/p>\n","protected":false},"author":4,"featured_media":6303,"parent":0,"menu_order":0,"comment_status":"closed","ping_status":"closed","template":"","meta":{"_et_pb_use_builder":"on","_et_pb_old_content":"","_et_gb_content_width":"","footnotes":""},"class_list":["post-5200","page","type-page","status-publish","has-post-thumbnail","hentry"],"_links":{"self":[{"href":"https:\/\/catholiques17.fr\/maisondiocesaine\/wp-json\/wp\/v2\/pages\/5200","targetHints":{"allow":["GET"]}}],"collection":[{"href":"https:\/\/catholiques17.fr\/maisondiocesaine\/wp-json\/wp\/v2\/pages"}],"about":[{"href":"https:\/\/catholiques17.fr\/maisondiocesaine\/wp-json\/wp\/v2\/types\/page"}],"author":[{"embeddable":true,"href":"https:\/\/catholiques17.fr\/maisondiocesaine\/wp-json\/wp\/v2\/users\/4"}],"replies":[{"embeddable":true,"href":"https:\/\/catholiques17.fr\/maisondiocesaine\/wp-json\/wp\/v2\/comments?post=5200"}],"version-history":[{"count":15,"href":"https:\/\/catholiques17.fr\/maisondiocesaine\/wp-json\/wp\/v2\/pages\/5200\/revisions"}],"predecessor-version":[{"id":6306,"href":"https:\/\/catholiques17.fr\/maisondiocesaine\/wp-json\/wp\/v2\/pages\/5200\/revisions\/6306"}],"wp:featuredmedia":[{"embeddable":true,"href":"https:\/\/catholiques17.fr\/maisondiocesaine\/wp-json\/wp\/v2\/media\/6303"}],"wp:attachment":[{"href":"https:\/\/catholiques17.fr\/maisondiocesaine\/wp-json\/wp\/v2\/media?parent=5200"}],"curies":[{"name":"wp","href":"https:\/\/api.w.org\/{rel}","templated":true}]}}