{"id":11105,"date":"2025-08-25T09:56:53","date_gmt":"2025-08-25T07:56:53","guid":{"rendered":"https:\/\/catholiques17.fr\/jonzac\/?page_id=11105"},"modified":"2025-08-25T13:31:28","modified_gmt":"2025-08-25T11:31:28","slug":"article-paru-dans-le-journal-la-croix-le-19-aout-2025","status":"publish","type":"page","link":"https:\/\/catholiques17.fr\/jonzac\/paroisse\/article-paru-dans-le-journal-la-croix-le-19-aout-2025\/","title":{"rendered":"Article paru dans le journal La Croix le 19 ao\u00fbt 2025"},"content":{"rendered":"<p>[et_pb_section fb_built=\u00a0\u00bb1&Prime; admin_label=\u00a0\u00bbsection\u00a0\u00bb _builder_version=\u00a0\u00bb4.16&Prime; global_colors_info=\u00a0\u00bb{}\u00a0\u00bb theme_builder_area=\u00a0\u00bbpost_content\u00a0\u00bb][et_pb_row column_structure=\u00a0\u00bb2_5,3_5&Prime; admin_label=\u00a0\u00bbrow\u00a0\u00bb _builder_version=\u00a0\u00bb4.16&Prime; background_size=\u00a0\u00bbinitial\u00a0\u00bb background_position=\u00a0\u00bbtop_left\u00a0\u00bb background_repeat=\u00a0\u00bbrepeat\u00a0\u00bb global_colors_info=\u00a0\u00bb{}\u00a0\u00bb theme_builder_area=\u00a0\u00bbpost_content\u00a0\u00bb][et_pb_column type=\u00a0\u00bb2_5&Prime; _builder_version=\u00a0\u00bb4.16&Prime; custom_padding=\u00a0\u00bb|||\u00a0\u00bb global_colors_info=\u00a0\u00bb{}\u00a0\u00bb custom_padding__hover=\u00a0\u00bb|||\u00a0\u00bb theme_builder_area=\u00a0\u00bbpost_content\u00a0\u00bb][et_pb_image src=\u00a0\u00bbhttps:\/\/catholiques17.fr\/jonzac\/wp-content\/uploads\/sites\/39\/2025\/08\/Pierre-Antoine-Bozo.jpg\u00a0\u00bb title_text=\u00a0\u00bbPierre Antoine Bozo\u00a0\u00bb _builder_version=\u00a0\u00bb4.27.4&Prime; _module_preset=\u00a0\u00bbdefault\u00a0\u00bb global_colors_info=\u00a0\u00bb{}\u00a0\u00bb theme_builder_area=\u00a0\u00bbpost_content\u00a0\u00bb][\/et_pb_image][\/et_pb_column][et_pb_column type=\u00a0\u00bb3_5&Prime; _builder_version=\u00a0\u00bb4.16&Prime; custom_padding=\u00a0\u00bb|||\u00a0\u00bb global_colors_info=\u00a0\u00bb{}\u00a0\u00bb custom_padding__hover=\u00a0\u00bb|||\u00a0\u00bb theme_builder_area=\u00a0\u00bbpost_content\u00a0\u00bb][et_pb_text _builder_version=\u00a0\u00bb4.27.4&Prime; _module_preset=\u00a0\u00bbdefault\u00a0\u00bb global_colors_info=\u00a0\u00bb{}\u00a0\u00bb theme_builder_area=\u00a0\u00bbpost_content\u00a0\u00bb]<\/p>\n<div style=\"font-size: 16px\"><\/div>\n<div style=\"font-size: 16px\"><\/div>\n<p>\u00cav\u00eaque de Limoges depuis 2017, Mgr Pierre-Antoine Bozo a \u00e9t\u00e9 nomm\u00e9 \u00e9v\u00eaque coadjuteur de La Rochelle, le 19 ao\u00fbt<\/p>\n<p>[\/et_pb_text][\/et_pb_column][\/et_pb_row][et_pb_row _builder_version=\u00a0\u00bb4.21.0&Prime; _module_preset=\u00a0\u00bbdefault\u00a0\u00bb global_colors_info=\u00a0\u00bb{}\u00a0\u00bb theme_builder_area=\u00a0\u00bbpost_content\u00a0\u00bb][et_pb_column type=\u00a0\u00bb4_4&Prime; _builder_version=\u00a0\u00bb4.21.0&Prime; _module_preset=\u00a0\u00bbdefault\u00a0\u00bb global_colors_info=\u00a0\u00bb{}\u00a0\u00bb theme_builder_area=\u00a0\u00bbpost_content\u00a0\u00bb][et_pb_divider _builder_version=\u00a0\u00bb4.21.0&Prime; _module_preset=\u00a0\u00bbdefault\u00a0\u00bb global_colors_info=\u00a0\u00bb{}\u00a0\u00bb theme_builder_area=\u00a0\u00bbpost_content\u00a0\u00bb][\/et_pb_divider][et_pb_text _builder_version=\u00a0\u00bb4.27.4&Prime; _module_preset=\u00a0\u00bbdefault\u00a0\u00bb global_colors_info=\u00a0\u00bb{}\u00a0\u00bb theme_builder_area=\u00a0\u00bbpost_content\u00a0\u00bb]<\/p>\n<h4>Mgr Pierre-Antoine Bozo, \u00e9v\u00eaque de Limoges depuis 2017, a \u00e9t\u00e9 nomm\u00e9, mardi 19 ao\u00fbt, \u00e9v\u00eaque coadjuteur de La Rochelle par le pape L\u00e9on XIV. L&rsquo;actuel \u00e9v\u00eaque du dioc\u00e8se, Mgr Colomb, aujourd&rsquo;hui mis en examen pour \u00ab\u00a0tentative de viol\u00a0\u00bb, \u00e9tait en retrait depuis juin 2023.<\/h4>\n<p>[\/et_pb_text][\/et_pb_column][\/et_pb_row][et_pb_row _builder_version=\u00a0\u00bb4.21.0&Prime; _module_preset=\u00a0\u00bbdefault\u00a0\u00bb global_colors_info=\u00a0\u00bb{}\u00a0\u00bb theme_builder_area=\u00a0\u00bbpost_content\u00a0\u00bb][et_pb_column type=\u00a0\u00bb4_4&Prime; _builder_version=\u00a0\u00bb4.21.0&Prime; _module_preset=\u00a0\u00bbdefault\u00a0\u00bb global_colors_info=\u00a0\u00bb{}\u00a0\u00bb theme_builder_area=\u00a0\u00bbpost_content\u00a0\u00bb][et_pb_text _builder_version=\u00a0\u00bb4.27.4&Prime; _module_preset=\u00a0\u00bbdefault\u00a0\u00bb global_colors_info=\u00a0\u00bb{}\u00a0\u00bb theme_builder_area=\u00a0\u00bbpost_content\u00a0\u00bb]<\/p>\n<p><em>\u00ab\u00a0Surpris et touch\u00e9.\u00a0\u00bb <\/em>\u00c2g\u00e9 de 59 ans, Mgr Pierre-Antoine Bozo, a \u00e9t\u00e9 nomm\u00e9, mardi 19 ao\u00fbt par le pape L\u00e9on XIV, \u00e9v\u00eaque coadjuteur du dioc\u00e8se de La Rochelle (Charente Maritime). Celui qui \u00e9tait \u00e9v\u00eaque de Limoges depuis 2017 a \u00e9t\u00e9 nomm\u00e9 coadjuteur &#8211; \u00e9v\u00eaque adjoint \u00e0 l&rsquo;\u00e9v\u00eaque dioc\u00e9sain, ayant droit de succession &#8211; mais en se voyant conf\u00e9rer par le pape\u00a0<em>\u00ab\u00a0les facult\u00e9s sp\u00e9ciales qui consistent en la m\u00eame juridiction que celle qui appartient \u00e0 l&rsquo;\u00e9v\u00eaque dioc\u00e9sain\u00a0\u00bb.<\/em><\/p>\n<p>Autrement dit, c&rsquo;est \u00e0 lui que reviendra la gouvernance du dioc\u00e8se dont l&rsquo;\u00e9v\u00eaque Mgr Colomb a \u00e9t\u00e9 d\u00e9charg\u00e9 par le pape Fran\u00e7ois le 14 juin 2023. Une mise en retrait alors que Mgr Colomb \u00e9tait vis\u00e9 par l&rsquo;ouverture d&rsquo;une enqu\u00eate pr\u00e9liminaire du parquet de Paris pour\u00a0<em>\u00ab\u00a0des faits de nature sexuelle\u00a0\u00bb<\/em> remontant \u00e0 2013 alors qu&rsquo;il \u00e9tait sup\u00e9rieur g\u00e9n\u00e9ral des Missions \u00e9trang\u00e8res de Paris (MEP). En novembre 2023, il avait \u00e9t\u00e9 mis en examen pour <em>\u00ab\u00a0tentative de viol sur un homme majeur\u00a0\u00bb<\/em>. Depuis juin 2023, c&rsquo;est Mgr Fran\u00e7ois Jacolin, \u00e9v\u00eaque voisin de Lu\u00e7on, qui assurait la fonction d&rsquo;administrateur apostolique du dioc\u00e8se de La Rochelle.<\/p>\n<p>[\/et_pb_text][et_pb_text _builder_version=\u00a0\u00bb4.27.4&Prime; _module_preset=\u00a0\u00bbdefault\u00a0\u00bb global_colors_info=\u00a0\u00bb{}\u00a0\u00bb theme_builder_area=\u00a0\u00bbpost_content\u00a0\u00bb]<\/p>\n<h4><strong>\u00catre un pasteur de terrain<\/strong><\/h4>\n<p>[\/et_pb_text][et_pb_text _builder_version=\u00a0\u00bb4.27.4&Prime; _module_preset=\u00a0\u00bbdefault\u00a0\u00bb hover_enabled=\u00a0\u00bb0&Prime; global_colors_info=\u00a0\u00bb{}\u00a0\u00bb theme_builder_area=\u00a0\u00bbpost_content\u00a0\u00bb sticky_enabled=\u00a0\u00bb0&Prime;]<\/p>\n<p>Mgr Pierre-Antoine Bozo arrive ainsi dans un dioc\u00e8se fortement bouscul\u00e9 depuis plus de deux ans. Il pourra compter sur son exp\u00e9rience \u00e0 Limoges pour redonner du souffle. Ordonn\u00e9 \u00e9v\u00eaque \u00e0 seulement 51 ans, ce natif de l&rsquo;Orne a grandi dans une famille catholique.<\/p>\n<p><em>\u00ab\u00a0J&rsquo;arrive dans un dioc\u00e8se fragilis\u00e9 qui, je le pense, a besoin d&rsquo;un pasteur pr\u00e9sent sur le terrain, <\/em>assure Mgr Pierre-Antoine Bozo.\u00a0<em> Je souhaite \u00eatre pr\u00e9sent, c&rsquo;est ce qui m&rsquo;est demand\u00e9. Je vais beaucoup parl\u00e9 et \u00eatre \u00e0 l&rsquo;\u00e9coute.\u00a0\u00bb\u00a0<\/em>Ce passionn\u00e9 d&rsquo;apiculture raconte avoir d\u00e9j\u00e0 rencontr\u00e9 plusieurs acteurs de son nouveau dioc\u00e8se par le pass\u00e9.\u00a0<em>\u00ab\u00a0La Rochelle et Limoges sont dans la m\u00eame province \u00e9ccl\u00e9siastique\u00a0\u00bb<\/em>, celle de Poitiers, souligne celui qui a \u00e9t\u00e9 ordonn\u00e9 pr\u00eatre pour le dioc\u00e8se de S\u00e9ez en 1994.\u00a0<em>\u00ab\u00a0J&rsquo;avais besoin d&rsquo;un sens profond que je ne trouvais pas dans ma vie \u00e9tudiante,\u00a0<\/em>raconte cet amateur de jardinage.\u00a0<em>J&rsquo;avais besoin de red\u00e9couvrir J\u00e9sus et je suis entr\u00e9 au s\u00e9minaire \u00e0 Rome.\u00a0\u00bb<\/em><\/p>\n<p>[\/et_pb_text][et_pb_text _builder_version=\u00a0\u00bb4.27.4&Prime; _module_preset=\u00a0\u00bbdefault\u00a0\u00bb global_colors_info=\u00a0\u00bb{}\u00a0\u00bb theme_builder_area=\u00a0\u00bbpost_content\u00a0\u00bb]<\/p>\n<h4><strong>Membre du Conseil permanent du CEF<\/strong><\/h4>\n<p>[\/et_pb_text][\/et_pb_column][\/et_pb_row][et_pb_row _builder_version=\u00a0\u00bb4.21.0&Prime; _module_preset=\u00a0\u00bbdefault\u00a0\u00bb global_colors_info=\u00a0\u00bb{}\u00a0\u00bb theme_builder_area=\u00a0\u00bbpost_content\u00a0\u00bb][et_pb_column type=\u00a0\u00bb4_4&Prime; _builder_version=\u00a0\u00bb4.21.0&Prime; _module_preset=\u00a0\u00bbdefault\u00a0\u00bb global_colors_info=\u00a0\u00bb{}\u00a0\u00bb theme_builder_area=\u00a0\u00bbpost_content\u00a0\u00bb][et_pb_text _builder_version=\u00a0\u00bb4.27.4&Prime; _module_preset=\u00a0\u00bbdefault\u00a0\u00bb global_colors_info=\u00a0\u00bb{}\u00a0\u00bb theme_builder_area=\u00a0\u00bbpost_content\u00a0\u00bb]<\/p>\n<p>Au cours de ses diff\u00e9rentes exp\u00e9riences pastorales, Mgr Pierre-Antoine Bozo a \u00e9t\u00e9 marqu\u00e9 par plusieurs missions aupr\u00e8s des jeunes.<em> \u00ab\u00a0J&rsquo;ai \u00e9t\u00e9 formateur au s\u00e9minaire et aum\u00f4nier des \u00e9tudiants \u00e0 Alen\u00e7on puis \u00e0 Caen,\u00a0<\/em>se souvient l&rsquo;\u00e9v\u00eaque.\u00a0<em>J&rsquo;ai toujours ce go\u00fbt d&rsquo;annoncer le Christ et ce n&rsquo;est pas qu&rsquo;une belle formule : ma passion c&rsquo;est de suivre J\u00e9sus.\u00a0\u00bb<\/em> De 2017 \u00e0 2022, il a \u00e9t\u00e9 membre du Conseil de la pastorale des enfants et des jeunes de la Conf\u00e9rence des \u00e9v\u00eaques de France (CEF) et r\u00e9f\u00e9rent pour les mouvements de scoutisme catholique. Depuis 2022, il est \u00e9galement membre du Conseil permanent de la CEF.<\/p>\n<p>Mgr Bozo ne quitte pas tout de suite le dioc\u00e8se de Limoges, pour lequel il a d\u00e9velopp\u00e9 un profond attachement : \u00ab\u00a0<em>Je reste administrateur jusqu&rsquo;\u00e0 ce qu&rsquo;un successeur soit d\u00e9sign\u00e9.\u00a0\u00bb<\/em> Cet amoureux de la nature se tourne d\u00e9sormais vers sa nouvelle mission \u00e0 La Rochelle. \u00ab\u00a0<em>Je n&rsquo;ai jamais eu de dioc\u00e8se au bord de la mer,\u00a0<\/em>sourit-il.\u00a0<em>Ici tout est maritime, je vais devoir m&rsquo;y faire.\u00a0\u00bb<\/em> Il prendra ses nouvelles fonctions le dimanche 19 octobre.<\/p>\n<h5>\u00a0<\/h5>\n<p>[\/et_pb_text][\/et_pb_column][\/et_pb_row][et_pb_row _builder_version=\u00a0\u00bb4.21.0&Prime; _module_preset=\u00a0\u00bbdefault\u00a0\u00bb global_colors_info=\u00a0\u00bb{}\u00a0\u00bb theme_builder_area=\u00a0\u00bbpost_content\u00a0\u00bb][et_pb_column type=\u00a0\u00bb4_4&Prime; _builder_version=\u00a0\u00bb4.21.0&Prime; _module_preset=\u00a0\u00bbdefault\u00a0\u00bb global_colors_info=\u00a0\u00bb{}\u00a0\u00bb theme_builder_area=\u00a0\u00bbpost_content\u00a0\u00bb][et_pb_divider _builder_version=\u00a0\u00bb4.21.0&Prime; _module_preset=\u00a0\u00bbdefault\u00a0\u00bb global_colors_info=\u00a0\u00bb{}\u00a0\u00bb theme_builder_area=\u00a0\u00bbpost_content\u00a0\u00bb][\/et_pb_divider][\/et_pb_column][\/et_pb_row][et_pb_row column_structure=\u00a0\u00bb3_5,2_5&Prime; _builder_version=\u00a0\u00bb4.21.0&Prime; _module_preset=\u00a0\u00bbdefault\u00a0\u00bb global_colors_info=\u00a0\u00bb{}\u00a0\u00bb theme_builder_area=\u00a0\u00bbpost_content\u00a0\u00bb][et_pb_column type=\u00a0\u00bb3_5&Prime; _builder_version=\u00a0\u00bb4.21.0&Prime; _module_preset=\u00a0\u00bbdefault\u00a0\u00bb global_colors_info=\u00a0\u00bb{}\u00a0\u00bb theme_builder_area=\u00a0\u00bbpost_content\u00a0\u00bb][et_pb_button button_url=\u00a0\u00bbhttps:\/\/eglise.catholique.fr\/espace-presse\/communiques-de-presse\/565842-mgr-pierre-antoine-bozo-eveque-coadjuteur-de-la-rochelle\/\u00a0\u00bb button_text=\u00a0\u00bblien vers le site de la conf\u00e9rence des \u00e9v\u00eaques de France\u00a0\u00bb _builder_version=\u00a0\u00bb4.27.4&Prime; _module_preset=\u00a0\u00bbdefault\u00a0\u00bb global_colors_info=\u00a0\u00bb{}\u00a0\u00bb theme_builder_area=\u00a0\u00bbpost_content\u00a0\u00bb][\/et_pb_button][\/et_pb_column][et_pb_column type=\u00a0\u00bb2_5&Prime; _builder_version=\u00a0\u00bb4.21.0&Prime; _module_preset=\u00a0\u00bbdefault\u00a0\u00bb global_colors_info=\u00a0\u00bb{}\u00a0\u00bb theme_builder_area=\u00a0\u00bbpost_content\u00a0\u00bb][et_pb_image src=\u00a0\u00bbhttps:\/\/catholiques17.fr\/jonzac\/wp-content\/uploads\/sites\/39\/2024\/12\/conference-des-eveques-de-France.jpg\u00a0\u00bb title_text=\u00a0\u00bbconf\u00e9rence des \u00e9v\u00eaques de France\u00a0\u00bb url=\u00a0\u00bbhttps:\/\/eglise.catholique.fr\/\u00a0\u00bb _builder_version=\u00a0\u00bb4.27.4&Prime; _module_preset=\u00a0\u00bbdefault\u00a0\u00bb global_colors_info=\u00a0\u00bb{}\u00a0\u00bb theme_builder_area=\u00a0\u00bbpost_content\u00a0\u00bb][\/et_pb_image][\/et_pb_column][\/et_pb_row][et_pb_row column_structure=\u00a0\u00bb3_5,2_5&Prime; _builder_version=\u00a0\u00bb4.21.0&Prime; _module_preset=\u00a0\u00bbdefault\u00a0\u00bb global_colors_info=\u00a0\u00bb{}\u00a0\u00bb theme_builder_area=\u00a0\u00bbpost_content\u00a0\u00bb][et_pb_column type=\u00a0\u00bb3_5&Prime; _builder_version=\u00a0\u00bb4.21.0&Prime; _module_preset=\u00a0\u00bbdefault\u00a0\u00bb global_colors_info=\u00a0\u00bb{}\u00a0\u00bb theme_builder_area=\u00a0\u00bbpost_content\u00a0\u00bb][et_pb_button button_url=\u00a0\u00bbhttps:\/\/www.la-croix.com\/religion\/mgr-pierre-antoine-bozo-nomme-eveque-coadjuteur-de-la-rochelle-20250819&Prime; button_text=\u00a0\u00bbLien vers l&rsquo;article\u00a0\u00bb _builder_version=\u00a0\u00bb4.27.4&Prime; _module_preset=\u00a0\u00bbdefault\u00a0\u00bb global_colors_info=\u00a0\u00bb{}\u00a0\u00bb theme_builder_area=\u00a0\u00bbpost_content\u00a0\u00bb][\/et_pb_button][\/et_pb_column][et_pb_column type=\u00a0\u00bb2_5&Prime; _builder_version=\u00a0\u00bb4.21.0&Prime; _module_preset=\u00a0\u00bbdefault\u00a0\u00bb global_colors_info=\u00a0\u00bb{}\u00a0\u00bb theme_builder_area=\u00a0\u00bbpost_content\u00a0\u00bb][et_pb_image src=\u00a0\u00bbhttps:\/\/catholiques17.fr\/jonzac\/wp-content\/uploads\/sites\/39\/2024\/12\/La-Croix.jpg\u00a0\u00bb title_text=\u00a0\u00bbLa Croix\u00a0\u00bb url=\u00a0\u00bbhttps:\/\/www.la-croix.com\/\u00a0\u00bb _builder_version=\u00a0\u00bb4.27.4&Prime; _module_preset=\u00a0\u00bbdefault\u00a0\u00bb global_colors_info=\u00a0\u00bb{}\u00a0\u00bb theme_builder_area=\u00a0\u00bbpost_content\u00a0\u00bb][\/et_pb_image][\/et_pb_column][\/et_pb_row][et_pb_row column_structure=\u00a0\u00bb3_5,2_5&Prime; _builder_version=\u00a0\u00bb4.21.0&Prime; _module_preset=\u00a0\u00bbdefault\u00a0\u00bb global_colors_info=\u00a0\u00bb{}\u00a0\u00bb theme_builder_area=\u00a0\u00bbpost_content\u00a0\u00bb][et_pb_column type=\u00a0\u00bb3_5&Prime; _builder_version=\u00a0\u00bb4.21.0&Prime; _module_preset=\u00a0\u00bbdefault\u00a0\u00bb global_colors_info=\u00a0\u00bb{}\u00a0\u00bb theme_builder_area=\u00a0\u00bbpost_content\u00a0\u00bb][et_pb_code _builder_version=\u00a0\u00bb4.21.0&Prime; _module_preset=\u00a0\u00bbdefault\u00a0\u00bb global_colors_info=\u00a0\u00bb{}\u00a0\u00bb theme_builder_area=\u00a0\u00bbpost_content\u00a0\u00bb][\/et_pb_code][et_pb_code _builder_version=\u00a0\u00bb4.21.0&Prime; _module_preset=\u00a0\u00bbdefault\u00a0\u00bb custom_margin=\u00a0\u00bb15px|||||\u00a0\u00bb global_colors_info=\u00a0\u00bb{}\u00a0\u00bb theme_builder_area=\u00a0\u00bbpost_content\u00a0\u00bb][\/et_pb_code][et_pb_image src=\u00a0\u00bbhttps:\/\/catholiques17.fr\/jonzac\/wp-content\/uploads\/sites\/39\/2025\/08\/Portrait-de-notre-nouvel-eveque-par-la-chaine-catholique-KTO.jpg\u00a0\u00bb title_text=\u00a0\u00bbPortrait de notre nouvel \u00e9v\u00eaque par la cha\u00eene catholique KTO\u00a0\u00bb url=\u00a0\u00bbhttps:\/\/www.youtube.com\/watch?v=AQTRmVjaXd0&Prime; _builder_version=\u00a0\u00bb4.27.4&Prime; _module_preset=\u00a0\u00bbdefault\u00a0\u00bb global_colors_info=\u00a0\u00bb{}\u00a0\u00bb theme_builder_area=\u00a0\u00bbpost_content\u00a0\u00bb][\/et_pb_image][et_pb_code _builder_version=\u00a0\u00bb4.21.0&Prime; _module_preset=\u00a0\u00bbdefault\u00a0\u00bb custom_margin=\u00a0\u00bb4px||11px|||\u00a0\u00bb global_colors_info=\u00a0\u00bb{}\u00a0\u00bb theme_builder_area=\u00a0\u00bbpost_content\u00a0\u00bb][\/et_pb_code][et_pb_code _builder_version=\u00a0\u00bb4.21.0&Prime; _module_preset=\u00a0\u00bbdefault\u00a0\u00bb link_option_url=\u00a0\u00bbhttps:\/\/www.youtube.com\/live\/JEXs7esvsXw?si=vBPTveul1rBFFyFI\u00a0\u00bb global_colors_info=\u00a0\u00bb{}\u00a0\u00bb theme_builder_area=\u00a0\u00bbpost_content\u00a0\u00bb][\/et_pb_code][\/et_pb_column][et_pb_column type=\u00a0\u00bb2_5&Prime; _builder_version=\u00a0\u00bb4.21.0&Prime; _module_preset=\u00a0\u00bbdefault\u00a0\u00bb global_colors_info=\u00a0\u00bb{}\u00a0\u00bb theme_builder_area=\u00a0\u00bbpost_content\u00a0\u00bb][et_pb_image src=\u00a0\u00bbhttps:\/\/catholiques17.fr\/jonzac\/wp-content\/uploads\/sites\/39\/2024\/12\/KTO-television-catholique.jpg\u00a0\u00bb title_text=\u00a0\u00bbKTO t\u00e9l\u00e9vision catholique\u00a0\u00bb url=\u00a0\u00bbhttps:\/\/www.ktotv.com\/\u00a0\u00bb _builder_version=\u00a0\u00bb4.27.4&Prime; _module_preset=\u00a0\u00bbdefault\u00a0\u00bb global_colors_info=\u00a0\u00bb{}\u00a0\u00bb theme_builder_area=\u00a0\u00bbpost_content\u00a0\u00bb][\/et_pb_image][\/et_pb_column][\/et_pb_row][\/et_pb_section]<\/p>\n","protected":false},"excerpt":{"rendered":"<p>\u00cav\u00eaque de Limoges depuis 2017, Mgr Pierre-Antoine Bozo a \u00e9t\u00e9 nomm\u00e9 \u00e9v\u00eaque coadjuteur de La Rochelle, le 19 ao\u00fbtMgr Pierre-Antoine Bozo, \u00e9v\u00eaque de Limoges depuis 2017, a \u00e9t\u00e9 nomm\u00e9, mardi [&hellip;]<\/p>\n","protected":false},"author":65,"featured_media":0,"parent":5224,"menu_order":0,"comment_status":"closed","ping_status":"closed","template":"","meta":{"_et_pb_use_builder":"on","_et_pb_old_content":"","_et_gb_content_width":"","footnotes":""},"class_list":["post-11105","page","type-page","status-publish","hentry"],"_links":{"self":[{"href":"https:\/\/catholiques17.fr\/jonzac\/wp-json\/wp\/v2\/pages\/11105","targetHints":{"allow":["GET"]}}],"collection":[{"href":"https:\/\/catholiques17.fr\/jonzac\/wp-json\/wp\/v2\/pages"}],"about":[{"href":"https:\/\/catholiques17.fr\/jonzac\/wp-json\/wp\/v2\/types\/page"}],"author":[{"embeddable":true,"href":"https:\/\/catholiques17.fr\/jonzac\/wp-json\/wp\/v2\/users\/65"}],"replies":[{"embeddable":true,"href":"https:\/\/catholiques17.fr\/jonzac\/wp-json\/wp\/v2\/comments?post=11105"}],"version-history":[{"count":9,"href":"https:\/\/catholiques17.fr\/jonzac\/wp-json\/wp\/v2\/pages\/11105\/revisions"}],"predecessor-version":[{"id":11127,"href":"https:\/\/catholiques17.fr\/jonzac\/wp-json\/wp\/v2\/pages\/11105\/revisions\/11127"}],"up":[{"embeddable":true,"href":"https:\/\/catholiques17.fr\/jonzac\/wp-json\/wp\/v2\/pages\/5224"}],"wp:attachment":[{"href":"https:\/\/catholiques17.fr\/jonzac\/wp-json\/wp\/v2\/media?parent=11105"}],"curies":[{"name":"wp","href":"https:\/\/api.w.org\/{rel}","templated":true}]}}