{"id":8341,"date":"2022-12-15T08:45:02","date_gmt":"2022-12-15T07:45:02","guid":{"rendered":"https:\/\/catholiques17.fr\/gemozac\/?page_id=8341"},"modified":"2023-08-29T18:12:45","modified_gmt":"2023-08-29T16:12:45","slug":"aide-aux-devoirs","status":"publish","type":"page","link":"https:\/\/catholiques17.fr\/gemozac\/les-services\/aide-aux-devoirs\/","title":{"rendered":"Aide aux devoirs"},"content":{"rendered":"<p>[et_pb_section fb_built=\u00a0\u00bb1&Prime; _builder_version=\u00a0\u00bb4.17.6&Prime; _module_preset=\u00a0\u00bbdefault\u00a0\u00bb global_colors_info=\u00a0\u00bb{}\u00a0\u00bb theme_builder_area=\u00a0\u00bbpost_content\u00a0\u00bb][et_pb_row column_structure=\u00a0\u00bb2_5,3_5&Prime; _builder_version=\u00a0\u00bb4.17.6&Prime; _module_preset=\u00a0\u00bbdefault\u00a0\u00bb global_colors_info=\u00a0\u00bb{}\u00a0\u00bb theme_builder_area=\u00a0\u00bbpost_content\u00a0\u00bb][et_pb_column type=\u00a0\u00bb2_5&Prime; _builder_version=\u00a0\u00bb4.17.6&Prime; _module_preset=\u00a0\u00bbdefault\u00a0\u00bb global_colors_info=\u00a0\u00bb{}\u00a0\u00bb theme_builder_area=\u00a0\u00bbpost_content\u00a0\u00bb][et_pb_image src=\u00a0\u00bbhttps:\/\/catholiques17.fr\/gemozac\/wp-content\/uploads\/sites\/34\/2022\/12\/pencil-g97a82a96f_1920.jpg\u00a0\u00bb title_text=\u00a0\u00bbpencil-g97a82a96f_1920&Prime; _builder_version=\u00a0\u00bb4.17.6&Prime; _module_preset=\u00a0\u00bbdefault\u00a0\u00bb border_radii=\u00a0\u00bbon|20px|20px|20px|20px\u00a0\u00bb global_colors_info=\u00a0\u00bb{}\u00a0\u00bb theme_builder_area=\u00a0\u00bbpost_content\u00a0\u00bb][\/et_pb_image][\/et_pb_column][et_pb_column type=\u00a0\u00bb3_5&Prime; _builder_version=\u00a0\u00bb4.17.6&Prime; _module_preset=\u00a0\u00bbdefault\u00a0\u00bb global_colors_info=\u00a0\u00bb{}\u00a0\u00bb theme_builder_area=\u00a0\u00bbpost_content\u00a0\u00bb][et_pb_text _builder_version=\u00a0\u00bb4.21.0&Prime; _module_preset=\u00a0\u00bbdefault\u00a0\u00bb hover_enabled=\u00a0\u00bb0&Prime; global_colors_info=\u00a0\u00bb{}\u00a0\u00bb theme_builder_area=\u00a0\u00bbpost_content\u00a0\u00bb sticky_enabled=\u00a0\u00bb0&Prime;]<\/p>\n<p style=\"margin-bottom: 0cm\" align=\"JUSTIFY\"><span style=\"font-size: medium\"><\/span><\/p>\n<p style=\"margin-bottom: 0cm\" align=\"JUSTIFY\"><span style=\"font-size: medium\"><\/span><\/p>\n<p style=\"margin-bottom: 0cm\" align=\"JUSTIFY\"><span style=\"font-size: medium\">Nous organisons pour les enfants en \u00e2ge scolaire une rencontre par semaine \u00e0 la sortie de l\u2019\u00e9cole, le mardi de 16h30 \u00e0 18h30, \u00e0 la maison des S\u0153urs, rue Carnot. Les enfants se retrouvent apr\u00e8s l\u2019\u00e9cole, pour go\u00fbter et jouer, une petite initiation \u00e0 la pri\u00e8re est propos\u00e9e ainsi qu\u2019un temps consacr\u00e9 \u00e0 l\u2019aide aux devoirs scolaires. <\/span><\/p>\n<p style=\"margin-bottom: 0cm\" align=\"JUSTIFY\"><span style=\"font-size: small\">\u00a0<\/span><\/p>\n<p>[\/et_pb_text][\/et_pb_column][\/et_pb_row][et_pb_row _builder_version=\u00a0\u00bb4.21.0&Prime; _module_preset=\u00a0\u00bbdefault\u00a0\u00bb theme_builder_area=\u00a0\u00bbpost_content\u00a0\u00bb][et_pb_column _builder_version=\u00a0\u00bb4.21.0&Prime; _module_preset=\u00a0\u00bbdefault\u00a0\u00bb type=\u00a0\u00bb4_4&Prime; theme_builder_area=\u00a0\u00bbpost_content\u00a0\u00bb][et_pb_text _builder_version=\u00a0\u00bb4.21.0&Prime; _module_preset=\u00a0\u00bbdefault\u00a0\u00bb theme_builder_area=\u00a0\u00bbpost_content\u00a0\u00bb hover_enabled=\u00a0\u00bb0&Prime; sticky_enabled=\u00a0\u00bb0&Prime;]<\/p>\n<div class=\"et_pb_row et_pb_row_1\">\n<div class=\"et_pb_column et_pb_column_4_4 et_pb_column_2  et_pb_css_mix_blend_mode_passthrough et-last-child\">\n<div class=\"et_pb_module et_pb_text et_pb_text_1  et_pb_text_align_left et_pb_bg_layout_light\">\n<div class=\"et_pb_text_inner\">\n<p style=\"margin-bottom: 0cm\">Avec l\u2019accord des parents les religieuses vont chercher les enfants \u00e0 la sortie de l\u2019\u00e9cole. Le groupe ainsi accompagn\u00e9 se rend rue Carnot en prenant le chemin le mieux s\u00e9curis\u00e9. Il pourra \u00eatre fait appel aux bonnes volont\u00e9s, m\u00eame ponctuellement, pour faire ce trajet.<\/p>\n<p style=\"margin-bottom: 0cm\">De 16h45 \u00e0 17h15, les enfants go\u00fbtent et jouent. Une initiation \u00e0 l\u2019Evangile et au chant est propos\u00e9e entre 17h15 et 17h30. Le p\u00e8re Bernard en principe sera pr\u00e9sent.<\/p>\n<p style=\"margin-bottom: 0cm\">De 17h30 \u00e0 18h30 un temps d\u2019aide aux devoirs permet aux enfants de faire leur travail d\u2019\u00e9cole. Un instituteur b\u00e9n\u00e9vole et professionnel est \u00e0 leur disposition ainsi que plusieurs personnes de la paroisse.<\/p>\n<p style=\"margin-bottom: 0cm\">Cette ann\u00e9e, nous proposerons plusieurs ateliers : dessin, chant, th\u00e9\u00e2tre, bricolage&#8230;<\/p>\n<p style=\"margin-bottom: 0cm\">Les parents viennent chercher leurs enfants \u00e0 18h30.<\/p>\n<p style=\"margin-bottom: 0cm\">\n<p style=\"margin-bottom: 0cm\"><em><span style=\"font-size: medium\">Compte tenu de la disposition des lieux, ce projet s\u2019adresse plus particuli\u00e8rement aux primaires scolaris\u00e9s \u00e0 G\u00e9mozac, mais il va de soi que si des parents d\u2019autres communes voyaient un moyen pour emmener leurs enfants jusqu\u2019\u00e0 G\u00e9mozac ces derniers seraient accueillis avec joie. <\/span><\/em><\/p>\n<\/div>\n<\/div>\n<\/div>\n<\/div>\n<p>[\/et_pb_text][\/et_pb_column][\/et_pb_row][\/et_pb_section]<\/p>\n","protected":false},"excerpt":{"rendered":"<p>Nous organisons pour les enfants en \u00e2ge scolaire une rencontre par semaine \u00e0 la sortie de l\u2019\u00e9cole, le mardi de 16h30 \u00e0 18h30, \u00e0 la maison des S\u0153urs, rue Carnot. [&hellip;]<\/p>\n","protected":false},"author":4,"featured_media":0,"parent":6623,"menu_order":0,"comment_status":"closed","ping_status":"closed","template":"","meta":{"_et_pb_use_builder":"on","_et_pb_old_content":"","_et_gb_content_width":"","footnotes":""},"class_list":["post-8341","page","type-page","status-publish","hentry"],"_links":{"self":[{"href":"https:\/\/catholiques17.fr\/gemozac\/wp-json\/wp\/v2\/pages\/8341","targetHints":{"allow":["GET"]}}],"collection":[{"href":"https:\/\/catholiques17.fr\/gemozac\/wp-json\/wp\/v2\/pages"}],"about":[{"href":"https:\/\/catholiques17.fr\/gemozac\/wp-json\/wp\/v2\/types\/page"}],"author":[{"embeddable":true,"href":"https:\/\/catholiques17.fr\/gemozac\/wp-json\/wp\/v2\/users\/4"}],"replies":[{"embeddable":true,"href":"https:\/\/catholiques17.fr\/gemozac\/wp-json\/wp\/v2\/comments?post=8341"}],"version-history":[{"count":8,"href":"https:\/\/catholiques17.fr\/gemozac\/wp-json\/wp\/v2\/pages\/8341\/revisions"}],"predecessor-version":[{"id":9175,"href":"https:\/\/catholiques17.fr\/gemozac\/wp-json\/wp\/v2\/pages\/8341\/revisions\/9175"}],"up":[{"embeddable":true,"href":"https:\/\/catholiques17.fr\/gemozac\/wp-json\/wp\/v2\/pages\/6623"}],"wp:attachment":[{"href":"https:\/\/catholiques17.fr\/gemozac\/wp-json\/wp\/v2\/media?parent=8341"}],"curies":[{"name":"wp","href":"https:\/\/api.w.org\/{rel}","templated":true}]}}