{"id":8259,"date":"2022-12-13T08:35:06","date_gmt":"2022-12-13T07:35:06","guid":{"rendered":"https:\/\/catholiques17.fr\/gemozac\/?page_id=8259"},"modified":"2023-05-24T10:42:02","modified_gmt":"2023-05-24T08:42:02","slug":"tanzac","status":"publish","type":"page","link":"https:\/\/catholiques17.fr\/gemozac\/histoire-et-patrimoine\/tanzac\/","title":{"rendered":"Tanzac"},"content":{"rendered":"<p>[et_pb_section fb_built=\u00a0\u00bb1&Prime; _builder_version=\u00a0\u00bb4.17.6&Prime; _module_preset=\u00a0\u00bbdefault\u00a0\u00bb hover_enabled=\u00a0\u00bb0&Prime; global_colors_info=\u00a0\u00bb{}\u00a0\u00bb theme_builder_area=\u00a0\u00bbpost_content\u00a0\u00bb sticky_enabled=\u00a0\u00bb0&Prime;][et_pb_row _builder_version=\u00a0\u00bb4.17.6&Prime; _module_preset=\u00a0\u00bbdefault\u00a0\u00bb global_colors_info=\u00a0\u00bb{}\u00a0\u00bb theme_builder_area=\u00a0\u00bbpost_content\u00a0\u00bb][et_pb_column type=\u00a0\u00bb4_4&Prime; _builder_version=\u00a0\u00bb4.17.6&Prime; _module_preset=\u00a0\u00bbdefault\u00a0\u00bb global_colors_info=\u00a0\u00bb{}\u00a0\u00bb theme_builder_area=\u00a0\u00bbpost_content\u00a0\u00bb][et_pb_image src=\u00a0\u00bbhttps:\/\/catholiques17.fr\/gemozac\/wp-content\/uploads\/sites\/34\/2023\/05\/Tanzac-eglise.jpg\u00a0\u00bb _builder_version=\u00a0\u00bb4.17.6&Prime; _module_preset=\u00a0\u00bbdefault\u00a0\u00bb theme_builder_area=\u00a0\u00bbpost_content\u00a0\u00bb title_text=\u00a0\u00bbTanzac \u00e9glise\u00a0\u00bb force_fullwidth=\u00a0\u00bbon\u00a0\u00bb hover_enabled=\u00a0\u00bb0&Prime; sticky_enabled=\u00a0\u00bb0&Prime; border_radii=\u00a0\u00bbon|20px|20px|20px|20px\u00a0\u00bb][\/et_pb_image][\/et_pb_column][\/et_pb_row][et_pb_row _builder_version=\u00a0\u00bb4.17.6&Prime; _module_preset=\u00a0\u00bbdefault\u00a0\u00bb theme_builder_area=\u00a0\u00bbpost_content\u00a0\u00bb][et_pb_column _builder_version=\u00a0\u00bb4.17.6&Prime; _module_preset=\u00a0\u00bbdefault\u00a0\u00bb type=\u00a0\u00bb4_4&Prime; theme_builder_area=\u00a0\u00bbpost_content\u00a0\u00bb][et_pb_text _builder_version=\u00a0\u00bb4.17.6&Prime; _module_preset=\u00a0\u00bbdefault\u00a0\u00bb theme_builder_area=\u00a0\u00bbpost_content\u00a0\u00bb hover_enabled=\u00a0\u00bb0&Prime; sticky_enabled=\u00a0\u00bb0&Prime;]<\/p>\n<blockquote>\n<p style=\"line-height: 100%;margin-bottom: 0cm;text-align: justify\">L\u2019\u00e9glise Saint-Saturnin, ferm\u00e9e pendant\u00a0 des ann\u00e9es pour des raisons de s\u00e9curit\u00e9 \u00e9tant donn\u00e9 l\u2019\u00e9tat de d\u00e9labrement de la crois\u00e9e et des <a href=\"http:\/\/ch.lerolle.free.fr\/eglises17\/lexique.php#:~:text=absidiole\" target=\"_blank\" rel=\"noopener\">absidioles<\/a>, fut rendue au culte en 1989 apr\u00e8s une restauration exemplaire.<br \/>L\u2019\u00e9glise primitive ne comportait vraisemblablement pas de transept qui fut construit au XIIe si\u00e8cle. Le clocher, \u00e0 deux \u00e9tages, d\u00e9gag\u00e9 par le chevet de faible hauteur contribue \u00e0 l\u2019harmonie de cette \u00e9glise.<br \/>La fa\u00e7ade est tr\u00e8s simple: un seul portail surmont\u00e9 d\u2019une fen\u00eatre avec simple corniche sur mordillons au pied de sable. Le portail tr\u00e8s ample, profond\u00e9ment \u00e9bras\u00e9, a quatre <a href=\"http:\/\/ch.lerolle.free.fr\/eglises17\/lexique.php#:~:text=archivolte\" target=\"_blank\" rel=\"noopener\">archivoltes<\/a> orn\u00e9es de dessins g\u00e9om\u00e9triques retombant sur six colonnettes de chaque c\u00f4t\u00e9.<br \/>A l\u2019int\u00e9rieur, dans l\u2019 <a href=\"http:\/\/ch.lerolle.free.fr\/eglises17\/lexique.php#:~:text=absidiole\" target=\"_blank\" rel=\"noopener\">absidiole<\/a> sud vo\u00fbt\u00e9 en cul de four, peintures de la fin du XIIe si\u00e8cle, repr\u00e9sentant le Christ en gloire entour\u00e9 des symboles des quatre \u00e9vang\u00e9listes, le T\u00e9tramorphe. \u00a0<br \/>Dans l\u2019 <a href=\"http:\/\/ch.lerolle.free.fr\/eglises17\/lexique.php#:~:text=absidiole\" target=\"_blank\" rel=\"noopener\">absidiole<\/a> nord, sur fond de ciel nuageux, \u00e9toile mariale et triangle de la Trinit\u00e9.<br \/>Deux autels-tabernacles polychromes et une chaire du XVIIIe si\u00e8cle meublent l\u2019\u00e9glise.<\/p>\n<p style=\"line-height: 100%;margin-bottom: 0cm;text-align: justify\">http:\/\/eglises-en-charente-maritime.fr.cr\/<\/p>\n<\/blockquote>\n<p>[\/et_pb_text][\/et_pb_column][\/et_pb_row][et_pb_row _builder_version=\u00a0\u00bb4.17.6&Prime; _module_preset=\u00a0\u00bbdefault\u00a0\u00bb theme_builder_area=\u00a0\u00bbpost_content\u00a0\u00bb column_structure=\u00a0\u00bb1_2,1_2&Prime;][et_pb_column _builder_version=\u00a0\u00bb4.17.6&Prime; _module_preset=\u00a0\u00bbdefault\u00a0\u00bb type=\u00a0\u00bb1_2&Prime; theme_builder_area=\u00a0\u00bbpost_content\u00a0\u00bb][et_pb_image src=\u00a0\u00bbhttps:\/\/catholiques17.fr\/gemozac\/wp-content\/uploads\/sites\/34\/2023\/05\/Tanzac-1.jpg\u00a0\u00bb _builder_version=\u00a0\u00bb4.17.6&Prime; _module_preset=\u00a0\u00bbdefault\u00a0\u00bb theme_builder_area=\u00a0\u00bbpost_content\u00a0\u00bb title_text=\u00a0\u00bbTanzac 1&Prime; force_fullwidth=\u00a0\u00bbon\u00a0\u00bb hover_enabled=\u00a0\u00bb0&Prime; sticky_enabled=\u00a0\u00bb0&Prime; border_radii=\u00a0\u00bbon|20px|20px|20px|20px\u00a0\u00bb][\/et_pb_image][\/et_pb_column][et_pb_column _builder_version=\u00a0\u00bb4.17.6&Prime; _module_preset=\u00a0\u00bbdefault\u00a0\u00bb type=\u00a0\u00bb1_2&Prime; theme_builder_area=\u00a0\u00bbpost_content\u00a0\u00bb][et_pb_image src=\u00a0\u00bbhttps:\/\/catholiques17.fr\/gemozac\/wp-content\/uploads\/sites\/34\/2023\/05\/Tanzac-2.jpg\u00a0\u00bb _builder_version=\u00a0\u00bb4.17.6&Prime; _module_preset=\u00a0\u00bbdefault\u00a0\u00bb theme_builder_area=\u00a0\u00bbpost_content\u00a0\u00bb title_text=\u00a0\u00bbTanzac 2&Prime; force_fullwidth=\u00a0\u00bbon\u00a0\u00bb hover_enabled=\u00a0\u00bb0&Prime; sticky_enabled=\u00a0\u00bb0&Prime; border_radii=\u00a0\u00bbon|20px|20px|20px|20px\u00a0\u00bb][\/et_pb_image][\/et_pb_column][\/et_pb_row][\/et_pb_section]<\/p>\n","protected":false},"excerpt":{"rendered":"<p>L\u2019\u00e9glise Saint-Saturnin, ferm\u00e9e pendant\u00a0 des ann\u00e9es pour des raisons de s\u00e9curit\u00e9 \u00e9tant donn\u00e9 l\u2019\u00e9tat de d\u00e9labrement de la crois\u00e9e et des absidioles, fut rendue au culte en 1989 apr\u00e8s une [&hellip;]<\/p>\n","protected":false},"author":4,"featured_media":0,"parent":6644,"menu_order":0,"comment_status":"closed","ping_status":"closed","template":"","meta":{"_et_pb_use_builder":"on","_et_pb_old_content":"","_et_gb_content_width":"","footnotes":""},"class_list":["post-8259","page","type-page","status-publish","hentry"],"_links":{"self":[{"href":"https:\/\/catholiques17.fr\/gemozac\/wp-json\/wp\/v2\/pages\/8259","targetHints":{"allow":["GET"]}}],"collection":[{"href":"https:\/\/catholiques17.fr\/gemozac\/wp-json\/wp\/v2\/pages"}],"about":[{"href":"https:\/\/catholiques17.fr\/gemozac\/wp-json\/wp\/v2\/types\/page"}],"author":[{"embeddable":true,"href":"https:\/\/catholiques17.fr\/gemozac\/wp-json\/wp\/v2\/users\/4"}],"replies":[{"embeddable":true,"href":"https:\/\/catholiques17.fr\/gemozac\/wp-json\/wp\/v2\/comments?post=8259"}],"version-history":[{"count":3,"href":"https:\/\/catholiques17.fr\/gemozac\/wp-json\/wp\/v2\/pages\/8259\/revisions"}],"predecessor-version":[{"id":8938,"href":"https:\/\/catholiques17.fr\/gemozac\/wp-json\/wp\/v2\/pages\/8259\/revisions\/8938"}],"up":[{"embeddable":true,"href":"https:\/\/catholiques17.fr\/gemozac\/wp-json\/wp\/v2\/pages\/6644"}],"wp:attachment":[{"href":"https:\/\/catholiques17.fr\/gemozac\/wp-json\/wp\/v2\/media?parent=8259"}],"curies":[{"name":"wp","href":"https:\/\/api.w.org\/{rel}","templated":true}]}}