{"id":8257,"date":"2022-12-13T08:34:54","date_gmt":"2022-12-13T07:34:54","guid":{"rendered":"https:\/\/catholiques17.fr\/gemozac\/?page_id=8257"},"modified":"2023-09-23T21:02:28","modified_gmt":"2023-09-23T19:02:28","slug":"st-simon-de-pellouaille","status":"publish","type":"page","link":"https:\/\/catholiques17.fr\/gemozac\/histoire-et-patrimoine\/st-simon-de-pellouaille\/","title":{"rendered":"St Simon de Pellouaille"},"content":{"rendered":"<p>[et_pb_section fb_built=\u00a0\u00bb1&Prime; _builder_version=\u00a0\u00bb4.17.6&Prime; _module_preset=\u00a0\u00bbdefault\u00a0\u00bb global_colors_info=\u00a0\u00bb{}\u00a0\u00bb theme_builder_area=\u00a0\u00bbpost_content\u00a0\u00bb][et_pb_row _builder_version=\u00a0\u00bb4.17.6&Prime; _module_preset=\u00a0\u00bbdefault\u00a0\u00bb global_colors_info=\u00a0\u00bb{}\u00a0\u00bb theme_builder_area=\u00a0\u00bbpost_content\u00a0\u00bb][et_pb_column type=\u00a0\u00bb4_4&Prime; _builder_version=\u00a0\u00bb4.17.6&Prime; _module_preset=\u00a0\u00bbdefault\u00a0\u00bb global_colors_info=\u00a0\u00bb{}\u00a0\u00bb theme_builder_area=\u00a0\u00bbpost_content\u00a0\u00bb][et_pb_image src=\u00a0\u00bbhttps:\/\/catholiques17.fr\/gemozac\/wp-content\/uploads\/sites\/34\/2023\/05\/Saint-Simon-eglise.jpg\u00a0\u00bb title_text=\u00a0\u00bbSaint Simon \u00e9glise\u00a0\u00bb force_fullwidth=\u00a0\u00bbon\u00a0\u00bb _builder_version=\u00a0\u00bb4.17.6&Prime; _module_preset=\u00a0\u00bbdefault\u00a0\u00bb border_radii=\u00a0\u00bbon|20px|20px|20px|20px\u00a0\u00bb global_colors_info=\u00a0\u00bb{}\u00a0\u00bb theme_builder_area=\u00a0\u00bbpost_content\u00a0\u00bb][\/et_pb_image][\/et_pb_column][\/et_pb_row][et_pb_row _builder_version=\u00a0\u00bb4.21.0&Prime; _module_preset=\u00a0\u00bbdefault\u00a0\u00bb theme_builder_area=\u00a0\u00bbpost_content\u00a0\u00bb][et_pb_column _builder_version=\u00a0\u00bb4.21.0&Prime; _module_preset=\u00a0\u00bbdefault\u00a0\u00bb type=\u00a0\u00bb4_4&Prime; theme_builder_area=\u00a0\u00bbpost_content\u00a0\u00bb][et_pb_text _builder_version=\u00a0\u00bb4.21.0&Prime; _module_preset=\u00a0\u00bbdefault\u00a0\u00bb theme_builder_area=\u00a0\u00bbpost_content\u00a0\u00bb hover_enabled=\u00a0\u00bb0&Prime; sticky_enabled=\u00a0\u00bb0&Prime;]<\/p>\n<p>L&rsquo;\u00e9glise des 11\u00e8me et 13\u00e8me si\u00e8cles est plac\u00e9e sous le vocable de Saint Laurent. Elle a re\u00e7u sa d\u00e9dicace vers 1263, Ponce 3 \u00e9tant \u00e9v\u00eaque \u00e0 Saintes. A l&rsquo;origine, c&rsquo;\u00e9tait sous le vocable de Saint Simon, ap\u00f4tre galil\u00e9en ou Saint Sigismond. Un changement pour Saint Laurent s&rsquo;est fait au cours du 19\u00e8me si\u00e8cle.<\/p>\n<p>[\/et_pb_text][\/et_pb_column][\/et_pb_row][et_pb_row _builder_version=\u00a0\u00bb4.21.0&Prime; _module_preset=\u00a0\u00bbdefault\u00a0\u00bb hover_enabled=\u00a0\u00bb0&Prime; global_colors_info=\u00a0\u00bb{}\u00a0\u00bb theme_builder_area=\u00a0\u00bbpost_content\u00a0\u00bb sticky_enabled=\u00a0\u00bb0&Prime;][et_pb_column type=\u00a0\u00bb4_4&Prime; _builder_version=\u00a0\u00bb4.17.6&Prime; _module_preset=\u00a0\u00bbdefault\u00a0\u00bb global_colors_info=\u00a0\u00bb{}\u00a0\u00bb theme_builder_area=\u00a0\u00bbpost_content\u00a0\u00bb][et_pb_text _builder_version=\u00a0\u00bb4.21.0&Prime; _module_preset=\u00a0\u00bbdefault\u00a0\u00bb hover_enabled=\u00a0\u00bb0&Prime; global_colors_info=\u00a0\u00bb{}\u00a0\u00bb theme_builder_area=\u00a0\u00bbpost_content\u00a0\u00bb sticky_enabled=\u00a0\u00bb0&Prime;]<\/p>\n<blockquote>\n<p style=\"line-height: 100%;margin-bottom: 0cm;text-align: justify\">\u00c9glise Saint-Laurent du XIIe si\u00e8cle.<br \/>Cette petite \u00e9glise romane a perdu sa vo\u00fbte et son <a href=\"http:\/\/ch.lerolle.free.fr\/eglises17\/lexique.php#:~:text=abside\" target=\"_blank\" rel=\"noopener\">abside<\/a> originales. Elle a conserv\u00e9 une fa\u00e7ade saintongeaise avec un large portail \u00e0 quatre voussures orn\u00e9 de quelques chapiteaux reposant sur des colonnettes \u00e0 chapiteau sculpt\u00e9. Surmont\u00e9 d\u2019une \u00e9l\u00e9gante galerie \u00e0 sept arcatures se terminant par un fronton triangulaire orn\u00e9 d\u2019une petite croix. Les d\u00e9corations de son <a href=\"http:\/\/ch.lerolle.free.fr\/eglises17\/lexique.php#:~:text=archivolte\" target=\"_blank\" rel=\"noopener\">archivolte<\/a> appartiennent authentiquement au style byzantin. \u00c0 l\u2019\u00e9tage, une rang\u00e9e d\u2019arcatures aveugles contre le chevet est accol\u00e9 une chapelle lat\u00e9rale surmont\u00e9e par le clocher. L\u2019\u00e9tage polygonal du clocher est post\u00e9rieur au moyen \u00e2ge. \u00c0 l\u2019int\u00e9rieur: belle coupole sur trompe du clocher, \u00e0 l\u2019entr\u00e9e de l\u2019\u00e9glise se trouve un b\u00e9nitier de forme octogonale creus\u00e9e dans un fut de colonne. Au chevet de l\u2019\u00e9glise fut \u00e9difi\u00e9 en 1634, par les Seigneurs de Pellouaille et Beaumont, un logis de belle qualit\u00e9.<br \/>L\u2019\u00e9difice fut malheureusement d\u00e9truit au cours du XXe si\u00e8cle.<\/p>\n<p style=\"line-height: 100%;margin-bottom: 0cm;text-align: justify\">http:\/\/eglises-en-charente-maritime.fr.cr\/<\/p>\n<\/blockquote>\n<p>[\/et_pb_text][\/et_pb_column][\/et_pb_row][et_pb_row column_structure=\u00a0\u00bb1_3,1_3,1_3&Prime; _builder_version=\u00a0\u00bb4.17.6&Prime; _module_preset=\u00a0\u00bbdefault\u00a0\u00bb global_colors_info=\u00a0\u00bb{}\u00a0\u00bb theme_builder_area=\u00a0\u00bbpost_content\u00a0\u00bb][et_pb_column type=\u00a0\u00bb1_3&Prime; _builder_version=\u00a0\u00bb4.17.6&Prime; _module_preset=\u00a0\u00bbdefault\u00a0\u00bb global_colors_info=\u00a0\u00bb{}\u00a0\u00bb theme_builder_area=\u00a0\u00bbpost_content\u00a0\u00bb][et_pb_image src=\u00a0\u00bbhttps:\/\/catholiques17.fr\/gemozac\/wp-content\/uploads\/sites\/34\/2023\/05\/Saint-Simon-vitrail-1.jpg\u00a0\u00bb title_text=\u00a0\u00bbSaint Simon vitrail 1&Prime; force_fullwidth=\u00a0\u00bbon\u00a0\u00bb _builder_version=\u00a0\u00bb4.17.6&Prime; _module_preset=\u00a0\u00bbdefault\u00a0\u00bb border_radii=\u00a0\u00bbon|20px|20px|20px|20px\u00a0\u00bb global_colors_info=\u00a0\u00bb{}\u00a0\u00bb theme_builder_area=\u00a0\u00bbpost_content\u00a0\u00bb][\/et_pb_image][\/et_pb_column][et_pb_column type=\u00a0\u00bb1_3&Prime; _builder_version=\u00a0\u00bb4.17.6&Prime; _module_preset=\u00a0\u00bbdefault\u00a0\u00bb global_colors_info=\u00a0\u00bb{}\u00a0\u00bb theme_builder_area=\u00a0\u00bbpost_content\u00a0\u00bb][et_pb_image src=\u00a0\u00bbhttps:\/\/catholiques17.fr\/gemozac\/wp-content\/uploads\/sites\/34\/2023\/05\/Saint-Simon-vitrail-2.jpg\u00a0\u00bb title_text=\u00a0\u00bbSaint Simon vitrail 2&Prime; force_fullwidth=\u00a0\u00bbon\u00a0\u00bb _builder_version=\u00a0\u00bb4.17.6&Prime; _module_preset=\u00a0\u00bbdefault\u00a0\u00bb border_radii=\u00a0\u00bbon|20px|20px|20px|20px\u00a0\u00bb global_colors_info=\u00a0\u00bb{}\u00a0\u00bb theme_builder_area=\u00a0\u00bbpost_content\u00a0\u00bb][\/et_pb_image][\/et_pb_column][et_pb_column type=\u00a0\u00bb1_3&Prime; _builder_version=\u00a0\u00bb4.17.6&Prime; _module_preset=\u00a0\u00bbdefault\u00a0\u00bb global_colors_info=\u00a0\u00bb{}\u00a0\u00bb theme_builder_area=\u00a0\u00bbpost_content\u00a0\u00bb][et_pb_image src=\u00a0\u00bbhttps:\/\/catholiques17.fr\/gemozac\/wp-content\/uploads\/sites\/34\/2023\/05\/Saint-Simon-vitrail-3.jpg\u00a0\u00bb title_text=\u00a0\u00bbSaint Simon vitrail 3&Prime; force_fullwidth=\u00a0\u00bbon\u00a0\u00bb _builder_version=\u00a0\u00bb4.17.6&Prime; _module_preset=\u00a0\u00bbdefault\u00a0\u00bb border_radii=\u00a0\u00bbon|20px|20px|20px|20px\u00a0\u00bb global_colors_info=\u00a0\u00bb{}\u00a0\u00bb theme_builder_area=\u00a0\u00bbpost_content\u00a0\u00bb][\/et_pb_image][\/et_pb_column][\/et_pb_row][\/et_pb_section]<\/p>\n","protected":false},"excerpt":{"rendered":"<p>L&rsquo;\u00e9glise des 11\u00e8me et 13\u00e8me si\u00e8cles est plac\u00e9e sous le vocable de Saint Laurent. Elle a re\u00e7u sa d\u00e9dicace vers 1263, Ponce 3 \u00e9tant \u00e9v\u00eaque \u00e0 Saintes. A l&rsquo;origine, c&rsquo;\u00e9tait [&hellip;]<\/p>\n","protected":false},"author":4,"featured_media":0,"parent":6644,"menu_order":0,"comment_status":"closed","ping_status":"closed","template":"","meta":{"_et_pb_use_builder":"on","_et_pb_old_content":"","_et_gb_content_width":"","footnotes":""},"class_list":["post-8257","page","type-page","status-publish","hentry"],"_links":{"self":[{"href":"https:\/\/catholiques17.fr\/gemozac\/wp-json\/wp\/v2\/pages\/8257","targetHints":{"allow":["GET"]}}],"collection":[{"href":"https:\/\/catholiques17.fr\/gemozac\/wp-json\/wp\/v2\/pages"}],"about":[{"href":"https:\/\/catholiques17.fr\/gemozac\/wp-json\/wp\/v2\/types\/page"}],"author":[{"embeddable":true,"href":"https:\/\/catholiques17.fr\/gemozac\/wp-json\/wp\/v2\/users\/4"}],"replies":[{"embeddable":true,"href":"https:\/\/catholiques17.fr\/gemozac\/wp-json\/wp\/v2\/comments?post=8257"}],"version-history":[{"count":4,"href":"https:\/\/catholiques17.fr\/gemozac\/wp-json\/wp\/v2\/pages\/8257\/revisions"}],"predecessor-version":[{"id":9224,"href":"https:\/\/catholiques17.fr\/gemozac\/wp-json\/wp\/v2\/pages\/8257\/revisions\/9224"}],"up":[{"embeddable":true,"href":"https:\/\/catholiques17.fr\/gemozac\/wp-json\/wp\/v2\/pages\/6644"}],"wp:attachment":[{"href":"https:\/\/catholiques17.fr\/gemozac\/wp-json\/wp\/v2\/media?parent=8257"}],"curies":[{"name":"wp","href":"https:\/\/api.w.org\/{rel}","templated":true}]}}