{"id":8255,"date":"2022-12-13T08:34:28","date_gmt":"2022-12-13T07:34:28","guid":{"rendered":"https:\/\/catholiques17.fr\/gemozac\/?page_id=8255"},"modified":"2023-05-24T16:09:35","modified_gmt":"2023-05-24T14:09:35","slug":"st-andre-de-lidon","status":"publish","type":"page","link":"https:\/\/catholiques17.fr\/gemozac\/histoire-et-patrimoine\/st-andre-de-lidon\/","title":{"rendered":"St Andr\u00e9 de Lidon"},"content":{"rendered":"<p>[et_pb_section fb_built=\u00a0\u00bb1&Prime; _builder_version=\u00a0\u00bb4.17.6&Prime; _module_preset=\u00a0\u00bbdefault\u00a0\u00bb global_colors_info=\u00a0\u00bb{}\u00a0\u00bb theme_builder_area=\u00a0\u00bbpost_content\u00a0\u00bb][et_pb_row _builder_version=\u00a0\u00bb4.17.6&Prime; _module_preset=\u00a0\u00bbdefault\u00a0\u00bb global_colors_info=\u00a0\u00bb{}\u00a0\u00bb theme_builder_area=\u00a0\u00bbpost_content\u00a0\u00bb][et_pb_column type=\u00a0\u00bb4_4&Prime; _builder_version=\u00a0\u00bb4.17.6&Prime; _module_preset=\u00a0\u00bbdefault\u00a0\u00bb global_colors_info=\u00a0\u00bb{}\u00a0\u00bb theme_builder_area=\u00a0\u00bbpost_content\u00a0\u00bb][et_pb_image src=\u00a0\u00bbhttps:\/\/catholiques17.fr\/gemozac\/wp-content\/uploads\/sites\/34\/2023\/05\/Saint-Andre-eglise.jpg\u00a0\u00bb title_text=\u00a0\u00bbSaint Andr\u00e9 \u00e9glise\u00a0\u00bb force_fullwidth=\u00a0\u00bbon\u00a0\u00bb _builder_version=\u00a0\u00bb4.17.6&Prime; _module_preset=\u00a0\u00bbdefault\u00a0\u00bb border_radii=\u00a0\u00bbon|20px|20px|20px|20px\u00a0\u00bb global_colors_info=\u00a0\u00bb{}\u00a0\u00bb theme_builder_area=\u00a0\u00bbpost_content\u00a0\u00bb][\/et_pb_image][\/et_pb_column][\/et_pb_row][et_pb_row _builder_version=\u00a0\u00bb4.17.6&Prime; _module_preset=\u00a0\u00bbdefault\u00a0\u00bb global_colors_info=\u00a0\u00bb{}\u00a0\u00bb theme_builder_area=\u00a0\u00bbpost_content\u00a0\u00bb][et_pb_column type=\u00a0\u00bb4_4&Prime; _builder_version=\u00a0\u00bb4.17.6&Prime; _module_preset=\u00a0\u00bbdefault\u00a0\u00bb global_colors_info=\u00a0\u00bb{}\u00a0\u00bb theme_builder_area=\u00a0\u00bbpost_content\u00a0\u00bb][et_pb_text _builder_version=\u00a0\u00bb4.17.6&Prime; _module_preset=\u00a0\u00bbdefault\u00a0\u00bb global_colors_info=\u00a0\u00bb{}\u00a0\u00bb theme_builder_area=\u00a0\u00bbpost_content\u00a0\u00bb]<\/p>\n<blockquote>\n<p style=\"line-height: 100%;margin-bottom: 0cm;text-align: justify\">L\u2019\u00e9glise Saint-Andr\u00e9 d\u00e9pendait du prieur\u00e9 de Saint-Eutrope de Saintes jusqu\u2019\u00e0 la R\u00e9volution fran\u00e7aise en 1789. L\u2019\u00e9glise a \u00e9t\u00e9 ruin\u00e9e pendant les guerres de religion au XVIe si\u00e8cle. La nef et le c\u0153ur, romans \u00e0 l\u2019origine m\u00e9di\u00e9vale\u00a0 sont d\u2019ailleurs visibles dans les murs. La chapelle m\u00e9ridionale du XIIIe si\u00e8cle est le dernier t\u00e9moin de l\u2019\u00e9glise m\u00e9di\u00e9vale. Son architecture soign\u00e9e et aust\u00e8re t\u00e9moigne du premier gothique saintongeais, encore fortement empreint de tradition romane. Cette chapelle de deux trav\u00e9es vo\u00fbt\u00e9es d\u2019ogives poss\u00e8de une crypte ossuaire dont la vo\u00fbte a disparu lors des guerres de religion. La particularit\u00e9 de cette crypte est d\u2019\u00eatre semi-enterr\u00e9. En effet, lors du creusement du sol, le clocher a \u00e9t\u00e9 rentr\u00e9 tr\u00e8s t\u00f4t et il \u00e9tait difficile de creuser. C\u2019est pour cela que la crypte portait le sol de la trav\u00e9e orientale de la chapelle \u00e0 la hauteur plus \u00e9lev\u00e9e que celle du reste de l\u2019\u00e9glise et qu\u2019elle a \u00e9t\u00e9 appel\u00e9e \u00abchapelle haute\u00bb. La crypte est orn\u00e9e de chapiteaux \u00e0 protomes (t\u00eates humaines) et de courtes colonnettes avec de curieuses bases. La fa\u00e7ade\u00a0 de la chapelle a \u00e9t\u00e9\u00a0 dot\u00e9e de son petit clocher-arcade sans doute au moment de la disparition du clocher. D\u2019autres \u00e9glises du XIIe et des XIIIes si\u00e8cles ont \u00e9galement des chapelles hautes, notamment celles de Saint-Sulpice d\u2019Arnoult et Saint-Pierre de Royan.<\/p>\n<p style=\"line-height: 100%;margin-bottom: 0cm;text-align: justify\">http:\/\/eglises-en-charente-maritime.fr.cr\/<\/p>\n<\/blockquote>\n<p>[\/et_pb_text][\/et_pb_column][\/et_pb_row][et_pb_row _builder_version=\u00a0\u00bb4.17.6&Prime; _module_preset=\u00a0\u00bbdefault\u00a0\u00bb theme_builder_area=\u00a0\u00bbpost_content\u00a0\u00bb][et_pb_column _builder_version=\u00a0\u00bb4.17.6&Prime; _module_preset=\u00a0\u00bbdefault\u00a0\u00bb type=\u00a0\u00bb4_4&Prime; theme_builder_area=\u00a0\u00bbpost_content\u00a0\u00bb][et_pb_divider _builder_version=\u00a0\u00bb4.17.6&Prime; _module_preset=\u00a0\u00bbdefault\u00a0\u00bb theme_builder_area=\u00a0\u00bbpost_content\u00a0\u00bb hover_enabled=\u00a0\u00bb0&Prime; sticky_enabled=\u00a0\u00bb0&Prime;][\/et_pb_divider][\/et_pb_column][\/et_pb_row][et_pb_row _builder_version=\u00a0\u00bb4.17.6&Prime; _module_preset=\u00a0\u00bbdefault\u00a0\u00bb theme_builder_area=\u00a0\u00bbpost_content\u00a0\u00bb column_structure=\u00a0\u00bb1_2,1_2&Prime;][et_pb_column _builder_version=\u00a0\u00bb4.17.6&Prime; _module_preset=\u00a0\u00bbdefault\u00a0\u00bb type=\u00a0\u00bb1_2&Prime; theme_builder_area=\u00a0\u00bbpost_content\u00a0\u00bb][et_pb_image src=\u00a0\u00bbhttps:\/\/catholiques17.fr\/gemozac\/wp-content\/uploads\/sites\/34\/2023\/05\/Saint-Andre-1.jpg\u00a0\u00bb _builder_version=\u00a0\u00bb4.17.6&Prime; _module_preset=\u00a0\u00bbdefault\u00a0\u00bb theme_builder_area=\u00a0\u00bbpost_content\u00a0\u00bb title_text=\u00a0\u00bbSaint Andr\u00e9 1&Prime; force_fullwidth=\u00a0\u00bbon\u00a0\u00bb border_radii=\u00a0\u00bbon|20px|20px|20px|20px\u00a0\u00bb hover_enabled=\u00a0\u00bb0&Prime; sticky_enabled=\u00a0\u00bb0&Prime;][\/et_pb_image][\/et_pb_column][et_pb_column _builder_version=\u00a0\u00bb4.17.6&Prime; _module_preset=\u00a0\u00bbdefault\u00a0\u00bb type=\u00a0\u00bb1_2&Prime; theme_builder_area=\u00a0\u00bbpost_content\u00a0\u00bb][et_pb_image src=\u00a0\u00bbhttps:\/\/catholiques17.fr\/gemozac\/wp-content\/uploads\/sites\/34\/2023\/05\/Saint-Andre-crypte.jpg\u00a0\u00bb _builder_version=\u00a0\u00bb4.17.6&Prime; _module_preset=\u00a0\u00bbdefault\u00a0\u00bb theme_builder_area=\u00a0\u00bbpost_content\u00a0\u00bb title_text=\u00a0\u00bbSaint Andr\u00e9 crypte\u00a0\u00bb force_fullwidth=\u00a0\u00bbon\u00a0\u00bb border_radii=\u00a0\u00bbon|20px|20px|20px|20px\u00a0\u00bb hover_enabled=\u00a0\u00bb0&Prime; sticky_enabled=\u00a0\u00bb0&Prime;][\/et_pb_image][\/et_pb_column][\/et_pb_row][et_pb_row _builder_version=\u00a0\u00bb4.17.6&Prime; _module_preset=\u00a0\u00bbdefault\u00a0\u00bb theme_builder_area=\u00a0\u00bbpost_content\u00a0\u00bb column_structure=\u00a0\u00bb1_3,1_3,1_3&Prime;][et_pb_column _builder_version=\u00a0\u00bb4.17.6&Prime; _module_preset=\u00a0\u00bbdefault\u00a0\u00bb type=\u00a0\u00bb1_3&Prime; theme_builder_area=\u00a0\u00bbpost_content\u00a0\u00bb][et_pb_image src=\u00a0\u00bbhttps:\/\/catholiques17.fr\/gemozac\/wp-content\/uploads\/sites\/34\/2023\/05\/Saint-Andre-vitrail-Pierre.jpg\u00a0\u00bb _builder_version=\u00a0\u00bb4.17.6&Prime; _module_preset=\u00a0\u00bbdefault\u00a0\u00bb theme_builder_area=\u00a0\u00bbpost_content\u00a0\u00bb title_text=\u00a0\u00bbSaint Andr\u00e9 vitrail Pierre\u00a0\u00bb force_fullwidth=\u00a0\u00bbon\u00a0\u00bb border_radii=\u00a0\u00bbon|20px|20px|20px|20px\u00a0\u00bb hover_enabled=\u00a0\u00bb0&Prime; sticky_enabled=\u00a0\u00bb0&Prime;][\/et_pb_image][\/et_pb_column][et_pb_column _builder_version=\u00a0\u00bb4.17.6&Prime; _module_preset=\u00a0\u00bbdefault\u00a0\u00bb type=\u00a0\u00bb1_3&Prime; theme_builder_area=\u00a0\u00bbpost_content\u00a0\u00bb][et_pb_image src=\u00a0\u00bbhttps:\/\/catholiques17.fr\/gemozac\/wp-content\/uploads\/sites\/34\/2023\/05\/Saint-Andre-vitrail-Vierge-Marie-Reine.jpg\u00a0\u00bb _builder_version=\u00a0\u00bb4.17.6&Prime; _module_preset=\u00a0\u00bbdefault\u00a0\u00bb theme_builder_area=\u00a0\u00bbpost_content\u00a0\u00bb title_text=\u00a0\u00bbSaint Andr\u00e9 vitrail Vierge Marie Reine\u00a0\u00bb force_fullwidth=\u00a0\u00bbon\u00a0\u00bb border_radii=\u00a0\u00bbon|20px|20px|20px|20px\u00a0\u00bb hover_enabled=\u00a0\u00bb0&Prime; sticky_enabled=\u00a0\u00bb0&Prime;][\/et_pb_image][\/et_pb_column][et_pb_column _builder_version=\u00a0\u00bb4.17.6&Prime; _module_preset=\u00a0\u00bbdefault\u00a0\u00bb type=\u00a0\u00bb1_3&Prime; theme_builder_area=\u00a0\u00bbpost_content\u00a0\u00bb][et_pb_image src=\u00a0\u00bbhttps:\/\/catholiques17.fr\/gemozac\/wp-content\/uploads\/sites\/34\/2023\/05\/Saint-Andre-vitrail.jpg\u00a0\u00bb _builder_version=\u00a0\u00bb4.17.6&Prime; _module_preset=\u00a0\u00bbdefault\u00a0\u00bb theme_builder_area=\u00a0\u00bbpost_content\u00a0\u00bb title_text=\u00a0\u00bbSaint Andr\u00e9 vitrail\u00a0\u00bb force_fullwidth=\u00a0\u00bbon\u00a0\u00bb border_radii=\u00a0\u00bbon|20px|20px|20px|20px\u00a0\u00bb hover_enabled=\u00a0\u00bb0&Prime; sticky_enabled=\u00a0\u00bb0&Prime;][\/et_pb_image][\/et_pb_column][\/et_pb_row][\/et_pb_section]<\/p>\n","protected":false},"excerpt":{"rendered":"<p>L\u2019\u00e9glise Saint-Andr\u00e9 d\u00e9pendait du prieur\u00e9 de Saint-Eutrope de Saintes jusqu\u2019\u00e0 la R\u00e9volution fran\u00e7aise en 1789. L\u2019\u00e9glise a \u00e9t\u00e9 ruin\u00e9e pendant les guerres de religion au XVIe si\u00e8cle. La nef et [&hellip;]<\/p>\n","protected":false},"author":4,"featured_media":0,"parent":6644,"menu_order":0,"comment_status":"closed","ping_status":"closed","template":"","meta":{"_et_pb_use_builder":"on","_et_pb_old_content":"","_et_gb_content_width":"","footnotes":""},"class_list":["post-8255","page","type-page","status-publish","hentry"],"_links":{"self":[{"href":"https:\/\/catholiques17.fr\/gemozac\/wp-json\/wp\/v2\/pages\/8255","targetHints":{"allow":["GET"]}}],"collection":[{"href":"https:\/\/catholiques17.fr\/gemozac\/wp-json\/wp\/v2\/pages"}],"about":[{"href":"https:\/\/catholiques17.fr\/gemozac\/wp-json\/wp\/v2\/types\/page"}],"author":[{"embeddable":true,"href":"https:\/\/catholiques17.fr\/gemozac\/wp-json\/wp\/v2\/users\/4"}],"replies":[{"embeddable":true,"href":"https:\/\/catholiques17.fr\/gemozac\/wp-json\/wp\/v2\/comments?post=8255"}],"version-history":[{"count":5,"href":"https:\/\/catholiques17.fr\/gemozac\/wp-json\/wp\/v2\/pages\/8255\/revisions"}],"predecessor-version":[{"id":8983,"href":"https:\/\/catholiques17.fr\/gemozac\/wp-json\/wp\/v2\/pages\/8255\/revisions\/8983"}],"up":[{"embeddable":true,"href":"https:\/\/catholiques17.fr\/gemozac\/wp-json\/wp\/v2\/pages\/6644"}],"wp:attachment":[{"href":"https:\/\/catholiques17.fr\/gemozac\/wp-json\/wp\/v2\/media?parent=8255"}],"curies":[{"name":"wp","href":"https:\/\/api.w.org\/{rel}","templated":true}]}}