{"id":8246,"date":"2022-12-13T08:32:57","date_gmt":"2022-12-13T07:32:57","guid":{"rendered":"https:\/\/catholiques17.fr\/gemozac\/?page_id=8246"},"modified":"2023-05-23T17:14:34","modified_gmt":"2023-05-23T15:14:34","slug":"montpellier-de-medilan","status":"publish","type":"page","link":"https:\/\/catholiques17.fr\/gemozac\/histoire-et-patrimoine\/montpellier-de-medilan\/","title":{"rendered":"Montpellier de M\u00e9dillan"},"content":{"rendered":"<p>[et_pb_section fb_built=\u00a0\u00bb1&Prime; _builder_version=\u00a0\u00bb4.17.6&Prime; _module_preset=\u00a0\u00bbdefault\u00a0\u00bb global_colors_info=\u00a0\u00bb{}\u00a0\u00bb theme_builder_area=\u00a0\u00bbpost_content\u00a0\u00bb][et_pb_row _builder_version=\u00a0\u00bb4.17.6&Prime; _module_preset=\u00a0\u00bbdefault\u00a0\u00bb global_colors_info=\u00a0\u00bb{}\u00a0\u00bb theme_builder_area=\u00a0\u00bbpost_content\u00a0\u00bb][et_pb_column type=\u00a0\u00bb4_4&Prime; _builder_version=\u00a0\u00bb4.17.6&Prime; _module_preset=\u00a0\u00bbdefault\u00a0\u00bb global_colors_info=\u00a0\u00bb{}\u00a0\u00bb theme_builder_area=\u00a0\u00bbpost_content\u00a0\u00bb][et_pb_image src=\u00a0\u00bbhttps:\/\/catholiques17.fr\/gemozac\/wp-content\/uploads\/sites\/34\/2023\/05\/Montpelliers-de-Medillan-eglise.jpg\u00a0\u00bb _builder_version=\u00a0\u00bb4.17.6&Prime; _module_preset=\u00a0\u00bbdefault\u00a0\u00bb theme_builder_area=\u00a0\u00bbpost_content\u00a0\u00bb title_text=\u00a0\u00bbMontpelliers de M\u00e9dillan \u00e9glise\u00a0\u00bb border_radii=\u00a0\u00bbon|20px|20px|20px|20px\u00a0\u00bb hover_enabled=\u00a0\u00bb0&Prime; sticky_enabled=\u00a0\u00bb0&Prime; force_fullwidth=\u00a0\u00bbon\u00a0\u00bb][\/et_pb_image][\/et_pb_column][\/et_pb_row][et_pb_row _builder_version=\u00a0\u00bb4.17.6&Prime; _module_preset=\u00a0\u00bbdefault\u00a0\u00bb theme_builder_area=\u00a0\u00bbpost_content\u00a0\u00bb][et_pb_column _builder_version=\u00a0\u00bb4.17.6&Prime; _module_preset=\u00a0\u00bbdefault\u00a0\u00bb type=\u00a0\u00bb4_4&Prime; theme_builder_area=\u00a0\u00bbpost_content\u00a0\u00bb][et_pb_text _builder_version=\u00a0\u00bb4.17.6&Prime; _module_preset=\u00a0\u00bbdefault\u00a0\u00bb theme_builder_area=\u00a0\u00bbpost_content\u00a0\u00bb hover_enabled=\u00a0\u00bb0&Prime; sticky_enabled=\u00a0\u00bb0&Prime;]<\/p>\n<blockquote>\n<p style=\"text-align: justify\">Saint-Martin est un des saints les plus anciens de la Gaule. Cette \u00e9glise, \u00e0 qui elle est d\u00e9di\u00e9e, est issue de la fondation, ancienne, sans doute ant\u00e9rieure \u00e0 l\u2019an 1000. La nef a conserv\u00e9 sa ma\u00e7onnerie en moellons et des traces de petites baies \u00e0 linteaux monolithes \u00e9chancr\u00e9s, t\u00e9moins d\u2019un \u00e9difice roman simplement charpent\u00e9 tel qu\u2019on les concevait au XIe si\u00e8cle. C\u2019est au d\u00e9but du XIIe si\u00e8cle que cette \u00e9glise a \u00e9t\u00e9 radicalement transform\u00e9e par l\u2019adjonction de crois\u00e9es d\u2019ogives et la reconstruction de la fa\u00e7ade. Le chevet a sans doute \u00e9galement \u00e9t\u00e9 remani\u00e9 \u00e0 ce moment-l\u00e0 et \u00e0 nouveau enti\u00e8rement reconstruit au XVIe si\u00e8cle. Une chapelle lat\u00e9rale avait \u00e9t\u00e9 accol\u00e9e au sud du chevet et de la trav\u00e9e du clocher. La fa\u00e7ade occidentale illustre bien l\u2019application de l\u2019esprit gothique sur le sch\u00e9ma traditionnel des fa\u00e7ades romanes saintongeaises \u00e0 arcatures. L\u2019emploi syst\u00e9matique des arcs bris\u00e9s, leur \u00e9lancement vertical et la sculpture d\u00e9j\u00e0 nettement gothique donnent toute leur saveur \u00e0 cette \u00e9l\u00e9vation. Les motifs v\u00e9g\u00e9taux naturalistes encore maladroits et les chapiteaux \u00e0 crochet et \u00e0 protom\u00e9s (t\u00eates humaines) dominent. L\u2019importance des nervures et l\u2019absence de cl\u00e9 de vo\u00fbte individualis\u00e9e la distingue des deux trav\u00e9es de la nef, sans doute de peu post\u00e9rieures. Le clocher, un peut ant\u00e9rieur \u00e0 ces modifications du XIIIe si\u00e8cle, est l\u2019esprit roman.<\/p>\n<p>http:\/\/eglises-en-charente-maritime.fr.cr\/<\/p>\n<\/blockquote>\n<p>[\/et_pb_text][\/et_pb_column][\/et_pb_row][et_pb_row _builder_version=\u00a0\u00bb4.17.6&Prime; _module_preset=\u00a0\u00bbdefault\u00a0\u00bb theme_builder_area=\u00a0\u00bbpost_content\u00a0\u00bb column_structure=\u00a0\u00bb1_2,1_2&Prime;][et_pb_column _builder_version=\u00a0\u00bb4.17.6&Prime; _module_preset=\u00a0\u00bbdefault\u00a0\u00bb type=\u00a0\u00bb1_2&Prime; theme_builder_area=\u00a0\u00bbpost_content\u00a0\u00bb][et_pb_image src=\u00a0\u00bbhttps:\/\/catholiques17.fr\/gemozac\/wp-content\/uploads\/sites\/34\/2023\/05\/Montpelliers-vitrail-1.jpg\u00a0\u00bb _builder_version=\u00a0\u00bb4.17.6&Prime; _module_preset=\u00a0\u00bbdefault\u00a0\u00bb theme_builder_area=\u00a0\u00bbpost_content\u00a0\u00bb title_text=\u00a0\u00bbMontpelliers vitrail 1&Prime; force_fullwidth=\u00a0\u00bbon\u00a0\u00bb hover_enabled=\u00a0\u00bb0&Prime; sticky_enabled=\u00a0\u00bb0&Prime;][\/et_pb_image][\/et_pb_column][et_pb_column _builder_version=\u00a0\u00bb4.17.6&Prime; _module_preset=\u00a0\u00bbdefault\u00a0\u00bb type=\u00a0\u00bb1_2&Prime; theme_builder_area=\u00a0\u00bbpost_content\u00a0\u00bb][et_pb_image src=\u00a0\u00bbhttps:\/\/catholiques17.fr\/gemozac\/wp-content\/uploads\/sites\/34\/2023\/05\/Montpelliers-vitrail2.jpg\u00a0\u00bb _builder_version=\u00a0\u00bb4.17.6&Prime; _module_preset=\u00a0\u00bbdefault\u00a0\u00bb theme_builder_area=\u00a0\u00bbpost_content\u00a0\u00bb title_text=\u00a0\u00bbMontpelliers vitrail2&Prime; force_fullwidth=\u00a0\u00bbon\u00a0\u00bb hover_enabled=\u00a0\u00bb0&Prime; sticky_enabled=\u00a0\u00bb0&Prime;][\/et_pb_image][\/et_pb_column][\/et_pb_row][\/et_pb_section]<\/p>\n","protected":false},"excerpt":{"rendered":"<p>Saint-Martin est un des saints les plus anciens de la Gaule. Cette \u00e9glise, \u00e0 qui elle est d\u00e9di\u00e9e, est issue de la fondation, ancienne, sans doute ant\u00e9rieure \u00e0 l\u2019an 1000. [&hellip;]<\/p>\n","protected":false},"author":4,"featured_media":0,"parent":6644,"menu_order":0,"comment_status":"closed","ping_status":"closed","template":"","meta":{"_et_pb_use_builder":"on","_et_pb_old_content":"","_et_gb_content_width":"","footnotes":""},"class_list":["post-8246","page","type-page","status-publish","hentry"],"_links":{"self":[{"href":"https:\/\/catholiques17.fr\/gemozac\/wp-json\/wp\/v2\/pages\/8246","targetHints":{"allow":["GET"]}}],"collection":[{"href":"https:\/\/catholiques17.fr\/gemozac\/wp-json\/wp\/v2\/pages"}],"about":[{"href":"https:\/\/catholiques17.fr\/gemozac\/wp-json\/wp\/v2\/types\/page"}],"author":[{"embeddable":true,"href":"https:\/\/catholiques17.fr\/gemozac\/wp-json\/wp\/v2\/users\/4"}],"replies":[{"embeddable":true,"href":"https:\/\/catholiques17.fr\/gemozac\/wp-json\/wp\/v2\/comments?post=8246"}],"version-history":[{"count":4,"href":"https:\/\/catholiques17.fr\/gemozac\/wp-json\/wp\/v2\/pages\/8246\/revisions"}],"predecessor-version":[{"id":8898,"href":"https:\/\/catholiques17.fr\/gemozac\/wp-json\/wp\/v2\/pages\/8246\/revisions\/8898"}],"up":[{"embeddable":true,"href":"https:\/\/catholiques17.fr\/gemozac\/wp-json\/wp\/v2\/pages\/6644"}],"wp:attachment":[{"href":"https:\/\/catholiques17.fr\/gemozac\/wp-json\/wp\/v2\/media?parent=8246"}],"curies":[{"name":"wp","href":"https:\/\/api.w.org\/{rel}","templated":true}]}}