{"id":8244,"date":"2022-12-13T08:32:36","date_gmt":"2022-12-13T07:32:36","guid":{"rendered":"https:\/\/catholiques17.fr\/gemozac\/?page_id=8244"},"modified":"2023-05-23T17:06:37","modified_gmt":"2023-05-23T15:06:37","slug":"jazennes","status":"publish","type":"page","link":"https:\/\/catholiques17.fr\/gemozac\/histoire-et-patrimoine\/jazennes\/","title":{"rendered":"Jazennes"},"content":{"rendered":"<p>[et_pb_section fb_built=\u00a0\u00bb1&Prime; _builder_version=\u00a0\u00bb4.17.6&Prime; _module_preset=\u00a0\u00bbdefault\u00a0\u00bb global_colors_info=\u00a0\u00bb{}\u00a0\u00bb theme_builder_area=\u00a0\u00bbpost_content\u00a0\u00bb][et_pb_row _builder_version=\u00a0\u00bb4.17.6&Prime; _module_preset=\u00a0\u00bbdefault\u00a0\u00bb global_colors_info=\u00a0\u00bb{}\u00a0\u00bb theme_builder_area=\u00a0\u00bbpost_content\u00a0\u00bb][et_pb_column type=\u00a0\u00bb4_4&Prime; _builder_version=\u00a0\u00bb4.17.6&Prime; _module_preset=\u00a0\u00bbdefault\u00a0\u00bb global_colors_info=\u00a0\u00bb{}\u00a0\u00bb theme_builder_area=\u00a0\u00bbpost_content\u00a0\u00bb][et_pb_image src=\u00a0\u00bbhttps:\/\/catholiques17.fr\/gemozac\/wp-content\/uploads\/sites\/34\/2023\/05\/Jazennes-eglise.jpg\u00a0\u00bb _builder_version=\u00a0\u00bb4.17.6&Prime; _module_preset=\u00a0\u00bbdefault\u00a0\u00bb theme_builder_area=\u00a0\u00bbpost_content\u00a0\u00bb title_text=\u00a0\u00bbJazennes \u00e9glise\u00a0\u00bb border_radii=\u00a0\u00bbon|20px|20px|20px|20px\u00a0\u00bb hover_enabled=\u00a0\u00bb0&Prime; sticky_enabled=\u00a0\u00bb0&Prime; force_fullwidth=\u00a0\u00bbon\u00a0\u00bb][\/et_pb_image][\/et_pb_column][\/et_pb_row][et_pb_row _builder_version=\u00a0\u00bb4.17.6&Prime; _module_preset=\u00a0\u00bbdefault\u00a0\u00bb theme_builder_area=\u00a0\u00bbpost_content\u00a0\u00bb][et_pb_column _builder_version=\u00a0\u00bb4.17.6&Prime; _module_preset=\u00a0\u00bbdefault\u00a0\u00bb type=\u00a0\u00bb4_4&Prime; theme_builder_area=\u00a0\u00bbpost_content\u00a0\u00bb][et_pb_text _builder_version=\u00a0\u00bb4.17.6&Prime; _module_preset=\u00a0\u00bbdefault\u00a0\u00bb theme_builder_area=\u00a0\u00bbpost_content\u00a0\u00bb hover_enabled=\u00a0\u00bb0&Prime; sticky_enabled=\u00a0\u00bb0&Prime;]<\/p>\n<blockquote>\n<p style=\"text-align: justify\">Cette \u00e9glise du XIIe si\u00e8cle est constitu\u00e9e d\u2019une nef rectangulaire avec une trav\u00e9e de c\u0153ur qui porte le clocher et qui se termine par une <span class=\"bordure-pointillee\"><a target=\"_blank\" href=\"http:\/\/ch.lerolle.free.fr\/eglises17\/lexique.php#:~:text=abside\" rel=\"noopener\">abside<\/a><\/span>. \u00c0 la p\u00e9riode moderne, une chapelle en h\u00e9micycle a \u00e9t\u00e9 ajout\u00e9e au sud de la nef. On identifie ais\u00e9ment deux campagnes de construction au cours du XIIe si\u00e8cle. Dans la premi\u00e8re ont \u00e9t\u00e9 \u00e9difi\u00e9es l\u2019 <span class=\"bordure-pointillee\"><a target=\"_blank\" href=\"http:\/\/ch.lerolle.free.fr\/eglises17\/lexique.php#:~:text=abside\" rel=\"noopener\">abside<\/a><\/span> et la trav\u00e9e de c\u0153ur jusqu\u2019\u00e0 la hauteur de la vo\u00fbte qui est une coupole sur trompes. Les chapiteaux et les mordillons en place datent de la premi\u00e8re moiti\u00e9 du XIIe si\u00e8cle. Un net changement d\u2019appareil et de mod\u00e9nature caract\u00e9rise la seconde campagne qui fut consacr\u00e9e \u00e0 la construction de la tour du clocher, ainsi qu\u2019\u00e0 la nef et sa fa\u00e7ade occidentale. Celle-ci est dot\u00e9e d\u2019un vaste portail encadr\u00e9 par des arcades aveugles, et poss\u00e8de, dans les angles, de puissants faisceaux de colonnes. L\u2019ensemble fut martel\u00e9 peut-\u00eatre d\u00e8s les guerres de religion au XVIe si\u00e8cle. Quelques chapiteaux laissent encore deviner une sculpture de belle qualit\u00e9, avec des motifs enserr\u00e9s dans des gaines typiques de la seconde moiti\u00e9 du XIIe si\u00e8cle.<br \/>La chute de la vo\u00fbte de la nef a d\u00fb entrainer une reprise des assises sup\u00e9rieures des murs gouttereaux, qui est nettement visible, <strong>un d\u00e9cor peint du XIXe si\u00e8cle<\/strong> orne le cul-de-four de l\u2019 <span class=\"bordure-pointillee\"><a target=\"_blank\" href=\"http:\/\/ch.lerolle.free.fr\/eglises17\/lexique.php#:~:text=abside\" rel=\"noopener\">abside<\/a><\/span>.<\/p>\n<p>http:\/\/eglises-en-charente-maritime.fr.cr\/<\/p>\n<\/blockquote>\n<p>[\/et_pb_text][\/et_pb_column][\/et_pb_row][et_pb_row _builder_version=\u00a0\u00bb4.17.6&Prime; _module_preset=\u00a0\u00bbdefault\u00a0\u00bb theme_builder_area=\u00a0\u00bbpost_content\u00a0\u00bb column_structure=\u00a0\u00bb1_3,1_3,1_3&Prime;][et_pb_column _builder_version=\u00a0\u00bb4.17.6&Prime; _module_preset=\u00a0\u00bbdefault\u00a0\u00bb type=\u00a0\u00bb1_3&Prime; theme_builder_area=\u00a0\u00bbpost_content\u00a0\u00bb][et_pb_image src=\u00a0\u00bbhttps:\/\/catholiques17.fr\/gemozac\/wp-content\/uploads\/sites\/34\/2023\/05\/Jazennes-choeur.jpg\u00a0\u00bb _builder_version=\u00a0\u00bb4.17.6&Prime; _module_preset=\u00a0\u00bbdefault\u00a0\u00bb theme_builder_area=\u00a0\u00bbpost_content\u00a0\u00bb title_text=\u00a0\u00bbJazennes choeur\u00a0\u00bb border_radii=\u00a0\u00bbon|20px|20px|20px|20px\u00a0\u00bb hover_enabled=\u00a0\u00bb0&Prime; sticky_enabled=\u00a0\u00bb0&Prime;][\/et_pb_image][\/et_pb_column][et_pb_column _builder_version=\u00a0\u00bb4.17.6&Prime; _module_preset=\u00a0\u00bbdefault\u00a0\u00bb type=\u00a0\u00bb1_3&Prime; theme_builder_area=\u00a0\u00bbpost_content\u00a0\u00bb][et_pb_image src=\u00a0\u00bbhttps:\/\/catholiques17.fr\/gemozac\/wp-content\/uploads\/sites\/34\/2023\/05\/Jazennes-voute-1.jpg\u00a0\u00bb _builder_version=\u00a0\u00bb4.17.6&Prime; _module_preset=\u00a0\u00bbdefault\u00a0\u00bb theme_builder_area=\u00a0\u00bbpost_content\u00a0\u00bb title_text=\u00a0\u00bbJazennes voute 1&Prime; hover_enabled=\u00a0\u00bb0&Prime; sticky_enabled=\u00a0\u00bb0&Prime; border_radii=\u00a0\u00bbon|20px|20px|20px|20px\u00a0\u00bb][\/et_pb_image][\/et_pb_column][et_pb_column _builder_version=\u00a0\u00bb4.17.6&Prime; _module_preset=\u00a0\u00bbdefault\u00a0\u00bb type=\u00a0\u00bb1_3&Prime; theme_builder_area=\u00a0\u00bbpost_content\u00a0\u00bb][et_pb_image src=\u00a0\u00bbhttps:\/\/catholiques17.fr\/gemozac\/wp-content\/uploads\/sites\/34\/2023\/05\/Jazennes-voute-2.jpg\u00a0\u00bb _builder_version=\u00a0\u00bb4.17.6&Prime; _module_preset=\u00a0\u00bbdefault\u00a0\u00bb theme_builder_area=\u00a0\u00bbpost_content\u00a0\u00bb title_text=\u00a0\u00bbJazennes voute 2&Prime; border_radii=\u00a0\u00bbon|20px|20px|20px|20px\u00a0\u00bb hover_enabled=\u00a0\u00bb0&Prime; sticky_enabled=\u00a0\u00bb0&Prime;][\/et_pb_image][\/et_pb_column][\/et_pb_row][\/et_pb_section]<\/p>\n","protected":false},"excerpt":{"rendered":"<p>Cette \u00e9glise du XIIe si\u00e8cle est constitu\u00e9e d\u2019une nef rectangulaire avec une trav\u00e9e de c\u0153ur qui porte le clocher et qui se termine par une abside. \u00c0 la p\u00e9riode moderne, [&hellip;]<\/p>\n","protected":false},"author":4,"featured_media":0,"parent":6644,"menu_order":0,"comment_status":"closed","ping_status":"closed","template":"","meta":{"_et_pb_use_builder":"on","_et_pb_old_content":"","_et_gb_content_width":"","footnotes":""},"class_list":["post-8244","page","type-page","status-publish","hentry"],"_links":{"self":[{"href":"https:\/\/catholiques17.fr\/gemozac\/wp-json\/wp\/v2\/pages\/8244","targetHints":{"allow":["GET"]}}],"collection":[{"href":"https:\/\/catholiques17.fr\/gemozac\/wp-json\/wp\/v2\/pages"}],"about":[{"href":"https:\/\/catholiques17.fr\/gemozac\/wp-json\/wp\/v2\/types\/page"}],"author":[{"embeddable":true,"href":"https:\/\/catholiques17.fr\/gemozac\/wp-json\/wp\/v2\/users\/4"}],"replies":[{"embeddable":true,"href":"https:\/\/catholiques17.fr\/gemozac\/wp-json\/wp\/v2\/comments?post=8244"}],"version-history":[{"count":5,"href":"https:\/\/catholiques17.fr\/gemozac\/wp-json\/wp\/v2\/pages\/8244\/revisions"}],"predecessor-version":[{"id":8893,"href":"https:\/\/catholiques17.fr\/gemozac\/wp-json\/wp\/v2\/pages\/8244\/revisions\/8893"}],"up":[{"embeddable":true,"href":"https:\/\/catholiques17.fr\/gemozac\/wp-json\/wp\/v2\/pages\/6644"}],"wp:attachment":[{"href":"https:\/\/catholiques17.fr\/gemozac\/wp-json\/wp\/v2\/media?parent=8244"}],"curies":[{"name":"wp","href":"https:\/\/api.w.org\/{rel}","templated":true}]}}