{"id":8242,"date":"2022-12-13T08:32:27","date_gmt":"2022-12-13T07:32:27","guid":{"rendered":"https:\/\/catholiques17.fr\/gemozac\/?page_id=8242"},"modified":"2023-05-24T15:32:45","modified_gmt":"2023-05-24T13:32:45","slug":"la-jard","status":"publish","type":"page","link":"https:\/\/catholiques17.fr\/gemozac\/histoire-et-patrimoine\/la-jard\/","title":{"rendered":"La Jard"},"content":{"rendered":"<p>[et_pb_section fb_built=\u00a0\u00bb1&Prime; _builder_version=\u00a0\u00bb4.17.6&Prime; _module_preset=\u00a0\u00bbdefault\u00a0\u00bb global_colors_info=\u00a0\u00bb{}\u00a0\u00bb theme_builder_area=\u00a0\u00bbpost_content\u00a0\u00bb][et_pb_row _builder_version=\u00a0\u00bb4.17.6&Prime; _module_preset=\u00a0\u00bbdefault\u00a0\u00bb global_colors_info=\u00a0\u00bb{}\u00a0\u00bb theme_builder_area=\u00a0\u00bbpost_content\u00a0\u00bb][et_pb_column type=\u00a0\u00bb4_4&Prime; _builder_version=\u00a0\u00bb4.17.6&Prime; _module_preset=\u00a0\u00bbdefault\u00a0\u00bb global_colors_info=\u00a0\u00bb{}\u00a0\u00bb theme_builder_area=\u00a0\u00bbpost_content\u00a0\u00bb][et_pb_image src=\u00a0\u00bbhttps:\/\/catholiques17.fr\/gemozac\/wp-content\/uploads\/sites\/34\/2023\/05\/La-Jard-eglise.jpg\u00a0\u00bb title_text=\u00a0\u00bbLa Jard \u00e9glise\u00a0\u00bb _builder_version=\u00a0\u00bb4.17.6&Prime; _module_preset=\u00a0\u00bbdefault\u00a0\u00bb hover_enabled=\u00a0\u00bb0&Prime; global_colors_info=\u00a0\u00bb{}\u00a0\u00bb theme_builder_area=\u00a0\u00bbpost_content\u00a0\u00bb border_radii=\u00a0\u00bbon|20px|20px|20px|20px\u00a0\u00bb sticky_enabled=\u00a0\u00bb0&Prime; force_fullwidth=\u00a0\u00bbon\u00a0\u00bb][\/et_pb_image][\/et_pb_column][\/et_pb_row][et_pb_row _builder_version=\u00a0\u00bb4.17.6&Prime; _module_preset=\u00a0\u00bbdefault\u00a0\u00bb global_colors_info=\u00a0\u00bb{}\u00a0\u00bb theme_builder_area=\u00a0\u00bbpost_content\u00a0\u00bb][et_pb_column type=\u00a0\u00bb4_4&Prime; _builder_version=\u00a0\u00bb4.17.6&Prime; _module_preset=\u00a0\u00bbdefault\u00a0\u00bb global_colors_info=\u00a0\u00bb{}\u00a0\u00bb theme_builder_area=\u00a0\u00bbpost_content\u00a0\u00bb][et_pb_text _builder_version=\u00a0\u00bb4.17.6&Prime; _module_preset=\u00a0\u00bbdefault\u00a0\u00bb global_colors_info=\u00a0\u00bb{}\u00a0\u00bb theme_builder_area=\u00a0\u00bbpost_content\u00a0\u00bb]<\/p>\n<blockquote>\n<p style=\"text-align: justify\">Le vocable de l\u2019\u00e9glise rappelle sa situation sur l\u2019ancienne voie reliant Saintes \u00e0 Pons et qui correspondait \u00e0 la \u00abVia Turonensis\u00bb, la route la plus occidentale de p\u00e8lerinage de Saint-Jacques-de-Compostelle.<br \/>D\u2019un plan tr\u00e8s simple, cet \u00e9difice rassemble toutefois plusieurs \u00e9poques dans son architecture. L\u2019 <span class=\"bordure-pointillee\"><a target=\"_blank\" href=\"http:\/\/ch.lerolle.free.fr\/eglises17\/lexique.php#:~:text=abside\" rel=\"noopener\">abside<\/a><\/span> et la trav\u00e9e sous le clocher sont encore d\u2019esprit roman bien qu\u2019ils puissent \u00eatre dat\u00e9s de la fin du XIIe si\u00e8cle. Si l\u2019 <span class=\"bordure-pointillee\"><a target=\"_blank\" href=\"http:\/\/ch.lerolle.free.fr\/eglises17\/lexique.php#:~:text=abside\" rel=\"noopener\">abside<\/a><\/span>\u00a0 est encore couverte d\u2019un cul-de-four de tradition romane, la trav\u00e9e sous le clocher pr\u00e9sente, quant \u00e0 elle, une crois\u00e9e d\u2019ogives aux nervures orn\u00e9es de trois moulures toriques retombant sur des chapiteaux \u00e0 crochet dispos\u00e9s de biais. \u00c0 la cl\u00e9 de vo\u00fbte, on trouve un passage de cloche de forme quadrilob\u00e9e. Le mur sud perc\u00e9 d\u2019une ouverture en demi-lune sous l\u2019arc forment comme \u00e0 Tesson et \u00e0 Chaniers.<br \/>Les chapiteaux \u00e0 masques des fen\u00eatres du clocher sont semblables \u00e0 ceux du clocher de Colombiers.<br \/>La nef, bien que tr\u00e8s sobre dans son \u00e9l\u00e9vation ext\u00e9rieure, a cependant \u00e9t\u00e9 construite dans une phase ult\u00e9rieure, sans doute dans la seconde moiti\u00e9 du XIIe si\u00e8cle. La crois\u00e9e d\u2019ogives qui couvre la trav\u00e9e orientale de la nef est port\u00e9e \u00e0 l\u2019est par des culs-de-lampe \u00e0 figures, \u00e0 droite, un maque grin\u00e7ant, \u00e0 gauche, une t\u00eate surmont\u00e9e d\u2019un atlante et \u00e0 l\u2019ouest par des chapiteaux sculpt\u00e9s dans des feuillages naturalistes attestent date tardive. Comme le montre la disparition de la vo\u00fbte occidentale et les reprises du mur sud, la fragilit\u00e9 de\u00a0 l\u2019\u00e9difice a entra\u00een\u00e9 \u00a0la construction d\u2019une fa\u00e7ade n\u00e9oclassique en 1880.<\/p>\n<p style=\"text-align: justify\">\n<p>http:\/\/eglises-en-charente-maritime.fr.cr\/<\/p>\n<\/blockquote>\n<p>[\/et_pb_text][\/et_pb_column][\/et_pb_row][et_pb_row column_structure=\u00a0\u00bb1_2,1_2&Prime; _builder_version=\u00a0\u00bb4.17.6&Prime; _module_preset=\u00a0\u00bbdefault\u00a0\u00bb global_colors_info=\u00a0\u00bb{}\u00a0\u00bb theme_builder_area=\u00a0\u00bbpost_content\u00a0\u00bb][et_pb_column type=\u00a0\u00bb1_2&Prime; _builder_version=\u00a0\u00bb4.17.6&Prime; _module_preset=\u00a0\u00bbdefault\u00a0\u00bb global_colors_info=\u00a0\u00bb{}\u00a0\u00bb theme_builder_area=\u00a0\u00bbpost_content\u00a0\u00bb][et_pb_image src=\u00a0\u00bbhttps:\/\/catholiques17.fr\/gemozac\/wp-content\/uploads\/sites\/34\/2023\/05\/La-Jard-colonne-1.jpg\u00a0\u00bb title_text=\u00a0\u00bbLa Jard colonne 1&Prime; _builder_version=\u00a0\u00bb4.17.6&Prime; _module_preset=\u00a0\u00bbdefault\u00a0\u00bb border_radii=\u00a0\u00bbon|20px|20px|20px|20px\u00a0\u00bb global_colors_info=\u00a0\u00bb{}\u00a0\u00bb theme_builder_area=\u00a0\u00bbpost_content\u00a0\u00bb][\/et_pb_image][\/et_pb_column][et_pb_column type=\u00a0\u00bb1_2&Prime; _builder_version=\u00a0\u00bb4.17.6&Prime; _module_preset=\u00a0\u00bbdefault\u00a0\u00bb global_colors_info=\u00a0\u00bb{}\u00a0\u00bb theme_builder_area=\u00a0\u00bbpost_content\u00a0\u00bb][et_pb_image src=\u00a0\u00bbhttps:\/\/catholiques17.fr\/gemozac\/wp-content\/uploads\/sites\/34\/2023\/05\/La-Jard-colonne-3.jpg\u00a0\u00bb title_text=\u00a0\u00bbLa Jard colonne 3&Prime; _builder_version=\u00a0\u00bb4.17.6&Prime; _module_preset=\u00a0\u00bbdefault\u00a0\u00bb border_radii=\u00a0\u00bbon|20px|20px|20px|20px\u00a0\u00bb global_colors_info=\u00a0\u00bb{}\u00a0\u00bb theme_builder_area=\u00a0\u00bbpost_content\u00a0\u00bb][\/et_pb_image][\/et_pb_column][\/et_pb_row][\/et_pb_section]<\/p>\n","protected":false},"excerpt":{"rendered":"<p>Le vocable de l\u2019\u00e9glise rappelle sa situation sur l\u2019ancienne voie reliant Saintes \u00e0 Pons et qui correspondait \u00e0 la \u00abVia Turonensis\u00bb, la route la plus occidentale de p\u00e8lerinage de Saint-Jacques-de-Compostelle.D\u2019un [&hellip;]<\/p>\n","protected":false},"author":4,"featured_media":0,"parent":6644,"menu_order":0,"comment_status":"closed","ping_status":"closed","template":"","meta":{"_et_pb_use_builder":"on","_et_pb_old_content":"","_et_gb_content_width":"","footnotes":""},"class_list":["post-8242","page","type-page","status-publish","hentry"],"_links":{"self":[{"href":"https:\/\/catholiques17.fr\/gemozac\/wp-json\/wp\/v2\/pages\/8242","targetHints":{"allow":["GET"]}}],"collection":[{"href":"https:\/\/catholiques17.fr\/gemozac\/wp-json\/wp\/v2\/pages"}],"about":[{"href":"https:\/\/catholiques17.fr\/gemozac\/wp-json\/wp\/v2\/types\/page"}],"author":[{"embeddable":true,"href":"https:\/\/catholiques17.fr\/gemozac\/wp-json\/wp\/v2\/users\/4"}],"replies":[{"embeddable":true,"href":"https:\/\/catholiques17.fr\/gemozac\/wp-json\/wp\/v2\/comments?post=8242"}],"version-history":[{"count":5,"href":"https:\/\/catholiques17.fr\/gemozac\/wp-json\/wp\/v2\/pages\/8242\/revisions"}],"predecessor-version":[{"id":8966,"href":"https:\/\/catholiques17.fr\/gemozac\/wp-json\/wp\/v2\/pages\/8242\/revisions\/8966"}],"up":[{"embeddable":true,"href":"https:\/\/catholiques17.fr\/gemozac\/wp-json\/wp\/v2\/pages\/6644"}],"wp:attachment":[{"href":"https:\/\/catholiques17.fr\/gemozac\/wp-json\/wp\/v2\/media?parent=8242"}],"curies":[{"name":"wp","href":"https:\/\/api.w.org\/{rel}","templated":true}]}}