{"id":8234,"date":"2022-12-13T08:31:23","date_gmt":"2022-12-13T07:31:23","guid":{"rendered":"https:\/\/catholiques17.fr\/gemozac\/?page_id=8234"},"modified":"2023-05-24T15:06:22","modified_gmt":"2023-05-24T13:06:22","slug":"jean-baptiste-souzy-et-ses-compagnons","status":"publish","type":"page","link":"https:\/\/catholiques17.fr\/gemozac\/histoire-et-patrimoine\/jean-baptiste-souzy-et-ses-compagnons\/","title":{"rendered":"Jean-Baptiste Souzy et ses compagnons"},"content":{"rendered":"<p>[et_pb_section fb_built=\u00a0\u00bb1&Prime; _builder_version=\u00a0\u00bb4.17.6&Prime; _module_preset=\u00a0\u00bbdefault\u00a0\u00bb global_colors_info=\u00a0\u00bb{}\u00a0\u00bb theme_builder_area=\u00a0\u00bbpost_content\u00a0\u00bb][et_pb_row _builder_version=\u00a0\u00bb4.17.6&Prime; _module_preset=\u00a0\u00bbdefault\u00a0\u00bb global_colors_info=\u00a0\u00bb{}\u00a0\u00bb theme_builder_area=\u00a0\u00bbpost_content\u00a0\u00bb][et_pb_column type=\u00a0\u00bb4_4&Prime; _builder_version=\u00a0\u00bb4.17.6&Prime; _module_preset=\u00a0\u00bbdefault\u00a0\u00bb global_colors_info=\u00a0\u00bb{}\u00a0\u00bb theme_builder_area=\u00a0\u00bbpost_content\u00a0\u00bb][et_pb_text _builder_version=\u00a0\u00bb4.17.6&Prime; _module_preset=\u00a0\u00bbdefault\u00a0\u00bb global_colors_info=\u00a0\u00bb{}\u00a0\u00bb theme_builder_area=\u00a0\u00bbpost_content\u00a0\u00bb]<\/p>\n<div>\n<h3 class=\"ma0 h1-like\" style=\"text-align: center\"><strong>PR\u00caTRES D\u00c9PORT\u00c9S sur les PONTONS DE ROCHEFORT<\/strong><\/h3>\n<h3 class=\"ma0 h2-like\" style=\"text-align: center\"><strong>durant la R\u00c9VOLUTION FRANCAISE<\/strong><\/h3>\n<\/div>\n<p>[\/et_pb_text][\/et_pb_column][\/et_pb_row][et_pb_row _builder_version=\u00a0\u00bb4.17.6&Prime; _module_preset=\u00a0\u00bbdefault\u00a0\u00bb global_colors_info=\u00a0\u00bb{}\u00a0\u00bb theme_builder_area=\u00a0\u00bbpost_content\u00a0\u00bb][et_pb_column type=\u00a0\u00bb4_4&Prime; _builder_version=\u00a0\u00bb4.17.6&Prime; _module_preset=\u00a0\u00bbdefault\u00a0\u00bb global_colors_info=\u00a0\u00bb{}\u00a0\u00bb theme_builder_area=\u00a0\u00bbpost_content\u00a0\u00bb][et_pb_text _builder_version=\u00a0\u00bb4.17.6&Prime; _module_preset=\u00a0\u00bbdefault\u00a0\u00bb global_colors_info=\u00a0\u00bb{}\u00a0\u00bb theme_builder_area=\u00a0\u00bbpost_content\u00a0\u00bb]<\/p>\n<blockquote>\n<p>Il \u00e9taient 829, jet\u00e9s dans une tourmente qu\u2019ils n\u2019avaient pas vu venir. Pourtant, ils ont subi cette \u00e9preuve avec une foi qui nous est donn\u00e9e en exemple, depuis la b\u00e9atification par le pape Jean-Paul II, en 1995, de Jean-Baptiste Souzy et de ses compagnons martyrs.<\/p>\n<p>Tout au long de leur d\u00e9tention sur les navires, ils n\u2019ont cess\u00e9 de se vouloir artisans de r\u00e9conciliation et de paix, pardonnant \u00e0 ceux qui les faisaient souffrir, priant pour que soit retrouv\u00e9e l\u2019unit\u00e9 d\u00e9chir\u00e9e de la nation.<\/p>\n<p>Jusqu\u2019\u00e0 cette \u00e9preuve, ils avaient \u00e9t\u00e9 des chr\u00e9tiens ordinaires, des pr\u00eatres et des religieux fid\u00e8les dans le quotidien des jours.<\/p>\n<p>547 ont laiss\u00e9 leur vie sur les rivages de ce d\u00e9partement. Puissent-ils interc\u00e9der pour l\u2019Eglise, en particulier pour les dioc\u00e8ses dont ils \u00e9taient originaires, et ce dioc\u00e8se.<\/p>\n<p>Leur histoire est exemplaire pour les chr\u00e9tiens et plus largement pour tous. L\u2019homme, c\u2019est vrai, peut-\u00eatre capable du pire mais, comme l\u2019ont montr\u00e9 ces pr\u00eatres, il peut aussi \u00eatre capable du meilleur.<\/p>\n<p>&nbsp;<\/p>\n<p style=\"text-align: justify\"><strong><em>Monseigneur Georges Pontier Ev\u00eaque de La Rochelle et Saintes de 1996 \u00e0 2006<\/em><\/strong><\/p>\n<\/blockquote>\n<p>[\/et_pb_text][\/et_pb_column][\/et_pb_row][et_pb_row _builder_version=\u00a0\u00bb4.17.6&Prime; _module_preset=\u00a0\u00bbdefault\u00a0\u00bb global_colors_info=\u00a0\u00bb{}\u00a0\u00bb theme_builder_area=\u00a0\u00bbpost_content\u00a0\u00bb][et_pb_column type=\u00a0\u00bb4_4&Prime; _builder_version=\u00a0\u00bb4.17.6&Prime; _module_preset=\u00a0\u00bbdefault\u00a0\u00bb global_colors_info=\u00a0\u00bb{}\u00a0\u00bb theme_builder_area=\u00a0\u00bbpost_content\u00a0\u00bb][et_pb_text _builder_version=\u00a0\u00bb4.17.6&Prime; _module_preset=\u00a0\u00bbdefault\u00a0\u00bb global_colors_info=\u00a0\u00bb{}\u00a0\u00bb theme_builder_area=\u00a0\u00bbpost_content\u00a0\u00bb]<\/p>\n<blockquote>\n<p style=\"text-align: justify\">N\u2019ayant pas voulu pr\u00eater serment \u00e0 la constitution civile du clerg\u00e9 du 12 juillet 1790, 829 pr\u00eatres et religieux, de 35 d\u00e9partements de France, ont \u00e9t\u00e9 \u00ab\u00a0d\u00e9port\u00e9s\u00a0\u00bb \u00e0 Rochefort, \u00e0 partir d\u2019avril 1794, sur deux vaisseaux n\u00e9griers fran\u00e7ais, les \u00ab\u00a0Deux Associ\u00e9s\u00a0\u00bb et le \u00ab\u00a0Washington\u00a0\u00bb, pour \u00eatre envoy\u00e9s en Guyane. Ces navires, ancr\u00e9s dans la rade de l\u2019\u00cele d\u2019Aix, ne partirent jamais en raison de leur \u00e9tat et du blocus anglais qui interdisait la sortie en haute mer. Dans le but inavou\u00e9 de les faire dispara\u00eetre clandestinement et sans bruit, les \u00e9quipages leur firent subir les pires souffrances. Ce dessein faillit r\u00e9ussir car, en dix mois, 547 d\u2019entre eux\u00a0moururent par suite des mauvais traitements qui leurs furent inflig\u00e9s et furent enterr\u00e9s, pour la majorit\u00e9 d\u2019entre eux, sur l\u2019\u00cele d\u2019Aix et l\u2019\u00cele Madame. Ce n\u2019est qu\u2019apr\u00e8s la chute de Robespierre (28 Juillet 1794) que la Convention se vit oblig\u00e9e de lib\u00e9rer ceux qui restaient\u00a0: 282\u00a0! \u00e0 partir du 5 f\u00e9vrier 1795. Les supplices qui amen\u00e8rent rapidement leur mort, les vertus dont ils donn\u00e8rent l\u2019exemple en souffrant pour leur foi, ont permis de les consid\u00e9rer comme martyrs. Le 1er octobre 1995, Jean-Paul II, b\u00e9atifiait 64 d\u2019entre eux, ceux pour lesquels on avait pu r\u00e9unir suffisamment d\u2019informations.<\/p>\n<p style=\"text-align: justify\">Ce site, mis en place, le 27 mai 2001, sera pour eux tous et aux yeux du monde, un lieu de m\u00e9moire, au m\u00eame titre que ceux sur lesquels ils ont souffert et o\u00f9 ils ont \u00e9t\u00e9 ensevelis. Mais nous devons aussi \u00e0 leur souvenir de ne pas oublier, les principes qui les ont soutenus\u00a0: Foi, Amour, Fid\u00e9lit\u00e9 et Pardon. Ces \u00e9v\u00e8nements nous manifestent, qu\u2019aujourd\u2019hui encore, la paix et l\u2019unit\u00e9 d\u2019un pays ne peuvent se fonder que sur le respect des droits de l\u2019homme, de la tol\u00e9rance et de la libert\u00e9 religieuse. C\u2019est notre honneur que de ne pas fermer les yeux sur cette page de notre histoire.<\/p>\n<p style=\"text-align: justify\">Cette croix sculpt\u00e9e par un pr\u00eatre infirmier se trouve actuellement \u00e0 l\u2019Ev\u00each\u00e9 de La Rochelle. \u00ab\u00a0Les bras disparus nous offrent comme le symbole de ces pr\u00eatres emprisonn\u00e9s, dans l\u2019impossibilit\u00e9 d\u2019accomplir leur sacerdoce, et souffrant \u00e0 l\u2019exemple du Christ.\u00a0\u00bb<\/p>\n<p class=\"txtcenter\" style=\"text-align: justify\">\u00ab\u00a0Le vrai site du drame des pontons n\u2019est autre que le silence de l\u2019oc\u00e9an\u00a0\u00bb<\/p>\n<\/blockquote>\n<p>[\/et_pb_text][\/et_pb_column][\/et_pb_row][et_pb_row _builder_version=\u00a0\u00bb4.17.6&Prime; _module_preset=\u00a0\u00bbdefault\u00a0\u00bb global_colors_info=\u00a0\u00bb{}\u00a0\u00bb theme_builder_area=\u00a0\u00bbpost_content\u00a0\u00bb][et_pb_column type=\u00a0\u00bb4_4&Prime; _builder_version=\u00a0\u00bb4.17.6&Prime; _module_preset=\u00a0\u00bbdefault\u00a0\u00bb global_colors_info=\u00a0\u00bb{}\u00a0\u00bb theme_builder_area=\u00a0\u00bbpost_content\u00a0\u00bb][et_pb_image src=\u00a0\u00bbhttps:\/\/catholiques17.fr\/gemozac\/wp-content\/uploads\/sites\/34\/2023\/05\/croix_yblomme-pretres-deportes.png\u00a0\u00bb title_text=\u00a0\u00bbcroix_yblomme pr\u00eatres d\u00e9port\u00e9s\u00a0\u00bb _builder_version=\u00a0\u00bb4.17.6&Prime; _module_preset=\u00a0\u00bbdefault\u00a0\u00bb global_colors_info=\u00a0\u00bb{}\u00a0\u00bb theme_builder_area=\u00a0\u00bbpost_content\u00a0\u00bb][\/et_pb_image][\/et_pb_column][\/et_pb_row][et_pb_row _builder_version=\u00a0\u00bb4.17.6&Prime; _module_preset=\u00a0\u00bbdefault\u00a0\u00bb global_colors_info=\u00a0\u00bb{}\u00a0\u00bb theme_builder_area=\u00a0\u00bbpost_content\u00a0\u00bb][et_pb_column type=\u00a0\u00bb4_4&Prime; _builder_version=\u00a0\u00bb4.17.6&Prime; _module_preset=\u00a0\u00bbdefault\u00a0\u00bb global_colors_info=\u00a0\u00bb{}\u00a0\u00bb theme_builder_area=\u00a0\u00bbpost_content\u00a0\u00bb][et_pb_text _builder_version=\u00a0\u00bb4.17.6&Prime; _module_preset=\u00a0\u00bbdefault\u00a0\u00bb hover_enabled=\u00a0\u00bb0&Prime; global_colors_info=\u00a0\u00bb{}\u00a0\u00bb theme_builder_area=\u00a0\u00bbpost_content\u00a0\u00bb sticky_enabled=\u00a0\u00bb0&Prime;]<\/p>\n<p>Je vous invite \u00e0 vous rendre sur <a href=\"http:\/\/pretres-deportes.rabany.eu\/beatifies_ordre_alphabetique.html\"><span style=\"color: #ff9900\"><span style=\"text-decoration: underline\"><strong>ce site<\/strong><\/span>\u00a0<\/span><\/a> abondamment renseign\u00e9 sur le sujet &#8230;<\/p>\n<p>[\/et_pb_text][\/et_pb_column][\/et_pb_row][\/et_pb_section]<\/p>\n","protected":false},"excerpt":{"rendered":"<p>PR\u00caTRES D\u00c9PORT\u00c9S sur les PONTONS DE ROCHEFORT durant la R\u00c9VOLUTION FRANCAISE Il \u00e9taient 829, jet\u00e9s dans une tourmente qu\u2019ils n\u2019avaient pas vu venir. Pourtant, ils ont subi cette \u00e9preuve avec [&hellip;]<\/p>\n","protected":false},"author":4,"featured_media":0,"parent":6644,"menu_order":0,"comment_status":"closed","ping_status":"closed","template":"","meta":{"_et_pb_use_builder":"on","_et_pb_old_content":"","_et_gb_content_width":"","footnotes":""},"class_list":["post-8234","page","type-page","status-publish","hentry"],"_links":{"self":[{"href":"https:\/\/catholiques17.fr\/gemozac\/wp-json\/wp\/v2\/pages\/8234","targetHints":{"allow":["GET"]}}],"collection":[{"href":"https:\/\/catholiques17.fr\/gemozac\/wp-json\/wp\/v2\/pages"}],"about":[{"href":"https:\/\/catholiques17.fr\/gemozac\/wp-json\/wp\/v2\/types\/page"}],"author":[{"embeddable":true,"href":"https:\/\/catholiques17.fr\/gemozac\/wp-json\/wp\/v2\/users\/4"}],"replies":[{"embeddable":true,"href":"https:\/\/catholiques17.fr\/gemozac\/wp-json\/wp\/v2\/comments?post=8234"}],"version-history":[{"count":7,"href":"https:\/\/catholiques17.fr\/gemozac\/wp-json\/wp\/v2\/pages\/8234\/revisions"}],"predecessor-version":[{"id":8955,"href":"https:\/\/catholiques17.fr\/gemozac\/wp-json\/wp\/v2\/pages\/8234\/revisions\/8955"}],"up":[{"embeddable":true,"href":"https:\/\/catholiques17.fr\/gemozac\/wp-json\/wp\/v2\/pages\/6644"}],"wp:attachment":[{"href":"https:\/\/catholiques17.fr\/gemozac\/wp-json\/wp\/v2\/media?parent=8234"}],"curies":[{"name":"wp","href":"https:\/\/api.w.org\/{rel}","templated":true}]}}