{"id":8231,"date":"2022-12-13T08:29:05","date_gmt":"2022-12-13T07:29:05","guid":{"rendered":"https:\/\/catholiques17.fr\/gemozac\/?page_id=8231"},"modified":"2024-09-20T21:44:22","modified_gmt":"2024-09-20T19:44:22","slug":"les-soeurs","status":"publish","type":"page","link":"https:\/\/catholiques17.fr\/gemozac\/la-paroisse\/les-soeurs\/","title":{"rendered":"Les Soeurs"},"content":{"rendered":"<p>[et_pb_section fb_built=\u00a0\u00bb1&Prime; _builder_version=\u00a0\u00bb4.17.6&Prime; _module_preset=\u00a0\u00bbdefault\u00a0\u00bb global_colors_info=\u00a0\u00bb{}\u00a0\u00bb theme_builder_area=\u00a0\u00bbpost_content\u00a0\u00bb][et_pb_row column_structure=\u00a0\u00bb2_5,3_5&Prime; _builder_version=\u00a0\u00bb4.17.6&Prime; _module_preset=\u00a0\u00bbdefault\u00a0\u00bb global_colors_info=\u00a0\u00bb{}\u00a0\u00bb theme_builder_area=\u00a0\u00bbpost_content\u00a0\u00bb][et_pb_column type=\u00a0\u00bb2_5&Prime; _builder_version=\u00a0\u00bb4.17.6&Prime; _module_preset=\u00a0\u00bbdefault\u00a0\u00bb global_colors_info=\u00a0\u00bb{}\u00a0\u00bb theme_builder_area=\u00a0\u00bbpost_content\u00a0\u00bb][et_pb_image src=\u00a0\u00bbhttps:\/\/catholiques17.fr\/gemozac\/wp-content\/uploads\/sites\/34\/2023\/01\/dt8.jpg\u00a0\u00bb title_text=\u00a0\u00bbdt8&Prime; _builder_version=\u00a0\u00bb4.17.6&Prime; _module_preset=\u00a0\u00bbdefault\u00a0\u00bb global_colors_info=\u00a0\u00bb{}\u00a0\u00bb theme_builder_area=\u00a0\u00bbpost_content\u00a0\u00bb][\/et_pb_image][\/et_pb_column][et_pb_column type=\u00a0\u00bb3_5&Prime; _builder_version=\u00a0\u00bb4.17.6&Prime; _module_preset=\u00a0\u00bbdefault\u00a0\u00bb global_colors_info=\u00a0\u00bb{}\u00a0\u00bb theme_builder_area=\u00a0\u00bbpost_content\u00a0\u00bb][et_pb_text _builder_version=\u00a0\u00bb4.21.0&Prime; _module_preset=\u00a0\u00bbdefault\u00a0\u00bb global_colors_info=\u00a0\u00bb{}\u00a0\u00bb theme_builder_area=\u00a0\u00bbpost_content\u00a0\u00bb]<\/p>\n<p><strong><\/strong><\/p>\n<p><strong>LA CONGREGATION\u00a0 DE MARIE REINE DE LA PAIX<\/strong><\/p>\n<p><strong>26 rue Carnot<\/strong><\/p>\n<p><strong>17260 G\u00e9mozac<\/strong><\/p>\n<p><span style=\"text-decoration: underline;color: #008000\">Contact :<\/span><strong> <\/strong><\/p>\n<p><strong>07.52.02.70.25 (Sr Marie Th\u00e9r\u00e8se)<\/strong><\/p>\n<p><span style=\"color: #33cccc\"><em><strong>srs.mrp1102@gmail.com<\/strong><\/em><\/span><\/p>\n<p>[\/et_pb_text][\/et_pb_column][\/et_pb_row][et_pb_row _builder_version=\u00a0\u00bb4.17.6&Prime; _module_preset=\u00a0\u00bbdefault\u00a0\u00bb custom_margin=\u00a0\u00bb|auto|41px|auto||\u00a0\u00bb global_colors_info=\u00a0\u00bb{}\u00a0\u00bb theme_builder_area=\u00a0\u00bbpost_content\u00a0\u00bb][et_pb_column type=\u00a0\u00bb4_4&Prime; _builder_version=\u00a0\u00bb4.17.6&Prime; _module_preset=\u00a0\u00bbdefault\u00a0\u00bb global_colors_info=\u00a0\u00bb{}\u00a0\u00bb theme_builder_area=\u00a0\u00bbpost_content\u00a0\u00bb][et_pb_image src=\u00a0\u00bbhttps:\/\/catholiques17.fr\/gemozac\/wp-content\/uploads\/sites\/34\/2024\/09\/Lieuthoa.jpg\u00a0\u00bb title_text=\u00a0\u00bbLieu+thoa\u00a0\u00bb align=\u00a0\u00bbcenter\u00a0\u00bb src_last_edited=\u00a0\u00bboff|tablet\u00a0\u00bb _builder_version=\u00a0\u00bb4.21.0&Prime; _module_preset=\u00a0\u00bbdefault\u00a0\u00bb global_colors_info=\u00a0\u00bb{}\u00a0\u00bb theme_builder_area=\u00a0\u00bbpost_content\u00a0\u00bb][\/et_pb_image][\/et_pb_column][\/et_pb_row][et_pb_row column_structure=\u00a0\u00bb1_2,1_2&Prime; _builder_version=\u00a0\u00bb4.21.0&Prime; _module_preset=\u00a0\u00bbdefault\u00a0\u00bb global_colors_info=\u00a0\u00bb{}\u00a0\u00bb theme_builder_area=\u00a0\u00bbpost_content\u00a0\u00bb][et_pb_column type=\u00a0\u00bb1_2&Prime; _builder_version=\u00a0\u00bb4.17.6&Prime; _module_preset=\u00a0\u00bbdefault\u00a0\u00bb global_colors_info=\u00a0\u00bb{}\u00a0\u00bb theme_builder_area=\u00a0\u00bbpost_content\u00a0\u00bb][et_pb_text _builder_version=\u00a0\u00bb4.17.6&Prime; _module_preset=\u00a0\u00bbdefault\u00a0\u00bb global_colors_info=\u00a0\u00bb{}\u00a0\u00bb theme_builder_area=\u00a0\u00bbpost_content\u00a0\u00bb]<\/p>\n<p>Soeur Marie Th\u00e9r\u00e8se<\/p>\n<p>(Marie Th\u00e9r\u00e8se\u00a0 Ph\u1ea1m Th\u1ecb Xu\u00e2n Li\u1ec5u)<\/p>\n<p>[\/et_pb_text][\/et_pb_column][et_pb_column type=\u00a0\u00bb1_2&Prime; _builder_version=\u00a0\u00bb4.17.6&Prime; _module_preset=\u00a0\u00bbdefault\u00a0\u00bb global_colors_info=\u00a0\u00bb{}\u00a0\u00bb theme_builder_area=\u00a0\u00bbpost_content\u00a0\u00bb][et_pb_text _builder_version=\u00a0\u00bb4.17.6&Prime; _module_preset=\u00a0\u00bbdefault\u00a0\u00bb global_colors_info=\u00a0\u00bb{}\u00a0\u00bb theme_builder_area=\u00a0\u00bbpost_content\u00a0\u00bb]<\/p>\n<p>Soeur Marie Thoa<\/p>\n<p>(Marie Immacul\u00e9e V\u0169 Th\u1ecb Thoa)<\/p>\n<p>[\/et_pb_text][\/et_pb_column][\/et_pb_row][et_pb_row _builder_version=\u00a0\u00bb4.17.6&Prime; _module_preset=\u00a0\u00bbdefault\u00a0\u00bb global_colors_info=\u00a0\u00bb{}\u00a0\u00bb theme_builder_area=\u00a0\u00bbpost_content\u00a0\u00bb][et_pb_column type=\u00a0\u00bb4_4&Prime; _builder_version=\u00a0\u00bb4.17.6&Prime; _module_preset=\u00a0\u00bbdefault\u00a0\u00bb global_colors_info=\u00a0\u00bb{}\u00a0\u00bb theme_builder_area=\u00a0\u00bbpost_content\u00a0\u00bb][et_pb_text _builder_version=\u00a0\u00bb4.17.6&Prime; _module_preset=\u00a0\u00bbdefault\u00a0\u00bb global_colors_info=\u00a0\u00bb{}\u00a0\u00bb theme_builder_area=\u00a0\u00bbpost_content\u00a0\u00bb]<\/p>\n<p>La Congr\u00e9gation de Marie Reine de la Paix est une Congr\u00e9gation du dioc\u00e8se de Ban Me Thuot, dont la maison m\u00e8re se situe dans les Haut-Plateaux du centre du VietNam o\u00f9 vivent de nombreuses minorit\u00e9s \u00e9thniques.<\/p>\n<p><strong>Fondateur\u00a0:<\/strong> <strong>Mgr Paul L\u00e9on Seitz (1906-1984)<\/strong><\/p>\n<p><strong>Date de fondation\u00a0:<\/strong> 31mai 1969<\/p>\n<p><strong>Vocation -Charisme :<\/strong><\/p>\n<p>Les s\u0153urs imitent la Sainte Vierge en conqu\u00e9rant la paix pour elles-m\u00eames et pour les autres, en donnant la priorit\u00e9 aux fr\u00e8res et s\u0153urs des minorit\u00e9s ethniques, pour glorifier Dieu, se sanctifier et contribuer \u00e0 l\u2019\u00e9dification du Royaume, \u00e0 commencer par le dioc\u00e8se de Ban Me Thuot. Les s\u0153urs se consacrent au Seigneur en pratiquant les trois conseils \u00e9vang\u00e9liques, par des v\u0153ux et en vivant en communaut\u00e9.<\/p>\n<p><b style=\"font-size: 18px\">Les <\/b><b>s\u0153urs<\/b><b style=\"font-size: 18px\">\u00a0servent dans de nombreux domaines :<\/b><\/p>\n<p><strong style=\"font-size: 18px\"><\/strong><\/p>\n<ul>\n<li><strong style=\"font-size: 18px\">\u00a0<\/strong><span style=\"font-size: 18px\">Enseignement du cat\u00e9chisme<\/span><\/li>\n<li>Promotion l\u2019\u00e9tude de la Bible par la formation et l\u2019organisation de cours de pri\u00e8re avec la Parole de Dieu ; notamment en pr\u00e9sence et au service des habitants des villages.<\/li>\n<li>Education : ouvrir des jardins d\u2019enfants, \u00e9coles maternelles, \u00e9coles \u00e9l\u00e9mentaires, \u00e9coles pour enfants handicap\u00e9s ; \u00e9coles de formation professionnelle ; cours d\u2019alphab\u00e9tisation ; aider \u00e0 pr\u00e9server et \u00e0 d\u00e9velopper la culture traditionnelle des minorit\u00e9s ethniques.<\/li>\n<li>Sant\u00e9 : servir dans les h\u00f4pitaux et les cliniques ;<\/li>\n<li>Charit\u00e9 : aider \u00e0 am\u00e9liorer le niveau de vie, d\u00e9velopper l\u2019agriculture, cr\u00e9er des emplois, en particulier pour les minorit\u00e9s ethniques dans les zones recul\u00e9es.<\/li>\n<\/ul>\n<p>[\/et_pb_text][\/et_pb_column][\/et_pb_row][et_pb_row _builder_version=\u00a0\u00bb4.17.6&Prime; _module_preset=\u00a0\u00bbdefault\u00a0\u00bb global_colors_info=\u00a0\u00bb{}\u00a0\u00bb theme_builder_area=\u00a0\u00bbpost_content\u00a0\u00bb][et_pb_column type=\u00a0\u00bb4_4&Prime; _builder_version=\u00a0\u00bb4.17.6&Prime; _module_preset=\u00a0\u00bbdefault\u00a0\u00bb global_colors_info=\u00a0\u00bb{}\u00a0\u00bb theme_builder_area=\u00a0\u00bbpost_content\u00a0\u00bb][et_pb_video src=\u00a0\u00bbhttps:\/\/youtu.be\/uy3gdOqimDo\u00a0\u00bb _builder_version=\u00a0\u00bb4.17.6&Prime; _module_preset=\u00a0\u00bbdefault\u00a0\u00bb global_colors_info=\u00a0\u00bb{}\u00a0\u00bb theme_builder_area=\u00a0\u00bbpost_content\u00a0\u00bb][\/et_pb_video][\/et_pb_column][\/et_pb_row][\/et_pb_section]<\/p>\n","protected":false},"excerpt":{"rendered":"<p>LA CONGREGATION\u00a0 DE MARIE REINE DE LA PAIX 26 rue Carnot 17260 G\u00e9mozac Contact : 07.52.02.70.25 (Sr Marie Th\u00e9r\u00e8se) srs.mrp1102@gmail.comSoeur Marie Th\u00e9r\u00e8se (Marie Th\u00e9r\u00e8se\u00a0 Ph\u1ea1m Th\u1ecb Xu\u00e2n Li\u1ec5u)Soeur Marie Thoa [&hellip;]<\/p>\n","protected":false},"author":48,"featured_media":0,"parent":6587,"menu_order":0,"comment_status":"closed","ping_status":"closed","template":"","meta":{"_et_pb_use_builder":"on","_et_pb_old_content":"","_et_gb_content_width":"","footnotes":""},"class_list":["post-8231","page","type-page","status-publish","hentry"],"_links":{"self":[{"href":"https:\/\/catholiques17.fr\/gemozac\/wp-json\/wp\/v2\/pages\/8231","targetHints":{"allow":["GET"]}}],"collection":[{"href":"https:\/\/catholiques17.fr\/gemozac\/wp-json\/wp\/v2\/pages"}],"about":[{"href":"https:\/\/catholiques17.fr\/gemozac\/wp-json\/wp\/v2\/types\/page"}],"author":[{"embeddable":true,"href":"https:\/\/catholiques17.fr\/gemozac\/wp-json\/wp\/v2\/users\/48"}],"replies":[{"embeddable":true,"href":"https:\/\/catholiques17.fr\/gemozac\/wp-json\/wp\/v2\/comments?post=8231"}],"version-history":[{"count":35,"href":"https:\/\/catholiques17.fr\/gemozac\/wp-json\/wp\/v2\/pages\/8231\/revisions"}],"predecessor-version":[{"id":10013,"href":"https:\/\/catholiques17.fr\/gemozac\/wp-json\/wp\/v2\/pages\/8231\/revisions\/10013"}],"up":[{"embeddable":true,"href":"https:\/\/catholiques17.fr\/gemozac\/wp-json\/wp\/v2\/pages\/6587"}],"wp:attachment":[{"href":"https:\/\/catholiques17.fr\/gemozac\/wp-json\/wp\/v2\/media?parent=8231"}],"curies":[{"name":"wp","href":"https:\/\/api.w.org\/{rel}","templated":true}]}}