{"id":7934,"date":"2022-11-07T16:10:26","date_gmt":"2022-11-07T15:10:26","guid":{"rendered":"https:\/\/catholiques17.fr\/gemozac\/?page_id=7934"},"modified":"2025-04-01T18:40:02","modified_gmt":"2025-04-01T16:40:02","slug":"mcr","status":"publish","type":"page","link":"https:\/\/catholiques17.fr\/gemozac\/spiritualite\/mcr\/","title":{"rendered":"MCR"},"content":{"rendered":"<p>[et_pb_section fb_built=\u00a0\u00bb1&Prime; _builder_version=\u00a0\u00bb4.17.6&Prime; _module_preset=\u00a0\u00bbdefault\u00a0\u00bb custom_padding=\u00a0\u00bb8px|||||\u00a0\u00bb global_colors_info=\u00a0\u00bb{}\u00a0\u00bb theme_builder_area=\u00a0\u00bbpost_content\u00a0\u00bb][et_pb_row column_structure=\u00a0\u00bb2_5,3_5&Prime; _builder_version=\u00a0\u00bb4.17.6&Prime; _module_preset=\u00a0\u00bbdefault\u00a0\u00bb global_colors_info=\u00a0\u00bb{}\u00a0\u00bb theme_builder_area=\u00a0\u00bbpost_content\u00a0\u00bb][et_pb_column type=\u00a0\u00bb2_5&Prime; _builder_version=\u00a0\u00bb4.17.6&Prime; _module_preset=\u00a0\u00bbdefault\u00a0\u00bb global_colors_info=\u00a0\u00bb{}\u00a0\u00bb theme_builder_area=\u00a0\u00bbpost_content\u00a0\u00bb][et_pb_image src=\u00a0\u00bbhttps:\/\/catholiques17.fr\/gemozac\/wp-content\/uploads\/sites\/34\/2022\/12\/retiree-g07ce87404_1920.jpg\u00a0\u00bb title_text=\u00a0\u00bbretiree-g07ce87404_1920&Prime; align=\u00a0\u00bbcenter\u00a0\u00bb _builder_version=\u00a0\u00bb4.17.6&Prime; _module_preset=\u00a0\u00bbdefault\u00a0\u00bb border_radii=\u00a0\u00bbon|20px|20px|20px|20px\u00a0\u00bb global_colors_info=\u00a0\u00bb{}\u00a0\u00bb theme_builder_area=\u00a0\u00bbpost_content\u00a0\u00bb][\/et_pb_image][\/et_pb_column][et_pb_column type=\u00a0\u00bb3_5&Prime; _builder_version=\u00a0\u00bb4.17.6&Prime; _module_preset=\u00a0\u00bbdefault\u00a0\u00bb global_colors_info=\u00a0\u00bb{}\u00a0\u00bb theme_builder_area=\u00a0\u00bbpost_content\u00a0\u00bb][et_pb_text _builder_version=\u00a0\u00bb4.17.6&Prime; _module_preset=\u00a0\u00bbdefault\u00a0\u00bb global_colors_info=\u00a0\u00bb{}\u00a0\u00bb theme_builder_area=\u00a0\u00bbpost_content\u00a0\u00bb]<\/p>\n<p style=\"text-align: justify\"><span style=\"font-size: 14pt;color: #5c7d24\"><strong><\/strong><\/span><\/p>\n<p style=\"text-align: justify\"><span style=\"font-size: 14pt;color: #5c7d24\"><strong><\/strong><\/span><\/p>\n<p style=\"text-align: justify\"><span style=\"font-size: 14pt;color: #5c7d24\"><strong>Retrait\u00e9s, on nous appelle parfois\u00a0: Anciens, S\u00e9niors ou encore A\u00een\u00e9s\u00a0! Peu importe, une chose est certaine, nous avons quitt\u00e9 notre activit\u00e9 professionnelle et pour certains depuis longtemps d\u00e9j\u00e0\u00a0!<\/strong><\/span><\/p>\n<p style=\"text-align: justify\">[\/et_pb_text][\/et_pb_column][\/et_pb_row][et_pb_row _builder_version=\u00a0\u00bb4.17.6&Prime; _module_preset=\u00a0\u00bbdefault\u00a0\u00bb global_colors_info=\u00a0\u00bb{}\u00a0\u00bb theme_builder_area=\u00a0\u00bbpost_content\u00a0\u00bb][et_pb_column type=\u00a0\u00bb4_4&Prime; _builder_version=\u00a0\u00bb4.17.6&Prime; _module_preset=\u00a0\u00bbdefault\u00a0\u00bb global_colors_info=\u00a0\u00bb{}\u00a0\u00bb theme_builder_area=\u00a0\u00bbpost_content\u00a0\u00bb][et_pb_text _builder_version=\u00a0\u00bb4.21.0&Prime; _module_preset=\u00a0\u00bbdefault\u00a0\u00bb global_colors_info=\u00a0\u00bb{}\u00a0\u00bb theme_builder_area=\u00a0\u00bbpost_content\u00a0\u00bb]<\/p>\n<p style=\"text-align: justify\"><em><span style=\"font-size: 14pt\">Dans un monde qui change, qui se transforme et souvent tr\u00e8s vite, les retrait\u00e9s entendent vivre pleinement cette nouvelle \u00e9tape de leur existence.<\/span><\/em><\/p>\n<p style=\"text-align: justify\"><em><span style=\"font-size: 14pt\">La retraite est un temps privil\u00e9gi\u00e9 pour \u00e9changer avec les autres, pour les accompagner, les aider et souvent s\u2019engager. C\u2019est aussi un moment o\u00f9 le questionnement peut se faire plus pointu, plus pr\u00e9cis sur la soci\u00e9t\u00e9, la religion, un temps o\u00f9 nous avons envie de parfaire nos connaissances et de transmettre des valeurs \u00e0 nos petits-enfants et pourquoi pas \u00e0 nos voisins et amis\u00a0?<\/span><\/em><\/p>\n<p style=\"text-align: justify\"><em><span style=\"font-size: 14pt\">Parfois envie de souffler mais toujours avec des projets plein la t\u00eate, vous \u00eates des femmes et des hommes libres de vos choix et vous aspirez \u00e0 g\u00e9rer votre temps et \u00e0 donner du sens \u00e0 vos actions.<\/span><\/em><\/p>\n<p style=\"text-align: justify\"><em><span style=\"font-size: 14pt\">Le MCR le sait et propose de vous accompagner dans cette d\u00e9marche.<\/span><\/em><\/p>\n<p style=\"text-align: justify\"><em><span style=\"font-size: 14pt\">Pour en savoir plus, vous pouvez consultez le site : <a href=\"https:\/\/mcr.asso.fr\/\">MCR, Mouvement Chr\u00e9tien des Retrait\u00e9s<\/a>\u00a0<\/span><\/em><\/p>\n<p style=\"text-align: justify\"><em><span style=\"font-size: 14pt\"><\/span><\/em><\/p>\n<p>[\/et_pb_text][\/et_pb_column][\/et_pb_row][et_pb_row _builder_version=\u00a0\u00bb4.17.6&Prime; _module_preset=\u00a0\u00bbdefault\u00a0\u00bb global_colors_info=\u00a0\u00bb{}\u00a0\u00bb theme_builder_area=\u00a0\u00bbpost_content\u00a0\u00bb][et_pb_column type=\u00a0\u00bb4_4&Prime; _builder_version=\u00a0\u00bb4.17.6&Prime; _module_preset=\u00a0\u00bbdefault\u00a0\u00bb global_colors_info=\u00a0\u00bb{}\u00a0\u00bb theme_builder_area=\u00a0\u00bbpost_content\u00a0\u00bb][et_pb_text _builder_version=\u00a0\u00bb4.21.0&Prime; _module_preset=\u00a0\u00bbdefault\u00a0\u00bb global_colors_info=\u00a0\u00bb{}\u00a0\u00bb theme_builder_area=\u00a0\u00bbpost_content\u00a0\u00bb]<\/p>\n<p style=\"padding-left: 40px\">Bonjour \u00e0 toutes et \u00e0 tous,<br \/>Les r\u00e9unions du Mouvement Chr\u00e9tien des retrait\u00e9s reprennent.<br \/>Nous nous r\u00e9unirons, comme d\u2019habitude, \u00e0 15 heures chez les Soeurs :<\/p>\n<p style=\"padding-left: 40px\">Congr\u00e9gation de Marie Reine de la Paix, 26 rue Carnot, 17260 G\u00e9mozac.<\/p>\n<p style=\"padding-left: 40px\">les jeudi 17 octobre et jeudi 21 novembre.<\/p>\n<p style=\"padding-left: 40px\">Les dates de 2025 seront programm\u00e9es en novembre lors de notre r\u00e9union.<br \/>Venez nous rejoindre, Le Mouvement Chr\u00e9tien des retrait\u00e9s est un mouvement national (association loi 1901) organis\u00e9 par dioc\u00e8se, qui s\u2019adressent \u00e0 celles et ceux qui ont envie de partager des moments conviviaux pour parler de notre Foi, de nos espoirs et parfois de nos soucis.<\/p>\n<p style=\"padding-left: 40px\">Le livret \u00ab Campagne d\u2019ann\u00e9e \u00bb, commun \u00e0 toutes les \u00e9quipes de France, du nord au sud et de l\u2019est \u00e0 l\u2019ouest, nous guide et nous unit dans nos r\u00e9flexions.<br \/>Nos r\u00e9unions sont un moment de partage.<\/p>\n<p style=\"padding-left: 40px\">Marie veille sur nous !<br \/>Amicalement ,<br \/>Martine Ro\u00ebsberg<\/p>\n<p>&nbsp;<\/p>\n<p class=\"western\" style=\"line-height: 100%;margin-bottom: 0cm\" lang=\"fr-FR\"><span style=\"font-family: Chalkboard, serif\">Pour tous renseignements, vous pouvez contacter <\/span><\/p>\n<p class=\"western\" style=\"line-height: 100%;margin-bottom: 0cm\" lang=\"fr-FR\"><a name=\"_GoBack\"><\/a> <span style=\"font-family: Chalkboard, serif\">Martine Ro\u00ebsberg : martine.roesberg@gmail.com<\/span><\/p>\n<p>[\/et_pb_text][et_pb_divider color=\u00a0\u00bb#F7A400&Prime; divider_style=\u00a0\u00bbgroove\u00a0\u00bb _builder_version=\u00a0\u00bb4.21.0&Prime; _module_preset=\u00a0\u00bbdefault\u00a0\u00bb global_colors_info=\u00a0\u00bb{}\u00a0\u00bb theme_builder_area=\u00a0\u00bbpost_content\u00a0\u00bb][\/et_pb_divider][et_pb_text _builder_version=\u00a0\u00bb4.21.0&Prime; _module_preset=\u00a0\u00bbdefault\u00a0\u00bb link_option_url=\u00a0\u00bbhttps:\/\/catholiques17.fr\/gemozac\/wp-content\/uploads\/sites\/34\/2024\/02\/compte-rendu.pdf\u00a0\u00bb global_colors_info=\u00a0\u00bb{}\u00a0\u00bb theme_builder_area=\u00a0\u00bbpost_content\u00a0\u00bb]<\/p>\n<p align=\"center\" style=\"line-height: 100%;margin-bottom: 0cm\"><span style=\"text-decoration: underline\"><strong><span style=\"font-family: Calibri, sans-serif\"><\/span><\/strong><\/span><\/p>\n<p align=\"center\" style=\"line-height: 100%;margin-bottom: 0cm\"><span style=\"text-decoration: underline\"><strong><a href=\"https:\/\/catholiques17.fr\/gemozac\/wp-content\/uploads\/sites\/34\/2024\/02\/compte-rendu.pdf\"><span style=\"font-family: Calibri, sans-serif\">Compte-rendu <\/span><\/a><\/strong><\/span><\/p>\n<p align=\"center\" style=\"line-height: 100%;margin-bottom: 0cm\"><span style=\"font-family: Calibri, sans-serif\">DE LA MARCHE DU MARDI 24 OCTOBRE 2023<\/span><\/p>\n<p align=\"center\" style=\"line-height: 100%;margin-bottom: 0cm\"><span style=\"font-family: Calibri, sans-serif\"><\/span><\/p>\n<p>[\/et_pb_text][\/et_pb_column][\/et_pb_row][et_pb_row _builder_version=\u00a0\u00bb4.21.0&Prime; _module_preset=\u00a0\u00bbdefault\u00a0\u00bb global_colors_info=\u00a0\u00bb{}\u00a0\u00bb theme_builder_area=\u00a0\u00bbpost_content\u00a0\u00bb][et_pb_column type=\u00a0\u00bb4_4&Prime; _builder_version=\u00a0\u00bb4.21.0&Prime; _module_preset=\u00a0\u00bbdefault\u00a0\u00bb global_colors_info=\u00a0\u00bb{}\u00a0\u00bb theme_builder_area=\u00a0\u00bbpost_content\u00a0\u00bb][et_pb_divider color=\u00a0\u00bb#F7A400&Prime; _builder_version=\u00a0\u00bb4.21.0&Prime; _module_preset=\u00a0\u00bbdefault\u00a0\u00bb global_colors_info=\u00a0\u00bb{}\u00a0\u00bb theme_builder_area=\u00a0\u00bbpost_content\u00a0\u00bb][\/et_pb_divider][\/et_pb_column][\/et_pb_row][et_pb_row _builder_version=\u00a0\u00bb4.21.0&Prime; _module_preset=\u00a0\u00bbdefault\u00a0\u00bb global_colors_info=\u00a0\u00bb{}\u00a0\u00bb theme_builder_area=\u00a0\u00bbpost_content\u00a0\u00bb][et_pb_column type=\u00a0\u00bb4_4&Prime; _builder_version=\u00a0\u00bb4.21.0&Prime; _module_preset=\u00a0\u00bbdefault\u00a0\u00bb global_colors_info=\u00a0\u00bb{}\u00a0\u00bb theme_builder_area=\u00a0\u00bbpost_content\u00a0\u00bb][et_pb_text _builder_version=\u00a0\u00bb4.27.4&Prime; _module_preset=\u00a0\u00bbdefault\u00a0\u00bb global_colors_info=\u00a0\u00bb{}\u00a0\u00bb theme_builder_area=\u00a0\u00bbpost_content\u00a0\u00bb]<\/p>\n<p>Et pour la rentr\u00e9e : &#8230;<\/p>\n<p align=\"center\" style=\"line-height: 100%;margin-bottom: 0cm\"><span style=\"font-family: Calibri, sans-serif\"><b>INVITATION<\/b><\/span><\/p>\n<p align=\"center\" style=\"line-height: 100%;margin-bottom: 0cm\"><span style=\"font-family: Calibri, sans-serif\"><b>Voyage Cil de Poitiers des mardi 15 et mercredi 16 octobre 2024<\/b><\/span><\/p>\n<p align=\"center\" style=\"line-height: 100%;margin-bottom: 0cm\"><span style=\"font-family: Calibri, sans-serif\"><b>Rendez-vous \u00e0 14 heures devant l\u2019Abbaye de Saint Savin, <\/b><\/span><\/p>\n<p align=\"center\" style=\"line-height: 100%;margin-bottom: 0cm\"><span style=\"font-family: Calibri, sans-serif\"><b>Place de la Lib\u00e9ration, 86310 Saint Savin sur Gartempe.<\/b><\/span><\/p>\n<p align=\"left\" style=\"line-height: 100%;margin-bottom: 0cm\"><span style=\"font-family: Calibri, sans-serif\">Bonjour \u00e0 toutes et tous, <\/span><\/p>\n<p align=\"left\" style=\"line-height: 100%;margin-bottom: 0cm\"><span style=\"font-family: Calibri, sans-serif\">Votre C I L bouge\u00a0!<\/span><\/p>\n<p align=\"left\" style=\"line-height: 100%;margin-bottom: 0cm\"><span style=\"font-family: Calibri, sans-serif\">Nous organisons un petit s\u00e9jour dans la Vienne les mardi 15 et mercredi 16 octobre 2024. <\/span><\/p>\n<p align=\"left\" style=\"line-height: 100%;margin-bottom: 0cm\"><span style=\"font-family: Calibri, sans-serif\">Le rendez-vous est donn\u00e9 \u00e0 13h30 heures devant l\u2019Abbaye de Saint Savin, sur le grand parking.<\/span><\/p>\n<p align=\"left\" style=\"line-height: 100%;margin-bottom: 0cm\"><span style=\"font-family: Calibri, sans-serif\">Nous visiterons l\u2019Abbaye de Saint Savin, puis l\u2019ancien couvent. La visite de l\u2019\u00c9glise sera faite par un guide puis avec audio \u2013 guidage pour le couvent. La visite dure environ 1h30 \u00e0 2heures. <\/span><\/p>\n<p align=\"left\" style=\"line-height: 100%;margin-bottom: 0cm\"><span style=\"font-family: Calibri, sans-serif\">A l\u2019issue de la visite, direction La Puye chez les Soeurs Filles de la Croix, 16-18 route Paisay le Sec, 86260 La Puye \u00e0 environ 20 km pour se reposer\u00a0:<\/span><\/p>\n<ul>\n<li>\n<p align=\"left\" style=\"line-height: 100%;margin-bottom: 0cm;background: transparent\"><span style=\"font-family: Calibri, sans-serif\">visite de leur couvent, <\/span><\/p>\n<\/li>\n<li>\n<p align=\"left\" style=\"line-height: 100%;margin-bottom: 0cm;background: transparent\"><span style=\"font-family: Calibri, sans-serif\">d\u00eener,<\/span><\/p>\n<\/li>\n<li>\n<p align=\"left\" style=\"line-height: 100%;margin-bottom: 0cm;background: transparent\"><span style=\"font-family: Calibri, sans-serif\">temps de pri\u00e8res apr\u00e8s le d\u00eener, pr\u00e9par\u00e9 par les Soeurs, <\/span><\/p>\n<\/li>\n<li>\n<p align=\"left\" style=\"line-height: 100%;margin-bottom: 0cm;background: transparent\"><span style=\"font-family: Calibri, sans-serif\">le matin\u00a0: enseignement dit par les Soeurs, le th\u00e8me sera \u00ab\u00a0Osez l\u2019Esp\u00e9rance\u00a0\u00bb<\/span><\/p>\n<\/li>\n<li>\n<p align=\"left\" style=\"line-height: 100%;margin-bottom: 0cm;background: transparent\"><span style=\"font-family: Calibri, sans-serif\">d\u00e9jeuner.<\/span><\/p>\n<\/li>\n<\/ul>\n<p align=\"left\" style=\"line-height: 100%;margin-bottom: 0cm;background: transparent\"><span style=\"font-family: Calibri, sans-serif\">Puis nous repartirons dans nos foyers\u00a0!<\/span><\/p>\n<p align=\"left\" style=\"line-height: 100%;margin-bottom: 0cm;background: transparent\"><span style=\"font-family: Calibri, sans-serif\"><u>Le prix sera de 80\u20ac par personne sans compter le trajet.<\/u> Ce prix comprend la visite de l\u2019Abbaye de Saint Savin, le d\u00eener, la nuit et le petit d\u00e9jeuner, et le d\u00e9jeuner. Le trajet aller \u2013 retour sera organis\u00e9 par chaque dioc\u00e8se et n\u2019est pas compris dans ce prix.<\/span><\/p>\n<p align=\"left\" style=\"line-height: 100%;margin-bottom: 0cm;background: transparent\"><span style=\"text-decoration: underline;color: #ff6600\"><span style=\"font-family: Calibri, sans-serif\">___________________________________________________________________________________________<\/span><\/span><\/p>\n<p align=\"left\" style=\"line-height: 100%;margin-bottom: 0cm;background: transparent\"><span style=\"font-family: Calibri, sans-serif\">Pour se mettre \u00e0 l&rsquo;heure du Jubil\u00e9, c&rsquo;est<a href=\"https:\/\/catholiques17.fr\/gemozac\/wp-content\/uploads\/sites\/34\/2025\/04\/feuille-jubile-avril-MCR.pdf\"><span style=\"text-decoration: underline\"><strong> ici<\/strong> <\/span><\/a><\/span><\/p>\n<p align=\"center\" style=\"line-height: 100%;margin-left: 9.1cm;margin-bottom: 0cm;background: transparent\"><span style=\"font-family: Calibri, sans-serif\">Martine Ro\u00ebsberg <\/span><\/p>\n<p align=\"center\" style=\"line-height: 100%;margin-left: 9.1cm;margin-bottom: 0cm;background: transparent\"><span style=\"font-family: Calibri, sans-serif\"><span style=\"font-size: small\"><i>Responsable CIL de Poitiers<\/i><\/span><\/span><\/p>\n<p>[\/et_pb_text][\/et_pb_column][\/et_pb_row][\/et_pb_section]<\/p>\n","protected":false},"excerpt":{"rendered":"<p>Retrait\u00e9s, on nous appelle parfois\u00a0: Anciens, S\u00e9niors ou encore A\u00een\u00e9s\u00a0! Peu importe, une chose est certaine, nous avons quitt\u00e9 notre activit\u00e9 professionnelle et pour certains depuis longtemps d\u00e9j\u00e0\u00a0! Dans un [&hellip;]<\/p>\n","protected":false},"author":4,"featured_media":0,"parent":7916,"menu_order":0,"comment_status":"closed","ping_status":"closed","template":"","meta":{"_et_pb_use_builder":"on","_et_pb_old_content":"<!-- wp:divi\/placeholder \/-->","_et_gb_content_width":"","footnotes":""},"class_list":["post-7934","page","type-page","status-publish","hentry"],"_links":{"self":[{"href":"https:\/\/catholiques17.fr\/gemozac\/wp-json\/wp\/v2\/pages\/7934","targetHints":{"allow":["GET"]}}],"collection":[{"href":"https:\/\/catholiques17.fr\/gemozac\/wp-json\/wp\/v2\/pages"}],"about":[{"href":"https:\/\/catholiques17.fr\/gemozac\/wp-json\/wp\/v2\/types\/page"}],"author":[{"embeddable":true,"href":"https:\/\/catholiques17.fr\/gemozac\/wp-json\/wp\/v2\/users\/4"}],"replies":[{"embeddable":true,"href":"https:\/\/catholiques17.fr\/gemozac\/wp-json\/wp\/v2\/comments?post=7934"}],"version-history":[{"count":31,"href":"https:\/\/catholiques17.fr\/gemozac\/wp-json\/wp\/v2\/pages\/7934\/revisions"}],"predecessor-version":[{"id":10816,"href":"https:\/\/catholiques17.fr\/gemozac\/wp-json\/wp\/v2\/pages\/7934\/revisions\/10816"}],"up":[{"embeddable":true,"href":"https:\/\/catholiques17.fr\/gemozac\/wp-json\/wp\/v2\/pages\/7916"}],"wp:attachment":[{"href":"https:\/\/catholiques17.fr\/gemozac\/wp-json\/wp\/v2\/media?parent=7934"}],"curies":[{"name":"wp","href":"https:\/\/api.w.org\/{rel}","templated":true}]}}