{"id":7932,"date":"2022-11-07T16:10:10","date_gmt":"2022-11-07T15:10:10","guid":{"rendered":"https:\/\/catholiques17.fr\/gemozac\/?page_id=7932"},"modified":"2025-12-09T19:22:34","modified_gmt":"2025-12-09T18:22:34","slug":"partage-biblique","status":"publish","type":"page","link":"https:\/\/catholiques17.fr\/gemozac\/spiritualite\/partage-biblique\/","title":{"rendered":"Partage biblique"},"content":{"rendered":"<p>[et_pb_section fb_built=\u00a0\u00bb1&Prime; _builder_version=\u00a0\u00bb4.17.6&Prime; _module_preset=\u00a0\u00bbdefault\u00a0\u00bb global_colors_info=\u00a0\u00bb{}\u00a0\u00bb theme_builder_area=\u00a0\u00bbpost_content\u00a0\u00bb][et_pb_row column_structure=\u00a0\u00bb2_5,3_5&Prime; _builder_version=\u00a0\u00bb4.17.6&Prime; _module_preset=\u00a0\u00bbdefault\u00a0\u00bb global_colors_info=\u00a0\u00bb{}\u00a0\u00bb theme_builder_area=\u00a0\u00bbpost_content\u00a0\u00bb][et_pb_column type=\u00a0\u00bb2_5&Prime; _builder_version=\u00a0\u00bb4.17.6&Prime; _module_preset=\u00a0\u00bbdefault\u00a0\u00bb global_colors_info=\u00a0\u00bb{}\u00a0\u00bb theme_builder_area=\u00a0\u00bbpost_content\u00a0\u00bb][et_pb_image src=\u00a0\u00bbhttps:\/\/catholiques17.fr\/gemozac\/wp-content\/uploads\/sites\/34\/2021\/12\/a-book-ga4bf9892d_1920_1-1.jpg\u00a0\u00bb title_text=\u00a0\u00bba-book-ga4bf9892d_1920_1-1&Prime; _builder_version=\u00a0\u00bb4.17.6&Prime; _module_preset=\u00a0\u00bbdefault\u00a0\u00bb border_radii=\u00a0\u00bbon|20px|20px|20px|20px\u00a0\u00bb global_colors_info=\u00a0\u00bb{}\u00a0\u00bb theme_builder_area=\u00a0\u00bbpost_content\u00a0\u00bb][\/et_pb_image][\/et_pb_column][et_pb_column type=\u00a0\u00bb3_5&Prime; _builder_version=\u00a0\u00bb4.17.6&Prime; _module_preset=\u00a0\u00bbdefault\u00a0\u00bb global_colors_info=\u00a0\u00bb{}\u00a0\u00bb theme_builder_area=\u00a0\u00bbpost_content\u00a0\u00bb][et_pb_text _builder_version=\u00a0\u00bb4.27.4&Prime; _module_preset=\u00a0\u00bbdefault\u00a0\u00bb hover_enabled=\u00a0\u00bb0&Prime; global_colors_info=\u00a0\u00bb{}\u00a0\u00bb theme_builder_area=\u00a0\u00bbpost_content\u00a0\u00bb sticky_enabled=\u00a0\u00bb0&Prime;]<\/p>\n<p style=\"text-align: justify\">7ette ann\u00e9e, le P\u00e8re Alain Bubel nous fait lire, d\u00e9couvrir et travailler le livre du L\u00e9vitique<\/p>\n<p style=\"text-align: justify\">Les rencontres ont g\u00e9n\u00e9ralement lieu le 3\u00e8me vendredi du mois de 14h30 \u00e0 16h30, \u00e0 la maison paroissiale, 14 rue Gambetta, \u00e0 G\u00e9mozac.<\/p>\n<p style=\"text-align: justify\"><span style=\"text-decoration: underline\">Premi\u00e8res r\u00e9unions de 2025<\/span> :<\/p>\n<ul>\n<li style=\"text-align: left\">vendredi 19 septembre, de 14h30 \u00e0 16h30<\/li>\n<li style=\"text-align: left\">vendredi 17 octobre, de 14h30 \u00e0 16h30<\/li>\n<li style=\"text-align: left\">vendredi 21 novembre, de 14h30 \u00e0 16h30<\/li>\n<li style=\"text-align: left\">vendredi 19 d\u00e9cembre, de 14h30 \u00e0 16h30<\/li>\n<\/ul>\n<p><span style=\"text-decoration: underline\">Et en 2026<\/span>\u00a0:<\/p>\n<ul>\n<li>vendredi 16 janvier, de 14h30 \u00e0 16h30<\/li>\n<li>vendredi 20 f\u00e9vrier, de 14h30 \u00e0 16h30<\/li>\n<li>vendredi 20 mars, de 14h30 \u00e0 16h30<\/li>\n<li>vendrdedi 17 avril, de 14h30 \u00e0 16h30<\/li>\n<li>vendredi 15 mai, de 14h30 \u00e0 16h30<\/li>\n<li>vendredi 19 juin, de 14h30 \u00e0 16h30<\/li>\n<\/ul>\n<p>[\/et_pb_text][\/et_pb_column][\/et_pb_row][et_pb_row _builder_version=\u00a0\u00bb4.21.0&Prime; _module_preset=\u00a0\u00bbdefault\u00a0\u00bb global_colors_info=\u00a0\u00bb{}\u00a0\u00bb theme_builder_area=\u00a0\u00bbpost_content\u00a0\u00bb][et_pb_column type=\u00a0\u00bb4_4&Prime; _builder_version=\u00a0\u00bb4.17.6&Prime; _module_preset=\u00a0\u00bbdefault\u00a0\u00bb global_colors_info=\u00a0\u00bb{}\u00a0\u00bb theme_builder_area=\u00a0\u00bbpost_content\u00a0\u00bb][et_pb_text _builder_version=\u00a0\u00bb4.17.6&Prime; _module_preset=\u00a0\u00bbdefault\u00a0\u00bb global_colors_info=\u00a0\u00bb{}\u00a0\u00bb theme_builder_area=\u00a0\u00bbpost_content\u00a0\u00bb]<\/p>\n<p style=\"margin-bottom: 0cm\">Vous pouvez vous unir \u00e0 ce groupe, m\u00eame en cours d&rsquo;ann\u00e9e&#8230;<\/p>\n<p>[\/et_pb_text][\/et_pb_column][\/et_pb_row][\/et_pb_section][et_pb_section fb_built=\u00a0\u00bb1&Prime; _builder_version=\u00a0\u00bb4.17.6&Prime; _module_preset=\u00a0\u00bbdefault\u00a0\u00bb global_colors_info=\u00a0\u00bb{}\u00a0\u00bb theme_builder_area=\u00a0\u00bbpost_content\u00a0\u00bb][\/et_pb_section]<\/p>\n","protected":false},"excerpt":{"rendered":"<p>7ette ann\u00e9e, le P\u00e8re Alain Bubel nous fait lire, d\u00e9couvrir et travailler le livre du L\u00e9vitique Les rencontres ont g\u00e9n\u00e9ralement lieu le 3\u00e8me vendredi du mois de 14h30 \u00e0 16h30, [&hellip;]<\/p>\n","protected":false},"author":4,"featured_media":0,"parent":7916,"menu_order":0,"comment_status":"closed","ping_status":"closed","template":"","meta":{"_et_pb_use_builder":"on","_et_pb_old_content":"<!-- wp:divi\/placeholder \/-->","_et_gb_content_width":"","footnotes":""},"class_list":["post-7932","page","type-page","status-publish","hentry"],"_links":{"self":[{"href":"https:\/\/catholiques17.fr\/gemozac\/wp-json\/wp\/v2\/pages\/7932","targetHints":{"allow":["GET"]}}],"collection":[{"href":"https:\/\/catholiques17.fr\/gemozac\/wp-json\/wp\/v2\/pages"}],"about":[{"href":"https:\/\/catholiques17.fr\/gemozac\/wp-json\/wp\/v2\/types\/page"}],"author":[{"embeddable":true,"href":"https:\/\/catholiques17.fr\/gemozac\/wp-json\/wp\/v2\/users\/4"}],"replies":[{"embeddable":true,"href":"https:\/\/catholiques17.fr\/gemozac\/wp-json\/wp\/v2\/comments?post=7932"}],"version-history":[{"count":14,"href":"https:\/\/catholiques17.fr\/gemozac\/wp-json\/wp\/v2\/pages\/7932\/revisions"}],"predecessor-version":[{"id":11796,"href":"https:\/\/catholiques17.fr\/gemozac\/wp-json\/wp\/v2\/pages\/7932\/revisions\/11796"}],"up":[{"embeddable":true,"href":"https:\/\/catholiques17.fr\/gemozac\/wp-json\/wp\/v2\/pages\/7916"}],"wp:attachment":[{"href":"https:\/\/catholiques17.fr\/gemozac\/wp-json\/wp\/v2\/media?parent=7932"}],"curies":[{"name":"wp","href":"https:\/\/api.w.org\/{rel}","templated":true}]}}