{"id":7926,"date":"2022-11-07T16:09:19","date_gmt":"2022-11-07T15:09:19","guid":{"rendered":"https:\/\/catholiques17.fr\/gemozac\/?page_id=7926"},"modified":"2025-09-11T12:40:11","modified_gmt":"2025-09-11T10:40:11","slug":"equipe-rosaire","status":"publish","type":"page","link":"https:\/\/catholiques17.fr\/gemozac\/spiritualite\/equipe-rosaire\/","title":{"rendered":"Equipe Rosaire"},"content":{"rendered":"<p>[et_pb_section fb_built=\u00a0\u00bb1&Prime; _builder_version=\u00a0\u00bb4.17.6&Prime; _module_preset=\u00a0\u00bbdefault\u00a0\u00bb global_colors_info=\u00a0\u00bb{}\u00a0\u00bb theme_builder_area=\u00a0\u00bbpost_content\u00a0\u00bb][et_pb_row column_structure=\u00a0\u00bb2_5,3_5&Prime; _builder_version=\u00a0\u00bb4.21.0&Prime; _module_preset=\u00a0\u00bbdefault\u00a0\u00bb global_colors_info=\u00a0\u00bb{}\u00a0\u00bb theme_builder_area=\u00a0\u00bbpost_content\u00a0\u00bb][et_pb_column type=\u00a0\u00bb2_5&Prime; _builder_version=\u00a0\u00bb4.21.0&Prime; _module_preset=\u00a0\u00bbdefault\u00a0\u00bb global_colors_info=\u00a0\u00bb{}\u00a0\u00bb theme_builder_area=\u00a0\u00bbpost_content\u00a0\u00bb][et_pb_image src=\u00a0\u00bbhttps:\/\/catholiques17.fr\/gemozac\/wp-content\/uploads\/sites\/34\/2022\/02\/Illustrations-site-internet6.jpg\u00a0\u00bb title_text=\u00a0\u00bbIllustrations site internet(6)\u00a0\u00bb _builder_version=\u00a0\u00bb4.21.0&Prime; _module_preset=\u00a0\u00bbdefault\u00a0\u00bb border_radii=\u00a0\u00bboff|20px|20px|20px|20px\u00a0\u00bb global_colors_info=\u00a0\u00bb{}\u00a0\u00bb theme_builder_area=\u00a0\u00bbpost_content\u00a0\u00bb][\/et_pb_image][\/et_pb_column][et_pb_column type=\u00a0\u00bb3_5&Prime; _builder_version=\u00a0\u00bb4.21.0&Prime; _module_preset=\u00a0\u00bbdefault\u00a0\u00bb global_colors_info=\u00a0\u00bb{}\u00a0\u00bb theme_builder_area=\u00a0\u00bbpost_content\u00a0\u00bb][et_pb_text _builder_version=\u00a0\u00bb4.21.0&Prime; _module_preset=\u00a0\u00bbdefault\u00a0\u00bb global_colors_info=\u00a0\u00bb{}\u00a0\u00bb theme_builder_area=\u00a0\u00bbpost_content\u00a0\u00bb custom_padding=\u00a0\u00bb7px|||||\u00a0\u00bb]<\/p>\n<p align=\"center\" style=\"line-height: 100%;margin-bottom: 0cm\"><strong>l&rsquo;\u00e9quipe du Rosaire<\/strong><\/p>\n<p align=\"center\" style=\"line-height: 100%;margin-bottom: 0cm\">se r\u00e9unit g\u00e9n\u00e9ralement le <strong>troisi\u00e8me mercredi<\/strong> de chaque mois, <strong>\u00e0 15h<\/strong>,<\/p>\n<p align=\"center\" style=\"line-height: 100%;margin-bottom: 0cm\">\u00e0 la <strong>sacristie de l\u2019\u00e9glise de G\u00e9mozac<\/strong> pour prier Marie.<\/p>\n<table style=\"border-collapse: collapse;width: 100%;height: 154px\" border=\"1\">\n<tbody>\n<tr style=\"height: 10px\">\n<td style=\"width: 50%;height: 10px;text-align: center\"><strong>2025<\/strong><\/td>\n<td style=\"width: 50%;height: 10px;text-align: center\">\u00a0 <strong>2026<\/strong><\/td>\n<\/tr>\n<tr style=\"height: 24px\">\n<td style=\"width: 50%;height: 24px\">17 septembre<\/td>\n<td style=\"width: 50%;height: 24px\">21 janvier<\/td>\n<\/tr>\n<tr style=\"height: 24px\">\n<td style=\"width: 50%;height: 24px;text-align: left\">15 octobre<\/td>\n<td style=\"width: 50%;height: 24px\">18 f\u00e9vrier<\/td>\n<\/tr>\n<tr style=\"height: 24px\">\n<td style=\"width: 50%;height: 24px\">19 novembre<\/td>\n<td style=\"width: 50%;height: 24px\">18 mars<\/td>\n<\/tr>\n<tr style=\"height: 24px\">\n<td style=\"width: 50%;height: 24px\">17 d\u00e9cembre<\/td>\n<td style=\"width: 50%;height: 24px\">15 avril<\/td>\n<\/tr>\n<tr style=\"height: 24px\">\n<td style=\"width: 50%;height: 24px\"><\/td>\n<td style=\"width: 50%;height: 24px\">20 mai<\/td>\n<\/tr>\n<tr style=\"height: 24px\">\n<td style=\"width: 50%;height: 24px\"><\/td>\n<td style=\"width: 50%;height: 24px\">17 juin<\/td>\n<\/tr>\n<\/tbody>\n<\/table>\n<p>&nbsp;<\/p>\n<p>[\/et_pb_text][\/et_pb_column][\/et_pb_row][et_pb_row _builder_version=\u00a0\u00bb4.21.0&Prime; _module_preset=\u00a0\u00bbdefault\u00a0\u00bb global_colors_info=\u00a0\u00bb{}\u00a0\u00bb theme_builder_area=\u00a0\u00bbpost_content\u00a0\u00bb][et_pb_column type=\u00a0\u00bb4_4&Prime; _builder_version=\u00a0\u00bb4.21.0&Prime; _module_preset=\u00a0\u00bbdefault\u00a0\u00bb global_colors_info=\u00a0\u00bb{}\u00a0\u00bb theme_builder_area=\u00a0\u00bbpost_content\u00a0\u00bb][et_pb_text _builder_version=\u00a0\u00bb4.21.0&Prime; _module_preset=\u00a0\u00bbdefault\u00a0\u00bb global_colors_info=\u00a0\u00bb{}\u00a0\u00bb theme_builder_area=\u00a0\u00bbpost_content\u00a0\u00bb]<\/p>\n<p style=\"text-align: center\"><span style=\"color: #ff9900\"><em>Les personnes int\u00e9ress\u00e9es peuvent se faire conna\u00eetre \u00e0 la maison paroissiale de G\u00e9mozac.<\/em><\/span><\/p>\n<div class=\"et_pb_row et_pb_row_0\">\n<div class=\"et_pb_column et_pb_column_3_5 et_pb_column_1  et_pb_css_mix_blend_mode_passthrough et-last-child\">\n<div class=\"et_pb_module et_pb_text et_pb_text_0  et_pb_text_align_left et_pb_bg_layout_light\">\n<div class=\"et_pb_text_inner\">\n<p style=\"text-align: right\"><em>N\u2019h\u00e9sitez pas \u00e0 nous rejoindre\u2026<\/em><\/p>\n<\/div>\n<\/div>\n<\/div>\n<\/div>\n<p>[\/et_pb_text][\/et_pb_column][\/et_pb_row][\/et_pb_section]<\/p>\n","protected":false},"excerpt":{"rendered":"<p>l&rsquo;\u00e9quipe du Rosaire se r\u00e9unit g\u00e9n\u00e9ralement le troisi\u00e8me mercredi de chaque mois, \u00e0 15h, \u00e0 la sacristie de l\u2019\u00e9glise de G\u00e9mozac pour prier Marie. 2025 \u00a0 2026 17 septembre 21 [&hellip;]<\/p>\n","protected":false},"author":4,"featured_media":0,"parent":7916,"menu_order":0,"comment_status":"closed","ping_status":"closed","template":"","meta":{"_et_pb_use_builder":"on","_et_pb_old_content":"<!-- wp:divi\/placeholder \/-->","_et_gb_content_width":"","footnotes":""},"class_list":["post-7926","page","type-page","status-publish","hentry"],"_links":{"self":[{"href":"https:\/\/catholiques17.fr\/gemozac\/wp-json\/wp\/v2\/pages\/7926","targetHints":{"allow":["GET"]}}],"collection":[{"href":"https:\/\/catholiques17.fr\/gemozac\/wp-json\/wp\/v2\/pages"}],"about":[{"href":"https:\/\/catholiques17.fr\/gemozac\/wp-json\/wp\/v2\/types\/page"}],"author":[{"embeddable":true,"href":"https:\/\/catholiques17.fr\/gemozac\/wp-json\/wp\/v2\/users\/4"}],"replies":[{"embeddable":true,"href":"https:\/\/catholiques17.fr\/gemozac\/wp-json\/wp\/v2\/comments?post=7926"}],"version-history":[{"count":18,"href":"https:\/\/catholiques17.fr\/gemozac\/wp-json\/wp\/v2\/pages\/7926\/revisions"}],"predecessor-version":[{"id":11470,"href":"https:\/\/catholiques17.fr\/gemozac\/wp-json\/wp\/v2\/pages\/7926\/revisions\/11470"}],"up":[{"embeddable":true,"href":"https:\/\/catholiques17.fr\/gemozac\/wp-json\/wp\/v2\/pages\/7916"}],"wp:attachment":[{"href":"https:\/\/catholiques17.fr\/gemozac\/wp-json\/wp\/v2\/media?parent=7926"}],"curies":[{"name":"wp","href":"https:\/\/api.w.org\/{rel}","templated":true}]}}