{"id":6620,"date":"2021-12-27T09:26:52","date_gmt":"2021-12-27T08:26:52","guid":{"rendered":"https:\/\/catholiques17.fr\/gemozac\/?page_id=6620"},"modified":"2023-08-29T17:53:50","modified_gmt":"2023-08-29T15:53:50","slug":"bapteme","status":"publish","type":"page","link":"https:\/\/catholiques17.fr\/gemozac\/renseignements\/bapteme\/","title":{"rendered":"Bapt\u00eame"},"content":{"rendered":"<p>[et_pb_section fb_built=\u00a0\u00bb1&Prime; _builder_version=\u00a0\u00bb4.17.6&Prime; _module_preset=\u00a0\u00bbdefault\u00a0\u00bb global_colors_info=\u00a0\u00bb{}\u00a0\u00bb theme_builder_area=\u00a0\u00bbpost_content\u00a0\u00bb][et_pb_row column_structure=\u00a0\u00bb2_5,3_5&Prime; _builder_version=\u00a0\u00bb4.17.6&Prime; _module_preset=\u00a0\u00bbdefault\u00a0\u00bb global_colors_info=\u00a0\u00bb{}\u00a0\u00bb theme_builder_area=\u00a0\u00bbpost_content\u00a0\u00bb][et_pb_column type=\u00a0\u00bb2_5&Prime; _builder_version=\u00a0\u00bb4.17.6&Prime; _module_preset=\u00a0\u00bbdefault\u00a0\u00bb global_colors_info=\u00a0\u00bb{}\u00a0\u00bb theme_builder_area=\u00a0\u00bbpost_content\u00a0\u00bb][et_pb_image src=\u00a0\u00bbhttps:\/\/catholiques17.fr\/gemozac\/wp-content\/uploads\/sites\/34\/2021\/11\/bapteme_1.jpg\u00a0\u00bb title_text=\u00a0\u00bbbapteme_1&Prime; _builder_version=\u00a0\u00bb4.21.0&Prime; _module_preset=\u00a0\u00bbdefault\u00a0\u00bb hover_enabled=\u00a0\u00bb0&Prime; global_colors_info=\u00a0\u00bb{}\u00a0\u00bb theme_builder_area=\u00a0\u00bbpost_content\u00a0\u00bb align=\u00a0\u00bbcenter\u00a0\u00bb border_radii=\u00a0\u00bbon|20px|20px|20px|20px\u00a0\u00bb sticky_enabled=\u00a0\u00bb0&Prime;][\/et_pb_image][\/et_pb_column][et_pb_column type=\u00a0\u00bb3_5&Prime; _builder_version=\u00a0\u00bb4.17.6&Prime; _module_preset=\u00a0\u00bbdefault\u00a0\u00bb global_colors_info=\u00a0\u00bb{}\u00a0\u00bb theme_builder_area=\u00a0\u00bbpost_content\u00a0\u00bb][et_pb_text _builder_version=\u00a0\u00bb4.17.6&Prime; _module_preset=\u00a0\u00bbdefault\u00a0\u00bb global_colors_info=\u00a0\u00bb{}\u00a0\u00bb theme_builder_area=\u00a0\u00bbpost_content\u00a0\u00bb]L\u2019\u00c9glise a re\u00e7u des ap\u00f4tres, la tradition de donner le bapt\u00eame aux petits enfants, ainsi qu\u2019aux jeunes et aux adultes.<\/p>\n<p>Par le bapt\u00eame votre enfant devient Enfant de Dieu. Il entre ainsi dans la famille des enfants de Dieu.<br \/>\nPetit \u00e0 petit il d\u00e9couvrira l\u2019amour de Dieu et apprendra \u00e0 conna\u00eetre et aimer J\u00e9sus.[\/et_pb_text][\/et_pb_column][\/et_pb_row][et_pb_row _builder_version=\u00a0\u00bb4.17.6&Prime; _module_preset=\u00a0\u00bbdefault\u00a0\u00bb global_colors_info=\u00a0\u00bb{}\u00a0\u00bb theme_builder_area=\u00a0\u00bbpost_content\u00a0\u00bb][et_pb_column type=\u00a0\u00bb4_4&Prime; _builder_version=\u00a0\u00bb4.17.6&Prime; _module_preset=\u00a0\u00bbdefault\u00a0\u00bb global_colors_info=\u00a0\u00bb{}\u00a0\u00bb theme_builder_area=\u00a0\u00bbpost_content\u00a0\u00bb][et_pb_text _builder_version=\u00a0\u00bb4.21.0&Prime; _module_preset=\u00a0\u00bbdefault\u00a0\u00bb hover_enabled=\u00a0\u00bb0&Prime; global_colors_info=\u00a0\u00bb{}\u00a0\u00bb theme_builder_area=\u00a0\u00bbpost_content\u00a0\u00bb sticky_enabled=\u00a0\u00bb0&Prime;]<\/p>\n<p><strong><span style=\"text-decoration: underline\">Inscription\u00a0:<\/span><\/strong><\/p>\n<p>Vous devez venir \u00e0 la maison paroissiale, 14 avenue Gambetta \u00e0 G\u00e9mozac (permanence de 10h \u00e0 12h) \u2013 pour <strong><em>remplir une feuille de renseignements<\/em><\/strong>. Cela nous permettra pour le jour du bapt\u00eame de remplir correctement la fiche qui sera mise dans les registres de l\u2019\u00c9glise.<br \/>Vous indiquerez le <strong><em>nom du parrain et de la marraine<\/em><\/strong> que vous aurez choisi, il est demand\u00e9 de fournir un extrait d\u2019acte de leur bapt\u00eame.<\/p>\n<p>La <strong><em>date du bapt\u00eame<\/em><\/strong> est fix\u00e9e en fonction de vos propositions et de la disponibilit\u00e9 du pr\u00eatre ou du diacre.<\/p>\n<p>[\/et_pb_text][\/et_pb_column][\/et_pb_row][et_pb_row _builder_version=\u00a0\u00bb4.17.6&Prime; _module_preset=\u00a0\u00bbdefault\u00a0\u00bb global_colors_info=\u00a0\u00bb{}\u00a0\u00bb theme_builder_area=\u00a0\u00bbpost_content\u00a0\u00bb][et_pb_column type=\u00a0\u00bb4_4&Prime; _builder_version=\u00a0\u00bb4.17.6&Prime; _module_preset=\u00a0\u00bbdefault\u00a0\u00bb global_colors_info=\u00a0\u00bb{}\u00a0\u00bb theme_builder_area=\u00a0\u00bbpost_content\u00a0\u00bb][et_pb_text _builder_version=\u00a0\u00bb4.17.6&Prime; _module_preset=\u00a0\u00bbdefault\u00a0\u00bb global_colors_info=\u00a0\u00bb{}\u00a0\u00bb theme_builder_area=\u00a0\u00bbpost_content\u00a0\u00bb]<\/p>\n<p><span style=\"text-decoration: underline\"><strong>La pr\u00e9paration au sacrement du bapt\u00eame\u00a0:<\/strong><\/span><\/p>\n<p>Elle se fait en une seule rencontre de 9h30 \u00e0 11h30 \u00e0 la maison paroissiale, 14, rue Gambetta \u00e0 G\u00e9mozac, en principe 2 mois avant le bapt\u00eame.<br \/>Le P\u00e8re Bernard de Lisle rencontre les familles chez elle, quelques jours avant le bapt\u00eame.<\/p>\n<p>[\/et_pb_text][\/et_pb_column][\/et_pb_row][et_pb_row _builder_version=\u00a0\u00bb4.17.6&Prime; _module_preset=\u00a0\u00bbdefault\u00a0\u00bb global_colors_info=\u00a0\u00bb{}\u00a0\u00bb theme_builder_area=\u00a0\u00bbpost_content\u00a0\u00bb][et_pb_column type=\u00a0\u00bb4_4&Prime; _builder_version=\u00a0\u00bb4.17.6&Prime; _module_preset=\u00a0\u00bbdefault\u00a0\u00bb global_colors_info=\u00a0\u00bb{}\u00a0\u00bb theme_builder_area=\u00a0\u00bbpost_content\u00a0\u00bb][et_pb_text _builder_version=\u00a0\u00bb4.17.6&Prime; _module_preset=\u00a0\u00bbdefault\u00a0\u00bb global_colors_info=\u00a0\u00bb{}\u00a0\u00bb theme_builder_area=\u00a0\u00bbpost_content\u00a0\u00bb]<\/p>\n<p><strong><span style=\"text-decoration: underline\">Offrande \u00e0 L\u2019\u00c9glise\u00a0:<\/span><\/strong><\/p>\n<p>L\u2019\u00c9glise propose quelques rep\u00e8res qui tiennent compte de la r\u00e9alit\u00e9 de la vie actuelle. Pour notre dioc\u00e8se de la Rochelle et Saintes, l\u2019offrande propos\u00e9e depuis janvier 2018 est de 80 \u20ac. \u00c9videmment chacun donne suivant ses moyens.<\/p>\n<p>[\/et_pb_text][\/et_pb_column][\/et_pb_row][et_pb_row _builder_version=\u00a0\u00bb4.17.6&Prime; _module_preset=\u00a0\u00bbdefault\u00a0\u00bb global_colors_info=\u00a0\u00bb{}\u00a0\u00bb theme_builder_area=\u00a0\u00bbpost_content\u00a0\u00bb][et_pb_column type=\u00a0\u00bb4_4&Prime; _builder_version=\u00a0\u00bb4.17.6&Prime; _module_preset=\u00a0\u00bbdefault\u00a0\u00bb global_colors_info=\u00a0\u00bb{}\u00a0\u00bb theme_builder_area=\u00a0\u00bbpost_content\u00a0\u00bb][et_pb_text _builder_version=\u00a0\u00bb4.21.0&Prime; _module_preset=\u00a0\u00bbdefault\u00a0\u00bb hover_enabled=\u00a0\u00bb0&Prime; global_colors_info=\u00a0\u00bb{}\u00a0\u00bb theme_builder_area=\u00a0\u00bbpost_content\u00a0\u00bb sticky_enabled=\u00a0\u00bb0&Prime;]<\/p>\n<p><span style=\"text-decoration: underline\"><strong>Une \u00e9quipe est \u00e0 votre disposition pour tous renseignements compl\u00e9mentaires<\/strong><\/span><\/p>\n<p><strong><em>Paroisse du Bienheureux Jean-Baptiste Souzy<\/em><\/strong><br \/>14, rue Gambetta \u2013 G\u00e9mozac 17260<br \/>T\u00e9l\u00a0: 05.46.94.21.89 \u2013<br \/>mail\u00a0: paroissegemozac@orange.fr<\/p>\n<p><span style=\"text-decoration: underline\">Pr\u00eatre de la paroisse<\/span><br \/><strong><em>P\u00e8re Bernard de Lisle<\/em><\/strong><\/p>\n<p>Vous pouvez \u00e9galement contacter\u00a0:<\/p>\n<p><strong><em>Marie-Paule Massonneau<\/em><\/strong> \u2013 06 76 12 54 03<br \/>Mail\u00a0: lesyvonnets@orange.fr<\/p>\n<p><strong><em>Christian Vign\u00e9<\/em><\/strong> \u2013 06 15 50 38 82<br \/>Mail\u00a0: christian.vigne10@gmail.com<\/p>\n<p>[\/et_pb_text][\/et_pb_column][\/et_pb_row][\/et_pb_section]<\/p>\n","protected":false},"excerpt":{"rendered":"<p>L\u2019\u00c9glise a re\u00e7u des ap\u00f4tres, la tradition de donner le bapt\u00eame aux petits enfants, ainsi qu\u2019aux jeunes et aux adultes. Par le bapt\u00eame votre enfant devient Enfant de Dieu. Il [&hellip;]<\/p>\n","protected":false},"author":4,"featured_media":0,"parent":6602,"menu_order":0,"comment_status":"closed","ping_status":"closed","template":"","meta":{"_et_pb_use_builder":"on","_et_pb_old_content":"","_et_gb_content_width":"","footnotes":""},"class_list":["post-6620","page","type-page","status-publish","hentry"],"_links":{"self":[{"href":"https:\/\/catholiques17.fr\/gemozac\/wp-json\/wp\/v2\/pages\/6620","targetHints":{"allow":["GET"]}}],"collection":[{"href":"https:\/\/catholiques17.fr\/gemozac\/wp-json\/wp\/v2\/pages"}],"about":[{"href":"https:\/\/catholiques17.fr\/gemozac\/wp-json\/wp\/v2\/types\/page"}],"author":[{"embeddable":true,"href":"https:\/\/catholiques17.fr\/gemozac\/wp-json\/wp\/v2\/users\/4"}],"replies":[{"embeddable":true,"href":"https:\/\/catholiques17.fr\/gemozac\/wp-json\/wp\/v2\/comments?post=6620"}],"version-history":[{"count":14,"href":"https:\/\/catholiques17.fr\/gemozac\/wp-json\/wp\/v2\/pages\/6620\/revisions"}],"predecessor-version":[{"id":9168,"href":"https:\/\/catholiques17.fr\/gemozac\/wp-json\/wp\/v2\/pages\/6620\/revisions\/9168"}],"up":[{"embeddable":true,"href":"https:\/\/catholiques17.fr\/gemozac\/wp-json\/wp\/v2\/pages\/6602"}],"wp:attachment":[{"href":"https:\/\/catholiques17.fr\/gemozac\/wp-json\/wp\/v2\/media?parent=6620"}],"curies":[{"name":"wp","href":"https:\/\/api.w.org\/{rel}","templated":true}]}}