{"id":6606,"date":"2021-12-27T09:22:52","date_gmt":"2021-12-27T08:22:52","guid":{"rendered":"https:\/\/catholiques17.fr\/gemozac\/?page_id=6606"},"modified":"2024-10-30T09:22:05","modified_gmt":"2024-10-30T08:22:05","slug":"mariage","status":"publish","type":"page","link":"https:\/\/catholiques17.fr\/gemozac\/renseignements\/mariage\/","title":{"rendered":"Mariage"},"content":{"rendered":"<p>[et_pb_section fb_built=\u00a0\u00bb1&Prime; _builder_version=\u00a0\u00bb4.17.6&Prime; _module_preset=\u00a0\u00bbdefault\u00a0\u00bb global_colors_info=\u00a0\u00bb{}\u00a0\u00bb theme_builder_area=\u00a0\u00bbpost_content\u00a0\u00bb][et_pb_row _builder_version=\u00a0\u00bb4.17.6&Prime; _module_preset=\u00a0\u00bbdefault\u00a0\u00bb global_colors_info=\u00a0\u00bb{}\u00a0\u00bb theme_builder_area=\u00a0\u00bbpost_content\u00a0\u00bb][et_pb_column type=\u00a0\u00bb4_4&Prime; _builder_version=\u00a0\u00bb4.17.6&Prime; _module_preset=\u00a0\u00bbdefault\u00a0\u00bb global_colors_info=\u00a0\u00bb{}\u00a0\u00bb theme_builder_area=\u00a0\u00bbpost_content\u00a0\u00bb][et_pb_text _builder_version=\u00a0\u00bb4.21.0&Prime; _module_preset=\u00a0\u00bbdefault\u00a0\u00bb hover_enabled=\u00a0\u00bb0&Prime; global_colors_info=\u00a0\u00bb{}\u00a0\u00bb theme_builder_area=\u00a0\u00bbpost_content\u00a0\u00bb sticky_enabled=\u00a0\u00bb0&Prime;]<\/p>\n<p style=\"line-height: 108%;margin-bottom: 0.28cm\">Propositions de l\u2019\u00e9quipe de pr\u00e9paration au mariage de G\u00e9mozac pour 2024-2025<\/p>\n<p style=\"line-height: 108%;margin-bottom: 0.28cm\">Vous souhaitez vous marier \u00e0 l&rsquo;\u00c9glise ?<\/p>\n<p style=\"line-height: 108%;margin-bottom: 0.28cm\"><strong>Il convient alors de vous faire conna\u00eetre \u00e0 la maison paroissiale de G\u00e9mozac, <\/strong><\/p>\n<p style=\"line-height: 108%;margin-bottom: 0.28cm\"><strong>14 rue Gambetta,<\/strong><\/p>\n<p style=\"line-height: 108%;margin-bottom: 0.28cm\"><strong>05 46 94 21 89<\/strong><\/p>\n<p style=\"line-height: 108%;margin-bottom: 0.28cm\">Notre \u00e9quipe de pr\u00e9paration au mariage compos\u00e9e du P\u00e8re Bernard , de Claire et Jean Baptiste Salles et de Laurence et Vincent Courtois est heureuse de pr\u00e9parer avec vous ce moment tr\u00e8s important de votre vie .<\/p>\n<p style=\"line-height: 108%;margin-bottom: 0.28cm\">Nous vous proposons deux rencontres pour 2025<\/p>\n<ol>\n<li>\n<p style=\"line-height: 108%;margin-bottom: 0.28cm\">Une journ\u00e9e compl\u00e8te le dimanche 30 mars 2025 de 10H30 \u00e0 17H \u00e0 Cravans<\/p>\n<\/li>\n<\/ol>\n<p style=\"line-height: 108%;margin-bottom: 0.28cm\">Au programme\u00a0: messe, pique-nique partag\u00e9, ateliers autour de nos diff\u00e9rences, de la communication dans le couple, du respect mutuel et de l\u2019engagement chr\u00e9tien \u2026.<\/p>\n<ol start=\"2\">\n<li>\n<p style=\"line-height: 108%;margin-bottom: 0.28cm\">Une soir\u00e9e festive pour vous et entre vous le &#8230; de 19H30 \u00e0 22H30 au restaurant &#8230;<\/p>\n<\/li>\n<\/ol>\n<p style=\"line-height: 108%;margin-bottom: 0.28cm\">Dans la joie de pr\u00e9parer ce moment unique avec vous\u2026.<\/p>\n<p>[\/et_pb_text][et_pb_image src=\u00a0\u00bbhttps:\/\/catholiques17.fr\/gemozac\/wp-content\/uploads\/sites\/34\/2023\/03\/IMG-20230312-WA0001.jpg\u00a0\u00bb title_text=\u00a0\u00bbIMG-20230312-WA0001&Prime; align=\u00a0\u00bbcenter\u00a0\u00bb _builder_version=\u00a0\u00bb4.21.0&Prime; _module_preset=\u00a0\u00bbdefault\u00a0\u00bb border_radii=\u00a0\u00bbon|20px|20px|20px|20px\u00a0\u00bb global_colors_info=\u00a0\u00bb{}\u00a0\u00bb theme_builder_area=\u00a0\u00bbpost_content\u00a0\u00bb][\/et_pb_image][\/et_pb_column][\/et_pb_row][\/et_pb_section]<\/p>\n","protected":false},"excerpt":{"rendered":"<p>Propositions de l\u2019\u00e9quipe de pr\u00e9paration au mariage de G\u00e9mozac pour 2024-2025 Vous souhaitez vous marier \u00e0 l&rsquo;\u00c9glise ? Il convient alors de vous faire conna\u00eetre \u00e0 la maison paroissiale de [&hellip;]<\/p>\n","protected":false},"author":4,"featured_media":0,"parent":6602,"menu_order":0,"comment_status":"closed","ping_status":"closed","template":"","meta":{"_et_pb_use_builder":"on","_et_pb_old_content":"","_et_gb_content_width":"","footnotes":""},"class_list":["post-6606","page","type-page","status-publish","hentry"],"_links":{"self":[{"href":"https:\/\/catholiques17.fr\/gemozac\/wp-json\/wp\/v2\/pages\/6606","targetHints":{"allow":["GET"]}}],"collection":[{"href":"https:\/\/catholiques17.fr\/gemozac\/wp-json\/wp\/v2\/pages"}],"about":[{"href":"https:\/\/catholiques17.fr\/gemozac\/wp-json\/wp\/v2\/types\/page"}],"author":[{"embeddable":true,"href":"https:\/\/catholiques17.fr\/gemozac\/wp-json\/wp\/v2\/users\/4"}],"replies":[{"embeddable":true,"href":"https:\/\/catholiques17.fr\/gemozac\/wp-json\/wp\/v2\/comments?post=6606"}],"version-history":[{"count":18,"href":"https:\/\/catholiques17.fr\/gemozac\/wp-json\/wp\/v2\/pages\/6606\/revisions"}],"predecessor-version":[{"id":10192,"href":"https:\/\/catholiques17.fr\/gemozac\/wp-json\/wp\/v2\/pages\/6606\/revisions\/10192"}],"up":[{"embeddable":true,"href":"https:\/\/catholiques17.fr\/gemozac\/wp-json\/wp\/v2\/pages\/6602"}],"wp:attachment":[{"href":"https:\/\/catholiques17.fr\/gemozac\/wp-json\/wp\/v2\/media?parent=6606"}],"curies":[{"name":"wp","href":"https:\/\/api.w.org\/{rel}","templated":true}]}}