{"id":6604,"date":"2021-12-27T09:22:34","date_gmt":"2021-12-27T08:22:34","guid":{"rendered":"https:\/\/catholiques17.fr\/gemozac\/?page_id=6604"},"modified":"2024-08-29T16:08:40","modified_gmt":"2024-08-29T14:08:40","slug":"cate-aumonerie","status":"publish","type":"page","link":"https:\/\/catholiques17.fr\/gemozac\/renseignements\/cate-aumonerie\/","title":{"rendered":"Cat\u00e9\/Aum\u00f4nerie"},"content":{"rendered":"<p>[et_pb_section fb_built=\u00a0\u00bb1&Prime; _builder_version=\u00a0\u00bb4.16&Prime; _module_preset=\u00a0\u00bbdefault\u00a0\u00bb custom_padding=\u00a0\u00bb4px|||||\u00a0\u00bb global_colors_info=\u00a0\u00bb{}\u00a0\u00bb theme_builder_area=\u00a0\u00bbpost_content\u00a0\u00bb][et_pb_row column_structure=\u00a0\u00bb2_5,3_5&Prime; _builder_version=\u00a0\u00bb4.16&Prime; _module_preset=\u00a0\u00bbdefault\u00a0\u00bb custom_padding=\u00a0\u00bb0px|||||\u00a0\u00bb global_colors_info=\u00a0\u00bb{}\u00a0\u00bb theme_builder_area=\u00a0\u00bbpost_content\u00a0\u00bb][et_pb_column type=\u00a0\u00bb2_5&Prime; _builder_version=\u00a0\u00bb4.16&Prime; _module_preset=\u00a0\u00bbdefault\u00a0\u00bb global_colors_info=\u00a0\u00bb{}\u00a0\u00bb theme_builder_area=\u00a0\u00bbpost_content\u00a0\u00bb][et_pb_image src=\u00a0\u00bbhttps:\/\/catholiques17.fr\/gemozac\/wp-content\/uploads\/sites\/34\/2021\/12\/Catechese2019-edited.jpg\u00a0\u00bb title_text=\u00a0\u00bbCatechese2019-edited\u00a0\u00bb _builder_version=\u00a0\u00bb4.17.6&Prime; _module_preset=\u00a0\u00bbdefault\u00a0\u00bb min_height=\u00a0\u00bb196.5px\u00a0\u00bb custom_margin=\u00a0\u00bb100px||||false|false\u00a0\u00bb custom_padding=\u00a0\u00bb0px||||false|false\u00a0\u00bb custom_padding_tablet=\u00a0\u00bb\u00a0\u00bb custom_padding_phone=\u00a0\u00bb\u00a0\u00bb custom_padding_last_edited=\u00a0\u00bbon|desktop\u00a0\u00bb border_radii=\u00a0\u00bbon|20px|20px|20px|20px\u00a0\u00bb global_colors_info=\u00a0\u00bb{}\u00a0\u00bb theme_builder_area=\u00a0\u00bbpost_content\u00a0\u00bb][\/et_pb_image][\/et_pb_column][et_pb_column type=\u00a0\u00bb3_5&Prime; _builder_version=\u00a0\u00bb4.16&Prime; _module_preset=\u00a0\u00bbdefault\u00a0\u00bb global_colors_info=\u00a0\u00bb{}\u00a0\u00bb theme_builder_area=\u00a0\u00bbpost_content\u00a0\u00bb][et_pb_text _builder_version=\u00a0\u00bb4.21.0&Prime; _module_preset=\u00a0\u00bbdefault\u00a0\u00bb hover_enabled=\u00a0\u00bb0&Prime; global_colors_info=\u00a0\u00bb{}\u00a0\u00bb theme_builder_area=\u00a0\u00bbpost_content\u00a0\u00bb sticky_enabled=\u00a0\u00bb0&Prime;]<\/p>\n<p align=\"justify\">La cat\u00e9ch\u00e8se est propos\u00e9e <strong>aux enfants de maternelle et du primaire<\/strong> :<\/p>\n<p align=\"justify\">\u2013 <span style=\"color: #ff00ff\">\u00e9veil \u00e0 la foi des petits enfants de 2 \u00e0 6 ans<\/span> : l\u2019enfant d\u00e9couvre J\u00e9sus avec ses parents \u00e0 l&rsquo;occasion de rencontres anim\u00e9es par Mathilde Arnauld <span style=\"color: #ff00ff\">un dimanche par mois<\/span>, \u00e0 10h30 au cours de la messe. (d\u2019avril \u00e0 octobre \u00e0 G\u00e9mozac \/ de novembre \u00e0 mars \u00e0 Cravans)<\/p>\n<p align=\"justify\">Contact : Mathilde Arnauld &#8211; 07.60.93.84.98<\/p>\n<p align=\"justify\">\u2013 A partir du CE2, pour les enfants de 7 \u00e0 11 ans Cat\u00e9chisme le 1er samedi de chaque mois, de 10h \u00e0 12h rue Carnot<\/p>\n<p style=\"margin-bottom: 0cm\">Contact : S\u0153ur Marie-Th\u00e9r\u00e8se \u2013 07.52.02.70.25 <a href=\"mailto:xuanlieu1010@yahoo.com.vn\" target=\"_blank\" rel=\"noopener\">xuanlieu1010@yahoo.com.vn<\/a><\/p>\n<div align=\"justify\"><\/div>\n<p>[\/et_pb_text][\/et_pb_column][\/et_pb_row][et_pb_row _builder_version=\u00a0\u00bb4.16&Prime; _module_preset=\u00a0\u00bbdefault\u00a0\u00bb global_colors_info=\u00a0\u00bb{}\u00a0\u00bb theme_builder_area=\u00a0\u00bbpost_content\u00a0\u00bb][et_pb_column type=\u00a0\u00bb4_4&Prime; _builder_version=\u00a0\u00bb4.16&Prime; _module_preset=\u00a0\u00bbdefault\u00a0\u00bb global_colors_info=\u00a0\u00bb{}\u00a0\u00bb theme_builder_area=\u00a0\u00bbpost_content\u00a0\u00bb][et_pb_text _builder_version=\u00a0\u00bb4.21.0&Prime; _module_preset=\u00a0\u00bbdefault\u00a0\u00bb hover_enabled=\u00a0\u00bb0&Prime; global_colors_info=\u00a0\u00bb{}\u00a0\u00bb theme_builder_area=\u00a0\u00bbpost_content\u00a0\u00bb sticky_enabled=\u00a0\u00bb0&Prime;]<\/p>\n<p><span style=\"text-decoration: underline\"><strong>Inscriptions<\/strong><\/span> : elles se feront le samedi 14 septembre 2024, de 10h \u00e0 midi, rue Carnot, chez les Soeurs. <\/p>\n<p><span style=\"text-decoration: underline\"><strong>Programme des rencontre<em>s<\/em><\/strong> :<\/span><span style=\"color: #ff8c00\"><em><br \/><\/em><\/span><\/p>\n<ul>\n<li>Samedi 14 \/09 : rentr\u00e9e et inscription au cat\u00e9<\/li>\n<li>Dimanche 15\/09 : messe de rentr\u00e9e du cat\u00e9 et <span style=\"color: #ff00ff\">\u00e9veil \u00e0 la foi<\/span>.<\/li>\n<li>Samedi 05\/10 : cat\u00e9chisme<\/li>\n<li>Dimanche 06\/10 : messe des familles + <span style=\"color: #ff00ff\">\u00e9veil \u00e0 la foi<\/span><\/li>\n<li>Mercredi 30\/10 : Pr\u00e9paration de la f\u00eate de la Toussaint<\/li>\n<li>Vendredi 01\/11 : messe de la Toussaint enfants du cat\u00e9 +<span style=\"color: #ff00ff\"> \u00e9veil \u00e0 la foi<\/span>.<\/li>\n<li>Samedi 16\/11 : cat\u00e9chisme<\/li>\n<li>Dimanche 17\/11 : messe des familles + <span style=\"color: #ff00ff\">\u00e9veil \u00e0 la foi<\/span><\/li>\n<li><span style=\"color: #000000\">Samedi 07\/12 : cat\u00e9chisme<\/span><\/li>\n<li><span style=\"color: #000000\">Dimanche 08\/12 : messe des familles + <span style=\"color: #ff00ff\">\u00e9veil \u00e0 la foi<\/span><\/span><\/li>\n<li><span style=\"color: #000000\">Lundi 23\/12 : pr\u00e9paration de la messe de No\u00eal \u00e0 Cravans<\/span><\/li>\n<li><span style=\"color: #000000\">Mardi 24\/12 : messe de No\u00ebl enfants du cat\u00e9 + <span style=\"color: #ff00ff\">\u00e9veil \u00e0 la foi<\/span><\/span><\/li>\n<li><span style=\"color: #000000\">Samedi 11\/01 : cat\u00e9chisme <\/span><\/li>\n<li><span style=\"color: #000000\">Dimanche 12\/01 : messe des familles + <span style=\"color: #ff00ff\">\u00e9veil \u00e0 la foi<\/span><\/span><\/li>\n<li><span style=\"color: #000000\">Samedi 01\/02 : cat\u00e9chisme<\/span><\/li>\n<li><span style=\"color: #000000\">Dimanche 02\/02 : messe des familles + <span style=\"color: #ff00ff\">\u00e9veil \u00e0 la foi<\/span><\/span><\/li>\n<li><span style=\"color: #000000\">Mercredi 05\/03 : Messe des Cendres : enfants du cat\u00e9 + <span style=\"color: #ff00ff\">\u00e9veil \u00e0 la foi<\/span><\/span><\/li>\n<li><span style=\"color: #000000\">Samedi 15\/03 : cat\u00e9chisme<\/span><\/li>\n<li><span style=\"color: #000000\">Dimanche 16\/03 : messe des familles + <span style=\"color: #ff00ff\">\u00e9veil \u00e0 la foi<\/span><\/span><\/li>\n<li><span style=\"color: #000000\">Samedi 05\/04 : cat\u00e9chisme<\/span><\/li>\n<li><span style=\"color: #000000\">Dimanche 06\/04 : messe des familles + <span style=\"color: #ff00ff\">\u00e9veil \u00e0 la foi<\/span><\/span><\/li>\n<li><span style=\"color: #000000\">Samedi 12\/04 : marche des Rameaux (ou jeudi Saint le 17\/04)<\/span><\/li>\n<li><span style=\"color: #000000\">Dimanche 20\/04 : messe de P\u00e2ques enfants du cat\u00e9 +<span style=\"color: #ff00ff\"> \u00e9veil \u00e0 la foi<\/span><\/span><\/li>\n<li><span style=\"color: #000000\">Samedi 17\/05 : cat\u00e9chisme<\/span><\/li>\n<li><span style=\"color: #000000\">Dimanche 18\/05 : messe des familles + <span style=\"color: #ff00ff\">\u00e9veil \u00e0 la foi<\/span><\/span><\/li>\n<li><span style=\"color: #000000\">Samedi 07\/06 : cat\u00e9chisme<\/span><\/li>\n<li><span style=\"color: #000000\">Dimanche 08\/06 : messe des familles + <span style=\"color: #ff00ff\">\u00e9veil \u00e0 la foi<\/span><\/span><\/li>\n<li><span style=\"color: #000000\">Dimanche 14\/06 : sortie du cat\u00e9chisme \u00e0 Sablonceaux<\/span><\/li>\n<\/ul>\n<p>&nbsp;<\/p>\n<p><span style=\"text-decoration: underline\"><\/span><\/p>\n<p><span style=\"text-decoration: underline\"><strong><em><\/em><\/strong><\/span><\/p>\n<p><em>\u00a0<\/em><\/p>\n<p><strong class=\"Style6\">Les inscriptions sont possibles tout au long de l\u2019ann\u00e9e.<\/strong><br \/>N\u2019h\u00e9sitez pas \u00e0 nous contacter au 05 46 94 21 89 et \u00e0 laisser un message avec vos noms et coordonn\u00e9es t\u00e9l\u00e9phoniques ou nous envoyer un mail \u00e0 <a href=\"mailto:paroissegemozac@orange.fr\" target=\"_blank\" rel=\"noopener\"><span>paroissegemozac@orange.fr<\/span><\/a><\/p>\n<p>&nbsp;<\/p>\n<p>[\/et_pb_text][\/et_pb_column][\/et_pb_row][et_pb_row _builder_version=\u00a0\u00bb4.16&Prime; _module_preset=\u00a0\u00bbdefault\u00a0\u00bb global_colors_info=\u00a0\u00bb{}\u00a0\u00bb theme_builder_area=\u00a0\u00bbpost_content\u00a0\u00bb][et_pb_column type=\u00a0\u00bb4_4&Prime; _builder_version=\u00a0\u00bb4.16&Prime; _module_preset=\u00a0\u00bbdefault\u00a0\u00bb global_colors_info=\u00a0\u00bb{}\u00a0\u00bb theme_builder_area=\u00a0\u00bbpost_content\u00a0\u00bb][et_pb_divider _builder_version=\u00a0\u00bb4.16&Prime; _module_preset=\u00a0\u00bbdefault\u00a0\u00bb global_colors_info=\u00a0\u00bb{}\u00a0\u00bb theme_builder_area=\u00a0\u00bbpost_content\u00a0\u00bb][\/et_pb_divider][\/et_pb_column][\/et_pb_row][et_pb_row column_structure=\u00a0\u00bb2_5,3_5&Prime; _builder_version=\u00a0\u00bb4.16&Prime; _module_preset=\u00a0\u00bbdefault\u00a0\u00bb custom_padding=\u00a0\u00bb0px|||||\u00a0\u00bb global_colors_info=\u00a0\u00bb{}\u00a0\u00bb theme_builder_area=\u00a0\u00bbpost_content\u00a0\u00bb][et_pb_column type=\u00a0\u00bb2_5&Prime; _builder_version=\u00a0\u00bb4.16&Prime; _module_preset=\u00a0\u00bbdefault\u00a0\u00bb global_colors_info=\u00a0\u00bb{}\u00a0\u00bb theme_builder_area=\u00a0\u00bbpost_content\u00a0\u00bb][et_pb_image src=\u00a0\u00bbhttps:\/\/catholiques17.fr\/gemozac\/wp-content\/uploads\/sites\/34\/2021\/12\/Bandeau-IMG_1025-retouche\u0301e-1024&#215;500-1.jpg\u00a0\u00bb title_text=\u00a0\u00bbBandeau-IMG_1025-retouche\u0301e-1024&#215;500-1&Prime; force_fullwidth=\u00a0\u00bbon\u00a0\u00bb _builder_version=\u00a0\u00bb4.16&Prime; _module_preset=\u00a0\u00bbdefault\u00a0\u00bb max_height_tablet=\u00a0\u00bb\u00a0\u00bb max_height_phone=\u00a0\u00bb\u00a0\u00bb max_height_last_edited=\u00a0\u00bbon|desktop\u00a0\u00bb custom_padding=\u00a0\u00bb9px||||false|false\u00a0\u00bb custom_padding_tablet=\u00a0\u00bb\u00a0\u00bb custom_padding_phone=\u00a0\u00bb\u00a0\u00bb custom_padding_last_edited=\u00a0\u00bbon|desktop\u00a0\u00bb border_radii=\u00a0\u00bbon|20px|20px|20px|20px\u00a0\u00bb global_colors_info=\u00a0\u00bb{}\u00a0\u00bb theme_builder_area=\u00a0\u00bbpost_content\u00a0\u00bb][\/et_pb_image][\/et_pb_column][et_pb_column type=\u00a0\u00bb3_5&Prime; _builder_version=\u00a0\u00bb4.16&Prime; _module_preset=\u00a0\u00bbdefault\u00a0\u00bb global_colors_info=\u00a0\u00bb{}\u00a0\u00bb theme_builder_area=\u00a0\u00bbpost_content\u00a0\u00bb][et_pb_text _builder_version=\u00a0\u00bb4.17.6&Prime; _module_preset=\u00a0\u00bbdefault\u00a0\u00bb global_colors_info=\u00a0\u00bb{}\u00a0\u00bb theme_builder_area=\u00a0\u00bbpost_content\u00a0\u00bb]<\/p>\n<p align=\"justify\">\n<p align=\"justify\">Fond\u00e9e sur l\u2019\u00e9vangile, <strong>l&rsquo;aum\u00f4nerie des coll\u00e9giens et des lyc\u00e9ens<\/strong> aide les jeunes \u00e0 se construire, \u00e0 grandir humainement et spirituellement avec un accompagnement sur toutes les dimensions de leur vie.<\/p>\n<p>[\/et_pb_text][\/et_pb_column][\/et_pb_row][et_pb_row _builder_version=\u00a0\u00bb4.17.6&Prime; _module_preset=\u00a0\u00bbdefault\u00a0\u00bb global_colors_info=\u00a0\u00bb{}\u00a0\u00bb theme_builder_area=\u00a0\u00bbpost_content\u00a0\u00bb][et_pb_column type=\u00a0\u00bb4_4&Prime; _builder_version=\u00a0\u00bb4.17.6&Prime; _module_preset=\u00a0\u00bbdefault\u00a0\u00bb global_colors_info=\u00a0\u00bb{}\u00a0\u00bb theme_builder_area=\u00a0\u00bbpost_content\u00a0\u00bb][et_pb_text _builder_version=\u00a0\u00bb4.21.0&Prime; _module_preset=\u00a0\u00bbdefault\u00a0\u00bb hover_enabled=\u00a0\u00bb0&Prime; global_colors_info=\u00a0\u00bb{}\u00a0\u00bb theme_builder_area=\u00a0\u00bbpost_content\u00a0\u00bb sticky_enabled=\u00a0\u00bb0&Prime;]<\/p>\n<p style=\"line-height: 100%;margin-bottom: 0cm\" align=\"justify\">L&rsquo;aum\u00f4nerie de Pons G\u00e9mozac (APG) r\u00e9unit\u00a0les jeunes du coll\u00e8ge et lyc\u00e9e des paroisses de Pons et G\u00e9mozac.<\/p>\n<p style=\"line-height: 100%;margin-bottom: 0cm\" align=\"justify\">Il n&rsquo;est pas n\u00e9cessaire de conna\u00eetre J\u00e9sus, d&rsquo;\u00eatre chr\u00e9tien pour venir \u00e0 l&rsquo;aum\u00f4nerie.<\/p>\n<p style=\"line-height: 100%;margin-bottom: 0cm\" align=\"justify\">L&rsquo;APG pr\u00e9pare pour les jeunes concern\u00e9s, \u00e0\u00a0la profession de foi et au sacrement de confirmation.<\/p>\n<p style=\"line-height: 100%;margin-bottom: 0cm\" align=\"justify\">Elle anime en alternance une messe mensuelle sur les secteurs de G\u00e9mozac et Pons pour les jeunes de l&rsquo;aum\u00f4nerie et du KT.<\/p>\n<p style=\"line-height: 100%;margin-bottom: 0cm\" align=\"justify\">SEPTEMBRE : 22 \u00e0 G\u00e9mozac<br \/>OCTOBRE : 13 \u00e0 Pons<br \/>NOVEMBRE : 9 \u00e0 Cravans<br \/>DECEMBRE : (veill\u00e9e No\u00ebl le 24 \u00e0 Pons ?)<br \/>JANVIER : 26 \u00e0 Cravans<br \/>FEVRIER : 16 \u00e0 Pons<br \/>MARS : 30 \u00e0 Cravans<br \/>AVRIL : 27 \u00e0 Pons ?<br \/>MAI : 25 \u00e0 G\u00e9mozac<br \/>JUIN : 22 \u00e0 Pons<\/p>\n<p>[\/et_pb_text][\/et_pb_column][\/et_pb_row][et_pb_row _builder_version=\u00a0\u00bb4.17.6&Prime; _module_preset=\u00a0\u00bbdefault\u00a0\u00bb global_colors_info=\u00a0\u00bb{}\u00a0\u00bb theme_builder_area=\u00a0\u00bbpost_content\u00a0\u00bb][et_pb_column type=\u00a0\u00bb4_4&Prime; _builder_version=\u00a0\u00bb4.17.6&Prime; _module_preset=\u00a0\u00bbdefault\u00a0\u00bb global_colors_info=\u00a0\u00bb{}\u00a0\u00bb theme_builder_area=\u00a0\u00bbpost_content\u00a0\u00bb][et_pb_text _builder_version=\u00a0\u00bb4.21.0&Prime; _module_preset=\u00a0\u00bbdefault\u00a0\u00bb global_colors_info=\u00a0\u00bb{}\u00a0\u00bb theme_builder_area=\u00a0\u00bbpost_content\u00a0\u00bb custom_padding=\u00a0\u00bb0px|||||\u00a0\u00bb]<\/p>\n<h3 style=\"text-align: center\"><span style=\"color: #ff6600\">Pour conna\u00eetre les dates des rencontres, vous trouverez <a href=\"https:\/\/catholiques17.fr\/gemozac\/wp-content\/uploads\/sites\/34\/2023\/09\/JEUNES-GEMOZAC-dates-2023-2024.pdf\"><span style=\"text-decoration: underline\"><strong>ici<\/strong><\/span><\/a> un programme tr\u00e8s d\u00e9taill\u00e9.<br \/><\/span><\/h3>\n<p><span style=\"color: #ff6600\">\u00a0<\/span><\/p>\n<p>[\/et_pb_text][\/et_pb_column][\/et_pb_row][et_pb_row _builder_version=\u00a0\u00bb4.17.6&Prime; _module_preset=\u00a0\u00bbdefault\u00a0\u00bb background_color=\u00a0\u00bb#FF8C00&Prime; custom_padding=\u00a0\u00bb|5px||5px|false|false\u00a0\u00bb border_radii=\u00a0\u00bbon|10px|10px|10px|10px\u00a0\u00bb global_colors_info=\u00a0\u00bb{}\u00a0\u00bb theme_builder_area=\u00a0\u00bbpost_content\u00a0\u00bb][et_pb_column type=\u00a0\u00bb4_4&Prime; _builder_version=\u00a0\u00bb4.16&Prime; _module_preset=\u00a0\u00bbdefault\u00a0\u00bb global_colors_info=\u00a0\u00bb{}\u00a0\u00bb theme_builder_area=\u00a0\u00bbpost_content\u00a0\u00bb][et_pb_text _builder_version=\u00a0\u00bb4.17.6&Prime; _module_preset=\u00a0\u00bbdefault\u00a0\u00bb global_colors_info=\u00a0\u00bb{}\u00a0\u00bb theme_builder_area=\u00a0\u00bbpost_content\u00a0\u00bb]<\/p>\n<p style=\"text-align: center\"><span style=\"color: #ffffff\">Le service dioc\u00e9sain de la pastorale des jeunes propose des camps, p\u00e8lerinages et autres rassemblements <\/span><\/p>\n<p style=\"text-align: center\"><span style=\"color: #ffffff\">tout au long de l&rsquo;ann\u00e9e. Suivez l&rsquo;actualit\u00e9 des jeunes sur leur site<\/span> <a href=\"https:\/\/jeunes17.fr\/\" target=\"_blank\" rel=\"noopener\"><span style=\"text-decoration: underline;color: #ffffff\"><strong>jeunes17.fr<\/strong><\/span><\/a><\/p>\n<p>[\/et_pb_text][\/et_pb_column][\/et_pb_row][\/et_pb_section]<\/p>\n","protected":false},"excerpt":{"rendered":"<p>La cat\u00e9ch\u00e8se est propos\u00e9e aux enfants de maternelle et du primaire : \u2013 \u00e9veil \u00e0 la foi des petits enfants de 2 \u00e0 6 ans : l\u2019enfant d\u00e9couvre J\u00e9sus avec [&hellip;]<\/p>\n","protected":false},"author":4,"featured_media":0,"parent":6602,"menu_order":0,"comment_status":"closed","ping_status":"closed","template":"","meta":{"_et_pb_use_builder":"on","_et_pb_old_content":"","_et_gb_content_width":"","footnotes":""},"class_list":["post-6604","page","type-page","status-publish","hentry"],"_links":{"self":[{"href":"https:\/\/catholiques17.fr\/gemozac\/wp-json\/wp\/v2\/pages\/6604","targetHints":{"allow":["GET"]}}],"collection":[{"href":"https:\/\/catholiques17.fr\/gemozac\/wp-json\/wp\/v2\/pages"}],"about":[{"href":"https:\/\/catholiques17.fr\/gemozac\/wp-json\/wp\/v2\/types\/page"}],"author":[{"embeddable":true,"href":"https:\/\/catholiques17.fr\/gemozac\/wp-json\/wp\/v2\/users\/4"}],"replies":[{"embeddable":true,"href":"https:\/\/catholiques17.fr\/gemozac\/wp-json\/wp\/v2\/comments?post=6604"}],"version-history":[{"count":39,"href":"https:\/\/catholiques17.fr\/gemozac\/wp-json\/wp\/v2\/pages\/6604\/revisions"}],"predecessor-version":[{"id":9941,"href":"https:\/\/catholiques17.fr\/gemozac\/wp-json\/wp\/v2\/pages\/6604\/revisions\/9941"}],"up":[{"embeddable":true,"href":"https:\/\/catholiques17.fr\/gemozac\/wp-json\/wp\/v2\/pages\/6602"}],"wp:attachment":[{"href":"https:\/\/catholiques17.fr\/gemozac\/wp-json\/wp\/v2\/media?parent=6604"}],"curies":[{"name":"wp","href":"https:\/\/api.w.org\/{rel}","templated":true}]}}