{"id":6300,"date":"2023-05-30T14:00:19","date_gmt":"2023-05-30T12:00:19","guid":{"rendered":"https:\/\/catholiques17.fr\/festival\/?page_id=6300"},"modified":"2025-09-02T16:35:56","modified_gmt":"2025-09-02T14:35:56","slug":"qui-sommes-nous","status":"publish","type":"page","link":"https:\/\/catholiques17.fr\/festival\/qui-sommes-nous\/","title":{"rendered":"Qui sommes nous ?"},"content":{"rendered":"<p>[et_pb_section fb_built=\u00a0\u00bb1&Prime; _builder_version=\u00a0\u00bb4.17.6&Prime; _module_preset=\u00a0\u00bbdefault\u00a0\u00bb custom_padding=\u00a0\u00bb40px|||||\u00a0\u00bb global_colors_info=\u00a0\u00bb{}\u00a0\u00bb theme_builder_area=\u00a0\u00bbpost_content\u00a0\u00bb][et_pb_row column_structure=\u00a0\u00bb3_5,2_5&Prime; _builder_version=\u00a0\u00bb4.17.6&Prime; _module_preset=\u00a0\u00bbdefault\u00a0\u00bb custom_padding=\u00a0\u00bb3px|||||\u00a0\u00bb global_colors_info=\u00a0\u00bb{}\u00a0\u00bb theme_builder_area=\u00a0\u00bbpost_content\u00a0\u00bb][et_pb_column type=\u00a0\u00bb3_5&Prime; _builder_version=\u00a0\u00bb4.17.6&Prime; _module_preset=\u00a0\u00bbdefault\u00a0\u00bb global_colors_info=\u00a0\u00bb{}\u00a0\u00bb theme_builder_area=\u00a0\u00bbpost_content\u00a0\u00bb][et_pb_image src=\u00a0\u00bbhttps:\/\/catholiques17.fr\/festival\/wp-content\/uploads\/sites\/48\/2025\/09\/Equipe-Festival.jpg\u00a0\u00bb title_text=\u00a0\u00bbEquipe Festival\u00a0\u00bb _builder_version=\u00a0\u00bb4.27.4&Prime; _module_preset=\u00a0\u00bbdefault\u00a0\u00bb hover_enabled=\u00a0\u00bb0&Prime; global_colors_info=\u00a0\u00bb{}\u00a0\u00bb theme_builder_area=\u00a0\u00bbpost_content\u00a0\u00bb sticky_enabled=\u00a0\u00bb0&Prime; custom_padding_last_edited=\u00a0\u00bbon|desktop\u00a0\u00bb custom_padding=\u00a0\u00bb20px||||false|false\u00a0\u00bb custom_padding_tablet=\u00a0\u00bb20px||||false|false\u00a0\u00bb custom_padding_phone=\u00a0\u00bb20px||||false|false\u00a0\u00bb][\/et_pb_image][\/et_pb_column][et_pb_column type=\u00a0\u00bb2_5&Prime; _builder_version=\u00a0\u00bb4.17.6&Prime; _module_preset=\u00a0\u00bbdefault\u00a0\u00bb global_colors_info=\u00a0\u00bb{}\u00a0\u00bb theme_builder_area=\u00a0\u00bbpost_content\u00a0\u00bb][et_pb_icon font_icon=\u00a0\u00bb&#xf51d;||fa||900&Prime; disabled_on=\u00a0\u00bbon|on|off\u00a0\u00bb _builder_version=\u00a0\u00bb4.21.0&Prime; _module_preset=\u00a0\u00bbdefault\u00a0\u00bb global_colors_info=\u00a0\u00bb{}\u00a0\u00bb theme_builder_area=\u00a0\u00bbpost_content\u00a0\u00bb][\/et_pb_icon][et_pb_text _builder_version=\u00a0\u00bb4.27.4&Prime; _module_preset=\u00a0\u00bbdefault\u00a0\u00bb custom_padding=\u00a0\u00bb23px||||false|false\u00a0\u00bb custom_padding_tablet=\u00a0\u00bb23px||||false|false\u00a0\u00bb custom_padding_phone=\u00a0\u00bb23px||||false|false\u00a0\u00bb custom_padding_last_edited=\u00a0\u00bbon|desktop\u00a0\u00bb global_colors_info=\u00a0\u00bb{}\u00a0\u00bb theme_builder_area=\u00a0\u00bbpost_content\u00a0\u00bb]<\/p>\n<p class=\"04xlpa\" style=\"text-align: justify; line-height: 18.0pt;\"><span class=\"wdyuqq\" style=\"color: #d29681;\">Inspir\u00e9 par des activit\u00e9s paroissiales, le Festival chr\u00e9tien en Charente-Maritime est une association loi 1901 \u00e0 but non lucratif. Tous les membres de l&rsquo;\u00e9quipe sont des b\u00e9n\u00e9voles qui offrent g\u00e9n\u00e9reusement leurs services avec d\u00e9vouement et passion !<\/span><\/p>\n<p class=\"04xlpa\" style=\"text-align: justify; line-height: 18.0pt;\">[\/et_pb_text][\/et_pb_column][\/et_pb_row][et_pb_row _builder_version=\u00a0\u00bb4.27.4&Prime; _module_preset=\u00a0\u00bbdefault\u00a0\u00bb global_colors_info=\u00a0\u00bb{}\u00a0\u00bb theme_builder_area=\u00a0\u00bbpost_content\u00a0\u00bb][et_pb_column type=\u00a0\u00bb4_4&Prime; _builder_version=\u00a0\u00bb4.27.4&Prime; _module_preset=\u00a0\u00bbdefault\u00a0\u00bb global_colors_info=\u00a0\u00bb{}\u00a0\u00bb theme_builder_area=\u00a0\u00bbpost_content\u00a0\u00bb][et_pb_text _builder_version=\u00a0\u00bb4.27.4&Prime; _module_preset=\u00a0\u00bbdefault\u00a0\u00bb global_colors_info=\u00a0\u00bb{}\u00a0\u00bb theme_builder_area=\u00a0\u00bbpost_content\u00a0\u00bb]<\/p>\n<p style=\"text-align: justify;\">Le Festival propose une programmation spirituelle et humaniste ouverte \u00e0 toutes les formes de cr\u00e9ations artistiques : cin\u00e9ma, th\u00e9\u00e2tre, exposition, musique&#8230; et en direction de toutes les g\u00e9n\u00e9rations ! Nous abordons des sujets d&rsquo;inspiration religieuse et universelle qui rassemblent largement et interrogent notre Humanit\u00e9. Nous sommes heureux de cr\u00e9er des temps de rencontre, d&rsquo;\u00e9change, de partage et d&rsquo;\u00e9coute bienveillante au service de la diversit\u00e9 et de la g\u00e9n\u00e9rosit\u00e9.<\/p>\n<p>[\/et_pb_text][\/et_pb_column][\/et_pb_row][\/et_pb_section]<\/p>\n","protected":false},"excerpt":{"rendered":"<p>Inspir\u00e9 par des activit\u00e9s paroissiales, le Festival chr\u00e9tien en Charente-Maritime est une association loi 1901 \u00e0 but non lucratif. Tous les membres de l&rsquo;\u00e9quipe sont des b\u00e9n\u00e9voles qui offrent g\u00e9n\u00e9reusement [&hellip;]<\/p>\n","protected":false},"author":4,"featured_media":0,"parent":0,"menu_order":0,"comment_status":"closed","ping_status":"closed","template":"","meta":{"_et_pb_use_builder":"on","_et_pb_old_content":"","_et_gb_content_width":"","footnotes":""},"class_list":["post-6300","page","type-page","status-publish","hentry"],"_links":{"self":[{"href":"https:\/\/catholiques17.fr\/festival\/wp-json\/wp\/v2\/pages\/6300","targetHints":{"allow":["GET"]}}],"collection":[{"href":"https:\/\/catholiques17.fr\/festival\/wp-json\/wp\/v2\/pages"}],"about":[{"href":"https:\/\/catholiques17.fr\/festival\/wp-json\/wp\/v2\/types\/page"}],"author":[{"embeddable":true,"href":"https:\/\/catholiques17.fr\/festival\/wp-json\/wp\/v2\/users\/4"}],"replies":[{"embeddable":true,"href":"https:\/\/catholiques17.fr\/festival\/wp-json\/wp\/v2\/comments?post=6300"}],"version-history":[{"count":10,"href":"https:\/\/catholiques17.fr\/festival\/wp-json\/wp\/v2\/pages\/6300\/revisions"}],"predecessor-version":[{"id":6929,"href":"https:\/\/catholiques17.fr\/festival\/wp-json\/wp\/v2\/pages\/6300\/revisions\/6929"}],"wp:attachment":[{"href":"https:\/\/catholiques17.fr\/festival\/wp-json\/wp\/v2\/media?parent=6300"}],"curies":[{"name":"wp","href":"https:\/\/api.w.org\/{rel}","templated":true}]}}