{"id":6953,"date":"2023-09-10T22:14:59","date_gmt":"2023-09-10T20:14:59","guid":{"rendered":"https:\/\/catholiques17.fr\/chatelaillon\/?page_id=6953"},"modified":"2026-03-18T15:22:54","modified_gmt":"2026-03-18T14:22:54","slug":"service-evangelique-des-malades-sem","status":"publish","type":"page","link":"https:\/\/catholiques17.fr\/chatelaillon\/services-pastoraux\/service-evangelique-des-malades-sem\/","title":{"rendered":"Service Evang\u00e9lique des Malades (SEM)"},"content":{"rendered":"<p>[et_pb_section fb_built=\u00a0\u00bb1&Prime; _builder_version=\u00a0\u00bb4.16&Prime; _module_preset=\u00a0\u00bbdefault\u00a0\u00bb global_colors_info=\u00a0\u00bb{}\u00a0\u00bb theme_builder_area=\u00a0\u00bbpost_content\u00a0\u00bb][et_pb_row column_structure=\u00a0\u00bb2_5,3_5&Prime; _builder_version=\u00a0\u00bb4.17.6&Prime; _module_preset=\u00a0\u00bbdefault\u00a0\u00bb global_colors_info=\u00a0\u00bb{}\u00a0\u00bb theme_builder_area=\u00a0\u00bbpost_content\u00a0\u00bb][et_pb_column type=\u00a0\u00bb2_5&Prime; _builder_version=\u00a0\u00bb4.17.6&Prime; _module_preset=\u00a0\u00bbdefault\u00a0\u00bb global_colors_info=\u00a0\u00bb{}\u00a0\u00bb theme_builder_area=\u00a0\u00bbpost_content\u00a0\u00bb][et_pb_image src=\u00a0\u00bbhttps:\/\/catholiques17.fr\/chatelaillon\/wp-content\/uploads\/sites\/12\/2023\/09\/mains-vieilles-260&#215;195-1.jpg\u00a0\u00bb title_text=\u00a0\u00bbmains-vieilles-260&#215;195&Prime; align=\u00a0\u00bbcenter\u00a0\u00bb _builder_version=\u00a0\u00bb4.21.0&Prime; _module_preset=\u00a0\u00bbdefault\u00a0\u00bb animation_style=\u00a0\u00bbslide\u00a0\u00bb border_radii=\u00a0\u00bbon|20px|20px|20px|20px\u00a0\u00bb border_color_all=\u00a0\u00bb#FF8C00&Prime; global_colors_info=\u00a0\u00bb{}\u00a0\u00bb theme_builder_area=\u00a0\u00bbpost_content\u00a0\u00bb][\/et_pb_image][et_pb_image src=\u00a0\u00bbhttps:\/\/catholiques17.fr\/chatelaillon\/wp-content\/uploads\/sites\/12\/2024\/02\/plaquette-SEM-diocese_page-0002.jpg\u00a0\u00bb title_text=\u00a0\u00bbplaquette SEM dioc\u00e8se_page-0002&Prime; align=\u00a0\u00bbcenter\u00a0\u00bb _builder_version=\u00a0\u00bb4.21.0&Prime; _module_preset=\u00a0\u00bbdefault\u00a0\u00bb animation_style=\u00a0\u00bbslide\u00a0\u00bb border_radii=\u00a0\u00bbon|20px|20px|20px|20px\u00a0\u00bb border_color_all=\u00a0\u00bb#FF8C00&Prime; global_colors_info=\u00a0\u00bb{}\u00a0\u00bb theme_builder_area=\u00a0\u00bbpost_content\u00a0\u00bb][\/et_pb_image][et_pb_image src=\u00a0\u00bbhttps:\/\/catholiques17.fr\/chatelaillon\/wp-content\/uploads\/sites\/12\/2024\/02\/plaquette-SEM-diocese_page-0001.jpg\u00a0\u00bb title_text=\u00a0\u00bbplaquette SEM dioc\u00e8se_page-0001&Prime; align=\u00a0\u00bbcenter\u00a0\u00bb _builder_version=\u00a0\u00bb4.21.0&Prime; _module_preset=\u00a0\u00bbdefault\u00a0\u00bb animation_style=\u00a0\u00bbslide\u00a0\u00bb border_radii=\u00a0\u00bbon|20px|20px|20px|20px\u00a0\u00bb border_color_all=\u00a0\u00bb#FF8C00&Prime; global_colors_info=\u00a0\u00bb{}\u00a0\u00bb theme_builder_area=\u00a0\u00bbpost_content\u00a0\u00bb][\/et_pb_image][\/et_pb_column][et_pb_column type=\u00a0\u00bb3_5&Prime; _builder_version=\u00a0\u00bb4.17.6&Prime; _module_preset=\u00a0\u00bbdefault\u00a0\u00bb global_colors_info=\u00a0\u00bb{}\u00a0\u00bb theme_builder_area=\u00a0\u00bbpost_content\u00a0\u00bb][et_pb_text _builder_version=\u00a0\u00bb4.21.0&Prime; _module_preset=\u00a0\u00bbdefault\u00a0\u00bb custom_margin=\u00a0\u00bb||53px|||\u00a0\u00bb global_colors_info=\u00a0\u00bb{}\u00a0\u00bb theme_builder_area=\u00a0\u00bbpost_content\u00a0\u00bb][\/et_pb_text][et_pb_text _builder_version=\u00a0\u00bb4.27.5&Prime; _module_preset=\u00a0\u00bbdefault\u00a0\u00bb theme_builder_area=\u00a0\u00bbpost_content\u00a0\u00bb hover_enabled=\u00a0\u00bb0&Prime; sticky_enabled=\u00a0\u00bb0&Prime;]<\/p>\n<p>&nbsp;<\/p>\n<blockquote>\n<p>A la veille de la c\u00e9l\u00e9bration du dimanche de la sant\u00e9, il nous semble bon de vous informer sur la mission du Service Evang\u00e9lique des Malades (S.E.M) de votre Paroisse.<\/p>\n<p>Les \u00e9quipes d\u00e9di\u00e9es du S.E.M\u00a0 envoy\u00e9es en mission par notre Pr\u00eatre Patrick BETTOLI, organisent des visites en E.P.H.A.D ou \u00e0 domicile.<\/p>\n<p>Les membres du S.E.M. ont pour mission d\u2019\u00eatre attentifs aux plus fragiles, aux personnes \u00e2g\u00e9es, souffrant de maladie ou d\u2019isolement.<\/p>\n<p>Nous organisons des messes dans les maisons de retraite une fois par mois.<\/p>\n<p>Nous serons heureux d\u2019accompagner dans la pri\u00e8re nos Fr\u00e8res et S\u0153urs ne pouvant plus se d\u00e9placer, l\u2019Eglise vient vers eux dans leur nouveau lieu de vie.<\/p>\n<p>Si vous souhaitez formuler une demande au S.E.M, vous trouverez les contacts sur le flyer.<\/p>\n<\/blockquote>\n<p>[\/et_pb_text][et_pb_button button_url=\u00a0\u00bbhttps:\/\/catholiques17.fr\/chatelaillon\/wp-content\/uploads\/sites\/12\/2026\/02\/Depliant-Pastorale-de-la-Sa-nte-Chatelaillon-V-2026.pdf\u00a0\u00bb button_text=\u00a0\u00bbT\u00e9l\u00e9charger le d\u00e9pliant de la pastorale de la sant\u00e9\u00a0\u00bb button_alignment=\u00a0\u00bbcenter\u00a0\u00bb _builder_version=\u00a0\u00bb4.27.5&Prime; _module_preset=\u00a0\u00bbdefault\u00a0\u00bb custom_button=\u00a0\u00bbon\u00a0\u00bb button_text_size=\u00a0\u00bb17px\u00a0\u00bb button_icon=\u00a0\u00bb&#xe092;||divi||400&Prime; global_colors_info=\u00a0\u00bb{}\u00a0\u00bb theme_builder_area=\u00a0\u00bbpost_content\u00a0\u00bb][\/et_pb_button][\/et_pb_column][\/et_pb_row][\/et_pb_section]<\/p>\n","protected":false},"excerpt":{"rendered":"<p>&nbsp; A la veille de la c\u00e9l\u00e9bration du dimanche de la sant\u00e9, il nous semble bon de vous informer sur la mission du Service Evang\u00e9lique des Malades (S.E.M) de votre [&hellip;]<\/p>\n","protected":false},"author":17,"featured_media":0,"parent":10281,"menu_order":0,"comment_status":"closed","ping_status":"closed","template":"","meta":{"_et_pb_use_builder":"on","_et_pb_old_content":"<!-- wp:quote -->\n<blockquote class=\"wp-block-quote\"><!-- wp:paragraph -->\n<p>A la veille de la c\u00e9l\u00e9bration du dimanche de la sant\u00e9, il nous semble bon de vous informer sur la mission du Service Evang\u00e9lique des Malades (S.E.M) de votre Paroisse.<\/p>\n<!-- \/wp:paragraph -->\n\n<!-- wp:paragraph -->\n<p>Les \u00e9quipes d\u00e9di\u00e9es du S.E.M&nbsp; envoy\u00e9es en mission par notre Pr\u00eatre Patrick BETTOLI, organisent des visites en E.P.H.A.D ou \u00e0 domicile.<\/p>\n<!-- \/wp:paragraph -->\n\n<!-- wp:paragraph -->\n<p>Les membres du S.E.M. ont pour mission d\u2019\u00eatre attentifs aux plus fragiles, aux personnes \u00e2g\u00e9es, souffrant de maladie ou d\u2019isolement.<\/p>\n<!-- \/wp:paragraph -->\n\n<!-- wp:paragraph -->\n<p>Nous organisons des messes dans les maisons de retraite une fois par mois.<\/p>\n<!-- \/wp:paragraph -->\n\n<!-- wp:paragraph -->\n<p>Nous serons heureux d\u2019accompagner dans la pri\u00e8re nos Fr\u00e8res et S\u0153urs ne pouvant plus se d\u00e9placer, l\u2019Eglise vient vers eux dans leur nouveau lieu de vie.<\/p>\n<!-- \/wp:paragraph -->\n\n<!-- wp:paragraph -->\n<p>Si vous souhaitez formuler une demande au S.E.M, vous trouverez les contacts sur le flyer.<\/p>\n<!-- \/wp:paragraph --><\/blockquote>\n<!-- \/wp:quote -->\n\n<!-- wp:paragraph -->\n<p><\/p>\n<!-- \/wp:paragraph -->\n\n<!-- wp:gallery {\"linkTo\":\"none\"} -->\n<figure class=\"wp-block-gallery has-nested-images columns-default is-cropped\"><\/figure>\n<!-- \/wp:gallery -->","_et_gb_content_width":"","footnotes":""},"class_list":["post-6953","page","type-page","status-publish","hentry"],"_links":{"self":[{"href":"https:\/\/catholiques17.fr\/chatelaillon\/wp-json\/wp\/v2\/pages\/6953","targetHints":{"allow":["GET"]}}],"collection":[{"href":"https:\/\/catholiques17.fr\/chatelaillon\/wp-json\/wp\/v2\/pages"}],"about":[{"href":"https:\/\/catholiques17.fr\/chatelaillon\/wp-json\/wp\/v2\/types\/page"}],"author":[{"embeddable":true,"href":"https:\/\/catholiques17.fr\/chatelaillon\/wp-json\/wp\/v2\/users\/17"}],"replies":[{"embeddable":true,"href":"https:\/\/catholiques17.fr\/chatelaillon\/wp-json\/wp\/v2\/comments?post=6953"}],"version-history":[{"count":11,"href":"https:\/\/catholiques17.fr\/chatelaillon\/wp-json\/wp\/v2\/pages\/6953\/revisions"}],"predecessor-version":[{"id":9884,"href":"https:\/\/catholiques17.fr\/chatelaillon\/wp-json\/wp\/v2\/pages\/6953\/revisions\/9884"}],"up":[{"embeddable":true,"href":"https:\/\/catholiques17.fr\/chatelaillon\/wp-json\/wp\/v2\/pages\/10281"}],"wp:attachment":[{"href":"https:\/\/catholiques17.fr\/chatelaillon\/wp-json\/wp\/v2\/media?parent=6953"}],"curies":[{"name":"wp","href":"https:\/\/api.w.org\/{rel}","templated":true}]}}