{"id":4815,"date":"2021-04-06T12:45:31","date_gmt":"2021-04-06T10:45:31","guid":{"rendered":"https:\/\/catholiques17.fr\/chatelaillon\/?page_id=4815"},"modified":"2026-03-19T11:54:54","modified_gmt":"2026-03-19T10:54:54","slug":"le-conseil-paroissial","status":"publish","type":"page","link":"https:\/\/catholiques17.fr\/chatelaillon\/la-paroisse\/le-conseil-paroissial\/","title":{"rendered":"Le conseil paroissial"},"content":{"rendered":"<p>[et_pb_section fb_built=\u00a0\u00bb1&Prime; _builder_version=\u00a0\u00bb4.16&Prime; _module_preset=\u00a0\u00bbdefault\u00a0\u00bb custom_padding=\u00a0\u00bb13px|||||\u00a0\u00bb global_colors_info=\u00a0\u00bb{}\u00a0\u00bb theme_builder_area=\u00a0\u00bbpost_content\u00a0\u00bb][et_pb_row _builder_version=\u00a0\u00bb4.27.5&Prime; _module_preset=\u00a0\u00bbdefault\u00a0\u00bb custom_padding=\u00a0\u00bb10px|||||\u00a0\u00bb hover_enabled=\u00a0\u00bb0&Prime; global_colors_info=\u00a0\u00bb{}\u00a0\u00bb theme_builder_area=\u00a0\u00bbpost_content\u00a0\u00bb border_radii=\u00a0\u00bbon|20px|20px|20px|20px\u00a0\u00bb sticky_enabled=\u00a0\u00bb0&Prime; animation_style=\u00a0\u00bbslide\u00a0\u00bb][et_pb_column type=\u00a0\u00bb4_4&Prime; _builder_version=\u00a0\u00bb4.27.5&Prime; _module_preset=\u00a0\u00bbdefault\u00a0\u00bb global_colors_info=\u00a0\u00bb{}\u00a0\u00bb theme_builder_area=\u00a0\u00bbpost_content\u00a0\u00bb][et_pb_image src=\u00a0\u00bbhttps:\/\/catholiques17.fr\/chatelaillon\/wp-content\/uploads\/sites\/12\/2026\/03\/conseil-paroissial-1.jpeg\u00a0\u00bb title_text=\u00a0\u00bbconseil-paroissial (1)\u00a0\u00bb align=\u00a0\u00bbcenter\u00a0\u00bb force_fullwidth=\u00a0\u00bbon\u00a0\u00bb _builder_version=\u00a0\u00bb4.27.5&Prime; _module_preset=\u00a0\u00bbdefault\u00a0\u00bb global_colors_info=\u00a0\u00bb{}\u00a0\u00bb theme_builder_area=\u00a0\u00bbpost_content\u00a0\u00bb][\/et_pb_image][\/et_pb_column][\/et_pb_row][et_pb_row _builder_version=\u00a0\u00bb4.27.5&Prime; _module_preset=\u00a0\u00bbdefault\u00a0\u00bb global_colors_info=\u00a0\u00bb{}\u00a0\u00bb theme_builder_area=\u00a0\u00bbpost_content\u00a0\u00bb][et_pb_column type=\u00a0\u00bb4_4&Prime; _builder_version=\u00a0\u00bb4.27.5&Prime; _module_preset=\u00a0\u00bbdefault\u00a0\u00bb global_colors_info=\u00a0\u00bb{}\u00a0\u00bb theme_builder_area=\u00a0\u00bbpost_content\u00a0\u00bb][et_pb_text _builder_version=\u00a0\u00bb4.27.5&Prime; _module_preset=\u00a0\u00bbdefault\u00a0\u00bb global_colors_info=\u00a0\u00bb{}\u00a0\u00bb theme_builder_area=\u00a0\u00bbpost_content\u00a0\u00bb]<\/p>\n<p><span class=\"font_medium\">Le Conseil Paroissial (CP) est un lieu d\u2019engagement et de discernement. Ce conseil, n\u00e9 dans la foul\u00e9e du Concile Vatican II, permet de mettre en route le \u00ab concours de tous \u00bb au sein de la paroisse.<span>\u00a0<\/span><\/span><span class=\"font_medium\">Pr\u00e9sid\u00e9 par le cur\u00e9 de la paroisse, le CP est un conseil constitu\u00e9 des diacres, de l\u2019\u00e9quipe d\u2019animation pastorale (EAP) et de la\u00efcs qui se r\u00e9unissent pour favoriser l\u2019activit\u00e9 de toute la communaut\u00e9 paroissiale et pour l\u2019aider \u00e0 \u00eatre une v\u00e9ritable communaut\u00e9 chr\u00e9tienne, fid\u00e8le \u00e0 l\u2019\u00c9vangile et f\u00e9conde dans la charit\u00e9.<span>\u00a0<\/span><\/span><span class=\"font_medium\">Le CP est au service de la communaut\u00e9 chr\u00e9tienne pour permettre \u00e0 tous ses membres de r\u00e9aliser leur mission.<\/span><\/p>\n<p><span class=\"font_medium\"><span>Son r\u00f4le est triple<\/span><span>\u00a0<\/span>:<span>\u00a0<\/span><strong>\u00e9tudier<\/strong><span>\u00a0<\/span>ce qui touche l\u2019activit\u00e9 pastorale,<span>\u00a0<\/span><strong>l\u2019\u00e9valuer<\/strong><span>\u00a0<\/span>et<span>\u00a0<\/span><strong>proposer<\/strong><span>\u00a0<\/span>des solutions pratiques.<span>\u00a0<\/span><\/span><span class=\"font_medium\">La paroisse \u00e9tant une communaut\u00e9 chr\u00e9tienne parmi d\u2019autres dans le secteur pastoral, le CP est en lien \u00e9troit avec l\u2019\u00e9quipe pastorale et le conseil \u00e9conomique de la paroisse.<br \/><\/span><\/p>\n<p><span class=\"font_medium\"><strong>Le CP est un lieu de r\u00e9flexion missionnaire :<\/strong><span>\u00a0<\/span>il se met \u00e0 l\u2019\u00e9coute de la vie des hommes, il recueille les id\u00e9es et les suggestions de la communaut\u00e9, il est attentif aux besoins nouveaux qui peuvent na\u00eetre dans la communaut\u00e9, aux questions d\u2019actualit\u00e9 qui interpellent une partie ou l\u2019ensemble de la communaut\u00e9. Il bouscule la communaut\u00e9 afin qu\u2019elle prenne ses responsabilit\u00e9 dans la mission de l\u2019Eglise. Toute la vie apport\u00e9e au CP est examin\u00e9e \u00e0 la lumi\u00e8re de l\u2019\u00c9vangile.<span>\u00a0<\/span><\/span><span class=\"font_medium\">Le CP est une force de proposition : \u00e0 partir de son travail de r\u00e9flexion et d\u2019analyse, le CP propose des orientations, met en place des projets pour dynamiser la vie de la communaut\u00e9. Il rend compte de son travail \u00e0 la communaut\u00e9 soit par \u00e9crit, soit lors d\u2019une Assembl\u00e9e de paroisse.<\/span><\/p>\n<p>[\/et_pb_text][\/et_pb_column][\/et_pb_row][et_pb_row _builder_version=\u00a0\u00bb4.27.5&Prime; _module_preset=\u00a0\u00bbdefault\u00a0\u00bb global_colors_info=\u00a0\u00bb{}\u00a0\u00bb theme_builder_area=\u00a0\u00bbpost_content\u00a0\u00bb][et_pb_column type=\u00a0\u00bb4_4&Prime; _builder_version=\u00a0\u00bb4.27.5&Prime; _module_preset=\u00a0\u00bbdefault\u00a0\u00bb global_colors_info=\u00a0\u00bb{}\u00a0\u00bb theme_builder_area=\u00a0\u00bbpost_content\u00a0\u00bb][et_pb_divider _builder_version=\u00a0\u00bb4.27.5&Prime; _module_preset=\u00a0\u00bbdefault\u00a0\u00bb global_colors_info=\u00a0\u00bb{}\u00a0\u00bb theme_builder_area=\u00a0\u00bbpost_content\u00a0\u00bb][\/et_pb_divider][\/et_pb_column][\/et_pb_row][et_pb_row _builder_version=\u00a0\u00bb4.27.5&Prime; _module_preset=\u00a0\u00bbdefault\u00a0\u00bb global_colors_info=\u00a0\u00bb{}\u00a0\u00bb theme_builder_area=\u00a0\u00bbpost_content\u00a0\u00bb][et_pb_column type=\u00a0\u00bb4_4&Prime; _builder_version=\u00a0\u00bb4.27.5&Prime; _module_preset=\u00a0\u00bbdefault\u00a0\u00bb global_colors_info=\u00a0\u00bb{}\u00a0\u00bb theme_builder_area=\u00a0\u00bbpost_content\u00a0\u00bb][et_pb_text _builder_version=\u00a0\u00bb4.27.5&Prime; _module_preset=\u00a0\u00bbdefault\u00a0\u00bb global_colors_info=\u00a0\u00bb{}\u00a0\u00bb theme_builder_area=\u00a0\u00bbpost_content\u00a0\u00bb]<\/p>\n<h3 style=\"text-align: center;\"><span><strong>Dans notre paroisse,<\/strong>\u00a0les membres du conseil paroissial sont :<\/span><\/h3>\n<p style=\"text-align: center;\">\n<h3 style=\"text-align: center;\"><span><\/span><\/h3>\n<h3 style=\"text-align: center;\"><span>P. Patrick BETTOLI, Bernard AUBRY, Colette BESSAGUET, Jacqueline MARILLET, Mich\u00e8le COLY, Diane de MONTBRON, Dominique GIBON, Agn\u00e8s COLSON, Bernard GRACIET, Jean-Yves AUFFRET, Dominique PIERRE, Dominique de BELLEVILLE, Isabelle AUFFRET, Philippe AUBERT qui en est le Secr\u00e9taire.<\/span><\/h3>\n<p>[\/et_pb_text][\/et_pb_column][\/et_pb_row][\/et_pb_section]<\/p>\n","protected":false},"excerpt":{"rendered":"<p>Le Conseil Paroissial (CP) est un lieu d\u2019engagement et de discernement. Ce conseil, n\u00e9 dans la foul\u00e9e du Concile Vatican II, permet de mettre en route le \u00ab concours de [&hellip;]<\/p>\n","protected":false},"author":4,"featured_media":0,"parent":4808,"menu_order":0,"comment_status":"closed","ping_status":"closed","template":"","meta":{"_et_pb_use_builder":"on","_et_pb_old_content":"","_et_gb_content_width":"","footnotes":""},"class_list":["post-4815","page","type-page","status-publish","hentry"],"_links":{"self":[{"href":"https:\/\/catholiques17.fr\/chatelaillon\/wp-json\/wp\/v2\/pages\/4815","targetHints":{"allow":["GET"]}}],"collection":[{"href":"https:\/\/catholiques17.fr\/chatelaillon\/wp-json\/wp\/v2\/pages"}],"about":[{"href":"https:\/\/catholiques17.fr\/chatelaillon\/wp-json\/wp\/v2\/types\/page"}],"author":[{"embeddable":true,"href":"https:\/\/catholiques17.fr\/chatelaillon\/wp-json\/wp\/v2\/users\/4"}],"replies":[{"embeddable":true,"href":"https:\/\/catholiques17.fr\/chatelaillon\/wp-json\/wp\/v2\/comments?post=4815"}],"version-history":[{"count":11,"href":"https:\/\/catholiques17.fr\/chatelaillon\/wp-json\/wp\/v2\/pages\/4815\/revisions"}],"predecessor-version":[{"id":10335,"href":"https:\/\/catholiques17.fr\/chatelaillon\/wp-json\/wp\/v2\/pages\/4815\/revisions\/10335"}],"up":[{"embeddable":true,"href":"https:\/\/catholiques17.fr\/chatelaillon\/wp-json\/wp\/v2\/pages\/4808"}],"wp:attachment":[{"href":"https:\/\/catholiques17.fr\/chatelaillon\/wp-json\/wp\/v2\/media?parent=4815"}],"curies":[{"name":"wp","href":"https:\/\/api.w.org\/{rel}","templated":true}]}}