{"id":4749,"date":"2021-03-26T15:23:32","date_gmt":"2021-03-26T14:23:32","guid":{"rendered":"https:\/\/catholiques17.fr\/chatelaillon\/?page_id=4749"},"modified":"2021-03-26T15:37:56","modified_gmt":"2021-03-26T14:37:56","slug":"archives","status":"publish","type":"page","link":"https:\/\/catholiques17.fr\/chatelaillon\/archives\/","title":{"rendered":"Archives"},"content":{"rendered":"\n<p class=\"has-medium-font-size\"><strong>Semaine Sainte (2020) sur le secteur paroissial de Ch\u00e2telaillon<\/strong><\/p>\n\n\n\n<p>Chers amis,<\/p>\n\n\n\n<p>Voici des nouvelles de la paroisse pour vous permettre de vivre la Semaine Sainte.<\/p>\n\n\n\n<p><strong>Au niveau du dioc\u00e8se<\/strong>,<\/p>\n\n\n\n<p>Vous pourrez suivre les c\u00e9l\u00e9brations pr\u00e9sid\u00e9es par Mgr Colomb en priv\u00e9 dans la cath\u00e9drale Saint Louis \u00e0 La Rochelle. Elles seront retransmises sur le site internet du dioc\u00e8se, dont voici le lien&nbsp;:&nbsp;<a href=\"https:\/\/catholiques17.fr\/\" target=\"_blank\" rel=\"noreferrer noopener\">www.catholiques17.fr<\/a><\/p>\n\n\n\n<p>Dimanche 5 avril \u00e0 12h&nbsp;&nbsp;&nbsp;&nbsp;&nbsp;&nbsp;&nbsp;&nbsp;&nbsp; &nbsp;&nbsp;&nbsp;&nbsp;&nbsp;&nbsp;&nbsp;&nbsp;&nbsp;&nbsp;&nbsp;&nbsp;&nbsp;&nbsp; &nbsp;&nbsp;&nbsp;&nbsp;&nbsp;&nbsp;&nbsp;&nbsp;&nbsp;&nbsp;&nbsp;&nbsp; B\u00e9n\u00e9diction le jour des Rameaux<\/p>\n\n\n\n<p>Jeudi saint 9 avril, \u00e0 18h &nbsp;&nbsp;&nbsp;&nbsp;&nbsp;&nbsp;&nbsp;&nbsp;&nbsp;&nbsp;&nbsp;&nbsp;&nbsp;&nbsp;&nbsp;&nbsp;&nbsp;&nbsp;&nbsp;&nbsp;&nbsp; &nbsp;&nbsp;&nbsp;&nbsp;&nbsp;&nbsp;&nbsp;&nbsp;&nbsp;&nbsp;&nbsp;&nbsp; Messe en m\u00e9moire de la c\u00e8ne du Seigneur<\/p>\n\n\n\n<p>Vendredi saint 10 avril \u00e0 18h&nbsp;&nbsp;&nbsp;&nbsp;&nbsp;&nbsp;&nbsp;&nbsp;&nbsp;&nbsp;&nbsp;&nbsp;&nbsp;&nbsp;&nbsp;&nbsp;&nbsp;&nbsp;&nbsp;&nbsp;&nbsp;&nbsp;&nbsp;&nbsp;&nbsp;&nbsp;&nbsp; Office de la Passion du Seigneur<\/p>\n\n\n\n<p>Dimanche de P\u00e2ques 12 avril \u00e0 11h &nbsp;&nbsp;&nbsp;&nbsp;&nbsp;&nbsp;&nbsp;&nbsp;&nbsp;&nbsp;&nbsp;&nbsp;&nbsp;&nbsp;&nbsp; Messe du jour de P\u00e2ques<\/p>\n\n\n\n<ul class=\"wp-block-list\"><li>Vous pouvez utiliser les documents ci-joints pour les diff\u00e9rentes c\u00e9l\u00e9brations du Triduum Pascal.<\/li><\/ul>\n\n\n\n<p><a href=\"https:\/\/catholiques17.fr\/plaine-d-aunis\/wp-content\/uploads\/sites\/6\/2020\/04\/Dimanche-des-Rameaux-1.pdf\">Dimanche-des-Rameaux-1<\/a><a href=\"https:\/\/catholiques17.fr\/plaine-d-aunis\/wp-content\/uploads\/sites\/6\/2020\/04\/Dimanche-des-Rameaux-1.pdf\">T\u00e9l\u00e9charger<\/a><a href=\"https:\/\/catholiques17.fr\/plaine-d-aunis\/wp-content\/uploads\/sites\/6\/2020\/04\/Jeudi-Saint.pdf\">Jeudi-Saint<\/a><a href=\"https:\/\/catholiques17.fr\/plaine-d-aunis\/wp-content\/uploads\/sites\/6\/2020\/04\/Jeudi-Saint.pdf\">T\u00e9l\u00e9charger<\/a><a href=\"https:\/\/catholiques17.fr\/plaine-d-aunis\/wp-content\/uploads\/sites\/6\/2020\/04\/Vendredi-et-Samedi-saints.pdf\">Vendredi-et-Samedi-saints<\/a><a href=\"https:\/\/catholiques17.fr\/plaine-d-aunis\/wp-content\/uploads\/sites\/6\/2020\/04\/Vendredi-et-Samedi-saints.pdf\">T\u00e9l\u00e9charger<\/a><a href=\"https:\/\/catholiques17.fr\/plaine-d-aunis\/wp-content\/uploads\/sites\/6\/2020\/04\/Vigile-pascale.pdf\">Vigile-pascale<\/a><a href=\"https:\/\/catholiques17.fr\/plaine-d-aunis\/wp-content\/uploads\/sites\/6\/2020\/04\/Vigile-pascale.pdf\">T\u00e9l\u00e9charger<\/a><\/p>\n\n\n\n<ul class=\"wp-block-list\"><li>En outre, RCF et KTO vous offrent aussi des programmes sp\u00e9ciaux&nbsp; pour suivre cette semaine sainte.<\/li><\/ul>\n\n\n\n<p><strong>Au niveau de la paroisse,&nbsp;<\/strong>nous vous adressons aujourd\u2019hui le texte de l\u2019\u00e9vangile du dimanche des Rameaux ainsi que l\u2019hom\u00e9lie du p\u00e8re Bettoli. Le p\u00e8re Bettoli c\u00e9l\u00e8brera, seul, la messe des Rameaux \u00e0 10h30. Prions et soyons en communion avec lui et tous les paroissiens de nos secteurs, isol\u00e9s, chacun chez soi.<a href=\"https:\/\/catholiques17.fr\/plaine-d-aunis\/wp-content\/uploads\/sites\/6\/2020\/04\/Rameaux-2020-Hom%C3%A9lie-P.-Bettoli.pdf\">Rameaux-2020-Hom\u00e9lie-P.-Bettoli<\/a><a href=\"https:\/\/catholiques17.fr\/plaine-d-aunis\/wp-content\/uploads\/sites\/6\/2020\/04\/Rameaux-2020-Hom%C3%A9lie-P.-Bettoli.pdf\">T\u00e9l\u00e9charger<\/a><\/p>\n\n\n\n<p>Vous recevrez, chaque jour du Triduum Pascal (Jeudi Saint, Vendredi Saint, Vigile Pascale et Messe de la R\u00e9surrection) l\u2019\u00e9vangile et l\u2019hom\u00e9lie du p\u00e8re Bettoli, ainsi que le chemin de croix.<\/p>\n\n\n\n<p>Dans l\u2019impossibilit\u00e9 du sacrement de r\u00e9conciliation, voici un texte de notre pape Fran\u00e7ois \u00e0 propos de la confession de d\u00e9sir&nbsp;que vous propose la paroisse&nbsp;:<a href=\"https:\/\/fr.aleteia.org\/2020\/03\/20\/en-cas-dabsence-de-confesseur-le-pape-recommande-de-sadresser-directement-a-dieu\/\">Coronavirus : le pape Fran\u00e7ois recommande la confession de d\u00e9sir<\/a><\/p>\n\n\n\n<p>L\u2019\u00e9quipe pastorale est \u00e0 votre disposition pour toutes questions ou renseignements dont vous auriez besoin.<\/p>\n\n\n\n<p>En vous souhaitant une belle Semaine Sainte, en union avec tous,<\/p>\n\n\n\n<p>L\u2019\u00e9quipe pastorale<\/p>\n\n\n\n<p>P\u00e8re Patrick BETTOLI&nbsp;&nbsp;&nbsp;&nbsp;&nbsp;&nbsp;<a href=\"mailto:patrickbettoli@gmail.com\">patrickbettoli@gmail.com<\/a>&nbsp;&nbsp;&nbsp;&nbsp;&nbsp;&nbsp;&nbsp;&nbsp;&nbsp;&nbsp; &nbsp;&nbsp;&nbsp;&nbsp;&nbsp;&nbsp;&nbsp;&nbsp;&nbsp;&nbsp;&nbsp;&nbsp;&nbsp;&nbsp;&nbsp; &nbsp;&nbsp;&nbsp;&nbsp;&nbsp;&nbsp;&nbsp;&nbsp;&nbsp;&nbsp;&nbsp; 0546562778<\/p>\n\n\n\n<p>Dominique PIERRE&nbsp;&nbsp;&nbsp;&nbsp;&nbsp;&nbsp;&nbsp;&nbsp;&nbsp;&nbsp;<a href=\"mailto:dominiquepierre17@gmail.com\">dominiquepierre17@gmail.com<\/a>&nbsp;&nbsp;&nbsp;&nbsp;&nbsp;&nbsp;&nbsp;&nbsp;&nbsp;&nbsp;&nbsp;&nbsp;&nbsp;&nbsp;&nbsp;&nbsp;&nbsp;&nbsp;&nbsp;&nbsp;&nbsp;&nbsp;&nbsp;&nbsp;&nbsp;&nbsp;&nbsp;&nbsp; 0644857339&nbsp;&nbsp;&nbsp;&nbsp;&nbsp;&nbsp;&nbsp;<\/p>\n\n\n\n<p>Diane de MONTBRON&nbsp;&nbsp;&nbsp;<a href=\"mailto:dianepdemontbron@free.fr\">dianepdemontbron@free.fr<\/a>&nbsp;&nbsp;&nbsp;&nbsp;&nbsp;&nbsp;&nbsp;&nbsp;&nbsp;&nbsp;&nbsp;&nbsp;&nbsp;&nbsp;&nbsp;&nbsp;&nbsp;&nbsp;&nbsp;&nbsp;&nbsp;&nbsp;&nbsp;&nbsp;&nbsp;&nbsp;&nbsp;&nbsp;&nbsp;&nbsp;&nbsp;&nbsp;&nbsp;&nbsp;&nbsp;&nbsp; 0661951892<\/p>\n\n\n\n<p>Dominique GIBON\u00a0\u00a0\u00a0\u00a0\u00a0\u00a0\u00a0\u00a0\u00a0\u00a0<a href=\"mailto:gibond@hotmail.com\">gibond@hotmail.com<\/a>\u00a0\u00a0\u00a0\u00a0\u00a0\u00a0\u00a0\u00a0\u00a0\u00a0\u00a0\u00a0\u00a0\u00a0\u00a0\u00a0\u00a0\u00a0\u00a0\u00a0\u00a0\u00a0\u00a0\u00a0\u00a0\u00a0\u00a0\u00a0\u00a0\u00a0\u00a0\u00a0\u00a0\u00a0\u00a0\u00a0\u00a0\u00a0\u00a0\u00a0\u00a0\u00a0\u00a0\u00a0\u00a0\u00a0 0695418172\u00a0\u00a0\u00a0<\/p>\n\n\n\n<p class=\"has-medium-font-size\"><strong>Pri\u00e8re du Saint P\u00e8re vendredi 27 mars<\/strong><\/p>\n\n\n\n<p>Ce vendredi, 27 mars \u00e0 18.h 00 la pri\u00e8re du Saint-P\u00e8re sur l\u2019esplanade de la Basilique Saint Pierre pourra \u00eatre suivie en direct via le site Web et l\u2019application Vatican News&nbsp;(&nbsp;<a href=\"http:\/\/www.vaticannews.va\/\" target=\"_blank\" rel=\"noreferrer noopener\">www.vaticannews.va<\/a>&nbsp;), avec traduction simultan\u00e9e en langues suivantes : anglais, fran\u00e7ais, espagnol, portugais, allemand, arabe, chinois.<\/p>\n\n\n\n<p>La&nbsp;<em>Statio Orbis<\/em>&nbsp;se terminera par la B\u00e9n\u00e9diction Eucharistique qui sera impartie \u201cUrbi et orbi\u201d \u00e0 travers les m\u00e9dias.<\/p>\n\n\n\n<p>Tous ceux qui se joindront spirituellement \u00e0 ce moment de pri\u00e8re par les m\u00e9dias recevront une indulgence pl\u00e9ni\u00e8re dans les conditions habituelles.<\/p>\n\n\n\n<p><strong>Information du service dioc\u00e9sain de la cat\u00e9ch\u00e8se<\/strong><\/p>\n\n\n\n<p>Bonjour \u00e0 tous<\/p>\n\n\n\n<p>Voici le lien vers l\u2019 article du blog de la cat\u00e9ch\u00e8se concernant l invitation du pape \u00e0 tout les catholiques \u00e0 un temps de pri\u00e8re et une&nbsp;<strong>b\u00e9n\u00e9diction Urbi et Orbi ce soir \u00e0 18h.<\/strong>https:\/\/catevacances17.blogspot.com\/2020\/03\/benediction-du-pape-ce-soir.html<\/p>\n\n\n\n<p>Merci de transf\u00e9rer rapidement ce lien aux \u00e9quipes et familles de vos paroisses afin qu\u2019elles puissent joindre leurs pri\u00e8res \u00e0 celles du Peuple de Dieu.<\/p>\n\n\n\n<p>Nous notons une grande fr\u00e9quentation du blog depuis le d\u00e9but du confinement et nous avons des retours tr\u00e8s positifs de familles, alors ne privons pas celles qui ont \u00e0 coeur de vivre un chemin de foi avec leurs enfants de cet outil \u00e0 disposition et partageons largement l\u2019info.<\/p>\n\n\n\n<p>Amicalement Patricia et Coralie<\/p>\n\n\n\n<p>SDPC<\/p>\n\n\n\n<p>Maison dioc\u00e9saine<\/p>\n\n\n\n<p>6, all\u00e9e du s\u00e9minaire<\/p>\n\n\n\n<p>17100 SAINTES<\/p>\n\n\n\n<p class=\"has-medium-font-size\"><strong>F\u00caTE DE L\u2019ANNONCIATION<\/strong><\/p>\n\n\n\n<p>Aujourd\u2019hui, mercredi 25 mars, nous f\u00eatons l\u2019annonce qui est faite \u00e0 la Vierge Marie.<\/p>\n\n\n\n<p>Dans cette p\u00e9riode o\u00f9 nous ne pouvons nous r\u00e9unir pour prier ensemble, beaucoup de moyens nous sont propos\u00e9s.<\/p>\n\n\n\n<ul class=\"wp-block-list\"><li>A l\u2019initiative de la Conf\u00e9rence des Ev\u00eaques de France, relay\u00e9e par notre \u00e9v\u00eaque, Mgr Colomb, les cloches des \u00e9glises de France sonneront ce soir \u00e0 19h30 pour prier en communion avec tous les chr\u00e9tiens.<\/li><\/ul>\n\n\n\n<ul class=\"wp-block-list\"><li>Un diaporama sur la com\u00e9die musicale \u201cBernadette\u201d propos\u00e9 aux jeunes de l\u2019Aum\u00f4nerie de la paroisse de Ch\u00e2telaillon :<\/li><\/ul>\n\n\n\n<p><a href=\"http:\/\/https:\/\/www.facebook.com\/1341852471\/posts\/10223570487513911\/\">https:\/\/www.facebook.com\/1341852471\/posts\/10223570487513911\/<\/a><\/p>\n\n\n\n<ul class=\"wp-block-list\"><li>Pour aller plus loin\u00a0<a href=\"https:\/\/hozana.org\/t\/TXiTz\">https:\/\/hozana.org\/t\/TXiTz<\/a><\/li><\/ul>\n\n\n\n<p class=\"has-medium-font-size\"><strong>Les cloches de nos \u00e9glises sonneront le 25 mars<\/strong><\/p>\n\n\n\n<p>La Conf\u00e9rence des Ev\u00eaques de France proposent \u00e0 toutes les paroisses de France de faire sonner les cloches de nos paroisses \u00e0 19h30 afin de prier ensemble en ce jours de l\u2019Annonciation.<\/p>\n\n\n\n<p>LE MERCREDI 25 MARS, \u00c0 19H30 UN PEU PARTOUT EN FRANCE, LES CLOCHES DE TOUTES LES \u00c9GLISES SONNERONT PENDANT DIX MINUTES, NON POUR APPELER LES FID\u00c8LES \u00c0 S\u2019Y RENDRE, MAIS POUR MANIFESTER NOTRE FRATERNIT\u00c9 ET NOTRE ESPOIR COMMUN.<\/p>\n","protected":false},"excerpt":{"rendered":"<p>Semaine Sainte (2020) sur le secteur paroissial de Ch\u00e2telaillon Chers amis, Voici des nouvelles de la paroisse pour vous permettre de vivre la Semaine Sainte. Au niveau du dioc\u00e8se, Vous [&hellip;]<\/p>\n","protected":false},"author":5,"featured_media":0,"parent":0,"menu_order":0,"comment_status":"closed","ping_status":"closed","template":"","meta":{"_et_pb_use_builder":"off","_et_pb_old_content":"","_et_gb_content_width":"","footnotes":""},"class_list":["post-4749","page","type-page","status-publish","hentry"],"_links":{"self":[{"href":"https:\/\/catholiques17.fr\/chatelaillon\/wp-json\/wp\/v2\/pages\/4749","targetHints":{"allow":["GET"]}}],"collection":[{"href":"https:\/\/catholiques17.fr\/chatelaillon\/wp-json\/wp\/v2\/pages"}],"about":[{"href":"https:\/\/catholiques17.fr\/chatelaillon\/wp-json\/wp\/v2\/types\/page"}],"author":[{"embeddable":true,"href":"https:\/\/catholiques17.fr\/chatelaillon\/wp-json\/wp\/v2\/users\/5"}],"replies":[{"embeddable":true,"href":"https:\/\/catholiques17.fr\/chatelaillon\/wp-json\/wp\/v2\/comments?post=4749"}],"version-history":[{"count":2,"href":"https:\/\/catholiques17.fr\/chatelaillon\/wp-json\/wp\/v2\/pages\/4749\/revisions"}],"predecessor-version":[{"id":4770,"href":"https:\/\/catholiques17.fr\/chatelaillon\/wp-json\/wp\/v2\/pages\/4749\/revisions\/4770"}],"wp:attachment":[{"href":"https:\/\/catholiques17.fr\/chatelaillon\/wp-json\/wp\/v2\/media?parent=4749"}],"curies":[{"name":"wp","href":"https:\/\/api.w.org\/{rel}","templated":true}]}}