{"id":4746,"date":"2021-03-26T15:12:39","date_gmt":"2021-03-26T14:12:39","guid":{"rendered":"https:\/\/catholiques17.fr\/chatelaillon\/?page_id=4746"},"modified":"2026-03-16T11:16:00","modified_gmt":"2026-03-16T10:16:00","slug":"horaires-des-messes","status":"publish","type":"page","link":"https:\/\/catholiques17.fr\/chatelaillon\/horaires-des-messes\/","title":{"rendered":"Horaires des messes"},"content":{"rendered":"<p>[et_pb_section fb_built=\u00a0\u00bb1&Prime; admin_label=\u00a0\u00bbsection\u00a0\u00bb _builder_version=\u00a0\u00bb4.17.6&Prime; custom_padding=\u00a0\u00bb17px|||||\u00a0\u00bb global_colors_info=\u00a0\u00bb{}\u00a0\u00bb theme_builder_area=\u00a0\u00bbpost_content\u00a0\u00bb][et_pb_row _builder_version=\u00a0\u00bb4.27.4&Prime; _module_preset=\u00a0\u00bbdefault\u00a0\u00bb custom_padding=\u00a0\u00bb2px|||||\u00a0\u00bb global_colors_info=\u00a0\u00bb{}\u00a0\u00bb theme_builder_area=\u00a0\u00bbpost_content\u00a0\u00bb][et_pb_column type=\u00a0\u00bb4_4&Prime; _builder_version=\u00a0\u00bb4.27.4&Prime; _module_preset=\u00a0\u00bbdefault\u00a0\u00bb global_colors_info=\u00a0\u00bb{}\u00a0\u00bb theme_builder_area=\u00a0\u00bbpost_content\u00a0\u00bb][et_pb_text _builder_version=\u00a0\u00bb4.27.4&Prime; _module_preset=\u00a0\u00bbdefault\u00a0\u00bb custom_margin=\u00a0\u00bb||23px|||\u00a0\u00bb global_colors_info=\u00a0\u00bb{}\u00a0\u00bb theme_builder_area=\u00a0\u00bbpost_content\u00a0\u00bb]<\/p>\n<h1 style=\"text-align: center\"><strong style=\"font-size: 24px\">Horaires habituels des messes<\/p>\n<p><\/strong><\/h1>\n<p><strong style=\"font-size: 24px\"><\/strong><\/p>\n<p style=\"text-align: left\"><span style=\"text-decoration: underline\"><strong style=\"font-size: 14px\"><\/strong><\/span><\/p>\n<p style=\"text-align: left\"><span style=\"text-decoration: underline\"><strong style=\"font-size: 14px\">Messes anticip\u00e9es du dimanche<\/strong><\/span><\/p>\n<p style=\"text-align: justify\"><em>tous les samedis dans l\u2019une des \u00e9glises du secteur, \u00e0 18 h (heure d\u2019hiver) ou \u00e0 18 h 30 (heure d\u2019\u00e9t\u00e9)<\/em><\/p>\n<p>Premier samedi du mois : Messe \u00e0 Angoulins<br \/>Deuxi\u00e8me samedi du mois : Messe \u00e0 La Jarne<br \/>Troisi\u00e8me samedi du mois : Messe \u00e0 Salles-sur-Mer<br \/>Quatri\u00e8me samedi du mois : Messe \u00e0 Saint-Vivien<br \/>Cinqui\u00e8me samedi du mois : Messe \u00e0 Yves<br \/><em>Des changements peuvent intervenir ponctuellement, v\u00e9rifiez ci-contre les mises \u00e0 jour sur MesseInfos<\/em><\/p>\n<p>[\/et_pb_text][et_pb_text _builder_version=\u00a0\u00bb4.27.4&Prime; _module_preset=\u00a0\u00bbdefault\u00a0\u00bb global_colors_info=\u00a0\u00bb{}\u00a0\u00bb theme_builder_area=\u00a0\u00bbpost_content\u00a0\u00bb]<\/p>\n<p><span style=\"text-decoration: underline\"><strong>Messes du dimanche<\/strong><\/span><\/p>\n<p>Tous les dimanches \u00e0 10h30 \u00e0 Ch\u00e2tellailon-Plage<\/p>\n<p>[\/et_pb_text][\/et_pb_column][\/et_pb_row][et_pb_row _builder_version=\u00a0\u00bb4.27.4&Prime; _module_preset=\u00a0\u00bbdefault\u00a0\u00bb global_colors_info=\u00a0\u00bb{}\u00a0\u00bb theme_builder_area=\u00a0\u00bbpost_content\u00a0\u00bb][et_pb_column type=\u00a0\u00bb4_4&Prime; _builder_version=\u00a0\u00bb4.27.4&Prime; _module_preset=\u00a0\u00bbdefault\u00a0\u00bb global_colors_info=\u00a0\u00bb{}\u00a0\u00bb theme_builder_area=\u00a0\u00bbpost_content\u00a0\u00bb][et_pb_divider _builder_version=\u00a0\u00bb4.27.4&Prime; _module_preset=\u00a0\u00bbdefault\u00a0\u00bb global_colors_info=\u00a0\u00bb{}\u00a0\u00bb theme_builder_area=\u00a0\u00bbpost_content\u00a0\u00bb][\/et_pb_divider][\/et_pb_column][\/et_pb_row][et_pb_row _builder_version=\u00a0\u00bb4.27.5&Prime; _module_preset=\u00a0\u00bbdefault\u00a0\u00bb global_colors_info=\u00a0\u00bb{}\u00a0\u00bb theme_builder_area=\u00a0\u00bbpost_content\u00a0\u00bb][et_pb_column type=\u00a0\u00bb4_4&Prime; _builder_version=\u00a0\u00bb4.27.5&Prime; _module_preset=\u00a0\u00bbdefault\u00a0\u00bb global_colors_info=\u00a0\u00bb{}\u00a0\u00bb theme_builder_area=\u00a0\u00bbpost_content\u00a0\u00bb][et_pb_code _builder_version=\u00a0\u00bb4.27.5&Prime; _module_preset=\u00a0\u00bbdefault\u00a0\u00bb theme_builder_area=\u00a0\u00bbpost_content\u00a0\u00bb hover_enabled=\u00a0\u00bb0&Prime; sticky_enabled=\u00a0\u00bb0&Prime;]<\/p>\n<div class=\"EgliseInfo-container\">\n<div data-egliseinfo=\"horaires\" data-search=\"community:lr\/17\/chatelaillon\" data-open-in-egliseinfo=\"true\"><\/div>\n<p><script type=\"text\/javascript\" language=\"javascript\" src=\"https:\/\/messes.info\/\/Widget\/Widget.nocache.js\"><\/script><!-- [et_pb_line_break_holder] --><pee>Retrouvez tous les horaires des c\u00e9l\u00e9brations sur <a href=\"https:\/\/messes.info\/\/horaires\/community:lr\/17\/chatelaillon\">www.messes.info<\/a><\/pee><\/div>\n<p><!-- [et_pb_line_break_holder] -->[\/et_pb_code][\/et_pb_column][\/et_pb_row][\/et_pb_section]<\/p>\n","protected":false},"excerpt":{"rendered":"<p>Horaires habituels des messes Messes anticip\u00e9es du dimanche tous les samedis dans l\u2019une des \u00e9glises du secteur, \u00e0 18 h (heure d\u2019hiver) ou \u00e0 18 h 30 (heure d\u2019\u00e9t\u00e9) Premier [&hellip;]<\/p>\n","protected":false},"author":17,"featured_media":0,"parent":0,"menu_order":0,"comment_status":"closed","ping_status":"closed","template":"","meta":{"_et_pb_use_builder":"on","_et_pb_old_content":"<!-- wp:paragraph -->\n<p><strong>Les horaires des messes<\/strong> (\u00e9galement disponibles sur <a href=\"https:\/\/messes.info\/\" data-type=\"URL\" data-id=\"https:\/\/messes.info\/\">messes.info<\/a>)<\/p>\n<!-- \/wp:paragraph -->\n\n<!-- wp:paragraph -->\n<p><strong>Messe anticip\u00e9e du dimanche<\/strong><br>tous les samedis dans l\u2019une des \u00e9glises du secteur<br>18 h (heure d\u2019hiver) \u2013 18 h 30 (heure d\u2019\u00e9t\u00e9)<br>consulter la feuille de messe<br><br>Premier samedi du mois : Messe \u00e0&nbsp;Angoulins *<br>Deuxi\u00e8me samedi du mois : Messe \u00e0 La Jarne *<br>Troisi\u00e8me samedi du mois : Messe \u00e0 Salles-sur-Mer *<br>Quatri\u00e8me samedi du mois : Messe \u00e0 Saint-Vivien *<br>Cinqui\u00e8me samedi du mois : Messe \u00e0 Yves<br><em>*&nbsp;&nbsp; Des changements peuvent intervenir ponctuellement, consultez \u00e9galement la feuille des horaires et \u00e9v\u00e9nements DU MOIS<\/em><\/p>\n<!-- \/wp:paragraph -->\n\n<!-- wp:paragraph {\"align\":\"center\"} -->\n<p class=\"has-text-align-center\"><\/p>\n<!-- \/wp:paragraph -->\n\n<!-- wp:paragraph -->\n<p><\/p>\n<!-- \/wp:paragraph -->\n\n<!-- wp:paragraph {\"align\":\"center\"} -->\n<p class=\"has-text-align-center\"><strong>ANNONCES du Samedi 8 Octobre au Dimanche 16 Octobre 2022<\/strong><\/p>\n<!-- \/wp:paragraph -->\n\n<!-- wp:paragraph -->\n<p><strong>Samedi 8 Octobre<\/strong><\/p>\n<!-- \/wp:paragraph -->\n\n<!-- wp:paragraph -->\n<p><strong>18 H 30&nbsp;:&nbsp;<\/strong>Messe \u00e0 LA JARNE (Liliane THEBAULT)<\/p>\n<!-- \/wp:paragraph -->\n\n<!-- wp:paragraph -->\n<p><strong>Dimanche 9 Octobre<\/strong><\/p>\n<!-- \/wp:paragraph -->\n\n<!-- wp:paragraph -->\n<p><strong>10 H 30 :&nbsp;<\/strong>Messe \u00e0 CHATELAILLON (Marguerite ROSSIGNOL, Jean CHABAUD, Marcel MALLEBRERA, Ren\u00e9 VINCENT)<\/p>\n<!-- \/wp:paragraph -->\n\n<!-- wp:paragraph -->\n<p><strong>11 H 30&nbsp;:<\/strong>&nbsp;Bapt\u00eames d\u2019Aydan STEPHAN et Maylone BARTHELEMY<\/p>\n<!-- \/wp:paragraph -->\n\n<!-- wp:paragraph -->\n<p><strong>11 H 00&nbsp;:<\/strong>&nbsp;Messe Synodale \u00e0 l\u2019Eglise Notre Dame de l\u2019Assomption de MARANS<\/p>\n<!-- \/wp:paragraph -->\n\n<!-- wp:paragraph -->\n<p><strong>Lundi 10 Octobre<\/strong><\/p>\n<!-- \/wp:paragraph -->\n\n<!-- wp:paragraph -->\n<p><strong>17 H 30 \u2013 19 H 00&nbsp;:&nbsp;<\/strong>Rencontre de cat\u00e9chisme CE\/CM Salle Paroissiale CHATELAILLON<\/p>\n<!-- \/wp:paragraph -->\n\n<!-- wp:paragraph -->\n<p><strong>Mardi 11 Octobre<\/strong><\/p>\n<!-- \/wp:paragraph -->\n\n<!-- wp:paragraph -->\n<p><strong>18 H 00&nbsp;:&nbsp;<\/strong>Messe \u00e0 CHATELAILLON (Carmine, Dany et Antoine D\u2019AVERSA, Marcel de la ROSA)<\/p>\n<!-- \/wp:paragraph -->\n\n<!-- wp:paragraph -->\n<p><strong>Mercredi 12 Octobre<\/strong><\/p>\n<!-- \/wp:paragraph -->\n\n<!-- wp:paragraph -->\n<p><strong>11 H 00 \u2013 13 H 00 et 18 H 00 - 20 H 00&nbsp;:&nbsp;<\/strong>Permanence d\u2019accueil des parents qui demandent le bapt\u00eame de leur enfant au Presbyt\u00e8re de CHATELAILLON<\/p>\n<!-- \/wp:paragraph -->\n\n<!-- wp:paragraph -->\n<p><strong>15 H 00<\/strong>&nbsp;<strong>:<\/strong>&nbsp;Rencontre du Rosaire \u00e0 la Salle Paroissiale de CHATELAILLON<\/p>\n<!-- \/wp:paragraph -->\n\n<!-- wp:paragraph -->\n<p><strong>Jeudi 13 Octobre<\/strong><\/p>\n<!-- \/wp:paragraph -->\n\n<!-- wp:paragraph -->\n<p><strong>20 H 00&nbsp;:&nbsp;<\/strong>Rencontre pr\u00e9paration bapt\u00eame \u00e0 la Salle Paroissiale de CHATELAILLON<\/p>\n<!-- \/wp:paragraph -->\n\n<!-- wp:paragraph -->\n<p><strong>Vendredi 14 Octobre<\/strong><\/p>\n<!-- \/wp:paragraph -->\n\n<!-- wp:paragraph -->\n<p><strong>17 H 30&nbsp;:<\/strong>&nbsp;Chapelet \u00e0 LA JARNE suivie de l\u2019Adoration Eucharistique<\/p>\n<!-- \/wp:paragraph -->\n\n<!-- wp:paragraph -->\n<p><strong>Samedi 15 Octobre<\/strong><\/p>\n<!-- \/wp:paragraph -->\n\n<!-- wp:paragraph -->\n<p><strong>14 H 00 - 17 H 30&nbsp;:&nbsp;<\/strong>Rencontre cat\u00e9chisme CE\/CM \u00e0 la Salle des Ain\u00e9s SALLES\/MER<\/p>\n<!-- \/wp:paragraph -->\n\n<!-- wp:paragraph -->\n<p><strong>17 H 30&nbsp;:&nbsp;<\/strong>Rencontre d\u2019Eveil \u00e0 la Foi \u00e0 la Sacristie de l\u2019Eglise de SALLES SUR MER<\/p>\n<!-- \/wp:paragraph -->\n\n<!-- wp:paragraph -->\n<p><strong>18 H 30&nbsp;:&nbsp;<\/strong>Messe \u00e0 SALLES\/MER (Jacqueline LE CORRE, Michelle DELAGE, Augustine DEVOIS-BIGEAYE) - Qu\u00eate \u00e0 la sortie de la messe au profit des Petites S\u0153urs des Pauvres<\/p>\n<!-- \/wp:paragraph -->\n\n<!-- wp:paragraph -->\n<p><strong>Dimanche 16 Octobre<\/strong><\/p>\n<!-- \/wp:paragraph -->\n\n<!-- wp:paragraph -->\n<p><strong>10 H 30 :&nbsp;<\/strong>Messe de rentr\u00e9e \u00e0 CHATELAILLON (Augustine DEVOIS-BIGEAYE)&nbsp;suivi d\u2019un&nbsp;verre de l\u2019amiti\u00e9<\/p>\n<!-- \/wp:paragraph -->\n\n<!-- wp:paragraph -->\n<p>Qu\u00eate \u00e0 la sortie de la messe au profit des Petites S\u0153urs des Pauvres<\/p>\n<!-- \/wp:paragraph -->\n\n<!-- wp:paragraph -->\n<p><strong>18 H 00&nbsp;:<\/strong>&nbsp;Concert Gospel SOLRHEA dans l\u2019Eglise de CHATELAILLON<\/p>\n<!-- \/wp:paragraph -->","_et_gb_content_width":"","footnotes":""},"class_list":["post-4746","page","type-page","status-publish","hentry"],"_links":{"self":[{"href":"https:\/\/catholiques17.fr\/chatelaillon\/wp-json\/wp\/v2\/pages\/4746","targetHints":{"allow":["GET"]}}],"collection":[{"href":"https:\/\/catholiques17.fr\/chatelaillon\/wp-json\/wp\/v2\/pages"}],"about":[{"href":"https:\/\/catholiques17.fr\/chatelaillon\/wp-json\/wp\/v2\/types\/page"}],"author":[{"embeddable":true,"href":"https:\/\/catholiques17.fr\/chatelaillon\/wp-json\/wp\/v2\/users\/17"}],"replies":[{"embeddable":true,"href":"https:\/\/catholiques17.fr\/chatelaillon\/wp-json\/wp\/v2\/comments?post=4746"}],"version-history":[{"count":311,"href":"https:\/\/catholiques17.fr\/chatelaillon\/wp-json\/wp\/v2\/pages\/4746\/revisions"}],"predecessor-version":[{"id":10166,"href":"https:\/\/catholiques17.fr\/chatelaillon\/wp-json\/wp\/v2\/pages\/4746\/revisions\/10166"}],"wp:attachment":[{"href":"https:\/\/catholiques17.fr\/chatelaillon\/wp-json\/wp\/v2\/media?parent=4746"}],"curies":[{"name":"wp","href":"https:\/\/api.w.org\/{rel}","templated":true}]}}