{"id":4642,"date":"2021-03-22T13:32:51","date_gmt":"2021-03-22T12:32:51","guid":{"rendered":"https:\/\/catholiques17.fr\/chatelaillon\/?page_id=4642"},"modified":"2021-03-22T13:32:52","modified_gmt":"2021-03-22T12:32:52","slug":"organiser-un-concert","status":"publish","type":"page","link":"https:\/\/catholiques17.fr\/chatelaillon\/organiser-un-concert\/","title":{"rendered":"Organiser un concert"},"content":{"rendered":"\n<p><strong>CONCERTS et CHORALES &nbsp;&nbsp;&nbsp; &nbsp;&nbsp;&nbsp;<\/strong><\/p>\n\n\n\n<p>Des demandes sont faites par des chorales, ou autres organismes pour donner une prestation dans les \u00e9glises.<br>Il est possible de pr\u00eater, de louer, une \u00e9glise sous certaines conditions.<\/p>\n\n\n\n<p><strong>Pour toute demande&nbsp;:&nbsp;<\/strong>L\u2019autorisation&nbsp; de l\u2019utilisation d\u2019une \u00e9glise doit \u00eatre faite aupr\u00e8s du pr\u00eatre du secteur paroissial&nbsp; , contacter le secr\u00e9tariat \u260f 05 46 56 27 78<\/p>\n\n\n\n<p><strong>Pour toute demande pr\u00e9ciser :<\/strong><br>Le nom du demandeur (chorale, particuliers), les r\u00e9f\u00e9rences de l\u2019organisme demandeur, t\u00e9l\u00e9phone,.<br>Dates et heures de la prestation.<br>Transmettre le&nbsp;<strong>programme<\/strong>.:<\/p>\n\n\n\n<p><strong>L\u2019acceptation d\u00e9finitive se fera au niveau de l\u2019Ev\u00each\u00e9.<\/strong><\/p>\n\n\n\n<p><em>Vous serez&nbsp;<\/em>&nbsp;avis\u00e9 de l\u2019autorisation de l\u2019Ev\u00each\u00e9 par le secr\u00e9tariat du secteur.<\/p>\n","protected":false},"excerpt":{"rendered":"<p>CONCERTS et CHORALES &nbsp;&nbsp;&nbsp; &nbsp;&nbsp;&nbsp; Des demandes sont faites par des chorales, ou autres organismes pour donner une prestation dans les \u00e9glises.Il est possible de pr\u00eater, de louer, une \u00e9glise [&hellip;]<\/p>\n","protected":false},"author":5,"featured_media":0,"parent":0,"menu_order":0,"comment_status":"closed","ping_status":"closed","template":"","meta":{"_et_pb_use_builder":"off","_et_pb_old_content":"","_et_gb_content_width":"","footnotes":""},"class_list":["post-4642","page","type-page","status-publish","hentry"],"_links":{"self":[{"href":"https:\/\/catholiques17.fr\/chatelaillon\/wp-json\/wp\/v2\/pages\/4642","targetHints":{"allow":["GET"]}}],"collection":[{"href":"https:\/\/catholiques17.fr\/chatelaillon\/wp-json\/wp\/v2\/pages"}],"about":[{"href":"https:\/\/catholiques17.fr\/chatelaillon\/wp-json\/wp\/v2\/types\/page"}],"author":[{"embeddable":true,"href":"https:\/\/catholiques17.fr\/chatelaillon\/wp-json\/wp\/v2\/users\/5"}],"replies":[{"embeddable":true,"href":"https:\/\/catholiques17.fr\/chatelaillon\/wp-json\/wp\/v2\/comments?post=4642"}],"version-history":[{"count":1,"href":"https:\/\/catholiques17.fr\/chatelaillon\/wp-json\/wp\/v2\/pages\/4642\/revisions"}],"predecessor-version":[{"id":4643,"href":"https:\/\/catholiques17.fr\/chatelaillon\/wp-json\/wp\/v2\/pages\/4642\/revisions\/4643"}],"wp:attachment":[{"href":"https:\/\/catholiques17.fr\/chatelaillon\/wp-json\/wp\/v2\/media?parent=4642"}],"curies":[{"name":"wp","href":"https:\/\/api.w.org\/{rel}","templated":true}]}}