{"id":4601,"date":"2021-03-22T10:44:28","date_gmt":"2021-03-22T09:44:28","guid":{"rendered":"https:\/\/catholiques17.fr\/chatelaillon\/?page_id=4601"},"modified":"2026-03-18T15:22:16","modified_gmt":"2026-03-18T14:22:16","slug":"les-equipes-notre-dame","status":"publish","type":"page","link":"https:\/\/catholiques17.fr\/chatelaillon\/services-pastoraux\/les-equipes-notre-dame\/","title":{"rendered":"Les \u00e9quipes Notre-Dame"},"content":{"rendered":"[et_pb_section fb_built=\u00a0\u00bb1&Prime; admin_label=\u00a0\u00bbsection\u00a0\u00bb _builder_version=\u00a0\u00bb4.16&Prime; global_colors_info=\u00a0\u00bb{}\u00a0\u00bb theme_builder_area=\u00a0\u00bbpost_content\u00a0\u00bb][et_pb_row admin_label=\u00a0\u00bbrow\u00a0\u00bb _builder_version=\u00a0\u00bb4.16&Prime; background_size=\u00a0\u00bbinitial\u00a0\u00bb background_position=\u00a0\u00bbtop_left\u00a0\u00bb background_repeat=\u00a0\u00bbrepeat\u00a0\u00bb global_colors_info=\u00a0\u00bb{}\u00a0\u00bb theme_builder_area=\u00a0\u00bbpost_content\u00a0\u00bb][et_pb_column type=\u00a0\u00bb4_4&Prime; _builder_version=\u00a0\u00bb4.16&Prime; custom_padding=\u00a0\u00bb|||\u00a0\u00bb global_colors_info=\u00a0\u00bb{}\u00a0\u00bb custom_padding__hover=\u00a0\u00bb|||\u00a0\u00bb theme_builder_area=\u00a0\u00bbpost_content\u00a0\u00bb][et_pb_text admin_label=\u00a0\u00bbText\u00a0\u00bb _builder_version=\u00a0\u00bb4.27.4&Prime; background_size=\u00a0\u00bbinitial\u00a0\u00bb background_position=\u00a0\u00bbtop_left\u00a0\u00bb background_repeat=\u00a0\u00bbrepeat\u00a0\u00bb hover_enabled=\u00a0\u00bb0&Prime; global_colors_info=\u00a0\u00bb{}\u00a0\u00bb theme_builder_area=\u00a0\u00bbpost_content\u00a0\u00bb sticky_enabled=\u00a0\u00bb0&Prime;]<p>Des couples chr\u00e9tiens mari\u00e9s qui d\u00e9sirent grandir dans leur vie de foi et dans leur vie de couple, gr\u00e2ce \u00e0 une vie d\u2019\u00e9quipe. Ils s\u2019appuient sur leur sacrement de mariage. Les Equipes Notre-Dame s\u2019adressent \u00e0 tous les couples, quel que soit leur \u00e2ge. Pour cela, ils se r\u00e9unissent une fois par mois avec 4 ou 5 autres couples et un pr\u00eatre. Occasion de prier et de partager autour d\u2019un repas simple.\u00a0Ils essaient chaque jour de s\u2019entraider et de suivre J\u00e9sus-Christ. Ce J\u00e9sus qui dit \u00e0 chacun\u00a0:\u00a0<em>\u00ab\u00a0 Viens et suis-moi.\u00a0\u00bb<\/em>\u00a0\u00a0 Le mouvement est n\u00e9 \u00e0 Paris il y a 70 ans. Pour plus d\u2019informations :\u00a0<a href=\"http:\/\/www.equipes-notre-dame.fr\/\" target=\"_blank\" rel=\"noreferrer noopener\">equipes-notre-dame\u00a0<\/a>En Charente-Maritime, il existe une quinzaine d\u2019\u00e9quipes et en France 2300 \u00e9quipes.\u00a0Dans le monde, 12000 \u00e9quipes sont r\u00e9parties dans 70 pays.<a href=\"http:\/\/www.equipes-notre-dame.fr\/agenda\/d%C3%A9couvrez-les-equipes-notre-dame-en-3-minutes\" target=\"_blank\" rel=\"noreferrer noopener\"><\/a><\/p>\n<p><\/p>\n<p><em>Nous cheminons avec Les Equipes Notre-Dame depuis plus de 40 ans.<\/em><\/p>\n<p><\/p>\n<p><em>Elles sont pour nous un lieu de ressourcement important, la vie en \u00e9quipe est source d\u2019une grande joie.\u00a0<\/em><\/p>\n<p><strong>Contact :\u00a0<\/strong>Colette et Marin Voisin \u00a0 \u260f 05 46 56 87 54<\/p>\n<p><\/p>[\/et_pb_text][\/et_pb_column][\/et_pb_row][et_pb_row _builder_version=\u00a0\u00bb4.27.4&Prime; _module_preset=\u00a0\u00bbdefault\u00a0\u00bb theme_builder_area=\u00a0\u00bbpost_content\u00a0\u00bb][et_pb_column _builder_version=\u00a0\u00bb4.27.4&Prime; _module_preset=\u00a0\u00bbdefault\u00a0\u00bb type=\u00a0\u00bb4_4&Prime; theme_builder_area=\u00a0\u00bbpost_content\u00a0\u00bb][et_pb_video src=\u00a0\u00bbhttps:\/\/youtu.be\/0O8i7rkWwAE?si=1plFTs-xcclRTluR\u00a0\u00bb _builder_version=\u00a0\u00bb4.27.4&Prime; _module_preset=\u00a0\u00bbdefault\u00a0\u00bb theme_builder_area=\u00a0\u00bbpost_content\u00a0\u00bb hover_enabled=\u00a0\u00bb0&Prime; sticky_enabled=\u00a0\u00bb0&Prime;][\/et_pb_video][\/et_pb_column][\/et_pb_row][\/et_pb_section]","protected":false},"excerpt":{"rendered":"<p>Des couples chr\u00e9tiens mari\u00e9s qui d\u00e9sirent grandir dans leur vie de foi et dans leur vie de couple, gr\u00e2ce \u00e0 une vie d\u2019\u00e9quipe. Ils s\u2019appuient sur leur sacrement de mariage. [&hellip;]<\/p>\n","protected":false},"author":5,"featured_media":0,"parent":10281,"menu_order":0,"comment_status":"closed","ping_status":"closed","template":"","meta":{"_et_pb_use_builder":"on","_et_pb_old_content":"<!-- wp:paragraph -->\n<p>Des couples chr\u00e9tiens mari\u00e9s qui d\u00e9sirent grandir dans leur vie de foi et dans leur vie de couple, gr\u00e2ce \u00e0 une vie d\u2019\u00e9quipe. Ils s\u2019appuient sur leur sacrement de mariage. Les Equipes Notre-Dame s\u2019adressent \u00e0 tous les couples, quel que soit leur \u00e2ge. Pour cela, ils se r\u00e9unissent une fois par mois avec 4 ou 5 autres couples et un pr\u00eatre. Occasion de prier et de partager autour d\u2019un repas simple.&nbsp;Ils essaient chaque jour de s\u2019entraider et de suivre J\u00e9sus-Christ. Ce J\u00e9sus qui dit \u00e0 chacun&nbsp;:&nbsp;<em>\u00ab&nbsp; Viens et suis-moi.&nbsp;\u00bb<\/em>&nbsp;&nbsp; Le mouvement est n\u00e9 \u00e0 Paris il y a 70 ans. Pour plus d\u2019informations :&nbsp;<a href=\"http:\/\/www.equipes-notre-dame.fr\/\" target=\"_blank\" rel=\"noreferrer noopener\">equipes-notre-dame&nbsp;<\/a>En Charente-Maritime, il existe une quinzaine d\u2019\u00e9quipes et en France 2300 \u00e9quipes.&nbsp;Dans le monde, 12000 \u00e9quipes sont r\u00e9parties dans 70 pays.<\/p>\n<!-- \/wp:paragraph -->\n\n<!-- wp:paragraph -->\n<p><a href=\"http:\/\/www.equipes-notre-dame.fr\/agenda\/d%C3%A9couvrez-les-equipes-notre-dame-en-3-minutes\" target=\"_blank\" rel=\"noreferrer noopener\">D\u00e9couvrez les Equipes Notre-Dame en 3 minutes<\/a><\/p>\n<!-- \/wp:paragraph -->\n\n<!-- wp:paragraph -->\n<p><em>Nous cheminons avec Les Equipes Notre-Dame depuis plus de 40 ans.<\/em><\/p>\n<!-- \/wp:paragraph -->\n\n<!-- wp:paragraph -->\n<p><em>Elles sont pour nous un lieu de ressourcement important, la vie en \u00e9quipe est source d\u2019une grande joie.&nbsp;<\/em><strong>Contact :&nbsp;<\/strong>Colette et Marin Voisin &nbsp; \u260f 05 46 56 87 54<\/p>\n<!-- \/wp:paragraph -->","_et_gb_content_width":"","footnotes":""},"class_list":["post-4601","page","type-page","status-publish","hentry"],"_links":{"self":[{"href":"https:\/\/catholiques17.fr\/chatelaillon\/wp-json\/wp\/v2\/pages\/4601","targetHints":{"allow":["GET"]}}],"collection":[{"href":"https:\/\/catholiques17.fr\/chatelaillon\/wp-json\/wp\/v2\/pages"}],"about":[{"href":"https:\/\/catholiques17.fr\/chatelaillon\/wp-json\/wp\/v2\/types\/page"}],"author":[{"embeddable":true,"href":"https:\/\/catholiques17.fr\/chatelaillon\/wp-json\/wp\/v2\/users\/5"}],"replies":[{"embeddable":true,"href":"https:\/\/catholiques17.fr\/chatelaillon\/wp-json\/wp\/v2\/comments?post=4601"}],"version-history":[{"count":3,"href":"https:\/\/catholiques17.fr\/chatelaillon\/wp-json\/wp\/v2\/pages\/4601\/revisions"}],"predecessor-version":[{"id":9690,"href":"https:\/\/catholiques17.fr\/chatelaillon\/wp-json\/wp\/v2\/pages\/4601\/revisions\/9690"}],"up":[{"embeddable":true,"href":"https:\/\/catholiques17.fr\/chatelaillon\/wp-json\/wp\/v2\/pages\/10281"}],"wp:attachment":[{"href":"https:\/\/catholiques17.fr\/chatelaillon\/wp-json\/wp\/v2\/media?parent=4601"}],"curies":[{"name":"wp","href":"https:\/\/api.w.org\/{rel}","templated":true}]}}