{"id":4599,"date":"2021-03-22T10:43:18","date_gmt":"2021-03-22T09:43:18","guid":{"rendered":"https:\/\/catholiques17.fr\/chatelaillon\/?page_id=4599"},"modified":"2026-03-18T15:20:49","modified_gmt":"2026-03-18T14:20:49","slug":"equipe-du-rosaire","status":"publish","type":"page","link":"https:\/\/catholiques17.fr\/chatelaillon\/services-pastoraux\/equipe-du-rosaire\/","title":{"rendered":"Equipe du Rosaire"},"content":{"rendered":"<p>[et_pb_section fb_built=\u00a0\u00bb1&Prime; _builder_version=\u00a0\u00bb4.16&Prime; _module_preset=\u00a0\u00bbdefault\u00a0\u00bb global_colors_info=\u00a0\u00bb{}\u00a0\u00bb theme_builder_area=\u00a0\u00bbpost_content\u00a0\u00bb][et_pb_row column_structure=\u00a0\u00bb2_5,3_5&Prime; _builder_version=\u00a0\u00bb4.17.6&Prime; _module_preset=\u00a0\u00bbdefault\u00a0\u00bb global_colors_info=\u00a0\u00bb{}\u00a0\u00bb theme_builder_area=\u00a0\u00bbpost_content\u00a0\u00bb][et_pb_column type=\u00a0\u00bb2_5&Prime; _builder_version=\u00a0\u00bb4.17.6&Prime; _module_preset=\u00a0\u00bbdefault\u00a0\u00bb global_colors_info=\u00a0\u00bb{}\u00a0\u00bb theme_builder_area=\u00a0\u00bbpost_content\u00a0\u00bb][et_pb_image src=\u00a0\u00bbhttps:\/\/catholiques17.fr\/chatelaillon\/wp-content\/uploads\/sites\/12\/2022\/10\/Fatima.jpg\u00a0\u00bb title_text=\u00a0\u00bbFatima\u00a0\u00bb align=\u00a0\u00bbcenter\u00a0\u00bb _builder_version=\u00a0\u00bb4.17.6&Prime; _module_preset=\u00a0\u00bbdefault\u00a0\u00bb animation_style=\u00a0\u00bbslide\u00a0\u00bb animation_duration=\u00a0\u00bb900ms\u00a0\u00bb animation_delay=\u00a0\u00bb1000ms\u00a0\u00bb animation_intensity_slide=\u00a0\u00bb49%\u00a0\u00bb border_radii=\u00a0\u00bbon|20px|20px|20px|20px\u00a0\u00bb border_color_all=\u00a0\u00bb#FF8C00&Prime; global_colors_info=\u00a0\u00bb{}\u00a0\u00bb theme_builder_area=\u00a0\u00bbpost_content\u00a0\u00bb][\/et_pb_image][\/et_pb_column][et_pb_column type=\u00a0\u00bb3_5&Prime; _builder_version=\u00a0\u00bb4.17.6&Prime; _module_preset=\u00a0\u00bbdefault\u00a0\u00bb global_colors_info=\u00a0\u00bb{}\u00a0\u00bb theme_builder_area=\u00a0\u00bbpost_content\u00a0\u00bb][et_pb_text _builder_version=\u00a0\u00bb4.21.0&Prime; _module_preset=\u00a0\u00bbdefault\u00a0\u00bb global_colors_info=\u00a0\u00bb{}\u00a0\u00bb theme_builder_area=\u00a0\u00bbpost_content\u00a0\u00bb]<\/p>\n<p>Une \u00e9quipe se r\u00e9unit en moyenne une fois par mois, chez l\u2019un de ses membres, pour prier ensemble. <strong>La pri\u00e8re du Rosaire<\/strong>, mais aussi lecture et m\u00e9ditation d\u2019un texte de la Bible, partages, pri\u00e8re pour le monde, pour nos proches, etc.<\/p>\n<p>N\u00e9es en 1955 pour rejoindre les personnes \u00e9loign\u00e9es de l\u2019\u00c9glise, les \u00c9quipes du Rosaire se trouvent en plein accord avec le souci des \u00e9v\u00eaques de proposer la foi dans la soci\u00e9t\u00e9 actuelle. Ce qui anime les \u00c9quipes du Rosaire, c\u2019est la passion de l\u2019\u00c9vangile et le salut des hommes.<\/p>\n<p>Avec le partage de la Parole et la r\u00e9ponse \u00e0 l\u2019isolement des personnes, les \u00c9quipes du Rosaire participent \u00e0 la nouvelle \u00e9vang\u00e9lisation. Ce partage de la Parole et de la fraternit\u00e9 transforme litt\u00e9ralement des vies et retisse la communaut\u00e9 humaine et eccl\u00e9siale.<\/p>\n<p>L\u2019\u00e9quipe du Rosaire de Ch\u00e2telaillon se r\u00e9unit r\u00e9guli\u00e8rement \u00e0 la salle paroissiale de Ch\u00e2telaillon.<br \/><strong>Contact<\/strong>\u00a0: Fran\u00e7oise DESAYMARD 05 46 56 39 59<\/p>\n<p><span><strong>L<\/strong>es rencontres ont lieu le <strong><span style=\"text-decoration: underline\">1er mercredi de chaque mois<\/span><\/strong>\u00a0<\/span><\/p>\n<p><span>\u00a0 \u00a0 \u00a0 \u00a0 \u00a0 \u00a0 \u00a0 \u00a0 \u00a0 \u00a0 \u00a0\u00a0<\/span><span><\/span><span><\/span><\/p>\n<p><span><\/span><\/p>\n<p>[\/et_pb_text][\/et_pb_column][\/et_pb_row][\/et_pb_section]<\/p>\n","protected":false},"excerpt":{"rendered":"<p>Une \u00e9quipe se r\u00e9unit en moyenne une fois par mois, chez l\u2019un de ses membres, pour prier ensemble. La pri\u00e8re du Rosaire, mais aussi lecture et m\u00e9ditation d\u2019un texte de [&hellip;]<\/p>\n","protected":false},"author":5,"featured_media":0,"parent":10281,"menu_order":0,"comment_status":"closed","ping_status":"closed","template":"","meta":{"_et_pb_use_builder":"on","_et_pb_old_content":"","_et_gb_content_width":"","footnotes":""},"class_list":["post-4599","page","type-page","status-publish","hentry"],"_links":{"self":[{"href":"https:\/\/catholiques17.fr\/chatelaillon\/wp-json\/wp\/v2\/pages\/4599","targetHints":{"allow":["GET"]}}],"collection":[{"href":"https:\/\/catholiques17.fr\/chatelaillon\/wp-json\/wp\/v2\/pages"}],"about":[{"href":"https:\/\/catholiques17.fr\/chatelaillon\/wp-json\/wp\/v2\/types\/page"}],"author":[{"embeddable":true,"href":"https:\/\/catholiques17.fr\/chatelaillon\/wp-json\/wp\/v2\/users\/5"}],"replies":[{"embeddable":true,"href":"https:\/\/catholiques17.fr\/chatelaillon\/wp-json\/wp\/v2\/comments?post=4599"}],"version-history":[{"count":16,"href":"https:\/\/catholiques17.fr\/chatelaillon\/wp-json\/wp\/v2\/pages\/4599\/revisions"}],"predecessor-version":[{"id":9866,"href":"https:\/\/catholiques17.fr\/chatelaillon\/wp-json\/wp\/v2\/pages\/4599\/revisions\/9866"}],"up":[{"embeddable":true,"href":"https:\/\/catholiques17.fr\/chatelaillon\/wp-json\/wp\/v2\/pages\/10281"}],"wp:attachment":[{"href":"https:\/\/catholiques17.fr\/chatelaillon\/wp-json\/wp\/v2\/media?parent=4599"}],"curies":[{"name":"wp","href":"https:\/\/api.w.org\/{rel}","templated":true}]}}