{"id":10240,"date":"2026-03-16T15:27:28","date_gmt":"2026-03-16T14:27:28","guid":{"rendered":"https:\/\/catholiques17.fr\/chatelaillon\/?page_id=10240"},"modified":"2026-03-18T10:18:46","modified_gmt":"2026-03-18T09:18:46","slug":"eveil-a-la-foi-6","status":"publish","type":"page","link":"https:\/\/catholiques17.fr\/chatelaillon\/grandir-dans-la-foi\/eveil-a-la-foi-6\/","title":{"rendered":"Eveil \u00e0 la Foi"},"content":{"rendered":"<p>[et_pb_section fb_built=\u00a0\u00bb1&Prime; _builder_version=\u00a0\u00bb4.27.5&Prime; _module_preset=\u00a0\u00bbdefault\u00a0\u00bb custom_padding=\u00a0\u00bb22px|||||\u00a0\u00bb global_colors_info=\u00a0\u00bb{}\u00a0\u00bb theme_builder_area=\u00a0\u00bbpost_content\u00a0\u00bb][et_pb_row _builder_version=\u00a0\u00bb4.27.5&Prime; _module_preset=\u00a0\u00bbdefault\u00a0\u00bb custom_padding=\u00a0\u00bb15px|||||\u00a0\u00bb global_colors_info=\u00a0\u00bb{}\u00a0\u00bb theme_builder_area=\u00a0\u00bbpost_content\u00a0\u00bb][et_pb_column type=\u00a0\u00bb4_4&Prime; _builder_version=\u00a0\u00bb4.27.5&Prime; _module_preset=\u00a0\u00bbdefault\u00a0\u00bb global_colors_info=\u00a0\u00bb{}\u00a0\u00bb theme_builder_area=\u00a0\u00bbpost_content\u00a0\u00bb][et_pb_image src=\u00a0\u00bbhttps:\/\/catholiques17.fr\/chatelaillon\/wp-content\/uploads\/sites\/12\/2026\/03\/EVEIL-TITRE-JPG-1.jpg\u00a0\u00bb title_text=\u00a0\u00bbEVEIL-TITRE-JPG-1&Prime; align=\u00a0\u00bbcenter\u00a0\u00bb _builder_version=\u00a0\u00bb4.27.5&Prime; _module_preset=\u00a0\u00bbdefault\u00a0\u00bb global_colors_info=\u00a0\u00bb{}\u00a0\u00bb theme_builder_area=\u00a0\u00bbpost_content\u00a0\u00bb][\/et_pb_image][\/et_pb_column][\/et_pb_row][et_pb_row _builder_version=\u00a0\u00bb4.27.5&Prime; _module_preset=\u00a0\u00bbdefault\u00a0\u00bb global_colors_info=\u00a0\u00bb{}\u00a0\u00bb theme_builder_area=\u00a0\u00bbpost_content\u00a0\u00bb][et_pb_column type=\u00a0\u00bb4_4&Prime; _builder_version=\u00a0\u00bb4.27.5&Prime; _module_preset=\u00a0\u00bbdefault\u00a0\u00bb global_colors_info=\u00a0\u00bb{}\u00a0\u00bb theme_builder_area=\u00a0\u00bbpost_content\u00a0\u00bb][et_pb_text _builder_version=\u00a0\u00bb4.27.5&Prime; _module_preset=\u00a0\u00bbdefault\u00a0\u00bb global_colors_info=\u00a0\u00bb{}\u00a0\u00bb theme_builder_area=\u00a0\u00bbpost_content\u00a0\u00bb]<\/p>\n<p>Les petits enfants s\u2019\u00e9veillent \u00e0 la vie en explorant ce qui les entoure. Ils s\u2019impr\u00e8gnent de ce qu\u2019ils c\u00f4toient. L\u2019\u00e9veil \u00e0 la foi est indissociable de l\u2019\u00e9veil \u00e0 la vie. C\u2019est un lieu d\u2019initiation \u00e0 la culture chr\u00e9tienne et \u00e0 la vie de foi. Les enfants ont des questions (pas toujours formul\u00e9es), parfois relay\u00e9es par les parents :<\/p>\n<p>\u00ab\u00a0Qui sont les amis de J\u00e9sus ?\u00a0\u00bb, \u00ab\u00a0Quand on meurt, c\u2019est pour longtemps ?\u00a0\u00bb, \u00ab\u00a0Pourquoi il y a des m\u00e9chants ?\u00a0\u00bb, \u00ab\u00a0Que c\u2019est beau !\u00a0\u00bb\u2026<\/p>\n<p>[\/et_pb_text][\/et_pb_column][\/et_pb_row][et_pb_row _builder_version=\u00a0\u00bb4.27.5&Prime; _module_preset=\u00a0\u00bbdefault\u00a0\u00bb global_colors_info=\u00a0\u00bb{}\u00a0\u00bb theme_builder_area=\u00a0\u00bbpost_content\u00a0\u00bb][et_pb_column type=\u00a0\u00bb4_4&Prime; _builder_version=\u00a0\u00bb4.27.5&Prime; _module_preset=\u00a0\u00bbdefault\u00a0\u00bb global_colors_info=\u00a0\u00bb{}\u00a0\u00bb theme_builder_area=\u00a0\u00bbpost_content\u00a0\u00bb][et_pb_divider _builder_version=\u00a0\u00bb4.27.5&Prime; _module_preset=\u00a0\u00bbdefault\u00a0\u00bb global_colors_info=\u00a0\u00bb{}\u00a0\u00bb theme_builder_area=\u00a0\u00bbpost_content\u00a0\u00bb][\/et_pb_divider][\/et_pb_column][\/et_pb_row][et_pb_row _builder_version=\u00a0\u00bb4.27.5&Prime; _module_preset=\u00a0\u00bbdefault\u00a0\u00bb theme_builder_area=\u00a0\u00bbpost_content\u00a0\u00bb][et_pb_column _builder_version=\u00a0\u00bb4.27.5&Prime; _module_preset=\u00a0\u00bbdefault\u00a0\u00bb type=\u00a0\u00bb4_4&Prime; theme_builder_area=\u00a0\u00bbpost_content\u00a0\u00bb][et_pb_text _builder_version=\u00a0\u00bb4.27.5&Prime; _module_preset=\u00a0\u00bbdefault\u00a0\u00bb theme_builder_area=\u00a0\u00bbpost_content\u00a0\u00bb hover_enabled=\u00a0\u00bb0&Prime; sticky_enabled=\u00a0\u00bb0&Prime;]<\/p>\n<p>Les rencontres ont lieu \u00e0 la sacristie de l\u2019\u00e9glise de SALLES SUR MER.<\/p>\n<p>La premi\u00e8re rencontre du 27 septembre se fera \u00e0 17 H 00 en commun avec le groupe des CE\/CM de SALLES SUR MER. Les enfants des 2 groupes partageront le go\u00fbter (pr\u00e9voir des g\u00e2teaux \u00e0 partager et une boisson dans une gourde).<\/p>\n<p><strong>Contact <\/strong>: Katia ROUSSELLE, animatrice &#8211; <a href=\"mailto:tiak9@hotmail.fr\" target=\"_blank\" rel=\"noopener\">tiak9@hotmail.fr<\/a><\/p>\n<p>Katia communiquera les dates de 2026 en d\u00e9cembre<br \/>Il est souhaitable qu\u2019un parent reste avec Katia lors des s\u00e9ances<\/p>\n<p>&nbsp;<\/p>\n<p>Contacter le presbyt\u00e8re pour les inscriptions des enfants : 05 46 56 27 78 ou par mail : <a href=\"mailto:sp-chatelaillon@orange.fr\" target=\"_blank\" rel=\"noopener\">sp-chatelaillon@orange.fr<\/a><\/p>\n<p>[\/et_pb_text][\/et_pb_column][\/et_pb_row][\/et_pb_section]<\/p>\n","protected":false},"excerpt":{"rendered":"<p>Les petits enfants s\u2019\u00e9veillent \u00e0 la vie en explorant ce qui les entoure. Ils s\u2019impr\u00e8gnent de ce qu\u2019ils c\u00f4toient. L\u2019\u00e9veil \u00e0 la foi est indissociable de l\u2019\u00e9veil \u00e0 la vie. [&hellip;]<\/p>\n","protected":false},"author":4,"featured_media":0,"parent":4650,"menu_order":0,"comment_status":"closed","ping_status":"closed","template":"","meta":{"_et_pb_use_builder":"on","_et_pb_old_content":"","_et_gb_content_width":"","footnotes":""},"class_list":["post-10240","page","type-page","status-publish","hentry"],"_links":{"self":[{"href":"https:\/\/catholiques17.fr\/chatelaillon\/wp-json\/wp\/v2\/pages\/10240","targetHints":{"allow":["GET"]}}],"collection":[{"href":"https:\/\/catholiques17.fr\/chatelaillon\/wp-json\/wp\/v2\/pages"}],"about":[{"href":"https:\/\/catholiques17.fr\/chatelaillon\/wp-json\/wp\/v2\/types\/page"}],"author":[{"embeddable":true,"href":"https:\/\/catholiques17.fr\/chatelaillon\/wp-json\/wp\/v2\/users\/4"}],"replies":[{"embeddable":true,"href":"https:\/\/catholiques17.fr\/chatelaillon\/wp-json\/wp\/v2\/comments?post=10240"}],"version-history":[{"count":3,"href":"https:\/\/catholiques17.fr\/chatelaillon\/wp-json\/wp\/v2\/pages\/10240\/revisions"}],"predecessor-version":[{"id":10256,"href":"https:\/\/catholiques17.fr\/chatelaillon\/wp-json\/wp\/v2\/pages\/10240\/revisions\/10256"}],"up":[{"embeddable":true,"href":"https:\/\/catholiques17.fr\/chatelaillon\/wp-json\/wp\/v2\/pages\/4650"}],"wp:attachment":[{"href":"https:\/\/catholiques17.fr\/chatelaillon\/wp-json\/wp\/v2\/media?parent=10240"}],"curies":[{"name":"wp","href":"https:\/\/api.w.org\/{rel}","templated":true}]}}