{"id":10184,"date":"2026-03-16T14:09:49","date_gmt":"2026-03-16T13:09:49","guid":{"rendered":"https:\/\/catholiques17.fr\/chatelaillon\/?page_id=10184"},"modified":"2026-03-16T14:59:51","modified_gmt":"2026-03-16T13:59:51","slug":"onction-des-malades-2","status":"publish","type":"page","link":"https:\/\/catholiques17.fr\/chatelaillon\/les-etapes-de-la-vie\/onction-des-malades-2\/","title":{"rendered":"Onction des malades"},"content":{"rendered":"<p>[et_pb_section fb_built=\u00a0\u00bb1&Prime; _builder_version=\u00a0\u00bb4.27.5&Prime; _module_preset=\u00a0\u00bbdefault\u00a0\u00bb custom_padding=\u00a0\u00bb11px|||||\u00a0\u00bb global_colors_info=\u00a0\u00bb{}\u00a0\u00bb theme_builder_area=\u00a0\u00bbet_body_layout\u00a0\u00bb][et_pb_row _builder_version=\u00a0\u00bb4.27.5&Prime; _module_preset=\u00a0\u00bbdefault\u00a0\u00bb custom_padding=\u00a0\u00bb6px|||||\u00a0\u00bb global_colors_info=\u00a0\u00bb{}\u00a0\u00bb theme_builder_area=\u00a0\u00bbet_body_layout\u00a0\u00bb][et_pb_column type=\u00a0\u00bb4_4&Prime; _builder_version=\u00a0\u00bb4.27.5&Prime; _module_preset=\u00a0\u00bbdefault\u00a0\u00bb global_colors_info=\u00a0\u00bb{}\u00a0\u00bb theme_builder_area=\u00a0\u00bbet_body_layout\u00a0\u00bb][et_pb_image src=\u00a0\u00bbhttps:\/\/catholiques17.fr\/chatelaillon\/wp-content\/uploads\/sites\/12\/2026\/03\/sacrement-malades.jpg\u00a0\u00bb title_text=\u00a0\u00bbsacrement-malades\u00a0\u00bb align=\u00a0\u00bbcenter\u00a0\u00bb force_fullwidth=\u00a0\u00bbon\u00a0\u00bb _builder_version=\u00a0\u00bb4.27.5&Prime; _module_preset=\u00a0\u00bbdefault\u00a0\u00bb hover_enabled=\u00a0\u00bb0&Prime; global_colors_info=\u00a0\u00bb{}\u00a0\u00bb theme_builder_area=\u00a0\u00bbet_body_layout\u00a0\u00bb sticky_enabled=\u00a0\u00bb0&Prime;][\/et_pb_image][\/et_pb_column][\/et_pb_row][et_pb_row _builder_version=\u00a0\u00bb4.27.5&Prime; _module_preset=\u00a0\u00bbdefault\u00a0\u00bb global_colors_info=\u00a0\u00bb{}\u00a0\u00bb theme_builder_area=\u00a0\u00bbet_body_layout\u00a0\u00bb][et_pb_column type=\u00a0\u00bb4_4&Prime; _builder_version=\u00a0\u00bb4.27.5&Prime; _module_preset=\u00a0\u00bbdefault\u00a0\u00bb global_colors_info=\u00a0\u00bb{}\u00a0\u00bb theme_builder_area=\u00a0\u00bbet_body_layout\u00a0\u00bb][et_pb_text _builder_version=\u00a0\u00bb4.27.5&Prime; _module_preset=\u00a0\u00bbdefault\u00a0\u00bb hover_enabled=\u00a0\u00bb0&Prime; global_colors_info=\u00a0\u00bb{}\u00a0\u00bb theme_builder_area=\u00a0\u00bbet_body_layout\u00a0\u00bb sticky_enabled=\u00a0\u00bb0&Prime;]<\/p>\n<div class=\"et_pb_module et_pb_text et_pb_text_0  et_pb_text_align_left et_pb_bg_layout_light\">\n<div class=\"et_pb_text_inner\">\n<p><strong>Le Sacrement d\u2019onction des malades est un sacrement de gu\u00e9rison qui vise \u00e0 apporter la force spirituelle et physique aux personnes confront\u00e9es \u00e0 la maladie grave, \u00e0 la vieillesse ou \u00e0 d\u2019autres fragilit\u00e9s physiques ou psychologiques.<\/strong><\/p>\n<p>Ce sacrement est \u00e9galement destin\u00e9 aux personnes qui sont sur le point de subir une op\u00e9ration importante. Tout fid\u00e8le catholique confront\u00e9 \u00e0 une maladie s\u00e9rieuse ou \u00e0 une fragilit\u00e9 physique peut recevoir le Sacrement d\u2019onction des malades. Ce sacrement est d\u00e9crit dans l\u2019\u00c9p\u00eetre de saint Jacques (Jacques 5, 14-15), o\u00f9 il est recommand\u00e9 aux malades d\u2019appeler les anciens de l\u2019\u00c9glise pour recevoir l\u2019onction et la pri\u00e8re de gu\u00e9rison.<\/p>\n<p><strong>Il peut \u00eatre re\u00e7u \u00e0 plusieurs reprises au cours de la vie<\/strong>, en fonction de la gravit\u00e9 de la maladie ou de la n\u00e9cessit\u00e9 de renouveler la gr\u00e2ce re\u00e7ue. Ce sacrement est un signe de la pr\u00e9sence de Dieu aux c\u00f4t\u00e9s des personnes souffrantes. Il constitue une source de r\u00e9confort et de force spirituelle pour faire face aux \u00e9preuves de la maladie et de la souffrance.<\/p>\n<p><strong>Pour recevoir ce sacrement dans notre paroisse<\/strong>, il est recommand\u00e9 de consulter le planning des c\u00e9l\u00e9brations ou de contacter le cur\u00e9. Celui-ci pourra organiser un moment propice pour l\u2019administration de ce sacrement en fonction des besoins et des disponibilit\u00e9s.<\/p>\n<\/div>\n<\/div>\n<p>[\/et_pb_text][\/et_pb_column][\/et_pb_row][et_pb_row _builder_version=\u00a0\u00bb4.27.5&Prime; _module_preset=\u00a0\u00bbdefault\u00a0\u00bb global_colors_info=\u00a0\u00bb{}\u00a0\u00bb theme_builder_area=\u00a0\u00bbet_body_layout\u00a0\u00bb][et_pb_column type=\u00a0\u00bb4_4&Prime; _builder_version=\u00a0\u00bb4.27.5&Prime; _module_preset=\u00a0\u00bbdefault\u00a0\u00bb global_colors_info=\u00a0\u00bb{}\u00a0\u00bb theme_builder_area=\u00a0\u00bbet_body_layout\u00a0\u00bb][et_pb_divider _builder_version=\u00a0\u00bb4.27.5&Prime; _module_preset=\u00a0\u00bbdefault\u00a0\u00bb global_colors_info=\u00a0\u00bb{}\u00a0\u00bb theme_builder_area=\u00a0\u00bbet_body_layout\u00a0\u00bb][\/et_pb_divider][\/et_pb_column][\/et_pb_row][et_pb_row _builder_version=\u00a0\u00bb4.27.5&Prime; _module_preset=\u00a0\u00bbdefault\u00a0\u00bb background_color=\u00a0\u00bb#0C71C3&Prime; global_colors_info=\u00a0\u00bb{}\u00a0\u00bb theme_builder_area=\u00a0\u00bbet_body_layout\u00a0\u00bb][et_pb_column type=\u00a0\u00bb4_4&Prime; _builder_version=\u00a0\u00bb4.27.5&Prime; _module_preset=\u00a0\u00bbdefault\u00a0\u00bb global_colors_info=\u00a0\u00bb{}\u00a0\u00bb theme_builder_area=\u00a0\u00bbet_body_layout\u00a0\u00bb][et_pb_text _builder_version=\u00a0\u00bb4.27.5&Prime; _module_preset=\u00a0\u00bbdefault\u00a0\u00bb background_color=\u00a0\u00bb#0C71C3&Prime; hover_enabled=\u00a0\u00bb0&Prime; border_radii=\u00a0\u00bboff||||\u00a0\u00bb global_colors_info=\u00a0\u00bb{}\u00a0\u00bb theme_builder_area=\u00a0\u00bbet_body_layout\u00a0\u00bb sticky_enabled=\u00a0\u00bb0&Prime;]<\/p>\n<h4 style=\"text-align: center;\"><span style=\"color: #ffffff;\">Vous souhaitez obtenir des informations pour vous pr\u00e9parer <\/span><\/h4>\n<h4 style=\"text-align: center;\"><span style=\"color: #ffffff;\">ou pr\u00e9parer un proche en vue du sacrement des malades ? <\/span><\/h4>\n<p><span style=\"color: #ffffff;\"><\/span><\/p>\n<p><span style=\"color: #ffffff;\"><\/span><\/p>\n<h4 style=\"text-align: center;\"><span style=\"color: #ffffff;\">Contactez-nous :<\/span><\/h4>\n<p><span style=\"color: #ffffff;\"><\/span><\/p>\n<p><span style=\"color: #ffffff;\"><\/span><\/p>\n<h4 style=\"text-align: center;\"><span style=\"color: #ffffff;\"><\/span><\/h4>\n<h4 style=\"text-align: center;\"><span style=\"color: #ffffff;\"><\/span><\/h4>\n<h4 style=\"text-align: center;\"><span style=\"color: #ffffff;\">05 46\u00a0 56 27 78 &#8211;\u00a0<a href=\"mailto:sp-chatelaillon@orange\" target=\"_blank\" rel=\"noopener\" style=\"color: #ffffff;\">sp-chatelaillon@orange.fr<\/a><\/span><\/h4>\n<p>[\/et_pb_text][\/et_pb_column][\/et_pb_row][\/et_pb_section]<\/p>\n","protected":false},"excerpt":{"rendered":"<p>Le Sacrement d\u2019onction des malades est un sacrement de gu\u00e9rison qui vise \u00e0 apporter la force spirituelle et physique aux personnes confront\u00e9es \u00e0 la maladie grave, \u00e0 la vieillesse ou [&hellip;]<\/p>\n","protected":false},"author":4,"featured_media":0,"parent":4646,"menu_order":0,"comment_status":"closed","ping_status":"closed","template":"","meta":{"_et_pb_use_builder":"on","_et_pb_old_content":"","_et_gb_content_width":"","footnotes":""},"class_list":["post-10184","page","type-page","status-publish","hentry"],"_links":{"self":[{"href":"https:\/\/catholiques17.fr\/chatelaillon\/wp-json\/wp\/v2\/pages\/10184","targetHints":{"allow":["GET"]}}],"collection":[{"href":"https:\/\/catholiques17.fr\/chatelaillon\/wp-json\/wp\/v2\/pages"}],"about":[{"href":"https:\/\/catholiques17.fr\/chatelaillon\/wp-json\/wp\/v2\/types\/page"}],"author":[{"embeddable":true,"href":"https:\/\/catholiques17.fr\/chatelaillon\/wp-json\/wp\/v2\/users\/4"}],"replies":[{"embeddable":true,"href":"https:\/\/catholiques17.fr\/chatelaillon\/wp-json\/wp\/v2\/comments?post=10184"}],"version-history":[{"count":3,"href":"https:\/\/catholiques17.fr\/chatelaillon\/wp-json\/wp\/v2\/pages\/10184\/revisions"}],"predecessor-version":[{"id":10232,"href":"https:\/\/catholiques17.fr\/chatelaillon\/wp-json\/wp\/v2\/pages\/10184\/revisions\/10232"}],"up":[{"embeddable":true,"href":"https:\/\/catholiques17.fr\/chatelaillon\/wp-json\/wp\/v2\/pages\/4646"}],"wp:attachment":[{"href":"https:\/\/catholiques17.fr\/chatelaillon\/wp-json\/wp\/v2\/media?parent=10184"}],"curies":[{"name":"wp","href":"https:\/\/api.w.org\/{rel}","templated":true}]}}