{"id":10180,"date":"2026-03-16T14:09:08","date_gmt":"2026-03-16T13:09:08","guid":{"rendered":"https:\/\/catholiques17.fr\/chatelaillon\/?page_id=10180"},"modified":"2026-03-16T14:52:00","modified_gmt":"2026-03-16T13:52:00","slug":"sacerdoce","status":"publish","type":"page","link":"https:\/\/catholiques17.fr\/chatelaillon\/les-etapes-de-la-vie\/sacerdoce\/","title":{"rendered":"Sacerdoce"},"content":{"rendered":"<p>[et_pb_section fb_built=\u00a0\u00bb1&Prime; _builder_version=\u00a0\u00bb4.27.5&Prime; _module_preset=\u00a0\u00bbdefault\u00a0\u00bb custom_padding=\u00a0\u00bb11px|||||\u00a0\u00bb global_colors_info=\u00a0\u00bb{}\u00a0\u00bb theme_builder_area=\u00a0\u00bbet_body_layout\u00a0\u00bb][et_pb_row _builder_version=\u00a0\u00bb4.27.5&Prime; _module_preset=\u00a0\u00bbdefault\u00a0\u00bb custom_padding=\u00a0\u00bb6px|||||\u00a0\u00bb global_colors_info=\u00a0\u00bb{}\u00a0\u00bb theme_builder_area=\u00a0\u00bbet_body_layout\u00a0\u00bb][et_pb_column type=\u00a0\u00bb4_4&Prime; _builder_version=\u00a0\u00bb4.27.5&Prime; _module_preset=\u00a0\u00bbdefault\u00a0\u00bb global_colors_info=\u00a0\u00bb{}\u00a0\u00bb theme_builder_area=\u00a0\u00bbet_body_layout\u00a0\u00bb][et_pb_image src=\u00a0\u00bbhttps:\/\/catholiques17.fr\/chatelaillon\/wp-content\/uploads\/sites\/12\/2026\/03\/sacerdoce.jpeg\u00a0\u00bb title_text=\u00a0\u00bbsacerdoce\u00a0\u00bb align=\u00a0\u00bbcenter\u00a0\u00bb force_fullwidth=\u00a0\u00bbon\u00a0\u00bb _builder_version=\u00a0\u00bb4.27.5&Prime; _module_preset=\u00a0\u00bbdefault\u00a0\u00bb hover_enabled=\u00a0\u00bb0&Prime; global_colors_info=\u00a0\u00bb{}\u00a0\u00bb theme_builder_area=\u00a0\u00bbet_body_layout\u00a0\u00bb sticky_enabled=\u00a0\u00bb0&Prime;][\/et_pb_image][\/et_pb_column][\/et_pb_row][et_pb_row _builder_version=\u00a0\u00bb4.27.5&Prime; _module_preset=\u00a0\u00bbdefault\u00a0\u00bb global_colors_info=\u00a0\u00bb{}\u00a0\u00bb theme_builder_area=\u00a0\u00bbet_body_layout\u00a0\u00bb][et_pb_column type=\u00a0\u00bb4_4&Prime; _builder_version=\u00a0\u00bb4.27.5&Prime; _module_preset=\u00a0\u00bbdefault\u00a0\u00bb global_colors_info=\u00a0\u00bb{}\u00a0\u00bb theme_builder_area=\u00a0\u00bbet_body_layout\u00a0\u00bb][et_pb_text _builder_version=\u00a0\u00bb4.27.5&Prime; _module_preset=\u00a0\u00bbdefault\u00a0\u00bb hover_enabled=\u00a0\u00bb0&Prime; global_colors_info=\u00a0\u00bb{}\u00a0\u00bb theme_builder_area=\u00a0\u00bbet_body_layout\u00a0\u00bb sticky_enabled=\u00a0\u00bb0&Prime;]<\/p>\n<div class=\"et_pb_module et_pb_text et_pb_text_0  et_pb_text_align_left et_pb_bg_layout_light\">\n<div class=\"et_pb_text_inner\">\n<div class=\"et_pb_column et_pb_column_4_4 et_pb_column_1  et_pb_css_mix_blend_mode_passthrough et-last-child\">\n<div class=\"et_pb_module et_pb_text et_pb_text_0  et_pb_text_align_left et_pb_bg_layout_light\">\n<div class=\"et_pb_text_inner\">\n<p>Le terme \u201csacerdoce\u201d indique la fonction de m\u00e9diation entre Dieu et l\u2019humanit\u00e9. Toute l\u2019Eglise est un peuple de pr\u00eatres, c\u2019est-\u00e0-dire un peuple sacerdotal. Par le<span> b<\/span>apt\u00eame, tous les baptis\u00e9s participent au Sacerdoce unique du Christ. Cette participation s\u2019appelle \u00ab sacerdoce commun des fid\u00e8les \u00bb. Sur cette base et \u00e0 son service, le minist\u00e8re sacerdotal des \u00e9v\u00eaques et des pr\u00eatres, conf\u00e9r\u00e9 par le <a href=\"https:\/\/catholiques17.fr\/saintaigulin\/2024\/06\/22\/deux-nouveaux-pretres-pour-le-diocese\/\">sacrement de l\u2019ordre<\/a>, participe de mani\u00e8re sp\u00e9cifique \u00e0 la mission du Christ.<\/p>\n<p style=\"text-align: right;\">\u00a0<span><em>Source\u00a0: www.eglise.catholique.fr<\/em><\/span><\/p>\n<\/div>\n<\/div>\n<\/div>\n<\/div>\n<\/div>\n<p>[\/et_pb_text][\/et_pb_column][\/et_pb_row][et_pb_row _builder_version=\u00a0\u00bb4.27.5&Prime; _module_preset=\u00a0\u00bbdefault\u00a0\u00bb theme_builder_area=\u00a0\u00bbet_body_layout\u00a0\u00bb column_structure=\u00a0\u00bb1_3,1_3,1_3&Prime;][et_pb_column _builder_version=\u00a0\u00bb4.27.5&Prime; _module_preset=\u00a0\u00bbdefault\u00a0\u00bb type=\u00a0\u00bb1_3&Prime; theme_builder_area=\u00a0\u00bbet_body_layout\u00a0\u00bb][et_pb_cta title=\u00a0\u00bbVous vous sentez appel\u00e9 \u00e0 devenir pr\u00eatre ?\u00a0\u00bb button_text=\u00a0\u00bbClics\u00a0\u00bb _builder_version=\u00a0\u00bb4.27.5&Prime; _module_preset=\u00a0\u00bbdefault\u00a0\u00bb theme_builder_area=\u00a0\u00bbet_body_layout\u00a0\u00bb url_new_window=\u00a0\u00bbon\u00a0\u00bb button_url=\u00a0\u00bbhttps:\/\/catholiques17.fr\/diocese\/a-quoi-suis-je-appele\/le-sacerdoce\/\u00a0\u00bb background_color=\u00a0\u00bb#6B6B6B\u00a0\u00bb hover_enabled=\u00a0\u00bb0&Prime; sticky_enabled=\u00a0\u00bb0&Prime;][\/et_pb_cta][\/et_pb_column][et_pb_column _builder_version=\u00a0\u00bb4.27.5&Prime; _module_preset=\u00a0\u00bbdefault\u00a0\u00bb type=\u00a0\u00bb1_3&Prime; theme_builder_area=\u00a0\u00bbet_body_layout\u00a0\u00bb][et_pb_cta title=\u00a0\u00bbVous vous sentez appel\u00e9 \u00e0 devenir diacre permanent ?\u00a0\u00bb button_text=\u00a0\u00bbClics\u00a0\u00bb _builder_version=\u00a0\u00bb4.27.5&Prime; _module_preset=\u00a0\u00bbdefault\u00a0\u00bb theme_builder_area=\u00a0\u00bbet_body_layout\u00a0\u00bb background_color=\u00a0\u00bb#B1948B\u00a0\u00bb url_new_window=\u00a0\u00bbon\u00a0\u00bb button_url=\u00a0\u00bbhttps:\/\/catholiques17.fr\/diocese\/a-quoi-suis-je-appele\/le-diaconat-permanent\/\u00a0\u00bb hover_enabled=\u00a0\u00bb0&Prime; sticky_enabled=\u00a0\u00bb0&Prime; header_font_size=\u00a0\u00bb22px\u00a0\u00bb][\/et_pb_cta][\/et_pb_column][et_pb_column _builder_version=\u00a0\u00bb4.27.5&Prime; _module_preset=\u00a0\u00bbdefault\u00a0\u00bb type=\u00a0\u00bb1_3&Prime; theme_builder_area=\u00a0\u00bbet_body_layout\u00a0\u00bb][et_pb_cta title=\u00a0\u00bbVous vous sentez appel\u00e9(e) \u00e0 la vie consacr\u00e9e ?\u00a0\u00bb button_text=\u00a0\u00bbClics\u00a0\u00bb _builder_version=\u00a0\u00bb4.27.5&Prime; _module_preset=\u00a0\u00bbdefault\u00a0\u00bb theme_builder_area=\u00a0\u00bbet_body_layout\u00a0\u00bb url_new_window=\u00a0\u00bbon\u00a0\u00bb button_url=\u00a0\u00bbhttps:\/\/catholiques17.fr\/diocese\/a-quoi-suis-je-appele\/le-celibat-consacre\/\u00a0\u00bb background_color=\u00a0\u00bb#8F8F8F\u00a0\u00bb hover_enabled=\u00a0\u00bb0&Prime; sticky_enabled=\u00a0\u00bb0&Prime;][\/et_pb_cta][\/et_pb_column][\/et_pb_row][et_pb_row _builder_version=\u00a0\u00bb4.27.5&Prime; _module_preset=\u00a0\u00bbdefault\u00a0\u00bb global_colors_info=\u00a0\u00bb{}\u00a0\u00bb theme_builder_area=\u00a0\u00bbet_body_layout\u00a0\u00bb][et_pb_column type=\u00a0\u00bb4_4&Prime; _builder_version=\u00a0\u00bb4.27.5&Prime; _module_preset=\u00a0\u00bbdefault\u00a0\u00bb global_colors_info=\u00a0\u00bb{}\u00a0\u00bb theme_builder_area=\u00a0\u00bbet_body_layout\u00a0\u00bb][et_pb_divider _builder_version=\u00a0\u00bb4.27.5&Prime; _module_preset=\u00a0\u00bbdefault\u00a0\u00bb global_colors_info=\u00a0\u00bb{}\u00a0\u00bb theme_builder_area=\u00a0\u00bbet_body_layout\u00a0\u00bb][\/et_pb_divider][\/et_pb_column][\/et_pb_row][et_pb_row _builder_version=\u00a0\u00bb4.27.5&Prime; _module_preset=\u00a0\u00bbdefault\u00a0\u00bb background_color=\u00a0\u00bb#0C71C3&Prime; global_colors_info=\u00a0\u00bb{}\u00a0\u00bb theme_builder_area=\u00a0\u00bbet_body_layout\u00a0\u00bb][et_pb_column type=\u00a0\u00bb4_4&Prime; _builder_version=\u00a0\u00bb4.27.5&Prime; _module_preset=\u00a0\u00bbdefault\u00a0\u00bb global_colors_info=\u00a0\u00bb{}\u00a0\u00bb theme_builder_area=\u00a0\u00bbet_body_layout\u00a0\u00bb][et_pb_text _builder_version=\u00a0\u00bb4.27.5&Prime; _module_preset=\u00a0\u00bbdefault\u00a0\u00bb background_color=\u00a0\u00bb#0C71C3&Prime; hover_enabled=\u00a0\u00bb0&Prime; border_radii=\u00a0\u00bboff||||\u00a0\u00bb global_colors_info=\u00a0\u00bb{}\u00a0\u00bb theme_builder_area=\u00a0\u00bbet_body_layout\u00a0\u00bb sticky_enabled=\u00a0\u00bb0&Prime;]<\/p>\n<h4 style=\"text-align: center;\"><span style=\"color: #ffffff;\">Vous souhaitez rencontrer un pr\u00eatre, un(e) religieux(se) pour parler de votre vocation ?<\/span><\/h4>\n<p><span style=\"color: #ffffff;\"><\/span><\/p>\n<p><span style=\"color: #ffffff;\"><\/span><\/p>\n<h4 style=\"text-align: center;\"><span style=\"color: #ffffff;\">Contactez-nous :<\/span><\/h4>\n<p><span style=\"color: #ffffff;\"><\/span><\/p>\n<p><span style=\"color: #ffffff;\"><\/span><\/p>\n<h4 style=\"text-align: center;\"><span style=\"color: #ffffff;\"><\/span><\/h4>\n<h4 style=\"text-align: center;\"><span style=\"color: #ffffff;\"><\/span><\/h4>\n<h4 style=\"text-align: center;\"><span style=\"color: #ffffff;\">05 46\u00a0 56 27 78 &#8211;\u00a0<a href=\"mailto:sp-chatelaillon@orange\" target=\"_blank\" rel=\"noopener\" style=\"color: #ffffff;\">sp-chatelaillon@orange.fr<\/a><\/span><\/h4>\n<p>[\/et_pb_text][\/et_pb_column][\/et_pb_row][\/et_pb_section]<\/p>\n","protected":false},"excerpt":{"rendered":"<p>Le terme \u201csacerdoce\u201d indique la fonction de m\u00e9diation entre Dieu et l\u2019humanit\u00e9. Toute l\u2019Eglise est un peuple de pr\u00eatres, c\u2019est-\u00e0-dire un peuple sacerdotal. Par le bapt\u00eame, tous les baptis\u00e9s participent [&hellip;]<\/p>\n","protected":false},"author":4,"featured_media":0,"parent":4646,"menu_order":0,"comment_status":"closed","ping_status":"closed","template":"","meta":{"_et_pb_use_builder":"on","_et_pb_old_content":"","_et_gb_content_width":"","footnotes":""},"class_list":["post-10180","page","type-page","status-publish","hentry"],"_links":{"self":[{"href":"https:\/\/catholiques17.fr\/chatelaillon\/wp-json\/wp\/v2\/pages\/10180","targetHints":{"allow":["GET"]}}],"collection":[{"href":"https:\/\/catholiques17.fr\/chatelaillon\/wp-json\/wp\/v2\/pages"}],"about":[{"href":"https:\/\/catholiques17.fr\/chatelaillon\/wp-json\/wp\/v2\/types\/page"}],"author":[{"embeddable":true,"href":"https:\/\/catholiques17.fr\/chatelaillon\/wp-json\/wp\/v2\/users\/4"}],"replies":[{"embeddable":true,"href":"https:\/\/catholiques17.fr\/chatelaillon\/wp-json\/wp\/v2\/comments?post=10180"}],"version-history":[{"count":3,"href":"https:\/\/catholiques17.fr\/chatelaillon\/wp-json\/wp\/v2\/pages\/10180\/revisions"}],"predecessor-version":[{"id":10222,"href":"https:\/\/catholiques17.fr\/chatelaillon\/wp-json\/wp\/v2\/pages\/10180\/revisions\/10222"}],"up":[{"embeddable":true,"href":"https:\/\/catholiques17.fr\/chatelaillon\/wp-json\/wp\/v2\/pages\/4646"}],"wp:attachment":[{"href":"https:\/\/catholiques17.fr\/chatelaillon\/wp-json\/wp\/v2\/media?parent=10180"}],"curies":[{"name":"wp","href":"https:\/\/api.w.org\/{rel}","templated":true}]}}