{"id":5397,"date":"2022-05-21T18:51:32","date_gmt":"2022-05-21T16:51:32","guid":{"rendered":"https:\/\/catholiques17.fr\/archiac\/?page_id=5397"},"modified":"2022-08-04T15:14:37","modified_gmt":"2022-08-04T13:14:37","slug":"st-martial-sur-ne-eglise-saint-martial","status":"publish","type":"page","link":"https:\/\/catholiques17.fr\/archiac\/la-paroisse\/presentation-de-la-paroisse\/st-martial-sur-ne-eglise-saint-martial\/","title":{"rendered":"St Martial sur N\u00e9 &#8211; Eglise Saint Martial"},"content":{"rendered":"\n[et_pb_section fb_built=\u00a0\u00bb1&Prime; _builder_version=\u00a0\u00bb4.16&Prime; global_colors_info=\u00a0\u00bb{}\u00a0\u00bb theme_builder_area=\u00a0\u00bbpost_content\u00a0\u00bb][et_pb_row _builder_version=\u00a0\u00bb4.16&Prime; background_size=\u00a0\u00bbinitial\u00a0\u00bb background_position=\u00a0\u00bbtop_left\u00a0\u00bb background_repeat=\u00a0\u00bbrepeat\u00a0\u00bb global_colors_info=\u00a0\u00bb{}\u00a0\u00bb theme_builder_area=\u00a0\u00bbpost_content\u00a0\u00bb][et_pb_column type=\u00a0\u00bb4_4&Prime; _builder_version=\u00a0\u00bb4.16&Prime; custom_padding=\u00a0\u00bb|||\u00a0\u00bb global_colors_info=\u00a0\u00bb{}\u00a0\u00bb custom_padding__hover=\u00a0\u00bb|||\u00a0\u00bb theme_builder_area=\u00a0\u00bbpost_content\u00a0\u00bb][et_pb_text _builder_version=\u00a0\u00bb4.16&Prime; background_size=\u00a0\u00bbinitial\u00a0\u00bb background_position=\u00a0\u00bbtop_left\u00a0\u00bb background_repeat=\u00a0\u00bbrepeat\u00a0\u00bb global_colors_info=\u00a0\u00bb{}\u00a0\u00bb theme_builder_area=\u00a0\u00bbpost_content\u00a0\u00bb]<!-- divi:spacer {\"height\":\"7px\"} -->\n<div style=\"height:7px\" aria-hidden=\"true\" class=\"wp-block-spacer\"><\/div>\n<!-- \/divi:spacer -->\n\n<!-- divi:image {\"id\":5398,\"sizeSlug\":\"full\",\"linkDestination\":\"none\"} -->\n<figure class=\"wp-block-image size-full\"><img loading=\"lazy\" decoding=\"async\" width=\"800\" height=\"534\" src=\"https:\/\/catholiques17.fr\/archiac\/wp-content\/uploads\/sites\/26\/2022\/05\/St-Martial-sur-Ne.jpg\" alt=\"\" class=\"wp-image-5398\" srcset=\"https:\/\/catholiques17.fr\/archiac\/wp-content\/uploads\/sites\/26\/2022\/05\/St-Martial-sur-Ne.jpg 800w, https:\/\/catholiques17.fr\/archiac\/wp-content\/uploads\/sites\/26\/2022\/05\/St-Martial-sur-Ne-480x320.jpg 480w\" sizes=\"(min-width: 0px) and (max-width: 480px) 480px, (min-width: 481px) 800px, 100vw\" \/><\/figure>\n<!-- \/divi:image -->\n\n<!-- divi:spacer {\"height\":\"7px\"} -->\n<div style=\"height:7px\" aria-hidden=\"true\" class=\"wp-block-spacer\"><\/div>\n<!-- \/divi:spacer -->\n\n<!-- divi:columns -->\n<div class=\"wp-block-columns\"><!-- divi:column -->\n<div class=\"wp-block-column\"><!-- divi:image {\"id\":5401,\"sizeSlug\":\"full\",\"linkDestination\":\"none\"} -->\n<figure class=\"wp-block-image size-full\"><img loading=\"lazy\" decoding=\"async\" width=\"500\" height=\"333\" src=\"https:\/\/catholiques17.fr\/archiac\/wp-content\/uploads\/sites\/26\/2022\/05\/St-Martial-sur-Ne-2-2.jpg\" alt=\"\" class=\"wp-image-5401\" srcset=\"https:\/\/catholiques17.fr\/archiac\/wp-content\/uploads\/sites\/26\/2022\/05\/St-Martial-sur-Ne-2-2.jpg 500w, https:\/\/catholiques17.fr\/archiac\/wp-content\/uploads\/sites\/26\/2022\/05\/St-Martial-sur-Ne-2-2-480x320.jpg 480w\" sizes=\"(min-width: 0px) and (max-width: 480px) 480px, (min-width: 481px) 500px, 100vw\" \/><\/figure>\n<!-- \/divi:image --><\/div>\n<!-- \/divi:column -->\n\n<!-- divi:column -->\n<div class=\"wp-block-column\"><!-- divi:image {\"id\":5402,\"sizeSlug\":\"full\",\"linkDestination\":\"none\"} -->\n<figure class=\"wp-block-image size-full\"><img loading=\"lazy\" decoding=\"async\" width=\"500\" height=\"333\" src=\"https:\/\/catholiques17.fr\/archiac\/wp-content\/uploads\/sites\/26\/2022\/05\/St-Martial-sur-Ne-3.jpg\" alt=\"\" class=\"wp-image-5402\" srcset=\"https:\/\/catholiques17.fr\/archiac\/wp-content\/uploads\/sites\/26\/2022\/05\/St-Martial-sur-Ne-3.jpg 500w, https:\/\/catholiques17.fr\/archiac\/wp-content\/uploads\/sites\/26\/2022\/05\/St-Martial-sur-Ne-3-480x320.jpg 480w\" sizes=\"(min-width: 0px) and (max-width: 480px) 480px, (min-width: 481px) 500px, 100vw\" \/><\/figure>\n<!-- \/divi:image --><\/div>\n<!-- \/divi:column --><\/div>\n<!-- \/divi:columns -->\n\n<!-- divi:spacer {\"height\":\"6px\"} -->\n<div style=\"height:6px\" aria-hidden=\"true\" class=\"wp-block-spacer\"><\/div>\n<!-- \/divi:spacer -->\n\n<!-- divi:paragraph -->\n<p>De son ancien nom, Saint-Martial de Cogulet, puis de Coculet (du latin&nbsp; \u2018cocula\u2019 qui signifie amas de mines), la commune devient officiellement en 1937 Saint-Martial sur le N\u00e9, nom de la petite rivi\u00e8re qui dessine joliment le paysage de la contr\u00e9e.<\/p>\n<!-- \/divi:paragraph -->\n\n<!-- divi:paragraph -->\n<p>C\u2019est une \u00e9glise du XIIe si\u00e8cle qui a beaucoup souffert des guerres du Moyen-\u00c2ge, \u00b2reb\u00e2tie et modifi\u00e9e \u00e0 plusieurs reprises.<\/p>\n<!-- \/divi:paragraph -->\n\n<!-- divi:paragraph -->\n<p>Sur sa base romane, l&rsquo;\u00e9glise a \u00e9t\u00e9 \u00e9largie au sud d\u2019une deuxi\u00e8me nef sur toute la longueur transformant ainsi la fa\u00e7ade occidentale en pignon asym\u00e9trique.<\/p>\n<!-- \/divi:paragraph -->\n\n<!-- divi:paragraph -->\n<p>Le portai1 se compose d\u2019une porte en plein cintre \u00e0 trois voussures soulign\u00e9es de tores et d\u2019un cordon d\u2019oves. Surmontant la corniche \u00e0 mordillons, une petite baie \u00e9troite d\u00e9core le pignon.<\/p>\n<!-- \/divi:paragraph -->\n\n<!-- divi:paragraph -->\n<p>Le clocher situ\u00e9 \u00e0 la crois\u00e9e du transept est ajout\u00e9 sur les faces nord et sud d\u2019une mince baie romane soulign\u00e9e de part et d\u2019autre d\u2019un cordon en pointes de diamant.<\/p>\n<!-- \/divi:paragraph -->\n\n<!-- divi:paragraph -->\n<p>Le chevet est flanqu\u00e9 de gros contreforts biais dans l\u2019un desquels a \u00e9t\u00e9 perc\u00e9 une niche renaissance surmont\u00e9 d\u2019un cadran solaire.<\/p>\n<!-- \/divi:paragraph -->\n\n<!-- divi:paragraph -->\n<p>A l\u2019int\u00e9rieur, quatre grosses voussures de la vo\u00fbte du c\u0153ur retombent sur des colonnes \u00e0 chapiteau nus. Celles du chevet reposent sur des culs-de-lampe curieusement orn\u00e9s.<\/p>\n<!-- \/divi:paragraph -->\n\n<!-- divi:paragraph -->\n<p>Pierre tombale \u00e0 deux t\u00eates d\u2019ange provenant de l\u2019ancien cimeti\u00e8re qui entourait l\u2019\u00e9glise.<\/p>\n<!-- \/divi:paragraph -->\n\n<!-- divi:paragraph -->\n<p><\/p>\n<!-- \/divi:paragraph -->[\/et_pb_text][\/et_pb_column][\/et_pb_row][et_pb_row _builder_version=\u00a0\u00bb4.17.6&Prime; _module_preset=\u00a0\u00bbdefault\u00a0\u00bb theme_builder_area=\u00a0\u00bbpost_content\u00a0\u00bb column_structure=\u00a0\u00bb1_4,3_4&Prime;][et_pb_column _builder_version=\u00a0\u00bb4.17.6&Prime; _module_preset=\u00a0\u00bbdefault\u00a0\u00bb type=\u00a0\u00bb1_4&Prime; theme_builder_area=\u00a0\u00bbpost_content\u00a0\u00bb][et_pb_image src=\u00a0\u00bbhttps:\/\/catholiques17.fr\/archiac\/wp-content\/uploads\/sites\/26\/2022\/08\/Icone2-St-Martial.jpg\u00a0\u00bb _builder_version=\u00a0\u00bb4.17.6&Prime; _module_preset=\u00a0\u00bbdefault\u00a0\u00bb theme_builder_area=\u00a0\u00bbpost_content\u00a0\u00bb alt=\u00a0\u00bbSt Martial\u00a0\u00bb title_text=\u00a0\u00bbIcone2 St Martial\u00a0\u00bb background_color=\u00a0\u00bb#FFFFFF\u00a0\u00bb hover_enabled=\u00a0\u00bb0&Prime; sticky_enabled=\u00a0\u00bb0&Prime;][\/et_pb_image][\/et_pb_column][et_pb_column _builder_version=\u00a0\u00bb4.17.6&Prime; _module_preset=\u00a0\u00bbdefault\u00a0\u00bb type=\u00a0\u00bb3_4&Prime; theme_builder_area=\u00a0\u00bbpost_content\u00a0\u00bb][et_pb_text _builder_version=\u00a0\u00bb4.17.6&Prime; _module_preset=\u00a0\u00bbdefault\u00a0\u00bb theme_builder_area=\u00a0\u00bbpost_content\u00a0\u00bb hover_enabled=\u00a0\u00bb0&Prime; sticky_enabled=\u00a0\u00bb0&Prime;]<p>Saint Martial \u00e9tait appel\u00e9 \u00a0l\u2019<em>Ap\u00f4tre des Gaules <\/em>\u00a0ou \u00a0l\u2019<em>Ap\u00f4tre d&rsquo;Aquitaine. <\/em>Il est selon la tradition le premier Ev\u00eaque de Limoges. Fondateur de l&rsquo;\u00c9glise d&rsquo;Aquitaine, f\u00eat\u00e9 le 30 juin, il est le Saint Patron \u00e9ponyme de multiples villes, villages et lieux de cultes catholiques, dont le plus renomm\u00e9 est l&rsquo;Abbaye Saint-Martial de Limoges. Son culte reste tr\u00e8s populaire en Limousin.<\/p>\n<p>Selon une version largement r\u00e9pandue, Martial aurait \u00e9t\u00e9 de la Tribu de Benjamin et proche parent en ligne droite du premier martyr Saint Etienne. Il serait n\u00e9 pr\u00e8s de Ramah, dans un village o\u00f9 l&rsquo;on voyait encore au xvi<sup>e<\/sup>\u00a0si\u00e8cle une \u00e9glise qui lui \u00e9tait d\u00e9di\u00e9e.<\/p>\n<p>\u00c0 peine \u00e2g\u00e9 de quinze ans, il se serait mis \u00e0 la suite de J\u00e9sus Christ, qu&rsquo;il n&rsquo;aurait plus quitt\u00e9, tout en s&rsquo;attachant particuli\u00e8rement \u00e0 St Pierre. Martial v\u00e9cut au temps de J\u00e9sus et il le suivit avec sa famille d\u00e8s sa plus tendre enfance. Il re\u00e7ut le bapt\u00eame dans les eaux du Jourdain.<\/p>\n<p>J\u00e9sus prit pour exemple le petit Martial en pronon\u00e7ant ces paroles\u00a0<em>: Si vous ne vous rendez pas semblables \u00e0 cet enfant, vous n&rsquo;entrerez pas dans le royaume des cieux\u00a0 <\/em>\u00a0(Mathieu 17, 3).<\/p>\n<p>Martial est le petit gar\u00e7on qui apporta les poissons lors de la multiplication des pains dans le d\u00e9sert.\u00a0 Il suivit le Christ jusqu\u2019\u00e0 J\u00e9rusalem o\u00f9 il servit lors de la C\u00e8ne.<\/p>\n<p>J\u00e9sus aurait demand\u00e9 \u00e0 St Pierre d\u2019envoyer Martial en Gaule. Avec deux compagnons : Alpinien et Austriclinien, \u00a0Martial, le b\u00e2ton de St Pierre \u00e0 la main, partit \u00e9vang\u00e9liser le peuple des L\u00e9movices.<\/p>\n<p>Sur le chemin, Austriclinien mourut, \u00a0Martial prit son b\u00e2ton et toucha son compagnon d\u00e9funt qui ressuscita. Il entra sur la terre du Limousin, il y gu\u00e9rit une poss\u00e9d\u00e9e ainsi qu&rsquo;un jeune gar\u00e7on qui allait p\u00e9rir \u00e9touff\u00e9 ;\u00a0 Les habitants, devant les miracles accomplis, se convertirent.<\/p>\n<p>Sur sa route, il traversa Ahun o\u00f9 il rendit la vue \u00e0 des pr\u00eatres pa\u00efens qui l\u2019avaient molest\u00e9, c\u2019est alors que le d\u00e9mon sortit d\u2019une statue de Jupiter qui se brisa. Martial gu\u00e9rit aussi un paralytique qui lui avait demand\u00e9 de l\u2019aide.<\/p>\n<p>Le Christ apparut \u00e0 Martial, lui ordonnant de quitter la ville d\u2019Ahun pour continuer sa mission\u00a0: \u00a0<em>Ne crains pas de descendre \u00e0 Limoges o\u00f9 je te glorifierai et serai toujours avec toi.<\/em><\/p>\n<p>La ville fut alors victime d\u2019un incendie, mais Martial de son b\u00e2ton \u00e9teignit le feu. Il partit alors pour Poitiers o\u00f9 le Christ lui apparut, annon\u00e7ant les martyres de St Pierre et de St Paul.<\/p>\n<p>Le Christ lui r\u00e9apparut de nouveau quelque temps plus tard, lui affirmant qu\u2019il allait bient\u00f4t mourir.<\/p>\n<p>Martial retourna alors \u00e0 Limoges et choisit comme successeur Aur\u00e9lien, l\u2019ancien pr\u00eatre pa\u00efen.<\/p>\n<p>Martial mourut lors d\u2019une messe \u00e0 laquelle assistaient de nombreux fid\u00e8les qui virent l\u2019\u00e2me de l\u2019ap\u00f4tre s\u2019\u00e9lever vers le ciel.<\/p>\n<p>Le premier Ev\u00eaque de Limoges fut enterr\u00e9 hors de la ville\u00a0; sur le parcours du cort\u00e8ge fun\u00e9raire un paralytique fut gu\u00e9ri, le premier d\u2019un long cort\u00e8ge de malades qui viendraient demander leur gu\u00e9rison sur le tombeau de St Martial.\u00a0<\/p>\n<p>\u00a0 <em>\u2026\u2026 d\u2019apr\u00e8s le r\u00e9cit de Gr\u00e9goire de Tours.<\/em><\/p>[\/et_pb_text][\/et_pb_column][\/et_pb_row][\/et_pb_section]\n","protected":false},"excerpt":{"rendered":"<p>De son ancien nom, Saint-Martial de Cogulet, puis de Coculet (du latin&nbsp; \u2018cocula\u2019 qui signifie amas de mines), la commune devient officiellement en 1937 Saint-Martial sur le N\u00e9, nom de [&hellip;]<\/p>\n","protected":false},"author":39,"featured_media":0,"parent":5001,"menu_order":0,"comment_status":"closed","ping_status":"closed","template":"","meta":{"_et_pb_use_builder":"on","_et_pb_old_content":"<!-- wp:spacer {\"height\":\"7px\"} -->\n<div style=\"height:7px\" aria-hidden=\"true\" class=\"wp-block-spacer\"><\/div>\n<!-- \/wp:spacer -->\n\n<!-- wp:image {\"id\":5398,\"sizeSlug\":\"full\",\"linkDestination\":\"none\"} -->\n<figure class=\"wp-block-image size-full\"><img src=\"https:\/\/catholiques17.fr\/archiac\/wp-content\/uploads\/sites\/26\/2022\/05\/St-Martial-sur-Ne.jpg\" alt=\"\" class=\"wp-image-5398\"\/><\/figure>\n<!-- \/wp:image -->\n\n<!-- wp:spacer {\"height\":\"7px\"} -->\n<div style=\"height:7px\" aria-hidden=\"true\" class=\"wp-block-spacer\"><\/div>\n<!-- \/wp:spacer -->\n\n<!-- wp:columns -->\n<div class=\"wp-block-columns\"><!-- wp:column -->\n<div class=\"wp-block-column\"><!-- wp:image {\"id\":5401,\"sizeSlug\":\"full\",\"linkDestination\":\"none\"} -->\n<figure class=\"wp-block-image size-full\"><img src=\"https:\/\/catholiques17.fr\/archiac\/wp-content\/uploads\/sites\/26\/2022\/05\/St-Martial-sur-Ne-2-2.jpg\" alt=\"\" class=\"wp-image-5401\"\/><\/figure>\n<!-- \/wp:image --><\/div>\n<!-- \/wp:column -->\n\n<!-- wp:column -->\n<div class=\"wp-block-column\"><!-- wp:image {\"id\":5402,\"sizeSlug\":\"full\",\"linkDestination\":\"none\"} -->\n<figure class=\"wp-block-image size-full\"><img src=\"https:\/\/catholiques17.fr\/archiac\/wp-content\/uploads\/sites\/26\/2022\/05\/St-Martial-sur-Ne-3.jpg\" alt=\"\" class=\"wp-image-5402\"\/><\/figure>\n<!-- \/wp:image --><\/div>\n<!-- \/wp:column --><\/div>\n<!-- \/wp:columns -->\n\n<!-- wp:spacer {\"height\":\"6px\"} -->\n<div style=\"height:6px\" aria-hidden=\"true\" class=\"wp-block-spacer\"><\/div>\n<!-- \/wp:spacer -->\n\n<!-- wp:paragraph -->\n<p>De son ancien nom, Saint-Martial de Cogulet, puis de Coculet (du latin&nbsp; \u2018cocula\u2019 qui signifie amas de mines), la commune devient officiellement en 1937 Saint-Martial sur le N\u00e9, nom de la petite rivi\u00e8re qui dessine joliment le paysage de la contr\u00e9e.<\/p>\n<!-- \/wp:paragraph -->\n\n<!-- wp:paragraph -->\n<p>C\u2019est une \u00e9glise du XIIe si\u00e8cle qui a beaucoup souffert des guerres du Moyen-\u00c2ge, \u00b2reb\u00e2tie et modifi\u00e9e \u00e0 plusieurs reprises.<\/p>\n<!-- \/wp:paragraph -->\n\n<!-- wp:paragraph -->\n<p>Sur sa base romane, l'\u00e9glise a \u00e9t\u00e9 \u00e9largie au sud d\u2019une deuxi\u00e8me nef sur toute la longueur transformant ainsi la fa\u00e7ade occidentale en pignon asym\u00e9trique.<\/p>\n<!-- \/wp:paragraph -->\n\n<!-- wp:paragraph -->\n<p>Le portai1 se compose d\u2019une porte en plein cintre \u00e0 trois voussures soulign\u00e9es de tores et d\u2019un cordon d\u2019oves. Surmontant la corniche \u00e0 mordillons, une petite baie \u00e9troite d\u00e9core le pignon.<\/p>\n<!-- \/wp:paragraph -->\n\n<!-- wp:paragraph -->\n<p>Le clocher situ\u00e9 \u00e0 la crois\u00e9e du transept est ajout\u00e9 sur les faces nord et sud d\u2019une mince baie romane soulign\u00e9e de part et d\u2019autre d\u2019un cordon en pointes de diamant.<\/p>\n<!-- \/wp:paragraph -->\n\n<!-- wp:paragraph -->\n<p>Le chevet est flanqu\u00e9 de gros contreforts biais dans l\u2019un desquels a \u00e9t\u00e9 perc\u00e9 une niche renaissance surmont\u00e9 d\u2019un cadran solaire.<\/p>\n<!-- \/wp:paragraph -->\n\n<!-- wp:paragraph -->\n<p>A l\u2019int\u00e9rieur, quatre grosses voussures de la vo\u00fbte du c\u0153ur retombent sur des colonnes \u00e0 chapiteau nus. Celles du chevet reposent sur des culs-de-lampe curieusement orn\u00e9s.<\/p>\n<!-- \/wp:paragraph -->\n\n<!-- wp:paragraph -->\n<p>Pierre tombale \u00e0 deux t\u00eates d\u2019ange provenant de l\u2019ancien cimeti\u00e8re qui entourait l\u2019\u00e9glise.<\/p>\n<!-- \/wp:paragraph -->\n\n<!-- wp:paragraph -->\n<p><\/p>\n<!-- \/wp:paragraph -->","_et_gb_content_width":"","footnotes":""},"class_list":["post-5397","page","type-page","status-publish","hentry"],"_links":{"self":[{"href":"https:\/\/catholiques17.fr\/archiac\/wp-json\/wp\/v2\/pages\/5397","targetHints":{"allow":["GET"]}}],"collection":[{"href":"https:\/\/catholiques17.fr\/archiac\/wp-json\/wp\/v2\/pages"}],"about":[{"href":"https:\/\/catholiques17.fr\/archiac\/wp-json\/wp\/v2\/types\/page"}],"author":[{"embeddable":true,"href":"https:\/\/catholiques17.fr\/archiac\/wp-json\/wp\/v2\/users\/39"}],"replies":[{"embeddable":true,"href":"https:\/\/catholiques17.fr\/archiac\/wp-json\/wp\/v2\/comments?post=5397"}],"version-history":[{"count":21,"href":"https:\/\/catholiques17.fr\/archiac\/wp-json\/wp\/v2\/pages\/5397\/revisions"}],"predecessor-version":[{"id":5729,"href":"https:\/\/catholiques17.fr\/archiac\/wp-json\/wp\/v2\/pages\/5397\/revisions\/5729"}],"up":[{"embeddable":true,"href":"https:\/\/catholiques17.fr\/archiac\/wp-json\/wp\/v2\/pages\/5001"}],"wp:attachment":[{"href":"https:\/\/catholiques17.fr\/archiac\/wp-json\/wp\/v2\/media?parent=5397"}],"curies":[{"name":"wp","href":"https:\/\/api.w.org\/{rel}","templated":true}]}}